{"id":39603,"date":"2022-07-30T14:36:42","date_gmt":"2024-03-07T10:47:57","guid":{"rendered":"https:\/\/memorabilia-germany.de\/produkt\/david-thompsonbasketball-showcase-denver-nuggetsbasket-signe-game-ball-series\/"},"modified":"2025-03-25T14:20:12","modified_gmt":"2025-03-25T13:20:12","slug":"david-thompsonbasketball-showcase-denver-nuggetsbasket-signe-game-ball-series","status":"publish","type":"product","link":"https:\/\/memorabilia-germany.de\/fr\/produit\/david-thompsonbasketball-showcase-denver-nuggetsbasket-signe-game-ball-series\/","title":{"rendered":"DAVID THOMPSON<\/br>Basketball Showcase (Denver Nuggets)<\/br>ballon de basket sign\u00e9, Game Ball Series"},"content":{"rendered":"","protected":false},"excerpt":{"rendered":"<p><span><strong>Basket-ball Showcase en verre de s\u00e9curit\u00e9. Ballon de basket sign\u00e9 avec le logo NBA de Spalding dans son \u00e9tui. Autographe du Hall of Famer et du \u00ab\u00a0All-Time joueur pr\u00e9f\u00e9r\u00e9\u00a0\u00bb de Michael Jordan, David Thompson, sur le ballon de basket. Tous les autographes NBA sont authentifi\u00e9s et disposent d&rsquo;un num\u00e9ro de s\u00e9rie. Pour plus d&rsquo;informations, voir ci-dessous.<\/strong><\/span><\/p>\n<ul style=\"list-style-type: square;\">\n<li>Marque de basket-ball : Spalding<\/li>\n<li>\u00c9quipe: Denver Nuggets<\/li>\n<li>Mod\u00e8le: NBA Game Ball Series Basketball, Full Size<\/li>\n<li>Autographe : David Thompson, crayon noir (Hall of Fame Class 1996)<\/li>\n<li>Inscription: \u201eSkywalker\u201c (Surnom)<\/li>\n<li>Authentification : James Spence Authentication (avec num\u00e9ro de s\u00e9rie)<\/li>\n<li>Date\/lieu de signature : 28 janvier 2021 \u00e0 Charlotte, Caroline du Nord, USA<\/li>\n<li>Background Info : Michael Jordan a rendu publiquement hommage \u00e0 David Thompson dans un discours et a d\u00e9clar\u00e9 que Thompson avait \u00e9t\u00e9 sa source d&rsquo;inspiration en tant que jeune joueur (\u00ab\u00a0The whole meaning of vertical leap began with David Thompson\u00a0\u00bb). Il a \u00e9galement choisi Thompson comme pr\u00e9sentateur lors de l&rsquo;intronisation de Jordan au Basketball Hall of Fame.<\/li>\n<li>Documents : Hologramme de s\u00e9curit\u00e9 sur le ballon de basket + Certificate of Authenticity<\/li>\n<li>Statut du certificat : Witnessed Protection Program (sign\u00e9 en pr\u00e9sence d&rsquo;un expert James Spence)<\/li>\n<li>Dimensions de la vitrine : environ 28 x 27,5 x 31 cm<\/li>\n<li>Trading Card et Porte-balle inclus<\/li>\n<li>Le ballon de basket est livr\u00e9 avec une Basket-ball Showcase \u00e0 des fins d&rsquo;affichage ; la Showcase est de qualit\u00e9 solide et robuste. Le verre est en acrylique, le fond et la paroi arri\u00e8re sont noirs pour mettre id\u00e9alement en valeur le ballon de basket. La Showcase est viss\u00e9e et se ferme compl\u00e8tement. Le support de balle est \u00e9galement de qualit\u00e9 massive. La plaque nominative \u00e0 l&rsquo;avant est en aluminium.<\/li>\n<li>Chaque ballon de basket sign\u00e9 est v\u00e9rifi\u00e9 par l&rsquo;un des principaux authentificateurs am\u00e9ricains du march\u00e9 et est livr\u00e9 avec des \u00e9l\u00e9ments de s\u00e9curit\u00e9 num\u00e9rot\u00e9s en s\u00e9rie qui confirment l&rsquo;authenticit\u00e9 de l&rsquo;autographe (Certificate of Authenticity et\/ou hologramme de s\u00e9curit\u00e9). Authenticator d&rsquo;autographes de la NBA sont disponibles chez <strong><a href=\"https:\/\/memorabilia-germany.de\/fr\/nous-memorabilia-germany\/\">Memorabilia Germany<\/a><\/strong> exclusivement : <strong><a href=\"https:\/\/memorabilia-germany.de\/fr\/authentification-des-signatures\/#signature-authentication-beckett\">Beckett<\/a><\/strong>, <strong><a href=\"https:\/\/memorabilia-germany.de\/fr\/authentification-des-signatures\/#signature-authentication-james-spence\">James Spence Authentication<\/a><\/strong>, <strong><a href=\"https:\/\/memorabilia-germany.de\/fr\/authentification-des-signatures\/#signature-authentication-psa-dna\">PSA\/DNA<\/a><\/strong> ou <strong><a href=\"https:\/\/memorabilia-germany.de\/fr\/authentification-des-signatures\/#signature-authentication-fanatics\">Fanatics<\/a><\/strong>. Plus d&rsquo;infos sur ce th\u00e8me important Authentification vous trouverez <strong><a href=\"https:\/\/memorabilia-germany.de\/fr\/authentification-des-signatures\/\">ici<\/a><\/strong>.<\/li>\n<\/ul>\n<p>Vous trouverez d&rsquo;autres Basketball Showcase ici. <strong><a href=\"https:\/\/memorabilia-germany.de\/fr\/produkt-kategorie\/basket-ball-memorabilia\/basket-ball-showcase\/\">ici<\/a><\/strong>.<\/p>\n","protected":false},"featured_media":39604,"template":"","meta":{"_acf_changed":false,"ocean_post_layout":"","ocean_both_sidebars_style":"","ocean_both_sidebars_content_width":0,"ocean_both_sidebars_sidebars_width":0,"ocean_sidebar":"0","ocean_second_sidebar":"0","ocean_disable_margins":"enable","ocean_add_body_class":"","ocean_shortcode_before_top_bar":"","ocean_shortcode_after_top_bar":"","ocean_shortcode_before_header":"","ocean_shortcode_after_header":"","ocean_has_shortcode":"","ocean_shortcode_after_title":"","ocean_shortcode_before_footer_widgets":"","ocean_shortcode_after_footer_widgets":"","ocean_shortcode_before_footer_bottom":"","ocean_shortcode_after_footer_bottom":"","ocean_display_top_bar":"default","ocean_display_header":"default","ocean_header_style":"","ocean_center_header_left_menu":"0","ocean_custom_header_template":"0","ocean_custom_logo":0,"ocean_custom_retina_logo":0,"ocean_custom_logo_max_width":0,"ocean_custom_logo_tablet_max_width":0,"ocean_custom_logo_mobile_max_width":0,"ocean_custom_logo_max_height":0,"ocean_custom_logo_tablet_max_height":0,"ocean_custom_logo_mobile_max_height":0,"ocean_header_custom_menu":"0","ocean_menu_typo_font_family":"0","ocean_menu_typo_font_subset":"","ocean_menu_typo_font_size":0,"ocean_menu_typo_font_size_tablet":0,"ocean_menu_typo_font_size_mobile":0,"ocean_menu_typo_font_size_unit":"px","ocean_menu_typo_font_weight":"","ocean_menu_typo_font_weight_tablet":"","ocean_menu_typo_font_weight_mobile":"","ocean_menu_typo_transform":"","ocean_menu_typo_transform_tablet":"","ocean_menu_typo_transform_mobile":"","ocean_menu_typo_line_height":0,"ocean_menu_typo_line_height_tablet":0,"ocean_menu_typo_line_height_mobile":0,"ocean_menu_typo_line_height_unit":"","ocean_menu_typo_spacing":0,"ocean_menu_typo_spacing_tablet":0,"ocean_menu_typo_spacing_mobile":0,"ocean_menu_typo_spacing_unit":"","ocean_menu_link_color":"","ocean_menu_link_color_hover":"","ocean_menu_link_color_active":"","ocean_menu_link_background":"","ocean_menu_link_hover_background":"","ocean_menu_link_active_background":"","ocean_menu_social_links_bg":"","ocean_menu_social_hover_links_bg":"","ocean_menu_social_links_color":"","ocean_menu_social_hover_links_color":"","ocean_disable_title":"default","ocean_disable_heading":"default","ocean_post_title":"","ocean_post_subheading":"","ocean_post_title_style":"","ocean_post_title_background_color":"","ocean_post_title_background":0,"ocean_post_title_bg_image_position":"","ocean_post_title_bg_image_attachment":"","ocean_post_title_bg_image_repeat":"","ocean_post_title_bg_image_size":"","ocean_post_title_height":0,"ocean_post_title_bg_overlay":0.5,"ocean_post_title_bg_overlay_color":"","ocean_disable_breadcrumbs":"default","ocean_breadcrumbs_color":"","ocean_breadcrumbs_separator_color":"","ocean_breadcrumbs_links_color":"","ocean_breadcrumbs_links_hover_color":"","ocean_display_footer_widgets":"default","ocean_display_footer_bottom":"default","ocean_custom_footer_template":"0","ofc_enable_fullscreen":"disable","ofc_fullscreen_speed":0,"ofc_fullscreen_nav":"enable","ofc_fullscreen_nav_pos":"right","ofc_fullscreen_nav_color":"","ofc_fullscreen_nav_tooltip_color":"","ofc_fullscreen_responsive":0},"product_brand":[],"product_cat":[1881],"product_tag":[],"class_list":{"0":"post-39603","1":"product","2":"type-product","3":"status-publish","4":"has-post-thumbnail","6":"product_cat-david-thompson-basketball-showcase-denver-nuggets-basket-signe-game-ball-series-fr","7":"product_shipping_class-classe-dexpedition_a","9":"entry","10":"has-media","12":"first","13":"outofstock","14":"taxable","15":"shipping-taxable","16":"purchasable","17":"product-type-simple","18":"col","19":"span_1_of_4","20":"owp-content-center","21":"owp-thumbs-layout-horizontal","22":"owp-btn-normal","23":"owp-tabs-layout-horizontal"},"acf":[],"_links":{"self":[{"href":"https:\/\/memorabilia-germany.de\/fr\/wp-json\/wp\/v2\/product\/39603","targetHints":{"allow":["GET"]}}],"collection":[{"href":"https:\/\/memorabilia-germany.de\/fr\/wp-json\/wp\/v2\/product"}],"about":[{"href":"https:\/\/memorabilia-germany.de\/fr\/wp-json\/wp\/v2\/types\/product"}],"version-history":[{"count":0,"href":"https:\/\/memorabilia-germany.de\/fr\/wp-json\/wp\/v2\/product\/39603\/revisions"}],"wp:featuredmedia":[{"embeddable":true,"href":"https:\/\/memorabilia-germany.de\/fr\/wp-json\/wp\/v2\/media\/39604"}],"wp:attachment":[{"href":"https:\/\/memorabilia-germany.de\/fr\/wp-json\/wp\/v2\/media?parent=39603"}],"wp:term":[{"taxonomy":"product_brand","embeddable":true,"href":"https:\/\/memorabilia-germany.de\/fr\/wp-json\/wp\/v2\/product_brand?post=39603"},{"taxonomy":"product_cat","embeddable":true,"href":"https:\/\/memorabilia-germany.de\/fr\/wp-json\/wp\/v2\/product_cat?post=39603"},{"taxonomy":"product_tag","embeddable":true,"href":"https:\/\/memorabilia-germany.de\/fr\/wp-json\/wp\/v2\/product_tag?post=39603"}],"curies":[{"name":"wp","href":"https:\/\/api.w.org\/{rel}","templated":true}]}}