{"id":39500,"date":"2022-08-15T16:57:08","date_gmt":"2024-03-05T17:27:04","guid":{"rendered":"https:\/\/memorabilia-germany.de\/produkt\/1990-nhl-pro-set-the-official-nhl-card-wax-pack-2\/"},"modified":"2024-03-05T18:28:27","modified_gmt":"2024-03-05T17:28:27","slug":"1990-nhl-pro-set-the-official-nhl-card-wax-pack-2","status":"publish","type":"product","link":"https:\/\/memorabilia-germany.de\/fr\/produit\/1990-nhl-pro-set-the-official-nhl-card-wax-pack-2\/","title":{"rendered":"1990 NHL Pro Set &#8211; The Official NHL Card, Wax Pack"},"content":{"rendered":"","protected":false},"excerpt":{"rendered":"<p><strong>Paquet non ouvert de Trading Cards NHL, original de 1990. Des l\u00e9gendes comme Wayne Gretzky, Mario Lemieux ou Mark Messier ont jou\u00e9 dans la NHL et les Pittsburgh Penguins ont battu le pr\u00e9d\u00e9cesseur des Dallas Stars, les Minnesota North Stars, en Stanley Cup Finals \u00e0 la fin de la saison. Ces Trading Cards ont \u00e9t\u00e9 lanc\u00e9es par la soci\u00e9t\u00e9 Pro Set, aujourd&rsquo;hui disparue, et sont officiellement licenci\u00e9es par la NHL. Pour plus d&rsquo;informations, voir ci-dessous.<\/strong><\/p>\n<ul style=\"list-style-type: square;\">\n<li>Contenu du paquet : 15 cartes<\/li>\n<li>Ann\u00e9e de publication : 1990<\/li>\n<li>Soci\u00e9t\u00e9 : Pro Set<\/li>\n<li>Pays : \u00c9tats-Unis<\/li>\n<li>\u00ab\u00a0Photo &amp; Stat Cards\u00a0\u00bb<\/li>\n<li>S\u00e9rie : S\u00e9rie 1 (405 cartes au total)<\/li>\n<li>Le paquet (\u00ab\u00a0Wax Pack\u00a0\u00bb) provient d&rsquo;une \u00ab\u00a0Wax Box\u00a0\u00bb ouverte par Memorabilia Germany, qui contient 36 paquets au total. Tous les paquets sont en parfait \u00e9tat malgr\u00e9 leur \u00e2ge.<\/li>\n<li>Trouve les cartes originales des l\u00e9gendes de la NHL de 1990. La s\u00e9rie contient des cartes de recrues de nombreuses futures All-Stars de la NHL comme Mike Modano, Alexander Mogilny ou Jeremy Roenick !<\/li>\n<li>Background Infos 1990 : La r\u00e9unification de l&rsquo;Allemagne de l&rsquo;Est et de l&rsquo;Ouest domine les gros titres, l&rsquo;Allemagne devient championne du monde de football pour la troisi\u00e8me fois apr\u00e8s 1954 et 1974, \u00ab\u00a0Kevin allein zuhaus\u00a0\u00bb sort au cin\u00e9ma et \u00ab\u00a0Les Simpson\u00a0\u00bb font leur premi\u00e8re apparition \u00e0 la t\u00e9l\u00e9vision sur la cha\u00eene am\u00e9ricaine FOX. Nos \u201eVintage\u201c Trading Cards sont un r\u00eave pour tout nostalgique et pour tout collectionneur, car il ne s&rsquo;agit pas de reproductions des cartes pr\u00e9c\u00e9dentes, mais tous les paquets sont originaux et datent de l&rsquo;\u00e9poque o\u00f9 ils ont \u00e9t\u00e9 publi\u00e9s.<\/li>\n<\/ul>\n<p>Tu trouveras plus de Trading Cards d&rsquo;autrefois <strong><a href=\"https:\/\/memorabilia-germany.de\/fr\/trading-cards\">ici<\/a><\/strong>.<\/p>\n","protected":false},"featured_media":39501,"template":"","meta":{"_acf_changed":false,"ocean_post_layout":"","ocean_both_sidebars_style":"","ocean_both_sidebars_content_width":0,"ocean_both_sidebars_sidebars_width":0,"ocean_sidebar":"0","ocean_second_sidebar":"0","ocean_disable_margins":"enable","ocean_add_body_class":"","ocean_shortcode_before_top_bar":"","ocean_shortcode_after_top_bar":"","ocean_shortcode_before_header":"","ocean_shortcode_after_header":"","ocean_has_shortcode":"","ocean_shortcode_after_title":"","ocean_shortcode_before_footer_widgets":"","ocean_shortcode_after_footer_widgets":"","ocean_shortcode_before_footer_bottom":"","ocean_shortcode_after_footer_bottom":"","ocean_display_top_bar":"default","ocean_display_header":"default","ocean_header_style":"","ocean_center_header_left_menu":"0","ocean_custom_header_template":"0","ocean_custom_logo":0,"ocean_custom_retina_logo":0,"ocean_custom_logo_max_width":0,"ocean_custom_logo_tablet_max_width":0,"ocean_custom_logo_mobile_max_width":0,"ocean_custom_logo_max_height":0,"ocean_custom_logo_tablet_max_height":0,"ocean_custom_logo_mobile_max_height":0,"ocean_header_custom_menu":"0","ocean_menu_typo_font_family":"0","ocean_menu_typo_font_subset":"","ocean_menu_typo_font_size":0,"ocean_menu_typo_font_size_tablet":0,"ocean_menu_typo_font_size_mobile":0,"ocean_menu_typo_font_size_unit":"px","ocean_menu_typo_font_weight":"","ocean_menu_typo_font_weight_tablet":"","ocean_menu_typo_font_weight_mobile":"","ocean_menu_typo_transform":"","ocean_menu_typo_transform_tablet":"","ocean_menu_typo_transform_mobile":"","ocean_menu_typo_line_height":0,"ocean_menu_typo_line_height_tablet":0,"ocean_menu_typo_line_height_mobile":0,"ocean_menu_typo_line_height_unit":"","ocean_menu_typo_spacing":0,"ocean_menu_typo_spacing_tablet":0,"ocean_menu_typo_spacing_mobile":0,"ocean_menu_typo_spacing_unit":"","ocean_menu_link_color":"","ocean_menu_link_color_hover":"","ocean_menu_link_color_active":"","ocean_menu_link_background":"","ocean_menu_link_hover_background":"","ocean_menu_link_active_background":"","ocean_menu_social_links_bg":"","ocean_menu_social_hover_links_bg":"","ocean_menu_social_links_color":"","ocean_menu_social_hover_links_color":"","ocean_disable_title":"default","ocean_disable_heading":"default","ocean_post_title":"","ocean_post_subheading":"","ocean_post_title_style":"","ocean_post_title_background_color":"","ocean_post_title_background":0,"ocean_post_title_bg_image_position":"","ocean_post_title_bg_image_attachment":"","ocean_post_title_bg_image_repeat":"","ocean_post_title_bg_image_size":"","ocean_post_title_height":0,"ocean_post_title_bg_overlay":0.5,"ocean_post_title_bg_overlay_color":"","ocean_disable_breadcrumbs":"default","ocean_breadcrumbs_color":"","ocean_breadcrumbs_separator_color":"","ocean_breadcrumbs_links_color":"","ocean_breadcrumbs_links_hover_color":"","ocean_display_footer_widgets":"default","ocean_display_footer_bottom":"default","ocean_custom_footer_template":"0","ofc_enable_fullscreen":"disable","ofc_fullscreen_speed":0,"ofc_fullscreen_nav":"enable","ofc_fullscreen_nav_pos":"right","ofc_fullscreen_nav_color":"","ofc_fullscreen_nav_tooltip_color":"","ofc_fullscreen_responsive":0},"product_brand":[],"product_cat":[2394],"product_tag":[],"class_list":{"0":"post-39500","1":"product","2":"type-product","3":"status-publish","4":"has-post-thumbnail","6":"product_cat-1990-nhl-pro-set-the-official-nhl-card-wax-pack-fr","7":"product_shipping_class-classe-dexpedition_b","9":"entry","10":"has-media","12":"first","13":"outofstock","14":"taxable","15":"shipping-taxable","16":"purchasable","17":"product-type-simple","18":"col","19":"span_1_of_4","20":"owp-content-center","21":"owp-thumbs-layout-horizontal","22":"owp-btn-normal","23":"owp-tabs-layout-horizontal"},"acf":[],"_links":{"self":[{"href":"https:\/\/memorabilia-germany.de\/fr\/wp-json\/wp\/v2\/product\/39500","targetHints":{"allow":["GET"]}}],"collection":[{"href":"https:\/\/memorabilia-germany.de\/fr\/wp-json\/wp\/v2\/product"}],"about":[{"href":"https:\/\/memorabilia-germany.de\/fr\/wp-json\/wp\/v2\/types\/product"}],"version-history":[{"count":0,"href":"https:\/\/memorabilia-germany.de\/fr\/wp-json\/wp\/v2\/product\/39500\/revisions"}],"wp:featuredmedia":[{"embeddable":true,"href":"https:\/\/memorabilia-germany.de\/fr\/wp-json\/wp\/v2\/media\/39501"}],"wp:attachment":[{"href":"https:\/\/memorabilia-germany.de\/fr\/wp-json\/wp\/v2\/media?parent=39500"}],"wp:term":[{"taxonomy":"product_brand","embeddable":true,"href":"https:\/\/memorabilia-germany.de\/fr\/wp-json\/wp\/v2\/product_brand?post=39500"},{"taxonomy":"product_cat","embeddable":true,"href":"https:\/\/memorabilia-germany.de\/fr\/wp-json\/wp\/v2\/product_cat?post=39500"},{"taxonomy":"product_tag","embeddable":true,"href":"https:\/\/memorabilia-germany.de\/fr\/wp-json\/wp\/v2\/product_tag?post=39500"}],"curies":[{"name":"wp","href":"https:\/\/api.w.org\/{rel}","templated":true}]}}