{"id":39431,"date":"2022-08-23T14:58:52","date_gmt":"2024-03-05T17:02:49","guid":{"rendered":"https:\/\/memorabilia-germany.de\/produkt\/nfl-mini-helmet-mystery-box-sweet-deal-series-unlimited\/"},"modified":"2025-01-15T18:06:18","modified_gmt":"2025-01-15T17:06:18","slug":"nfl-mini-helmet-mystery-box-sweet-deal-series-unlimited","status":"publish","type":"product","link":"https:\/\/memorabilia-germany.de\/fr\/produit\/nfl-mini-helmet-mystery-box-sweet-deal-series-unlimited\/","title":{"rendered":"NFL Mini Helmet Mystery Box: SWEET DEAL SERIES 2025 (illimit\u00e9)"},"content":{"rendered":"<p><strong>Plus d\u2019informations sur cette s\u00e9rie Mini Casque Mystery Box :<\/strong><\/p>\n<ul style=\"list-style-type: square;\">\n<li>Certaines bo\u00eetes de cette s\u00e9rie contiennent des mini-casques NFL Riddell en \u00e9dition limit\u00e9e provenant d&rsquo;\u00e9ditions telles que : \u00ab Eclipse Series \u00bb, \u00ab Lunar Eclipse Series \u00bb, \u00ab Camo \u00bb, \u00ab Flash \u00bb, \u00ab AMP \u00bb, \u00ab Matte White \u00bb, \u00ab Matte Black \u00bb. Tous les mini-casques sont des casques d&rsquo;\u00e9quipes de la NFL.<\/li>\n<li>Les casques sont r\u00e9partis al\u00e9atoirement parmi les box.<\/li>\n<li>Tous les Memorabilia contenus dans une Mystery Box Mini Helm ont \u00e9t\u00e9 v\u00e9rifi\u00e9s par l&rsquo;un des principaux authentificateurs am\u00e9ricains du march\u00e9 et sont accompagn\u00e9s d&rsquo;\u00e9l\u00e9ments de s\u00e9curit\u00e9 num\u00e9rot\u00e9s en s\u00e9rie (Certificate of Authenticity et\/ou hologramme de s\u00e9curit\u00e9). Les authentifiants sont exclusivement : Beckett, James Spence Authentication, PSA\/DNA ou Fanatics. Plus d&rsquo;infos sur ce th\u00e8me important Authentification vous trouverez <strong><a href=\"https:\/\/memorabilia-germany.de\/fr\/authentification-des-signatures\/\">ici<\/a><\/strong>.<\/li>\n<li>Joueurs inclus dans cette s\u00e9rie Mystery Box :<\/li>\n<\/ul>\n<p style=\"text-align: center;\">Caleb Williams<br \/>\nBo Nix<br \/>\nJayden Daniels<br \/>\nSaquon Barkley<br \/>\nDerrick Henry<br \/>\nDavante Adams<br \/>\nDak Prescott<br \/>\nDeion Sanders<br \/>\nD.K. Metcalf<br \/>\nDrew Brees<br \/>\nNick Bosa<br \/>\nJayden Reed<br \/>\nTraves Kelcey<br \/>\nEmmitt Smith<br \/>\nDick Butkus<br \/>\nTyreek Hill<br \/>\nXavier Worthy<br \/>\nLuke Kuechly<br \/>\nMike Singletary<br \/>\nAaron Jones<br \/>\nRay Lewis<br \/>\nKeenan Allen<br \/>\nAaron Donald<br \/>\nRomeo Doubs<br \/>\nGale Sayers<br \/>\nNoah Fanta<br \/>\nMinkah Fitzpatrick<br \/>\nDeebo Samuel<br \/>\nRicky Williams<br \/>\nBob Griese<br \/>\nJaxon Smith-Njigba<br \/>\nLeo Chenal<br \/>\nJaylen Waddle<br \/>\nTrevon Diggs<br \/>\nDarius Leonard<br \/>\nWarren Moon<br \/>\nNick Bolden<br \/>\nJakobi Meyers<br \/>\nTank Dell<br \/>\nHunter Henry<br \/>\nGeorge Pickens<br \/>\nMiles Sanders<br \/>\nZay Flowers<br \/>\nLukas Van Ness<br \/>\n&#8230; et beaucoup d&rsquo;autres stars de la NFL !<\/p>\n<p>Comment fonctionne un mini-casque Mystery Box?<br \/>\nVous trouverez des informations \u00e0 ce sujet dans nos <strong><a href=\"https:\/\/memorabilia-germany.de\/fr\/sport-memorabilia-faq\/#memorabilia-mystery-box\"><u>FAQ<\/u><\/a><\/strong>!<\/p>\n<p>Tu trouveras plus de Memorabilia Football Am\u00e9ricain <strong><a href=\"https:\/\/memorabilia-germany.de\/fr\/football-americain-memorabilia\"><u>ici<\/u><\/a><\/strong>!<\/p>\n","protected":false},"excerpt":{"rendered":"<p><strong>Vous voulez le deal ? Vous obtenez le march\u00e9 ! \u00c0 la demande de certains clients, une <a href=\"https:\/\/memorabilia-germany.de\/fr\/sport-memorabilia-faq\/#memorabilia-mystery-box\"><u>Mystery Box<\/u><\/a> s\u00e9rie qui puisse \u00eatre propos\u00e9e \u00e0 un prix particuli\u00e8rement avantageux, nous avons cr\u00e9\u00e9 la \u00ab\u00a0Sweet Deal Series\u00a0\u00bb. Contrairement \u00e0 nos autres s\u00e9ries Mystery Box, la s\u00e9rie n&rsquo;est pas limit\u00e9e, ce qui nous donne encore un peu plus de marge de man\u0153uvre dans la planification afin d&rsquo;obtenir pour vous les meilleurs casques via notre r\u00e9seau.<\/strong><\/p>\n<p><strong>Bien s\u00fbr, vous ne trouverez dans cette s\u00e9rie que des casques Riddell ou Schutt sign\u00e9s par des stars de la NFL ou des l\u00e9gendes de la NFL ! Et cette s\u00e9rie permet \u00e9galement de d\u00e9nicher des tr\u00e9sors, comme les mini-casques NFL en \u00e9dition limit\u00e9e de superstars telles que Saquon Barkley, Bo Nix, Davante Adams, Xavier Worthy et bien d&rsquo;autres !<\/strong><\/p>\n<p><strong>Vue d\u2019ensemble rapide :<\/strong><\/p>\n<ul style=\"list-style-type: square;\">\n<li>Contenu de chaque bo\u00eete : mini casque NFL sous licence &amp; sign\u00e9 (marque : Riddell ou Schutt). Les images vous donnent un petit aper\u00e7u du secret de la s\u00e9rie !<\/li>\n<li>Tous les casques sont sign\u00e9s par une star actuelle de la NFL. De plus, de nombreux casques sont sign\u00e9s par les joueurs !<\/li>\n<li>Authentification des autographes (exclusivement) : <strong><a href=\"https:\/\/memorabilia-germany.de\/fr\/authentification-des-signatures\/#signature-authentication-beckett\">Beckett<\/a><\/strong>, <strong><a href=\"https:\/\/memorabilia-germany.de\/fr\/authentification-des-signatures\/#signature-authentication-james-spence\">James Spence Authentication<\/a><\/strong>, <strong><a href=\"https:\/\/memorabilia-germany.de\/fr\/authentification-des-signatures\/#signature-authentication-psa-dna\">PSA\/DNA<\/a><\/strong> ou <strong><a href=\"https:\/\/memorabilia-germany.de\/fr\/authentification-des-signatures\/#signature-authentication-fanatics\">Fanatics<\/a><\/strong>.<\/li>\n<\/ul>\n","protected":false},"featured_media":39432,"template":"","meta":{"_acf_changed":false,"ocean_post_layout":"","ocean_both_sidebars_style":"","ocean_both_sidebars_content_width":0,"ocean_both_sidebars_sidebars_width":0,"ocean_sidebar":"0","ocean_second_sidebar":"0","ocean_disable_margins":"enable","ocean_add_body_class":"","ocean_shortcode_before_top_bar":"","ocean_shortcode_after_top_bar":"","ocean_shortcode_before_header":"","ocean_shortcode_after_header":"","ocean_has_shortcode":"","ocean_shortcode_after_title":"","ocean_shortcode_before_footer_widgets":"","ocean_shortcode_after_footer_widgets":"","ocean_shortcode_before_footer_bottom":"","ocean_shortcode_after_footer_bottom":"","ocean_display_top_bar":"default","ocean_display_header":"default","ocean_header_style":"","ocean_center_header_left_menu":"0","ocean_custom_header_template":"0","ocean_custom_logo":0,"ocean_custom_retina_logo":0,"ocean_custom_logo_max_width":0,"ocean_custom_logo_tablet_max_width":0,"ocean_custom_logo_mobile_max_width":0,"ocean_custom_logo_max_height":0,"ocean_custom_logo_tablet_max_height":0,"ocean_custom_logo_mobile_max_height":0,"ocean_header_custom_menu":"0","ocean_menu_typo_font_family":"0","ocean_menu_typo_font_subset":"","ocean_menu_typo_font_size":0,"ocean_menu_typo_font_size_tablet":0,"ocean_menu_typo_font_size_mobile":0,"ocean_menu_typo_font_size_unit":"px","ocean_menu_typo_font_weight":"","ocean_menu_typo_font_weight_tablet":"","ocean_menu_typo_font_weight_mobile":"","ocean_menu_typo_transform":"","ocean_menu_typo_transform_tablet":"","ocean_menu_typo_transform_mobile":"","ocean_menu_typo_line_height":0,"ocean_menu_typo_line_height_tablet":0,"ocean_menu_typo_line_height_mobile":0,"ocean_menu_typo_line_height_unit":"","ocean_menu_typo_spacing":0,"ocean_menu_typo_spacing_tablet":0,"ocean_menu_typo_spacing_mobile":0,"ocean_menu_typo_spacing_unit":"","ocean_menu_link_color":"","ocean_menu_link_color_hover":"","ocean_menu_link_color_active":"","ocean_menu_link_background":"","ocean_menu_link_hover_background":"","ocean_menu_link_active_background":"","ocean_menu_social_links_bg":"","ocean_menu_social_hover_links_bg":"","ocean_menu_social_links_color":"","ocean_menu_social_hover_links_color":"","ocean_disable_title":"default","ocean_disable_heading":"default","ocean_post_title":"","ocean_post_subheading":"","ocean_post_title_style":"","ocean_post_title_background_color":"","ocean_post_title_background":0,"ocean_post_title_bg_image_position":"","ocean_post_title_bg_image_attachment":"","ocean_post_title_bg_image_repeat":"","ocean_post_title_bg_image_size":"","ocean_post_title_height":0,"ocean_post_title_bg_overlay":0.5,"ocean_post_title_bg_overlay_color":"","ocean_disable_breadcrumbs":"default","ocean_breadcrumbs_color":"","ocean_breadcrumbs_separator_color":"","ocean_breadcrumbs_links_color":"","ocean_breadcrumbs_links_hover_color":"","ocean_display_footer_widgets":"default","ocean_display_footer_bottom":"default","ocean_custom_footer_template":"0","ofc_enable_fullscreen":"disable","ofc_fullscreen_speed":0,"ofc_fullscreen_nav":"enable","ofc_fullscreen_nav_pos":"right","ofc_fullscreen_nav_color":"","ofc_fullscreen_nav_tooltip_color":"","ofc_fullscreen_responsive":0},"product_brand":[],"product_cat":[2216],"product_tag":[],"class_list":{"0":"post-39431","1":"product","2":"type-product","3":"status-publish","4":"has-post-thumbnail","6":"product_cat-mystery-box-mini-casque-nfl-sweet-deal-series","7":"product_shipping_class-classe-dexpedition_a","9":"entry","10":"has-media","12":"first","13":"instock","14":"taxable","15":"shipping-taxable","16":"purchasable","17":"product-type-simple","18":"col","19":"span_1_of_4","20":"owp-content-center","21":"owp-thumbs-layout-horizontal","22":"owp-btn-normal","23":"owp-tabs-layout-horizontal"},"acf":[],"_links":{"self":[{"href":"https:\/\/memorabilia-germany.de\/fr\/wp-json\/wp\/v2\/product\/39431","targetHints":{"allow":["GET"]}}],"collection":[{"href":"https:\/\/memorabilia-germany.de\/fr\/wp-json\/wp\/v2\/product"}],"about":[{"href":"https:\/\/memorabilia-germany.de\/fr\/wp-json\/wp\/v2\/types\/product"}],"version-history":[{"count":0,"href":"https:\/\/memorabilia-germany.de\/fr\/wp-json\/wp\/v2\/product\/39431\/revisions"}],"wp:featuredmedia":[{"embeddable":true,"href":"https:\/\/memorabilia-germany.de\/fr\/wp-json\/wp\/v2\/media\/39432"}],"wp:attachment":[{"href":"https:\/\/memorabilia-germany.de\/fr\/wp-json\/wp\/v2\/media?parent=39431"}],"wp:term":[{"taxonomy":"product_brand","embeddable":true,"href":"https:\/\/memorabilia-germany.de\/fr\/wp-json\/wp\/v2\/product_brand?post=39431"},{"taxonomy":"product_cat","embeddable":true,"href":"https:\/\/memorabilia-germany.de\/fr\/wp-json\/wp\/v2\/product_cat?post=39431"},{"taxonomy":"product_tag","embeddable":true,"href":"https:\/\/memorabilia-germany.de\/fr\/wp-json\/wp\/v2\/product_tag?post=39431"}],"curies":[{"name":"wp","href":"https:\/\/api.w.org\/{rel}","templated":true}]}}