{"id":39420,"date":"2022-08-23T16:12:46","date_gmt":"2024-03-05T16:55:59","guid":{"rendered":"https:\/\/memorabilia-germany.de\/produkt\/xxl-football-mystery-box-go-big-or-go-home-box-5-articles-dans-chaque-boite\/"},"modified":"2024-06-30T14:23:37","modified_gmt":"2024-06-30T12:23:37","slug":"xxl-football-mystery-box-go-big-or-go-home-box-5-articles-dans-chaque-boite","status":"publish","type":"product","link":"https:\/\/memorabilia-germany.de\/fr\/produit\/xxl-football-mystery-box-go-big-or-go-home-box-5-articles-dans-chaque-boite\/","title":{"rendered":"XXL Football Mystery Box: GO BIG OR GO HOME BOX (5 articles dans chaque bo\u00eete)"},"content":{"rendered":"\t\t<div data-elementor-type=\"product-post\" data-elementor-id=\"39420\" class=\"elementor elementor-39420 elementor-22113\" data-elementor-post-type=\"product\">\n\t\t\t\t\t\t<section class=\"elementor-section elementor-top-section elementor-element elementor-element-5de8f56c elementor-section-boxed elementor-section-height-default elementor-section-height-default\" data-id=\"5de8f56c\" data-element_type=\"section\" data-e-type=\"section\">\n\t\t\t\t\t\t<div class=\"elementor-container elementor-column-gap-default\">\n\t\t\t\t\t<div class=\"elementor-column elementor-col-100 elementor-top-column elementor-element elementor-element-5befde5d\" data-id=\"5befde5d\" data-element_type=\"column\" data-e-type=\"column\">\n\t\t\t<div class=\"elementor-widget-wrap elementor-element-populated\">\n\t\t\t\t\t\t<div class=\"elementor-element elementor-element-20992181 elementor-widget elementor-widget-text-editor\" data-id=\"20992181\" data-element_type=\"widget\" data-e-type=\"widget\" data-widget_type=\"text-editor.default\">\n\t\t\t\t<div class=\"elementor-widget-container\">\n\t\t\t\t\t\t\t\t\t<strong>Plus d\u2019informations sur cette s\u00e9rie XXL Football Mystery Box :<\/strong>\n<ul style=\"list-style-type: square;\">\n \t<li>TOUTES les bo\u00eetes de cette s\u00e9rie contiennent des mini-casques Riddell en \u00e9dition limit\u00e9e provenant d&rsquo;\u00e9ditions telles que : \u00ab Eclipse Series \u00bb, \u00ab Lunar Eclipse Series \u00bb, \u00ab Camo \u00bb, \u00ab Flash \u00bb, \u00ab AMP \u00bb, \u00ab Matte White \u00bb, \u00ab Matte Black \u00bb. Tous les mini-casques sont des casques d&rsquo;\u00e9quipes de la NFL.<\/li>\n \t<li>Les objets \u00e9taient r\u00e9partis al\u00e9atoirement dans les cartons.<\/li>\n \t<li>Tous les Memorabilia contenus dans une Mystery Box XXL pour le football ont \u00e9t\u00e9 v\u00e9rifi\u00e9s par l&rsquo;un des principaux authentificateurs am\u00e9ricains du march\u00e9 et sont accompagn\u00e9s d&rsquo;\u00e9l\u00e9ments de s\u00e9curit\u00e9 num\u00e9rot\u00e9s en s\u00e9rie (Certificate of Authenticity et\/ou hologramme de s\u00e9curit\u00e9). Les authentifiants sont exclusivement : Beckett, James Spence Authentication, PSA\/DNA ou Fanatics. Vous trouverez plus d&rsquo;informations sur le th\u00e8me important de l&rsquo;authentification <strong><a href=\"https:\/\/memorabilia-germany.de\/fr\/authentification-des-signatures\/\">ici<\/a><\/strong>.<\/li>\n \t<li>Avec nous, vous obtenez un aper\u00e7u COMPLET de la liste des joueurs dont les objets sont inclus dans cette s\u00e9rie Mystery Box :<\/li>\n<\/ul>\n<ul style=\"text-align: center;\">\n \t<li style=\"list-style-type: none;\">\n<ul style=\"text-align: center;\">\n \t<li>Joe Burrow<\/li>\n \t<li>Dan Marino<\/li>\n \t<li>Emmitt Smith<\/li>\n \t<li>Joe Montana<\/li>\n \t<li>Dak Prescott<\/li>\n \t<li>Cooper Kupp<\/li>\n \t<li>Kyler Murray<\/li>\n \t<li>George Kittle<\/li>\n \t<li>Travis Kelce<\/li>\n \t<li>Christian McCaffrey<\/li>\n \t<li>D.K. Metcalf<\/li>\n \t<li>Trey Lance<\/li>\n \t<li>Aidan Hutchinson<\/li>\n \t<li>Davante Adams<\/li>\n \t<li>Deshaun Watson<\/li>\n \t<li>Tyler Lockett<\/li>\n \t<li>Ray Lewis<\/li>\n \t<li>Joey Bosa<\/li>\n \t<li>Nick Bosa<\/li>\n \t<li>Aaron Donald<\/li>\n \t<li>Daniel Jones<\/li>\n \t<li>Alvin Kamara<\/li>\n \t<li>Mike Singletary<\/li>\n \t<li>Amari Cooper<\/li>\n \t<li>Jalen Hurts<\/li>\n \t<li>Tyreek Hill<\/li>\n \t<li>Justin Jefferson<\/li>\n \t<li>D.J. Moore<\/li>\n \t<li>Antonio Brown<\/li>\n \t<li>Aaron Jones<\/li>\n \t<li>Tua Tagovailoa<\/li>\n \t<li>Greg Olsen<\/li>\n \t<li>Kirk Cousins<\/li>\n \t<li>Minkah Fitzpatrick<\/li>\n \t<li>Deebo Samuel<\/li>\n \t<li>Ricky Williams<\/li>\n \t<li>Sterling Shepard<\/li>\n \t<li>Bob Griese<\/li>\n \t<li>Daunte Culpepper<\/li>\n \t<li>Thurman Thomas<\/li>\n \t<li>Joe Theismann<\/li>\n \t<li>Noah Fant<\/li>\n \t<li>Jerry Jeudy<\/li>\n \t<li>Bruce Matthews<\/li>\n \t<li>Odell Beckham Jr.<\/li>\n \t<li>Kyle \u201cJuice\u201d Juszczyk<\/li>\n \t<li>Clyde Edwards-Helaire<\/li>\n \t<li>Trevon Diggs<\/li>\n \t<li>Cameron Heyward<\/li>\n \t<li>Keenan Allen<\/li>\n \t<li>Cam Akers<\/li>\n \t<li>Marquez Valdes-Scantling<\/li>\n \t<li>Miles Sanders<\/li>\n \t<li>Hunter Renfrow<\/li>\n \t<li>Darius Leonard<\/li>\n \t<li>Michael Vick<\/li>\n \t<li>Tony Boselli<\/li>\n \t<li>Daunte Culpepper<\/li>\n \t<li>Cole Kmet<\/li>\n \t<li>TJ Watt<\/li>\n<\/ul>\n<\/li>\n<\/ul>\n<p><br>\nSi une s\u00e9rie contient plus d&rsquo;un Memorabilia de football am\u00e9ricain du m\u00eame joueur, vous obtiendrez une \u00ab\u00a0No Double Option\u00a0\u00bb. <br>Cela signifie que vous ne recevrez certainement pas de joueur en double si vous achetez plus d&rsquo;une bo\u00eete.<br><\/p><p> Dans les bo\u00eetes XXL, les objets sont de toute fa\u00e7on toujours sign\u00e9s par 5 stars diff\u00e9rentes de la NFL.<\/p>\n<p>\nComment fonctionne une Mystery Box XXL pour le football ?<\/p>\n<p>Vous pouvez trouver des informations \u00e0 ce sujet dans notre <strong><a href=\"https:\/\/memorabilia-germany.de\/fr\/sports-memorabilia-faq\/#memorabilia-mystery-box\"><u>FAQ<\/u><\/a><\/strong>!<\/p>\n\n<p>Quelle est la diff\u00e9rence entre les maillots Custom et les maillots Authentic ?<\/p>\n<p>Vous pouvez trouver des informations \u00e0 ce sujet dans notre <strong><a href=\"https:\/\/memorabilia-germany.de\/fr\/sports-memorabilia-faq\/#faq-jersey-types\"><u>FAQ<\/u><\/a><\/strong>!<\/p>\n\nTu trouveras plus de Memorabilia Football Am\u00e9ricain <strong><a href=\"https:\/\/memorabilia-germany.de\/fr\/football-americain\"><u>ici<\/u><\/a><\/strong>!\t\t\t\t\t\t\t\t<\/div>\n\t\t\t\t<\/div>\n\t\t\t\t\t<\/div>\n\t\t<\/div>\n\t\t\t\t\t<\/div>\n\t\t<\/section>\n\t\t\t\t<\/div>\n\t\t","protected":false},"excerpt":{"rendered":"<p><strong>Le summum des Mystery Box. Cette s\u00e9rie est limit\u00e9e \u00e0 un total de seulement 30 XXL Football <a href=\"https:\/\/memorabilia-germany.de\/fr\/sports-memorabilia-faq\/#memorabilia-mystery-box\"><u>Mystery Boxes<\/u><\/a> . Chaque bo\u00eete contient <u>CINQ<\/u> Memorabilia du monde de la NFL ! Retrouvez des mini casques en \u00e9dition limit\u00e9e, des ballons et des maillots sign\u00e9s de l\u00e9gendes de la NFL comme Dan Marino ou Emmitt Smith et des superstars actuelles de la NFL comme Joe Burrow, Cooper Kupp ou Travis Kelce dans cette s\u00e9rie !<\/strong><\/p>\n<p><strong>Rapide vue d&rsquo;ensemble:<\/strong><\/p>\n<ul style=\"list-style-type: square;\">\n<li>Contenu de chaque bo\u00eete :\n<ul style=\"list-style-type: square;\">\n<li>2 mini casques NFL sign\u00e9s et sous licence d&rsquo;une \u00e9dition limit\u00e9e Riddell<\/li>\n<li>2 ballons de football am\u00e9ricain Full Size sign\u00e9s Wilson ou Rawlings<\/li>\n<li>1 maillot de football am\u00e9ricain Custom sign\u00e9<\/li>\n<\/ul>\n<\/li>\n<li>Tous les objets sont sign\u00e9s par une star actuelle de la NFL ou une l\u00e9gende de la NFL. De plus, de nombreux casques sont sign\u00e9s par les joueurs !<\/li>\n<li><strong>TOUS<\/strong> les casques de cette s\u00e9rie sont des casques NFL en \u00e9dition limit\u00e9e (voir ci-dessous pour plus d&rsquo;informations)<\/li>\n<li>Authentification des autographes (exclusivement) : <strong><a href=\"https:\/\/memorabilia-germany.de\/fr\/authentification-des-signatures\/#signature-authentication-beckett\">Beckett<\/a><\/strong>, <strong><a href=\"https:\/\/memorabilia-germany.de\/fr\/authentification-des-signatures\/#signature-authentication-james-spence\">James Spence Authentication<\/a><\/strong>, <strong><a href=\"https:\/\/memorabilia-germany.de\/fr\/authentification-des-signatures\/#signature-authentication-psa-dna\">PSA\/DNA<\/a><\/strong> ou <strong><a href=\"https:\/\/memorabilia-germany.de\/fr\/authentification-des-signatures\/#signature-authentication-fanatics\">Fanatics<\/a><\/strong>.<\/li>\n<\/ul>\n","protected":false},"featured_media":39421,"template":"","meta":{"_acf_changed":false,"ocean_post_layout":"","ocean_both_sidebars_style":"","ocean_both_sidebars_content_width":0,"ocean_both_sidebars_sidebars_width":0,"ocean_sidebar":"0","ocean_second_sidebar":"0","ocean_disable_margins":"enable","ocean_add_body_class":"","ocean_shortcode_before_top_bar":"","ocean_shortcode_after_top_bar":"","ocean_shortcode_before_header":"","ocean_shortcode_after_header":"","ocean_has_shortcode":"","ocean_shortcode_after_title":"","ocean_shortcode_before_footer_widgets":"","ocean_shortcode_after_footer_widgets":"","ocean_shortcode_before_footer_bottom":"","ocean_shortcode_after_footer_bottom":"","ocean_display_top_bar":"default","ocean_display_header":"default","ocean_header_style":"","ocean_center_header_left_menu":"0","ocean_custom_header_template":"0","ocean_custom_logo":0,"ocean_custom_retina_logo":0,"ocean_custom_logo_max_width":0,"ocean_custom_logo_tablet_max_width":0,"ocean_custom_logo_mobile_max_width":0,"ocean_custom_logo_max_height":0,"ocean_custom_logo_tablet_max_height":0,"ocean_custom_logo_mobile_max_height":0,"ocean_header_custom_menu":"0","ocean_menu_typo_font_family":"0","ocean_menu_typo_font_subset":"","ocean_menu_typo_font_size":0,"ocean_menu_typo_font_size_tablet":0,"ocean_menu_typo_font_size_mobile":0,"ocean_menu_typo_font_size_unit":"px","ocean_menu_typo_font_weight":"","ocean_menu_typo_font_weight_tablet":"","ocean_menu_typo_font_weight_mobile":"","ocean_menu_typo_transform":"","ocean_menu_typo_transform_tablet":"","ocean_menu_typo_transform_mobile":"","ocean_menu_typo_line_height":0,"ocean_menu_typo_line_height_tablet":0,"ocean_menu_typo_line_height_mobile":0,"ocean_menu_typo_line_height_unit":"","ocean_menu_typo_spacing":0,"ocean_menu_typo_spacing_tablet":0,"ocean_menu_typo_spacing_mobile":0,"ocean_menu_typo_spacing_unit":"","ocean_menu_link_color":"","ocean_menu_link_color_hover":"","ocean_menu_link_color_active":"","ocean_menu_link_background":"","ocean_menu_link_hover_background":"","ocean_menu_link_active_background":"","ocean_menu_social_links_bg":"","ocean_menu_social_hover_links_bg":"","ocean_menu_social_links_color":"","ocean_menu_social_hover_links_color":"","ocean_disable_title":"default","ocean_disable_heading":"default","ocean_post_title":"","ocean_post_subheading":"","ocean_post_title_style":"","ocean_post_title_background_color":"","ocean_post_title_background":0,"ocean_post_title_bg_image_position":"","ocean_post_title_bg_image_attachment":"","ocean_post_title_bg_image_repeat":"","ocean_post_title_bg_image_size":"","ocean_post_title_height":0,"ocean_post_title_bg_overlay":0.5,"ocean_post_title_bg_overlay_color":"","ocean_disable_breadcrumbs":"default","ocean_breadcrumbs_color":"","ocean_breadcrumbs_separator_color":"","ocean_breadcrumbs_links_color":"","ocean_breadcrumbs_links_hover_color":"","ocean_display_footer_widgets":"default","ocean_display_footer_bottom":"default","ocean_custom_footer_template":"0","ofc_enable_fullscreen":"disable","ofc_fullscreen_speed":0,"ofc_fullscreen_nav":"enable","ofc_fullscreen_nav_pos":"right","ofc_fullscreen_nav_color":"","ofc_fullscreen_nav_tooltip_color":"","ofc_fullscreen_responsive":0},"product_brand":[],"product_cat":[2219],"product_tag":[],"class_list":{"0":"post-39420","1":"product","2":"type-product","3":"status-publish","4":"has-post-thumbnail","6":"product_cat-football-americain-mystery-box-xxl-go-big-or-go-home-box","7":"product_shipping_class-classe-dexpedition_a","9":"entry","10":"has-media","12":"first","13":"instock","14":"taxable","15":"shipping-taxable","16":"purchasable","17":"product-type-simple","18":"col","19":"span_1_of_4","20":"owp-content-center","21":"owp-thumbs-layout-horizontal","22":"owp-btn-normal","23":"owp-tabs-layout-horizontal"},"acf":[],"_links":{"self":[{"href":"https:\/\/memorabilia-germany.de\/fr\/wp-json\/wp\/v2\/product\/39420","targetHints":{"allow":["GET"]}}],"collection":[{"href":"https:\/\/memorabilia-germany.de\/fr\/wp-json\/wp\/v2\/product"}],"about":[{"href":"https:\/\/memorabilia-germany.de\/fr\/wp-json\/wp\/v2\/types\/product"}],"version-history":[{"count":0,"href":"https:\/\/memorabilia-germany.de\/fr\/wp-json\/wp\/v2\/product\/39420\/revisions"}],"wp:featuredmedia":[{"embeddable":true,"href":"https:\/\/memorabilia-germany.de\/fr\/wp-json\/wp\/v2\/media\/39421"}],"wp:attachment":[{"href":"https:\/\/memorabilia-germany.de\/fr\/wp-json\/wp\/v2\/media?parent=39420"}],"wp:term":[{"taxonomy":"product_brand","embeddable":true,"href":"https:\/\/memorabilia-germany.de\/fr\/wp-json\/wp\/v2\/product_brand?post=39420"},{"taxonomy":"product_cat","embeddable":true,"href":"https:\/\/memorabilia-germany.de\/fr\/wp-json\/wp\/v2\/product_cat?post=39420"},{"taxonomy":"product_tag","embeddable":true,"href":"https:\/\/memorabilia-germany.de\/fr\/wp-json\/wp\/v2\/product_tag?post=39420"}],"curies":[{"name":"wp","href":"https:\/\/api.w.org\/{rel}","templated":true}]}}