{"id":39411,"date":"2022-08-26T15:47:58","date_gmt":"2024-03-05T16:43:14","guid":{"rendered":"https:\/\/memorabilia-germany.de\/produkt\/star-trek-mystery-box-starfleet-series-2\/"},"modified":"2024-06-30T14:09:38","modified_gmt":"2024-06-30T12:09:38","slug":"star-trek-mystery-box-starfleet-series-2","status":"publish","type":"product","link":"https:\/\/memorabilia-germany.de\/fr\/produit\/star-trek-mystery-box-starfleet-series-2\/","title":{"rendered":"Star Trek Mystery Box: STARFLEET SERIES"},"content":{"rendered":"<p><strong>Plus d&rsquo;informations sur cette s\u00e9rie Star Trek Mystery Box :<\/strong><\/p>\n<ul style=\"list-style-type: square;\">\n<li>Memorabilia avec les autographes de plusieurs stars (2 ou plus) inclus dans cette s\u00e9rie !<\/li>\n<li>Les objets \u00e9taient r\u00e9partis al\u00e9atoirement dans les cartons.<\/li>\n<li>Tous les Memorabilia contenus dans une Mystery Box Star Trek ont \u00e9t\u00e9 v\u00e9rifi\u00e9s par l&rsquo;un des principaux authentificateurs am\u00e9ricains et sont accompagn\u00e9s d&rsquo;\u00e9l\u00e9ments de s\u00e9curit\u00e9 num\u00e9rot\u00e9s en s\u00e9rie (Certificate of Authenticity et\/ou hologramme de s\u00e9curit\u00e9). Les authentifiants sont exclusivement : Beckett, James Spence Authentication, PSA\/DNA ou Fanatics. Vous trouverez plus d&rsquo;informations sur le th\u00e8me important de l&rsquo;authentification <strong><a href=\"https:\/\/memorabilia-germany.de\/fr\/authentification-des-signatures\/\">ici<\/a><\/strong>.<\/li>\n<li>Avec nous, vous obtenez un aper\u00e7u COMPLET de la liste des stars de Star Trek incluses dans cette s\u00e9rie :<\/li>\n<\/ul>\n<p style=\"text-align: center;\">Leonard Nimoy (Mr. Spock)<br \/>\nWilliam Shatner (Captain James T. Kirk)<br \/>\nPatrick Stewart (Captain Jean-Luc Picard)<br \/>\nDeForest Kelley (Leonard \u00ab\u00a0Pille\u00a0\u00bb McCoy)<br \/>\nJonathan Frakes (William Thomas Riker)<br \/>\nGeorge Takei (Hikaru Sulu)<br \/>\nLeVar Burton (Geordi La Forge)<br \/>\nJeri Ryan (Seven of Nine)<br \/>\nWalter Koenig (Pavel Chekov)<br \/>\nNichelle Nichols + Walter Koenig<br \/>\nSonequa Martin-Green (Michael Burnham)<br \/>\nJames Doohan (Montgomery \u00ab\u00a0Scotty\u00a0\u00bb Scott)<br \/>\nBrent Spiner (Data)<br \/>\nRicardo Montalb\u00e1n (Khan)<br \/>\nScott Bakula (Captain Jonathan Archer)<br \/>\nAvery Brooks (Captain Benjamin Sisko)<br \/>\nKate Mulgrew (Captain Kathryn Janeway)<br \/>\nNana Visitor (Kira Nerys)<br \/>\nWhoopi Goldberg (Guinan)<br \/>\nMichael Dorn (Worf)<br \/>\nMarina Sirtis (Deanna Troi)<br \/>\nTim Russ (Tuvok)<br \/>\nTerry Farrell (Jadzia Dax)<br \/>\nAlexander Siddig (Julian Subatoi Bashir)<br \/>\nRobert Duncan McNeill (Thomas Eugene Paris)<br \/>\nConnor Trinneer (Charles \u201eTrip\u201c Tucker III)<br \/>\nDenise Crosby (Natasha Yar)<br \/>\nRen\u00e9 Auberjonois (Odo)<br \/>\nRoxann Dawson (B&rsquo;Elanna Torres)<br \/>\nJohn de Lancie (Q)<br \/>\nDominic Keating (Malcolm Reed)<br \/>\nGates McFadden (Beverly Crusher)<br \/>\nRobert Beltran (Chakotay)<br \/>\nRobert Picardo (Der Doktor)<br \/>\nNichelle Nichols (Nyota Uhura)<br \/>\nGarrett Wang (Harry Kim)<br \/>\nJohn Billingsley (Phlox)<br \/>\nEthan Phillips (Neelix)<br \/>\nBarbara Baldavin (Angela Martine)<br \/>\nWil Wheaton (Wesley Crusher)<br \/>\nMarc Alaimo (Gul Dukat)<br \/>\nMajel Barrett-Roddenberry (Christine Chapel)<br \/>\nArmin Shimerman (Quark)<br \/>\nStephen Collins (Commander Willard Decker)\n<\/p>\n<p>Si une s\u00e9rie contient plus d&rsquo;un objet de la m\u00eame star, vous recevrez une \u00ab\u00a0No Double Option\u00a0\u00bb. Cela signifie que vous ne recevrez certainement pas d\u2019objet sign\u00e9 par une star en double si vous achetez plus d\u2019une bo\u00eete.<\/p>\n<p>Comment fonctionne une Mystery Box Star Trek ?<br \/>\nVous pouvez trouver des informations \u00e0 ce sujet dans notre <strong><a href=\"https:\/\/memorabilia-germany.de\/fr\/sports-memorabilia-faq\/#memorabilia-mystery-box\"><u>FAQ<\/u><\/a><\/strong>!<\/p>\n<p>Vous pouvez trouver plus d\u2019autographes de stars hollywoodiennes <strong><a href=\"https:\/\/memorabilia-germany.de\/fr\/entertainment-memorabilia\/\"><u>ici<\/u><\/a><\/strong>!<\/p>\n","protected":false},"excerpt":{"rendered":"<p><strong>Tous les <a href=\"https:\/\/memorabilia-germany.de\/fr\/sports-memorabilia-faq\/#memorabilia-mystery-box\"><u>Mystery Boxes<\/u><\/a> contiennent des articles de fans sign\u00e9s comme des uniformes, des phasers ou des photographies XL avec des autographes authentifi\u00e9s des stars de l&rsquo;univers Star Trek. Du <strong>\u00ab\u00a0vaisseau spatial Enterprise\u00a0\u00bb<\/strong> original \u00e0 la <strong>\u00ab\u00a0Next Generation\u00a0\u00bb<\/strong> en passant par \u00ab\u00a0Deep Space Nine\u00a0\u00bb ou \u00ab\u00a0vaisseau spatial Voyager\u00a0\u00bb, nous avons tout ce qu&rsquo;il faut !<\/strong><\/p>\n<p><strong>En hommage \u00e0 la premi\u00e8re diffusion en Allemagne des \u00ab\u00a0Original Series\u00a0\u00bb en 1972, cette s\u00e9rie est limit\u00e9e \u00e0 un total de 72 Star Trek Mystery Box. Chaque bo\u00eete poss\u00e8de un num\u00e9ro de s\u00e9rie. Trouve des bo\u00eetes avec des autographes rares de Leonard Nimoy (\u00ab\u00a0M. Spock\u00a0\u00bb), William Shatner (\u00ab\u00a0Capitaine Kirk\u00a0\u00bb), Patrick Stewart (\u00ab\u00a0Capitaine Picard\u00a0\u00bb) ou Jeri Ryan (\u00ab\u00a0Seven of Nine\u00a0\u00bb) dans cette s\u00e9rie !<\/strong><\/p>\n<p><strong>Vue d\u2019ensemble rapide :<\/strong><\/p>\n<ul style=\"list-style-type: square;\">\n<li>Contenu de chaque bo\u00eete : min. 1 article de fan Star Trek sign\u00e9 ou une photographie XL avec motif Star Trek (taille 20,3&#215;25,4cm ou plus grande).<\/li>\n<li>Les articles de fans de cette s\u00e9rie sont des objets tels que des photographies Star Trek sign\u00e9es, des uniformes, des bandes dessin\u00e9es, des scripts ou des figurines. Les images vous donnent un petit aper\u00e7u du secret de la s\u00e9rie !<\/li>\n<li>Trouve un phaseur sign\u00e9 par William Shatner dans cette s\u00e9rie !<\/li>\n<li>Tous les objets sont sign\u00e9s par au moins un acteur de l&rsquo;univers Star Trek (voir la liste ci-dessous). De plus, de nombreux objets sont accompagn\u00e9s des inscriptions des stars !<\/li>\n<li>Authentification des autographes (exclusivement) : <strong><a href=\"https:\/\/memorabilia-germany.de\/fr\/authentification-des-signatures\/#signature-authentication-beckett\">Beckett<\/a><\/strong>, <strong><a href=\"https:\/\/memorabilia-germany.de\/fr\/authentification-des-signatures\/#signature-authentication-james-spence\">James Spence Authentication<\/a><\/strong>, <strong><a href=\"https:\/\/memorabilia-germany.de\/fr\/authentification-des-signatures\/#signature-authentication-psa-dna\">PSA\/DNA<\/a><\/strong> ou <strong><a href=\"https:\/\/memorabilia-germany.de\/fr\/authentification-des-signatures\/#signature-authentication-fanatics\">Fanatics<\/a><\/strong>.<\/li>\n<\/ul>\n","protected":false},"featured_media":39412,"template":"","meta":{"_acf_changed":false,"ocean_post_layout":"","ocean_both_sidebars_style":"","ocean_both_sidebars_content_width":0,"ocean_both_sidebars_sidebars_width":0,"ocean_sidebar":"0","ocean_second_sidebar":"0","ocean_disable_margins":"enable","ocean_add_body_class":"","ocean_shortcode_before_top_bar":"","ocean_shortcode_after_top_bar":"","ocean_shortcode_before_header":"","ocean_shortcode_after_header":"","ocean_has_shortcode":"","ocean_shortcode_after_title":"","ocean_shortcode_before_footer_widgets":"","ocean_shortcode_after_footer_widgets":"","ocean_shortcode_before_footer_bottom":"","ocean_shortcode_after_footer_bottom":"","ocean_display_top_bar":"default","ocean_display_header":"default","ocean_header_style":"","ocean_center_header_left_menu":"0","ocean_custom_header_template":"0","ocean_custom_logo":0,"ocean_custom_retina_logo":0,"ocean_custom_logo_max_width":0,"ocean_custom_logo_tablet_max_width":0,"ocean_custom_logo_mobile_max_width":0,"ocean_custom_logo_max_height":0,"ocean_custom_logo_tablet_max_height":0,"ocean_custom_logo_mobile_max_height":0,"ocean_header_custom_menu":"0","ocean_menu_typo_font_family":"0","ocean_menu_typo_font_subset":"","ocean_menu_typo_font_size":0,"ocean_menu_typo_font_size_tablet":0,"ocean_menu_typo_font_size_mobile":0,"ocean_menu_typo_font_size_unit":"px","ocean_menu_typo_font_weight":"","ocean_menu_typo_font_weight_tablet":"","ocean_menu_typo_font_weight_mobile":"","ocean_menu_typo_transform":"","ocean_menu_typo_transform_tablet":"","ocean_menu_typo_transform_mobile":"","ocean_menu_typo_line_height":0,"ocean_menu_typo_line_height_tablet":0,"ocean_menu_typo_line_height_mobile":0,"ocean_menu_typo_line_height_unit":"","ocean_menu_typo_spacing":0,"ocean_menu_typo_spacing_tablet":0,"ocean_menu_typo_spacing_mobile":0,"ocean_menu_typo_spacing_unit":"","ocean_menu_link_color":"","ocean_menu_link_color_hover":"","ocean_menu_link_color_active":"","ocean_menu_link_background":"","ocean_menu_link_hover_background":"","ocean_menu_link_active_background":"","ocean_menu_social_links_bg":"","ocean_menu_social_hover_links_bg":"","ocean_menu_social_links_color":"","ocean_menu_social_hover_links_color":"","ocean_disable_title":"default","ocean_disable_heading":"default","ocean_post_title":"","ocean_post_subheading":"","ocean_post_title_style":"","ocean_post_title_background_color":"","ocean_post_title_background":0,"ocean_post_title_bg_image_position":"","ocean_post_title_bg_image_attachment":"","ocean_post_title_bg_image_repeat":"","ocean_post_title_bg_image_size":"","ocean_post_title_height":0,"ocean_post_title_bg_overlay":0.5,"ocean_post_title_bg_overlay_color":"","ocean_disable_breadcrumbs":"default","ocean_breadcrumbs_color":"","ocean_breadcrumbs_separator_color":"","ocean_breadcrumbs_links_color":"","ocean_breadcrumbs_links_hover_color":"","ocean_display_footer_widgets":"default","ocean_display_footer_bottom":"default","ocean_custom_footer_template":"0","ofc_enable_fullscreen":"disable","ofc_fullscreen_speed":0,"ofc_fullscreen_nav":"enable","ofc_fullscreen_nav_pos":"right","ofc_fullscreen_nav_color":"","ofc_fullscreen_nav_tooltip_color":"","ofc_fullscreen_responsive":0},"product_brand":[],"product_cat":[2162],"product_tag":[],"class_list":{"0":"post-39411","1":"product","2":"type-product","3":"status-publish","4":"has-post-thumbnail","6":"product_cat-star-trek-mystery-box-starfleet-series-fr","7":"product_shipping_class-classe-dexpedition_a","9":"entry","10":"has-media","12":"first","13":"outofstock","14":"taxable","15":"shipping-taxable","16":"purchasable","17":"product-type-simple","18":"col","19":"span_1_of_4","20":"owp-content-center","21":"owp-thumbs-layout-horizontal","22":"owp-btn-normal","23":"owp-tabs-layout-horizontal"},"acf":[],"_links":{"self":[{"href":"https:\/\/memorabilia-germany.de\/fr\/wp-json\/wp\/v2\/product\/39411","targetHints":{"allow":["GET"]}}],"collection":[{"href":"https:\/\/memorabilia-germany.de\/fr\/wp-json\/wp\/v2\/product"}],"about":[{"href":"https:\/\/memorabilia-germany.de\/fr\/wp-json\/wp\/v2\/types\/product"}],"version-history":[{"count":0,"href":"https:\/\/memorabilia-germany.de\/fr\/wp-json\/wp\/v2\/product\/39411\/revisions"}],"wp:featuredmedia":[{"embeddable":true,"href":"https:\/\/memorabilia-germany.de\/fr\/wp-json\/wp\/v2\/media\/39412"}],"wp:attachment":[{"href":"https:\/\/memorabilia-germany.de\/fr\/wp-json\/wp\/v2\/media?parent=39411"}],"wp:term":[{"taxonomy":"product_brand","embeddable":true,"href":"https:\/\/memorabilia-germany.de\/fr\/wp-json\/wp\/v2\/product_brand?post=39411"},{"taxonomy":"product_cat","embeddable":true,"href":"https:\/\/memorabilia-germany.de\/fr\/wp-json\/wp\/v2\/product_cat?post=39411"},{"taxonomy":"product_tag","embeddable":true,"href":"https:\/\/memorabilia-germany.de\/fr\/wp-json\/wp\/v2\/product_tag?post=39411"}],"curies":[{"name":"wp","href":"https:\/\/api.w.org\/{rel}","templated":true}]}}