{"id":39317,"date":"2022-09-19T14:08:00","date_gmt":"2022-09-19T12:08:00","guid":{"rendered":"https:\/\/memorabilia-germany.de\/produkt\/1990-fleer-baseball-cardswax-pack\/"},"modified":"2024-06-25T17:39:51","modified_gmt":"2024-06-25T15:39:51","slug":"1990-fleer-baseball-cardswax-pack","status":"publish","type":"product","link":"https:\/\/memorabilia-germany.de\/fr\/produit\/1990-fleer-baseball-cardswax-pack\/","title":{"rendered":"1990 Fleer Baseball Cards,<br>Wax Pack"},"content":{"rendered":"","protected":false},"excerpt":{"rendered":"<p><strong>Paquet non ouvert de TMLB Trading Cards, original de 1990. Des l\u00e9gendes comme Barry Bonds, Ken Griffey Jr. ou Nolan Ryan ont jou\u00e9 en MLB et les Cincinnati Reds ont remport\u00e9 les World Series en fin de saison face aux vrais favoris, les Oakland Athletics. Ces Trading Cards ont \u00e9t\u00e9 lanc\u00e9es par la soci\u00e9t\u00e9 Fleer et sont officiellement licenci\u00e9es par la MLB. Pour plus d&rsquo;informations, voir ci-dessous.<\/strong><\/p>\n<ul style=\"list-style-type: square;\">\n<li>Contenu du paquet : 15 cartes<\/li>\n<li>Ann\u00e9e de publication : 1990<\/li>\n<li>&#8211; Soci\u00e9t\u00e9 : Fleer<\/li>\n<li>Pays : \u00c9tats-Unis<\/li>\n<li>S\u00e9rie : 660 cartes au total<\/li>\n<li>Le paquet (\u00ab\u00a0Wax Pack\u00a0\u00bb) provient d&rsquo;une \u00ab\u00a0Wax Box\u00a0\u00bb ouverte par Memorabilia Germany, qui contient 36 paquets au total. Tous les paquets sont en parfait \u00e9tat malgr\u00e9 leur \u00e2ge.<\/li>\n<li>Trouve les cartes originales des l\u00e9gendes de la MLB de 1990. La s\u00e9rie contient des rookie cards de nombreuses futures MLB All-Stars comme Sammy Sosa, Juan Gonzalez ou Larry Walker !<\/li>\n<li>Cette s\u00e9rie contient les c\u00e9l\u00e8bres cat\u00e9gories de Fleer \u00ab\u00a0Rookie Prospects\u00a0\u00bb, \u00ab\u00a0Superstar Combinations\u00a0\u00bb et \u00ab\u00a0Decade Greats\u00a0\u00bb.<\/li>\n<li>Background Infos 1990 : La r\u00e9unification de l&rsquo;Allemagne de l&rsquo;Est et de l&rsquo;Ouest domine les gros titres, l&rsquo;Allemagne devient championne du monde de football pour la troisi\u00e8me fois apr\u00e8s 1954 et 1974, \u00ab\u00a0Kevin allein zuhaus\u00a0\u00bb sort au cin\u00e9ma et \u00ab\u00a0Les Simpson\u00a0\u00bb font leur premi\u00e8re apparition \u00e0 la t\u00e9l\u00e9vision sur la cha\u00eene am\u00e9ricaine FOX. Nos Trading Cards \u00ab\u00a0vintage\u00a0\u00bb sont un r\u00eave pour tout nostalgique et pour tout collectionneur, car il ne s&rsquo;agit pas de reproductions des cartes pr\u00e9c\u00e9dentes, mais tous les paquets sont originaux et datent de l&rsquo;\u00e9poque o\u00f9 ils ont \u00e9t\u00e9 publi\u00e9s.<\/li>\n<\/ul>\n<p>Tu trouveras plus de Trading Cards d&rsquo;autrefois <strong><br \/>\n  <a href=\"https:\/\/memorabilia-germany.de\/fr\/trading-cards\">ici<\/a><br \/>\n<\/strong>.<\/p>\n","protected":false},"featured_media":39318,"template":"","meta":{"_acf_changed":false,"ocean_post_layout":"","ocean_both_sidebars_style":"","ocean_both_sidebars_content_width":0,"ocean_both_sidebars_sidebars_width":0,"ocean_sidebar":"0","ocean_second_sidebar":"0","ocean_disable_margins":"enable","ocean_add_body_class":"","ocean_shortcode_before_top_bar":"","ocean_shortcode_after_top_bar":"","ocean_shortcode_before_header":"","ocean_shortcode_after_header":"","ocean_has_shortcode":"","ocean_shortcode_after_title":"","ocean_shortcode_before_footer_widgets":"","ocean_shortcode_after_footer_widgets":"","ocean_shortcode_before_footer_bottom":"","ocean_shortcode_after_footer_bottom":"","ocean_display_top_bar":"default","ocean_display_header":"default","ocean_header_style":"","ocean_center_header_left_menu":"0","ocean_custom_header_template":"0","ocean_custom_logo":0,"ocean_custom_retina_logo":0,"ocean_custom_logo_max_width":0,"ocean_custom_logo_tablet_max_width":0,"ocean_custom_logo_mobile_max_width":0,"ocean_custom_logo_max_height":0,"ocean_custom_logo_tablet_max_height":0,"ocean_custom_logo_mobile_max_height":0,"ocean_header_custom_menu":"0","ocean_menu_typo_font_family":"0","ocean_menu_typo_font_subset":"","ocean_menu_typo_font_size":0,"ocean_menu_typo_font_size_tablet":0,"ocean_menu_typo_font_size_mobile":0,"ocean_menu_typo_font_size_unit":"px","ocean_menu_typo_font_weight":"","ocean_menu_typo_font_weight_tablet":"","ocean_menu_typo_font_weight_mobile":"","ocean_menu_typo_transform":"","ocean_menu_typo_transform_tablet":"","ocean_menu_typo_transform_mobile":"","ocean_menu_typo_line_height":0,"ocean_menu_typo_line_height_tablet":0,"ocean_menu_typo_line_height_mobile":0,"ocean_menu_typo_line_height_unit":"","ocean_menu_typo_spacing":0,"ocean_menu_typo_spacing_tablet":0,"ocean_menu_typo_spacing_mobile":0,"ocean_menu_typo_spacing_unit":"","ocean_menu_link_color":"","ocean_menu_link_color_hover":"","ocean_menu_link_color_active":"","ocean_menu_link_background":"","ocean_menu_link_hover_background":"","ocean_menu_link_active_background":"","ocean_menu_social_links_bg":"","ocean_menu_social_hover_links_bg":"","ocean_menu_social_links_color":"","ocean_menu_social_hover_links_color":"","ocean_disable_title":"default","ocean_disable_heading":"default","ocean_post_title":"","ocean_post_subheading":"","ocean_post_title_style":"","ocean_post_title_background_color":"","ocean_post_title_background":0,"ocean_post_title_bg_image_position":"","ocean_post_title_bg_image_attachment":"","ocean_post_title_bg_image_repeat":"","ocean_post_title_bg_image_size":"","ocean_post_title_height":0,"ocean_post_title_bg_overlay":0.5,"ocean_post_title_bg_overlay_color":"","ocean_disable_breadcrumbs":"default","ocean_breadcrumbs_color":"","ocean_breadcrumbs_separator_color":"","ocean_breadcrumbs_links_color":"","ocean_breadcrumbs_links_hover_color":"","ocean_display_footer_widgets":"default","ocean_display_footer_bottom":"default","ocean_custom_footer_template":"0","ofc_enable_fullscreen":"disable","ofc_fullscreen_speed":0,"ofc_fullscreen_nav":"enable","ofc_fullscreen_nav_pos":"right","ofc_fullscreen_nav_color":"","ofc_fullscreen_nav_tooltip_color":"","ofc_fullscreen_responsive":0},"product_brand":[],"product_cat":[1860],"product_tag":[],"class_list":{"0":"post-39317","1":"product","2":"type-product","3":"status-publish","4":"has-post-thumbnail","6":"product_cat-1990-fleer-baseball-cards-wax-pack-fr","7":"product_shipping_class-classe-dexpedition_b","9":"entry","10":"has-media","12":"first","13":"outofstock","14":"taxable","15":"shipping-taxable","16":"purchasable","17":"product-type-simple","18":"col","19":"span_1_of_4","20":"owp-content-center","21":"owp-thumbs-layout-horizontal","22":"owp-btn-normal","23":"owp-tabs-layout-horizontal"},"acf":[],"_links":{"self":[{"href":"https:\/\/memorabilia-germany.de\/fr\/wp-json\/wp\/v2\/product\/39317","targetHints":{"allow":["GET"]}}],"collection":[{"href":"https:\/\/memorabilia-germany.de\/fr\/wp-json\/wp\/v2\/product"}],"about":[{"href":"https:\/\/memorabilia-germany.de\/fr\/wp-json\/wp\/v2\/types\/product"}],"version-history":[{"count":0,"href":"https:\/\/memorabilia-germany.de\/fr\/wp-json\/wp\/v2\/product\/39317\/revisions"}],"wp:featuredmedia":[{"embeddable":true,"href":"https:\/\/memorabilia-germany.de\/fr\/wp-json\/wp\/v2\/media\/39318"}],"wp:attachment":[{"href":"https:\/\/memorabilia-germany.de\/fr\/wp-json\/wp\/v2\/media?parent=39317"}],"wp:term":[{"taxonomy":"product_brand","embeddable":true,"href":"https:\/\/memorabilia-germany.de\/fr\/wp-json\/wp\/v2\/product_brand?post=39317"},{"taxonomy":"product_cat","embeddable":true,"href":"https:\/\/memorabilia-germany.de\/fr\/wp-json\/wp\/v2\/product_cat?post=39317"},{"taxonomy":"product_tag","embeddable":true,"href":"https:\/\/memorabilia-germany.de\/fr\/wp-json\/wp\/v2\/product_tag?post=39317"}],"curies":[{"name":"wp","href":"https:\/\/api.w.org\/{rel}","templated":true}]}}