{"id":39303,"date":"2022-09-19T14:45:56","date_gmt":"2024-03-05T13:30:57","guid":{"rendered":"https:\/\/memorabilia-germany.de\/produkt\/1986-fleer-sluggers-vs-pitchersfactory-set\/"},"modified":"2024-06-25T17:36:26","modified_gmt":"2024-06-25T15:36:26","slug":"1986-fleer-sluggers-vs-pitchersfactory-set","status":"publish","type":"product","link":"https:\/\/memorabilia-germany.de\/fr\/produit\/1986-fleer-sluggers-vs-pitchersfactory-set\/","title":{"rendered":"1986 Fleer Sluggers vs. Pitchers,<br>Factory Set"},"content":{"rendered":"","protected":false},"excerpt":{"rendered":"<p><strong>Bo\u00eete de jeu non ouverte contenant les Trading Cards de la MLB et les autocollants du logo des meilleurs lanceurs et frappeurs de l&rsquo;ann\u00e9e 1986. Des l\u00e9gendes comme Mike Schmidt, Reggie Jackson et Will Clark ont \u200b\u200bjou\u00e9 dans la MLB et les Mets de New York ont \u200b\u200b\u200b\u200bremport\u00e9 la S\u00e9rie mondiale contre les Red Sox de Boston \u00e0 la fin de la saison. En prolongation du sixi\u00e8me match, les Red Sox n&rsquo;\u00e9taient qu&rsquo;\u00e0 un coup du championnat \u00e0 deux reprises, mais ont quand m\u00eame perdu la S\u00e9rie mondiale par 7 matchs. Le culte entourant la l\u00e9gendaire mal\u00e9diction de Babe Ruth \u00ab Curse of the Bambino \u00bb a ensuite de nouveau fait des vagues. Depuis la vente de Babe Ruth aux New York Yankees en 1920, les Red Sox n&rsquo;ont pas remport\u00e9 de championnat pendant pr\u00e8s de 90 ans, alors qu&rsquo;ils \u00e9taient consid\u00e9r\u00e9s comme l&rsquo;\u00e9quipe la plus performante des majeures avant la vente. La mal\u00e9diction n&rsquo;a pris fin qu&rsquo;en 2004 avec une victoire en S\u00e9rie mondiale contre les Cardinals.<br \/>\nCes Trading Cards ont \u00e9t\u00e9 lanc\u00e9es par la soci\u00e9t\u00e9 Fleer et sont officiellement licenci\u00e9es par la MLB. Pour plus d&rsquo;informations, voir ci-dessous.<br \/>\n<\/strong><\/p>\n<ul style=\"list-style-type: square;\">\n<li>Contenu de la bo\u00eete : 44 cartes + 6 Logo Sticker<\/li>\n<li>Ann\u00e9e de parution : 1986<\/li>\n<li>Entreprise: Fleer<\/li>\n<li>Pays : \u00c9tats-Unis<\/li>\n<li>S\u00e9rie : Factory Set complet<\/li>\n<li>Le set (\u00ab\u00a0Factory Set\u00a0\u00bb) provient d&rsquo;une \u00ab\u00a0Set Box\u00a0\u00bb ouverte par Memorabilia Germany, qui contient au total 36 Factory Sets. Les 44 cartes \u00e0 collectionner repr\u00e9sentent l&rsquo;ensemble de la s\u00e9rie, les logos autocollants varient d&rsquo;une bo\u00eete \u00e0 l&rsquo;autre. Toutes les bo\u00eetes sont dans un \u00e9tat impeccable malgr\u00e9 leur \u00e2ge.<\/li>\n<li>Les bo\u00eetes \u00e9taient vendues exclusivement dans les succursales des magasins \u00ab Five and Dime \u00bb aux \u00c9tats-Unis, aujourd&rsquo;hui disparus, en 1986.<\/li>\n<li>L&rsquo;ensemble contient des cartes des plus grandes l\u00e9gendes de la MLB de 1986. Il contient notamment la toute premi\u00e8re Trading Card de Will Clark, qui \u00e9tait sous licence de la MLB. Une carte de recrue du l\u00e9gendaire voltigeur d&rsquo;Oakland A, Jose Canseco, est \u00e9galement incluse dans le set. Canseco a \u00e9t\u00e9 \u00e9lu \u00ab\u00a0Rookie of the Year\u00a0\u00bb en 1986.<\/li>\n<li>Background Infos 1986 : Nintendo sort le jeu vid\u00e9o culte \u00ab\u00a0Legend of Zelda\u00a0\u00bb et l&rsquo;\u00e9mission d&rsquo;Oprah Winfrey est cr\u00e9\u00e9e. Des films comme \u00ab Top Gun \u00bb, \u00ab Aliens \u00bb et \u00ab Platoon \u00bb sortent en salles, tandis que Cyndi Lauper, Bon Jovi et Genesis dominent les charts. Nos Trading Cards \u00ab\u00a0vintage\u00a0\u00bb sont un r\u00eave pour tout nostalgique et pour tout collectionneur, car il ne s&rsquo;agit pas de reproductions des cartes pr\u00e9c\u00e9dentes, mais tous les paquets sont originaux et datent de l&rsquo;\u00e9poque o\u00f9 ils ont \u00e9t\u00e9 publi\u00e9s.<\/li>\n<\/ul>\n<p>Tu trouveras plus de Trading Cards d&rsquo;autrefois <strong><br \/>\n  <a href=\"https:\/\/memorabilia-germany.de\/fr\/trading-cards\">ici<\/a><br \/>\n<\/strong>.<\/p>\n","protected":false},"featured_media":39304,"template":"","meta":{"_acf_changed":false,"ocean_post_layout":"","ocean_both_sidebars_style":"","ocean_both_sidebars_content_width":0,"ocean_both_sidebars_sidebars_width":0,"ocean_sidebar":"0","ocean_second_sidebar":"0","ocean_disable_margins":"enable","ocean_add_body_class":"","ocean_shortcode_before_top_bar":"","ocean_shortcode_after_top_bar":"","ocean_shortcode_before_header":"","ocean_shortcode_after_header":"","ocean_has_shortcode":"","ocean_shortcode_after_title":"","ocean_shortcode_before_footer_widgets":"","ocean_shortcode_after_footer_widgets":"","ocean_shortcode_before_footer_bottom":"","ocean_shortcode_after_footer_bottom":"","ocean_display_top_bar":"default","ocean_display_header":"default","ocean_header_style":"","ocean_center_header_left_menu":"0","ocean_custom_header_template":"0","ocean_custom_logo":0,"ocean_custom_retina_logo":0,"ocean_custom_logo_max_width":0,"ocean_custom_logo_tablet_max_width":0,"ocean_custom_logo_mobile_max_width":0,"ocean_custom_logo_max_height":0,"ocean_custom_logo_tablet_max_height":0,"ocean_custom_logo_mobile_max_height":0,"ocean_header_custom_menu":"0","ocean_menu_typo_font_family":"0","ocean_menu_typo_font_subset":"","ocean_menu_typo_font_size":0,"ocean_menu_typo_font_size_tablet":0,"ocean_menu_typo_font_size_mobile":0,"ocean_menu_typo_font_size_unit":"px","ocean_menu_typo_font_weight":"","ocean_menu_typo_font_weight_tablet":"","ocean_menu_typo_font_weight_mobile":"","ocean_menu_typo_transform":"","ocean_menu_typo_transform_tablet":"","ocean_menu_typo_transform_mobile":"","ocean_menu_typo_line_height":0,"ocean_menu_typo_line_height_tablet":0,"ocean_menu_typo_line_height_mobile":0,"ocean_menu_typo_line_height_unit":"","ocean_menu_typo_spacing":0,"ocean_menu_typo_spacing_tablet":0,"ocean_menu_typo_spacing_mobile":0,"ocean_menu_typo_spacing_unit":"","ocean_menu_link_color":"","ocean_menu_link_color_hover":"","ocean_menu_link_color_active":"","ocean_menu_link_background":"","ocean_menu_link_hover_background":"","ocean_menu_link_active_background":"","ocean_menu_social_links_bg":"","ocean_menu_social_hover_links_bg":"","ocean_menu_social_links_color":"","ocean_menu_social_hover_links_color":"","ocean_disable_title":"default","ocean_disable_heading":"default","ocean_post_title":"","ocean_post_subheading":"","ocean_post_title_style":"","ocean_post_title_background_color":"","ocean_post_title_background":0,"ocean_post_title_bg_image_position":"","ocean_post_title_bg_image_attachment":"","ocean_post_title_bg_image_repeat":"","ocean_post_title_bg_image_size":"","ocean_post_title_height":0,"ocean_post_title_bg_overlay":0.5,"ocean_post_title_bg_overlay_color":"","ocean_disable_breadcrumbs":"default","ocean_breadcrumbs_color":"","ocean_breadcrumbs_separator_color":"","ocean_breadcrumbs_links_color":"","ocean_breadcrumbs_links_hover_color":"","ocean_display_footer_widgets":"default","ocean_display_footer_bottom":"default","ocean_custom_footer_template":"0","ofc_enable_fullscreen":"disable","ofc_fullscreen_speed":0,"ofc_fullscreen_nav":"enable","ofc_fullscreen_nav_pos":"right","ofc_fullscreen_nav_color":"","ofc_fullscreen_nav_tooltip_color":"","ofc_fullscreen_responsive":0},"product_brand":[],"product_cat":[1857],"product_tag":[],"class_list":{"0":"post-39303","1":"product","2":"type-product","3":"status-publish","4":"has-post-thumbnail","6":"product_cat-1986-fleer-sluggers-vs-pitchers-factory-set-fr","7":"product_shipping_class-classe-dexpedition_b","9":"entry","10":"has-media","12":"first","13":"instock","14":"taxable","15":"shipping-taxable","16":"purchasable","17":"product-type-simple","18":"col","19":"span_1_of_4","20":"owp-content-center","21":"owp-thumbs-layout-horizontal","22":"owp-btn-normal","23":"owp-tabs-layout-horizontal"},"acf":[],"_links":{"self":[{"href":"https:\/\/memorabilia-germany.de\/fr\/wp-json\/wp\/v2\/product\/39303","targetHints":{"allow":["GET"]}}],"collection":[{"href":"https:\/\/memorabilia-germany.de\/fr\/wp-json\/wp\/v2\/product"}],"about":[{"href":"https:\/\/memorabilia-germany.de\/fr\/wp-json\/wp\/v2\/types\/product"}],"version-history":[{"count":0,"href":"https:\/\/memorabilia-germany.de\/fr\/wp-json\/wp\/v2\/product\/39303\/revisions"}],"wp:featuredmedia":[{"embeddable":true,"href":"https:\/\/memorabilia-germany.de\/fr\/wp-json\/wp\/v2\/media\/39304"}],"wp:attachment":[{"href":"https:\/\/memorabilia-germany.de\/fr\/wp-json\/wp\/v2\/media?parent=39303"}],"wp:term":[{"taxonomy":"product_brand","embeddable":true,"href":"https:\/\/memorabilia-germany.de\/fr\/wp-json\/wp\/v2\/product_brand?post=39303"},{"taxonomy":"product_cat","embeddable":true,"href":"https:\/\/memorabilia-germany.de\/fr\/wp-json\/wp\/v2\/product_cat?post=39303"},{"taxonomy":"product_tag","embeddable":true,"href":"https:\/\/memorabilia-germany.de\/fr\/wp-json\/wp\/v2\/product_tag?post=39303"}],"curies":[{"name":"wp","href":"https:\/\/api.w.org\/{rel}","templated":true}]}}