{"id":39285,"date":"2022-09-19T16:05:49","date_gmt":"2024-03-05T13:22:26","guid":{"rendered":"https:\/\/memorabilia-germany.de\/produkt\/1989-topps-big-baseball-cardswax-pack\/"},"modified":"2024-06-25T17:32:22","modified_gmt":"2024-06-25T15:32:22","slug":"1989-topps-big-baseball-cardswax-pack","status":"publish","type":"product","link":"https:\/\/memorabilia-germany.de\/fr\/produit\/1989-topps-big-baseball-cardswax-pack\/","title":{"rendered":"1989 Topps Big Baseball Cards,<br>Wax Pack"},"content":{"rendered":"","protected":false},"excerpt":{"rendered":"<p><strong>Paquet non ouvert de MLB Trading Cards, originales de 1989. Des l\u00e9gendes comme Cal Ripken Jr., Bob Welch et Roger Clemens ont jou\u00e9 dans la MLB et les Oakland Athletics ont remport\u00e9 les World Series contre les San Francisco Giants \u00e0 la fin de la saison. Les World Series \u00e9taient \u00e9galement une \u00e9dition des passionnantes \u00ab Bay Bridge Series \u00bb. Les villes voisines d&rsquo;Oakland et de San Francisco ne sont s\u00e9par\u00e9es que par un pont et la rivalit\u00e9 entre les clubs est d&rsquo;autant plus vive. Lors des World Series, la Bay Area a \u00e9t\u00e9 frapp\u00e9e par un fort tremblement de terre, entra\u00eenant des retards. Ces Trading Cards ont \u00e9t\u00e9 publi\u00e9es par Topps et sont officiellement sous licence de la MLB. Pour plus d\u2019informations, voir ci-dessous.<br \/>\n<\/strong><\/p>\n<ul style=\"list-style-type: square;\">\n<li>Contenu du colis : 7 Cards<\/li>\n<li>Ann\u00e9e de publication : 1989<\/li>\n<li>Entreprise: Topps<\/li>\n<li>Pays : \u00c9tats-Unis<\/li>\n<li>S\u00e9rie: Series 1<\/li>\n<li>Le paquet (\u00ab\u00a0Wax Pack\u00a0\u00bb) provient d&rsquo;une \u00ab\u00a0Wax Box\u00a0\u00bb ouverte par Memorabilia Germany, qui contient 36 paquets au total. Tous les paquets sont en parfait \u00e9tat malgr\u00e9 leur \u00e2ge.<\/li>\n<li>Retrouvez les cartes originales des l\u00e9gendes de la MLB de 1989. La s\u00e9rie contient des cartes de joueurs l\u00e9gendaires tels que Cal Ripken Jr., Bob Welch et Roger Clemens. De nombreuses cartes pr\u00e9sentent \u00e9galement des bandes dessin\u00e9es de baseball \u00e0 l&rsquo;ancienne !<\/li>\n<li>1989 : \u00ab Roseanne \u00bb et \u00ab The Cosby Show \u00bb sont diffus\u00e9s \u00e0 la t\u00e9l\u00e9vision, le premier film de Batman avec Michael Keaton sort au cin\u00e9ma et le mur de Berlin est d\u00e9moli. Nos Trading Cards \u00ab\u00a0vintage\u00a0\u00bb sont un r\u00eave pour tout nostalgique et pour tout collectionneur, car il ne s&rsquo;agit pas de reproductions des cartes pr\u00e9c\u00e9dentes, mais tous les paquets sont originaux et datent de l&rsquo;\u00e9poque o\u00f9 ils ont \u00e9t\u00e9 publi\u00e9s.<\/li>\n<\/ul>\n<p>Tu trouveras plus de Trading Cards d&rsquo;autrefois <strong><br \/>\n  <a href=\"https:\/\/memorabilia-germany.de\/fr\/trading-cards\">ici<\/a><br \/>\n<\/strong>.<\/p>\n","protected":false},"featured_media":39286,"template":"","meta":{"_acf_changed":false,"ocean_post_layout":"","ocean_both_sidebars_style":"","ocean_both_sidebars_content_width":0,"ocean_both_sidebars_sidebars_width":0,"ocean_sidebar":"0","ocean_second_sidebar":"0","ocean_disable_margins":"enable","ocean_add_body_class":"","ocean_shortcode_before_top_bar":"","ocean_shortcode_after_top_bar":"","ocean_shortcode_before_header":"","ocean_shortcode_after_header":"","ocean_has_shortcode":"","ocean_shortcode_after_title":"","ocean_shortcode_before_footer_widgets":"","ocean_shortcode_after_footer_widgets":"","ocean_shortcode_before_footer_bottom":"","ocean_shortcode_after_footer_bottom":"","ocean_display_top_bar":"default","ocean_display_header":"default","ocean_header_style":"","ocean_center_header_left_menu":"0","ocean_custom_header_template":"0","ocean_custom_logo":0,"ocean_custom_retina_logo":0,"ocean_custom_logo_max_width":0,"ocean_custom_logo_tablet_max_width":0,"ocean_custom_logo_mobile_max_width":0,"ocean_custom_logo_max_height":0,"ocean_custom_logo_tablet_max_height":0,"ocean_custom_logo_mobile_max_height":0,"ocean_header_custom_menu":"0","ocean_menu_typo_font_family":"0","ocean_menu_typo_font_subset":"","ocean_menu_typo_font_size":0,"ocean_menu_typo_font_size_tablet":0,"ocean_menu_typo_font_size_mobile":0,"ocean_menu_typo_font_size_unit":"px","ocean_menu_typo_font_weight":"","ocean_menu_typo_font_weight_tablet":"","ocean_menu_typo_font_weight_mobile":"","ocean_menu_typo_transform":"","ocean_menu_typo_transform_tablet":"","ocean_menu_typo_transform_mobile":"","ocean_menu_typo_line_height":0,"ocean_menu_typo_line_height_tablet":0,"ocean_menu_typo_line_height_mobile":0,"ocean_menu_typo_line_height_unit":"","ocean_menu_typo_spacing":0,"ocean_menu_typo_spacing_tablet":0,"ocean_menu_typo_spacing_mobile":0,"ocean_menu_typo_spacing_unit":"","ocean_menu_link_color":"","ocean_menu_link_color_hover":"","ocean_menu_link_color_active":"","ocean_menu_link_background":"","ocean_menu_link_hover_background":"","ocean_menu_link_active_background":"","ocean_menu_social_links_bg":"","ocean_menu_social_hover_links_bg":"","ocean_menu_social_links_color":"","ocean_menu_social_hover_links_color":"","ocean_disable_title":"default","ocean_disable_heading":"default","ocean_post_title":"","ocean_post_subheading":"","ocean_post_title_style":"","ocean_post_title_background_color":"","ocean_post_title_background":0,"ocean_post_title_bg_image_position":"","ocean_post_title_bg_image_attachment":"","ocean_post_title_bg_image_repeat":"","ocean_post_title_bg_image_size":"","ocean_post_title_height":0,"ocean_post_title_bg_overlay":0.5,"ocean_post_title_bg_overlay_color":"","ocean_disable_breadcrumbs":"default","ocean_breadcrumbs_color":"","ocean_breadcrumbs_separator_color":"","ocean_breadcrumbs_links_color":"","ocean_breadcrumbs_links_hover_color":"","ocean_display_footer_widgets":"default","ocean_display_footer_bottom":"default","ocean_custom_footer_template":"0","ofc_enable_fullscreen":"disable","ofc_fullscreen_speed":0,"ofc_fullscreen_nav":"enable","ofc_fullscreen_nav_pos":"right","ofc_fullscreen_nav_color":"","ofc_fullscreen_nav_tooltip_color":"","ofc_fullscreen_responsive":0},"product_brand":[],"product_cat":[1859],"product_tag":[],"class_list":{"0":"post-39285","1":"product","2":"type-product","3":"status-publish","4":"has-post-thumbnail","6":"product_cat-1989-topps-big-baseball-cards-wax-pack-fr","7":"product_shipping_class-classe-dexpedition_b","9":"entry","10":"has-media","12":"first","13":"instock","14":"taxable","15":"shipping-taxable","16":"purchasable","17":"product-type-simple","18":"col","19":"span_1_of_4","20":"owp-content-center","21":"owp-thumbs-layout-horizontal","22":"owp-btn-normal","23":"owp-tabs-layout-horizontal"},"acf":[],"_links":{"self":[{"href":"https:\/\/memorabilia-germany.de\/fr\/wp-json\/wp\/v2\/product\/39285","targetHints":{"allow":["GET"]}}],"collection":[{"href":"https:\/\/memorabilia-germany.de\/fr\/wp-json\/wp\/v2\/product"}],"about":[{"href":"https:\/\/memorabilia-germany.de\/fr\/wp-json\/wp\/v2\/types\/product"}],"version-history":[{"count":0,"href":"https:\/\/memorabilia-germany.de\/fr\/wp-json\/wp\/v2\/product\/39285\/revisions"}],"wp:featuredmedia":[{"embeddable":true,"href":"https:\/\/memorabilia-germany.de\/fr\/wp-json\/wp\/v2\/media\/39286"}],"wp:attachment":[{"href":"https:\/\/memorabilia-germany.de\/fr\/wp-json\/wp\/v2\/media?parent=39285"}],"wp:term":[{"taxonomy":"product_brand","embeddable":true,"href":"https:\/\/memorabilia-germany.de\/fr\/wp-json\/wp\/v2\/product_brand?post=39285"},{"taxonomy":"product_cat","embeddable":true,"href":"https:\/\/memorabilia-germany.de\/fr\/wp-json\/wp\/v2\/product_cat?post=39285"},{"taxonomy":"product_tag","embeddable":true,"href":"https:\/\/memorabilia-germany.de\/fr\/wp-json\/wp\/v2\/product_tag?post=39285"}],"curies":[{"name":"wp","href":"https:\/\/api.w.org\/{rel}","templated":true}]}}