{"id":39276,"date":"2022-09-29T16:43:42","date_gmt":"2024-03-05T13:16:56","guid":{"rendered":"https:\/\/memorabilia-germany.de\/produkt\/photographie-xl-mystery-box-signee-red-carpet-series\/"},"modified":"2024-06-30T13:14:48","modified_gmt":"2024-06-30T11:14:48","slug":"photographie-xl-mystery-box-signee-red-carpet-series","status":"publish","type":"product","link":"https:\/\/memorabilia-germany.de\/fr\/produit\/photographie-xl-mystery-box-signee-red-carpet-series\/","title":{"rendered":"Photographie XL Mystery Box sign\u00e9e : RED CARPET SERIES"},"content":{"rendered":"<p><strong>Plus d\u2019informations sur cette s\u00e9rie XL Photography Mystery Box :<\/strong><\/p>\n<ul style=\"list-style-type: square;\">\n<li>Toutes les photographies sont imprim\u00e9es sur du papier photo de haute qualit\u00e9 et proviennent de d\u00e9dicaces officielles des stars du cin\u00e9ma et de la s\u00e9rie. Les tailles des articles sont diff\u00e9rentes et varient entre 20x26cm et 31x46cm.<\/li>\n<li>Photos d\u00e9dicac\u00e9es de plusieurs stars (2 ou plus) incluses dans cette s\u00e9rie !<\/li>\n<li>Les photographies ont \u00e9t\u00e9 r\u00e9parties al\u00e9atoirement dans les cartons.<\/li>\n<li>Tous les Memorabilia contenus dans une Mystery Box de photographie XL ont \u00e9t\u00e9 v\u00e9rifi\u00e9s par l&rsquo;un des principaux authentificateurs am\u00e9ricains du march\u00e9 et sont livr\u00e9s avec des \u00e9l\u00e9ments de s\u00e9curit\u00e9 num\u00e9rot\u00e9s en s\u00e9rie (Certificate of Authenticity et\/ou hologramme de s\u00e9curit\u00e9). Les authentifiants sont exclusivement : Beckett, James Spence Authentication, PSA\/DNA ou Fanatics. Vous trouverez plus d&rsquo;informations sur le th\u00e8me important de l&rsquo;authentification <strong><a href=\"https:\/\/memorabilia-germany.de\/fr\/authentification-des-signatures\/\">ici<\/a><\/strong>.<\/li>\n<li>Avec nous, vous obtenez un aper\u00e7u COMPLET de la liste des stars incluses dans cette s\u00e9rie :<\/li>\n<\/ul>\n<p style=\"text-align: center;\">Quentin Tarantino<br \/>\nDaniel Radcliffe<br \/>\nGeorge Clooney<br \/>\nBradley Cooper<br \/>\nAngelina Jolie<br \/>\nNorman Reedus<br \/>\nBen Affleck<br \/>\nSophia Loren<br \/>\nMatt Damon<br \/>\nTom Hardy<br \/>\nChristian Bale<br \/>\nSienna Miller<br \/>\nMegan Fox<br \/>\nKristen Bell<br \/>\nEzra Miller<br \/>\nColin Farrell<br \/>\nNicolas Cage<br \/>\nViggo Mortensen<br \/>\nShia LaBeouf<br \/>\nAndrew Garfield<br \/>\nElijah Wood<br \/>\nJohn Travolta<br \/>\nVera Miles<br \/>\nAbigail Breslin<br \/>\nSusan Sarandon<br \/>\nChuck Norris<br \/>\nJames Belushi<br \/>\nJon Bernthal<br \/>\nTim Allen<br \/>\nEva Longoria<br \/>\nMaria Bello<br \/>\nWhoopie Goldberg<br \/>\nKerry Washington<br \/>\nKiefer Sutherland<br \/>\nWalton Goggins<br \/>\nAmy Adams<br \/>\nJosh Brolin<br \/>\nJude Law<br \/>\nKirsten Dunst<br \/>\nJulianne Moore<br \/>\nElizabeth Banks<br \/>\nChristoph Waltz<br \/>\nKatey Sagal<br \/>\nChanning Tatum<br \/>\nNikolaj Coster Waldau<br \/>\nMichelle Williams<br \/>\nKrysten Ritter<br \/>\nRobert Patrick<br \/>\nKaren Gillan<br \/>\nNicholas Hoult<br \/>\nMichelle Rodriguez<br \/>\nTessa Thompson<br \/>\nLaura Dern<br \/>\nJohn Boyega<br \/>\nTilda Swinton<br \/>\nElle Fanning<br \/>\nBella Thorne<br \/>\nJanuary Jones<br \/>\nRene Russo<br \/>\nLizzy Caplan<br \/>\nMichael Sheen<br \/>\nShawn Ashmore<br \/>\nVivica A. Fox<br \/>\nDolph Lundgren<br \/>\nMike Myers<br \/>\nMinnie Driver<br \/>\nCharlie Hunman\n<\/p>\n<p>Si une s\u00e9rie contient plus d&rsquo;un objet de la m\u00eame star, vous recevrez une \u00ab\u00a0No Double Option\u00a0\u00bb. Cela signifie que vous ne recevrez certainement pas d\u2019objet sign\u00e9 par une star en double si vous achetez plus d\u2019une bo\u00eete.<\/p>\n<p>Comment fonctionne une Mystery Box XL Photographie ?<br \/>\nVous pouvez trouver des informations \u00e0 ce sujet dans notre <strong><a href=\"https:\/\/memorabilia-germany.de\/fr\/sports-memorabilia-faq\/#memorabilia-mystery-box\"><u>FAQ<\/u><\/a><\/strong>!<\/p>\n<p>Vous pouvez trouver plus d\u2019autographes de stars hollywoodiennes <strong><a href=\"https:\/\/memorabilia-germany.de\/fr\/entertainment-memorabilia\/\"><u>ici<\/u><\/a><\/strong>!<\/p>\n","protected":false},"excerpt":{"rendered":"<p><strong>Cette s\u00e9rie est disponible sur un total de 75 XL photo <a href=\"https:\/\/memorabilia-germany.de\/fr\/sports-memorabilia-faq\/#memorabilia-mystery-box\"><u>Mystery Boxes<\/u><\/a> en \u00e9dition limit\u00e9e.<br \/>\nChaque bo\u00eete poss\u00e8de un num\u00e9ro de s\u00e9rie. Retrouvez des photographies avec des autographes de stars comme Quentin Tarantino, Daniel Radcliffe ou Angelina Jolie dans cette s\u00e9rie !<\/strong><\/p>\n<p><strong>Vue d\u2019ensemble rapide :<\/strong><\/p>\n<ul style=\"list-style-type: square;\">\n<li>Contenu de chaque bo\u00eete : Photographie XL avec autographe d&rsquo;une star d&rsquo;un film hollywoodien bien connu ou d&rsquo;une s\u00e9rie US bien connue. Les images vous donnent un petit aper\u00e7u du secret de la s\u00e9rie !<\/li>\n<li>Toutes les photographies sont sign\u00e9es par au moins une star connue du cin\u00e9ma ou de la s\u00e9rie. De plus, de nombreuses photos sont sign\u00e9es avec des inscriptions de stars !<\/li>\n<li>Authentification des autographes (exclusivement) : <strong><a href=\"https:\/\/memorabilia-germany.de\/fr\/authentification-des-signatures\/#signature-authentication-beckett\">Beckett<\/a><\/strong>, <strong><a href=\"https:\/\/memorabilia-germany.de\/fr\/authentification-des-signatures\/#signature-authentication-james-spence\">James Spence Authentication<\/a><\/strong>, <strong><a href=\"https:\/\/memorabilia-germany.de\/fr\/authentification-des-signatures\/#signature-authentication-psa-dna\">PSA\/DNA<\/a><\/strong> ou <strong><a href=\"https:\/\/memorabilia-germany.de\/fr\/authentification-des-signatures\/#signature-authentication-fanatics\">Fanatics<\/a><\/strong>.<\/li>\n<\/ul>\n","protected":false},"featured_media":39277,"template":"","meta":{"_acf_changed":false,"ocean_post_layout":"","ocean_both_sidebars_style":"","ocean_both_sidebars_content_width":0,"ocean_both_sidebars_sidebars_width":0,"ocean_sidebar":"0","ocean_second_sidebar":"0","ocean_disable_margins":"enable","ocean_add_body_class":"","ocean_shortcode_before_top_bar":"","ocean_shortcode_after_top_bar":"","ocean_shortcode_before_header":"","ocean_shortcode_after_header":"","ocean_has_shortcode":"","ocean_shortcode_after_title":"","ocean_shortcode_before_footer_widgets":"","ocean_shortcode_after_footer_widgets":"","ocean_shortcode_before_footer_bottom":"","ocean_shortcode_after_footer_bottom":"","ocean_display_top_bar":"default","ocean_display_header":"default","ocean_header_style":"","ocean_center_header_left_menu":"0","ocean_custom_header_template":"0","ocean_custom_logo":0,"ocean_custom_retina_logo":0,"ocean_custom_logo_max_width":0,"ocean_custom_logo_tablet_max_width":0,"ocean_custom_logo_mobile_max_width":0,"ocean_custom_logo_max_height":0,"ocean_custom_logo_tablet_max_height":0,"ocean_custom_logo_mobile_max_height":0,"ocean_header_custom_menu":"0","ocean_menu_typo_font_family":"0","ocean_menu_typo_font_subset":"","ocean_menu_typo_font_size":0,"ocean_menu_typo_font_size_tablet":0,"ocean_menu_typo_font_size_mobile":0,"ocean_menu_typo_font_size_unit":"px","ocean_menu_typo_font_weight":"","ocean_menu_typo_font_weight_tablet":"","ocean_menu_typo_font_weight_mobile":"","ocean_menu_typo_transform":"","ocean_menu_typo_transform_tablet":"","ocean_menu_typo_transform_mobile":"","ocean_menu_typo_line_height":0,"ocean_menu_typo_line_height_tablet":0,"ocean_menu_typo_line_height_mobile":0,"ocean_menu_typo_line_height_unit":"","ocean_menu_typo_spacing":0,"ocean_menu_typo_spacing_tablet":0,"ocean_menu_typo_spacing_mobile":0,"ocean_menu_typo_spacing_unit":"","ocean_menu_link_color":"","ocean_menu_link_color_hover":"","ocean_menu_link_color_active":"","ocean_menu_link_background":"","ocean_menu_link_hover_background":"","ocean_menu_link_active_background":"","ocean_menu_social_links_bg":"","ocean_menu_social_hover_links_bg":"","ocean_menu_social_links_color":"","ocean_menu_social_hover_links_color":"","ocean_disable_title":"default","ocean_disable_heading":"default","ocean_post_title":"","ocean_post_subheading":"","ocean_post_title_style":"","ocean_post_title_background_color":"","ocean_post_title_background":0,"ocean_post_title_bg_image_position":"","ocean_post_title_bg_image_attachment":"","ocean_post_title_bg_image_repeat":"","ocean_post_title_bg_image_size":"","ocean_post_title_height":0,"ocean_post_title_bg_overlay":0.5,"ocean_post_title_bg_overlay_color":"","ocean_disable_breadcrumbs":"default","ocean_breadcrumbs_color":"","ocean_breadcrumbs_separator_color":"","ocean_breadcrumbs_links_color":"","ocean_breadcrumbs_links_hover_color":"","ocean_display_footer_widgets":"default","ocean_display_footer_bottom":"default","ocean_custom_footer_template":"0","ofc_enable_fullscreen":"disable","ofc_fullscreen_speed":0,"ofc_fullscreen_nav":"enable","ofc_fullscreen_nav_pos":"right","ofc_fullscreen_nav_color":"","ofc_fullscreen_nav_tooltip_color":"","ofc_fullscreen_responsive":0},"product_brand":[],"product_cat":[2161],"product_tag":[],"class_list":{"0":"post-39276","1":"product","2":"type-product","3":"status-publish","4":"has-post-thumbnail","6":"product_cat-xl-fotografie-mystery-box-signee-red-carpet-series","7":"product_shipping_class-classe-dexpedition_b","9":"entry","10":"has-media","12":"first","13":"instock","14":"taxable","15":"shipping-taxable","16":"purchasable","17":"product-type-simple","18":"col","19":"span_1_of_4","20":"owp-content-center","21":"owp-thumbs-layout-horizontal","22":"owp-btn-normal","23":"owp-tabs-layout-horizontal"},"acf":[],"_links":{"self":[{"href":"https:\/\/memorabilia-germany.de\/fr\/wp-json\/wp\/v2\/product\/39276","targetHints":{"allow":["GET"]}}],"collection":[{"href":"https:\/\/memorabilia-germany.de\/fr\/wp-json\/wp\/v2\/product"}],"about":[{"href":"https:\/\/memorabilia-germany.de\/fr\/wp-json\/wp\/v2\/types\/product"}],"version-history":[{"count":0,"href":"https:\/\/memorabilia-germany.de\/fr\/wp-json\/wp\/v2\/product\/39276\/revisions"}],"wp:featuredmedia":[{"embeddable":true,"href":"https:\/\/memorabilia-germany.de\/fr\/wp-json\/wp\/v2\/media\/39277"}],"wp:attachment":[{"href":"https:\/\/memorabilia-germany.de\/fr\/wp-json\/wp\/v2\/media?parent=39276"}],"wp:term":[{"taxonomy":"product_brand","embeddable":true,"href":"https:\/\/memorabilia-germany.de\/fr\/wp-json\/wp\/v2\/product_brand?post=39276"},{"taxonomy":"product_cat","embeddable":true,"href":"https:\/\/memorabilia-germany.de\/fr\/wp-json\/wp\/v2\/product_cat?post=39276"},{"taxonomy":"product_tag","embeddable":true,"href":"https:\/\/memorabilia-germany.de\/fr\/wp-json\/wp\/v2\/product_tag?post=39276"}],"curies":[{"name":"wp","href":"https:\/\/api.w.org\/{rel}","templated":true}]}}