{"id":39266,"date":"2022-12-29T15:02:14","date_gmt":"2022-12-29T14:02:14","guid":{"rendered":"https:\/\/memorabilia-germany.de\/produkt\/1984-indiana-jones-and-the-temple-of-doom-movie-trading-cards-wax-pack-2\/"},"modified":"2025-08-08T18:28:15","modified_gmt":"2025-08-08T16:28:15","slug":"1984-indiana-jones-and-the-temple-of-doom-movie-trading-cards-wax-pack-2","status":"publish","type":"product","link":"https:\/\/memorabilia-germany.de\/fr\/produit\/1984-indiana-jones-and-the-temple-of-doom-movie-trading-cards-wax-pack-2\/","title":{"rendered":"1984 Indiana Jones and the Temple of Doom<\/br>Movie Trading Cards, Wax Pack"},"content":{"rendered":"","protected":false},"excerpt":{"rendered":"<p><strong>Paquet non ouvert de Movie Trading Cards \u00ab Indiana Jones et le Temple maudit \u00bb, original de 1984. George Lucas a \u00e9crit le sc\u00e9nario, Steven Spielberg a r\u00e9alis\u00e9 et Harrison Ford a jou\u00e9 dans ce classique intemporel. En raison de certaines repr\u00e9sentations controvers\u00e9es de la culture indienne, le film a \u00e9t\u00e9 temporairement interdit en Inde. Entre autres choses, la sc\u00e8ne des banquets a \u00e9t\u00e9 critiqu\u00e9e, o\u00f9 des plats tels que des cervelles de singe ou des cafards \u00e9taient servis \u00e0 table comme cuisine locale. Ces Trading Cards ont \u00e9t\u00e9 lanc\u00e9es par topps et sont officiellement licenci\u00e9es par Lucasfilm Ltd. Pour plus d&rsquo;informations, voir ci-dessous.<\/strong><\/p>\n<ul style=\"list-style-type: square;\">\n<li>Contenu du paquet : 10 cartes + 1 sticker + 1 chewing-gum \u00ab Bazooka \u00bb<\/li>\n<li>Ann\u00e9e de parution : 1984<\/li>\n<li>Entreprise: Topps<\/li>\n<li>Pays : \u00c9tats-Unis<\/li>\n<li>\u201eMovie Photo Cards + Bubble Gum\u201c<\/li>\n<li>Le paquet (\u00ab\u00a0Wax Pack\u00a0\u00bb) provient d&rsquo;une \u00ab\u00a0Wax Box\u00a0\u00bb ouverte par Memorabilia Germany, qui contient 36 paquets au total. Tous les paquets sont en parfait \u00e9tat malgr\u00e9 leur \u00e2ge.<\/li>\n<li>Trouvez des cartes originales du film classique de 1984 avec des images d&rsquo;Harrison Ford et d&rsquo;autres stars dans les plus belles sc\u00e8nes de film de ce classique oscaris\u00e9.<\/li>\n<li>Selon nous, les chewing-gums Bazooka ne devraient plus \u00eatre consomm\u00e9s car ils se trouvent dans des emballages non ouverts et datent donc bien s\u00fbr de 1984.<\/li>\n<li>Background Infos 1984 : La star hollywoodienne Ronald Reagan est \u00e9lu pr\u00e9sident des \u00c9tats-Unis et l&rsquo;Union sovi\u00e9tique boycotte les Jeux olympiques de Los Angeles. A la t\u00e9l\u00e9vision, \u00ab\u00a0Dallas\u00a0\u00bb et \u00ab\u00a0Dynasty &#8211; Denver-Clan\u00a0\u00bb sont les s\u00e9ries les plus populaires, mais elles sont chass\u00e9es en termes d&rsquo;audience par de nouvelles productions comme \u00ab\u00a0Miami Vice\u00a0\u00bb. \u00ab Indiana Jones \u00bb, \u00ab Ghostbusters \u00bb, \u00ab Gremlins \u00bb et \u00ab Le Flic de Beverly Hills \u00bb sont \u00e0 l&rsquo;affiche dans les salles tandis que les gens \u00e9coutent la musique de Michael Jackson, Tina Turner et Duran Duran. Nos Trading Cards \u00ab\u00a0vintage\u00a0\u00bb sont un r\u00eave pour tout nostalgique et pour tout collectionneur, car il ne s&rsquo;agit pas de reproductions des cartes pr\u00e9c\u00e9dentes, mais tous les paquets sont originaux et datent de l&rsquo;\u00e9poque o\u00f9 ils ont \u00e9t\u00e9 publi\u00e9s.<\/li>\n<\/ul>\n<p>Tu trouveras plus de Trading Cards d&rsquo;autrefois <strong><br \/>\n  <a href=\"https:\/\/memorabilia-germany.de\/fr\/trading-cards\">ici<\/a><br \/>\n<\/strong>.<\/p>\n","protected":false},"featured_media":39267,"template":"","meta":{"_acf_changed":false,"ocean_post_layout":"","ocean_both_sidebars_style":"","ocean_both_sidebars_content_width":0,"ocean_both_sidebars_sidebars_width":0,"ocean_sidebar":"0","ocean_second_sidebar":"0","ocean_disable_margins":"enable","ocean_add_body_class":"","ocean_shortcode_before_top_bar":"","ocean_shortcode_after_top_bar":"","ocean_shortcode_before_header":"","ocean_shortcode_after_header":"","ocean_has_shortcode":"","ocean_shortcode_after_title":"","ocean_shortcode_before_footer_widgets":"","ocean_shortcode_after_footer_widgets":"","ocean_shortcode_before_footer_bottom":"","ocean_shortcode_after_footer_bottom":"","ocean_display_top_bar":"default","ocean_display_header":"default","ocean_header_style":"","ocean_center_header_left_menu":"0","ocean_custom_header_template":"0","ocean_custom_logo":0,"ocean_custom_retina_logo":0,"ocean_custom_logo_max_width":0,"ocean_custom_logo_tablet_max_width":0,"ocean_custom_logo_mobile_max_width":0,"ocean_custom_logo_max_height":0,"ocean_custom_logo_tablet_max_height":0,"ocean_custom_logo_mobile_max_height":0,"ocean_header_custom_menu":"0","ocean_menu_typo_font_family":"0","ocean_menu_typo_font_subset":"","ocean_menu_typo_font_size":0,"ocean_menu_typo_font_size_tablet":0,"ocean_menu_typo_font_size_mobile":0,"ocean_menu_typo_font_size_unit":"px","ocean_menu_typo_font_weight":"","ocean_menu_typo_font_weight_tablet":"","ocean_menu_typo_font_weight_mobile":"","ocean_menu_typo_transform":"","ocean_menu_typo_transform_tablet":"","ocean_menu_typo_transform_mobile":"","ocean_menu_typo_line_height":0,"ocean_menu_typo_line_height_tablet":0,"ocean_menu_typo_line_height_mobile":0,"ocean_menu_typo_line_height_unit":"","ocean_menu_typo_spacing":0,"ocean_menu_typo_spacing_tablet":0,"ocean_menu_typo_spacing_mobile":0,"ocean_menu_typo_spacing_unit":"","ocean_menu_link_color":"","ocean_menu_link_color_hover":"","ocean_menu_link_color_active":"","ocean_menu_link_background":"","ocean_menu_link_hover_background":"","ocean_menu_link_active_background":"","ocean_menu_social_links_bg":"","ocean_menu_social_hover_links_bg":"","ocean_menu_social_links_color":"","ocean_menu_social_hover_links_color":"","ocean_disable_title":"default","ocean_disable_heading":"default","ocean_post_title":"","ocean_post_subheading":"","ocean_post_title_style":"","ocean_post_title_background_color":"","ocean_post_title_background":0,"ocean_post_title_bg_image_position":"","ocean_post_title_bg_image_attachment":"","ocean_post_title_bg_image_repeat":"","ocean_post_title_bg_image_size":"","ocean_post_title_height":0,"ocean_post_title_bg_overlay":0.5,"ocean_post_title_bg_overlay_color":"","ocean_disable_breadcrumbs":"default","ocean_breadcrumbs_color":"","ocean_breadcrumbs_separator_color":"","ocean_breadcrumbs_links_color":"","ocean_breadcrumbs_links_hover_color":"","ocean_display_footer_widgets":"default","ocean_display_footer_bottom":"default","ocean_custom_footer_template":"0","ofc_enable_fullscreen":"disable","ofc_fullscreen_speed":0,"ofc_fullscreen_nav":"enable","ofc_fullscreen_nav_pos":"right","ofc_fullscreen_nav_color":"","ofc_fullscreen_nav_tooltip_color":"","ofc_fullscreen_responsive":0},"product_brand":[],"product_cat":[2147],"product_tag":[],"class_list":{"0":"post-39266","1":"product","2":"type-product","3":"status-publish","4":"has-post-thumbnail","6":"product_cat-1984-indiana-jones-and-the-temple-of-doom-movie-trading-cards-wax-pack-fr","7":"product_shipping_class-classe-dexpedition_b","9":"entry","10":"has-media","12":"first","13":"instock","14":"taxable","15":"shipping-taxable","16":"purchasable","17":"product-type-simple","18":"col","19":"span_1_of_4","20":"owp-content-center","21":"owp-thumbs-layout-horizontal","22":"owp-btn-normal","23":"owp-tabs-layout-horizontal"},"acf":[],"_links":{"self":[{"href":"https:\/\/memorabilia-germany.de\/fr\/wp-json\/wp\/v2\/product\/39266","targetHints":{"allow":["GET"]}}],"collection":[{"href":"https:\/\/memorabilia-germany.de\/fr\/wp-json\/wp\/v2\/product"}],"about":[{"href":"https:\/\/memorabilia-germany.de\/fr\/wp-json\/wp\/v2\/types\/product"}],"version-history":[{"count":0,"href":"https:\/\/memorabilia-germany.de\/fr\/wp-json\/wp\/v2\/product\/39266\/revisions"}],"wp:featuredmedia":[{"embeddable":true,"href":"https:\/\/memorabilia-germany.de\/fr\/wp-json\/wp\/v2\/media\/39267"}],"wp:attachment":[{"href":"https:\/\/memorabilia-germany.de\/fr\/wp-json\/wp\/v2\/media?parent=39266"}],"wp:term":[{"taxonomy":"product_brand","embeddable":true,"href":"https:\/\/memorabilia-germany.de\/fr\/wp-json\/wp\/v2\/product_brand?post=39266"},{"taxonomy":"product_cat","embeddable":true,"href":"https:\/\/memorabilia-germany.de\/fr\/wp-json\/wp\/v2\/product_cat?post=39266"},{"taxonomy":"product_tag","embeddable":true,"href":"https:\/\/memorabilia-germany.de\/fr\/wp-json\/wp\/v2\/product_tag?post=39266"}],"curies":[{"name":"wp","href":"https:\/\/api.w.org\/{rel}","templated":true}]}}