{"id":39186,"date":"2023-01-08T14:47:16","date_gmt":"2024-03-05T12:25:08","guid":{"rendered":"https:\/\/memorabilia-germany.de\/produkt\/1993-nba-hoops-basketball-cards-2\/"},"modified":"2024-06-25T16:08:05","modified_gmt":"2024-06-25T14:08:05","slug":"1993-nba-hoops-basketball-cards-2","status":"publish","type":"product","link":"https:\/\/memorabilia-germany.de\/fr\/produit\/1993-nba-hoops-basketball-cards-2\/","title":{"rendered":"1993 NBA HOOPS &#8211; Basketball Cards"},"content":{"rendered":"","protected":false},"excerpt":{"rendered":"<p><strong>Bo\u00eete de Trading Cards NBA scell\u00e9e, originale de 1993. Des l\u00e9gendes comme Michael Jordan, David Robinson ou Hakeem Olajuwon ont jou\u00e9 dans la NBA et les Houston Rockets ont remport\u00e9 les finales de la NBA en sept matches passionnants contre les New York Knicks \u00e0 la fin de la saison. Ces Trading Cards ont \u00e9t\u00e9 cr\u00e9\u00e9es par NBA Properties Inc. et sont officiellement licenci\u00e9s par la NBA. Pour plus d&rsquo;informations, voir ci-dessous.<\/strong><\/p>\n<ul style=\"list-style-type: square;\">\n<li>Cat\u00e9gorie: Hobby Box<\/li>\n<li>Contenu de la bo\u00eete : 36 paquets, 12 cartes par paquet + 1 \u00ab\u00a05th Anniversary Gold Foil Card\u00a0\u00bb par paquet<\/li>\n<li>\u00c9tat : non ouvert et initialement scell\u00e9 dans du papier d&rsquo;aluminium<\/li>\n<li>D\u00e9jouer: Factory sealed. La bo\u00eete est scell\u00e9e dans le film d&rsquo;origine du fabricant.<\/li>\n<li>Ann\u00e9e de parution : 1993<\/li>\n<li>Marque : NBA HOOPS<\/li>\n<li>Pays : \u00c9tats-Unis<\/li>\n<li>S\u00e9rie : S\u00e9rie 2<\/li>\n<li>Trouve les cartes originales des l\u00e9gendes de la NBA de 1993. Trouvez des cartes rares de cat\u00e9gories HOOPS l\u00e9gendaires comme \u00ab\u00a0Cour supr\u00eame\u00a0\u00bb, \u00ab\u00a0Choix de l&rsquo;amiral\u00a0\u00bb, \u00ab\u00a0Magic&rsquo;s All-Rookies\u00a0\u00bb ou \u00ab\u00a0Scoops\u00a0\u00bb.<\/li>\n<li>La s\u00e9rie contient des cartes rookies rares de superstars ult\u00e9rieures comme Chris Webber, Penny Hardaway ou Toni Kukoc.<\/li>\n<li>Background Infos 1993 : Bill Clinton prend les r\u00eanes des \u00c9tats-Unis, Monica Selles est attaqu\u00e9e au couteau sur un court de tennis \u00e0 Hambourg par un spectateur fou, le baron colombien de la drogue Pablo Escobar perd la vie et, au cin\u00e9ma, le premier film Jurassic Park enthousiasme les fans. Nos Trading Cards \u00ab\u00a0vintage\u00a0\u00bb sont un r\u00eave pour tout nostalgique et pour tout collectionneur, car il ne s&rsquo;agit pas de reproductions des cartes pr\u00e9c\u00e9dentes, mais tous les paquets sont originaux et datent de l&rsquo;\u00e9poque o\u00f9 ils ont \u00e9t\u00e9 publi\u00e9s.<\/li>\n<\/ul>\n<p>Tu trouveras plus de Trading Cards d&rsquo;autrefois <strong><br \/>\n  <a href=\"https:\/\/memorabilia-germany.de\/fr\/trading-cards\">ici<\/a><br \/>\n<\/strong>.<\/p>\n","protected":false},"featured_media":39187,"template":"","meta":{"_acf_changed":false,"ocean_post_layout":"","ocean_both_sidebars_style":"","ocean_both_sidebars_content_width":0,"ocean_both_sidebars_sidebars_width":0,"ocean_sidebar":"0","ocean_second_sidebar":"0","ocean_disable_margins":"enable","ocean_add_body_class":"","ocean_shortcode_before_top_bar":"","ocean_shortcode_after_top_bar":"","ocean_shortcode_before_header":"","ocean_shortcode_after_header":"","ocean_has_shortcode":"","ocean_shortcode_after_title":"","ocean_shortcode_before_footer_widgets":"","ocean_shortcode_after_footer_widgets":"","ocean_shortcode_before_footer_bottom":"","ocean_shortcode_after_footer_bottom":"","ocean_display_top_bar":"default","ocean_display_header":"default","ocean_header_style":"","ocean_center_header_left_menu":"0","ocean_custom_header_template":"0","ocean_custom_logo":0,"ocean_custom_retina_logo":0,"ocean_custom_logo_max_width":0,"ocean_custom_logo_tablet_max_width":0,"ocean_custom_logo_mobile_max_width":0,"ocean_custom_logo_max_height":0,"ocean_custom_logo_tablet_max_height":0,"ocean_custom_logo_mobile_max_height":0,"ocean_header_custom_menu":"0","ocean_menu_typo_font_family":"0","ocean_menu_typo_font_subset":"","ocean_menu_typo_font_size":0,"ocean_menu_typo_font_size_tablet":0,"ocean_menu_typo_font_size_mobile":0,"ocean_menu_typo_font_size_unit":"px","ocean_menu_typo_font_weight":"","ocean_menu_typo_font_weight_tablet":"","ocean_menu_typo_font_weight_mobile":"","ocean_menu_typo_transform":"","ocean_menu_typo_transform_tablet":"","ocean_menu_typo_transform_mobile":"","ocean_menu_typo_line_height":0,"ocean_menu_typo_line_height_tablet":0,"ocean_menu_typo_line_height_mobile":0,"ocean_menu_typo_line_height_unit":"","ocean_menu_typo_spacing":0,"ocean_menu_typo_spacing_tablet":0,"ocean_menu_typo_spacing_mobile":0,"ocean_menu_typo_spacing_unit":"","ocean_menu_link_color":"","ocean_menu_link_color_hover":"","ocean_menu_link_color_active":"","ocean_menu_link_background":"","ocean_menu_link_hover_background":"","ocean_menu_link_active_background":"","ocean_menu_social_links_bg":"","ocean_menu_social_hover_links_bg":"","ocean_menu_social_links_color":"","ocean_menu_social_hover_links_color":"","ocean_disable_title":"default","ocean_disable_heading":"default","ocean_post_title":"","ocean_post_subheading":"","ocean_post_title_style":"","ocean_post_title_background_color":"","ocean_post_title_background":0,"ocean_post_title_bg_image_position":"","ocean_post_title_bg_image_attachment":"","ocean_post_title_bg_image_repeat":"","ocean_post_title_bg_image_size":"","ocean_post_title_height":0,"ocean_post_title_bg_overlay":0.5,"ocean_post_title_bg_overlay_color":"","ocean_disable_breadcrumbs":"default","ocean_breadcrumbs_color":"","ocean_breadcrumbs_separator_color":"","ocean_breadcrumbs_links_color":"","ocean_breadcrumbs_links_hover_color":"","ocean_display_footer_widgets":"default","ocean_display_footer_bottom":"default","ocean_custom_footer_template":"0","ofc_enable_fullscreen":"disable","ofc_fullscreen_speed":0,"ofc_fullscreen_nav":"enable","ofc_fullscreen_nav_pos":"right","ofc_fullscreen_nav_color":"","ofc_fullscreen_nav_tooltip_color":"","ofc_fullscreen_responsive":0},"product_brand":[],"product_cat":[1965],"product_tag":[],"class_list":{"0":"post-39186","1":"product","2":"type-product","3":"status-publish","4":"has-post-thumbnail","6":"product_cat-1993-nba-hoops-basketball-cards-fr","7":"product_shipping_class-classe-dexpedition_a","9":"entry","10":"has-media","12":"first","13":"outofstock","14":"taxable","15":"shipping-taxable","16":"purchasable","17":"product-type-simple","18":"col","19":"span_1_of_4","20":"owp-content-center","21":"owp-thumbs-layout-horizontal","22":"owp-btn-normal","23":"owp-tabs-layout-horizontal"},"acf":[],"_links":{"self":[{"href":"https:\/\/memorabilia-germany.de\/fr\/wp-json\/wp\/v2\/product\/39186","targetHints":{"allow":["GET"]}}],"collection":[{"href":"https:\/\/memorabilia-germany.de\/fr\/wp-json\/wp\/v2\/product"}],"about":[{"href":"https:\/\/memorabilia-germany.de\/fr\/wp-json\/wp\/v2\/types\/product"}],"version-history":[{"count":0,"href":"https:\/\/memorabilia-germany.de\/fr\/wp-json\/wp\/v2\/product\/39186\/revisions"}],"wp:featuredmedia":[{"embeddable":true,"href":"https:\/\/memorabilia-germany.de\/fr\/wp-json\/wp\/v2\/media\/39187"}],"wp:attachment":[{"href":"https:\/\/memorabilia-germany.de\/fr\/wp-json\/wp\/v2\/media?parent=39186"}],"wp:term":[{"taxonomy":"product_brand","embeddable":true,"href":"https:\/\/memorabilia-germany.de\/fr\/wp-json\/wp\/v2\/product_brand?post=39186"},{"taxonomy":"product_cat","embeddable":true,"href":"https:\/\/memorabilia-germany.de\/fr\/wp-json\/wp\/v2\/product_cat?post=39186"},{"taxonomy":"product_tag","embeddable":true,"href":"https:\/\/memorabilia-germany.de\/fr\/wp-json\/wp\/v2\/product_tag?post=39186"}],"curies":[{"name":"wp","href":"https:\/\/api.w.org\/{rel}","templated":true}]}}