{"id":39166,"date":"2023-01-09T15:29:40","date_gmt":"2024-03-05T12:12:41","guid":{"rendered":"https:\/\/memorabilia-germany.de\/produkt\/1996-leaf-premier-edition-nfl-football-cards-2\/"},"modified":"2024-06-18T16:19:15","modified_gmt":"2024-06-18T14:19:15","slug":"1996-leaf-premier-edition-nfl-football-cards-2","status":"publish","type":"product","link":"https:\/\/memorabilia-germany.de\/fr\/produit\/1996-leaf-premier-edition-nfl-football-cards-2\/","title":{"rendered":"1996 Leaf &#8211; Premier Edition NFL Football Cards"},"content":{"rendered":"","protected":false},"excerpt":{"rendered":"<p><strong>NFL Trading Card Box scell\u00e9e, originale de 1996. Des l\u00e9gendes comme Troy Aikman, Steve Young ou Dan Marino ont jou\u00e9 dans la NFL et les Green Bay Packers ont battu les New England Patriots au Super Bowl XXXI \u00e0 la fin de la saison. La ligue a accueilli une nouvelle \u00e9quipe pour la saison 96 : Baltimore Ravens. Apr\u00e8s un long conflit concernant les droits de franchise des Cleveland Browns, la NFL a autoris\u00e9 avant la saison un d\u00e9m\u00e9nagement du propri\u00e9taire de Cleveland \u00e0 Baltimore, mais les droits de nom et les titres de la franchise sont rest\u00e9s \u00e0 Cleveland. La franchise devait donc jouer sous un nouveau drapeau et les Baltimore Ravens \u00e9taient n\u00e9s. Trois ans plus tard seulement, les Cleveland Browns allaient \u00e0 nouveau participer \u00e0 la NFL. Cette Trading Cards Box a \u00e9t\u00e9 lanc\u00e9e par Donruss et est officiellement licenci\u00e9e par la NFL. Pour plus d&rsquo;informations, voir ci-dessous.<\/strong><\/p>\n<ul style=\"list-style-type: square;\">\n<li>Cat\u00e9gorie: Hobby Box<\/li>\n<li>Contenu de la bo\u00eete : 18 paquets, 10 cartes par paquet<\/li>\n<li>\u00c9tat : non ouvert et initialement scell\u00e9 dans du papier d&rsquo;aluminium<\/li>\n<li>D\u00e9jouer: Factory sealed. La bo\u00eete est scell\u00e9e dans le film d&rsquo;origine du fabricant.<\/li>\n<li>Ann\u00e9e de parution : 1996<\/li>\n<li>Marque : Donruss\/Leaf<\/li>\n<li>Pays : \u00c9tats-Unis<\/li>\n<li>Cette s\u00e9rie contient Insert-Cards rares issues de Leaf Subsets de feuilles populaires tels que \u00ab\u00a0Grass Roots\u00a0\u00bb, \u00ab\u00a0Gold Press Proofs\u00a0\u00bb, \u00ab\u00a0Statistical Standouts\u00a0\u00bb, \u00ab\u00a0American All-Stars\u00a0\u00bb et \u00ab\u00a0American All-Stars Gold Team\u00a0\u00bb.<\/li>\n<li>Trouve les cartes originales des l\u00e9gendes de la NFL de 1996 comme Troy Aikman, Steve Young ou Barry Sanders ainsi que les cartes de recrues des stars de la NFL plus tardives comme Marvin Harrison, Terrell Owens, Keyshawn Johnson ou Eddie George.  <\/li>\n<li>Background Infos 1996 : Des scientifiques parviennent \u00e0 cloner la c\u00e9l\u00e8bre brebis \u00ab\u00a0Dolly\u00a0\u00bb, Nintendo lance la console de jeux \u00ab\u00a0Nintendo 64\u00a0\u00bb et des classiques comme \u00ab\u00a0Independence Day\u00a0\u00bb, \u00ab\u00a0Scream\u00a0\u00bb ou \u00ab\u00a0Mission:Impossible\u00a0\u00bb sortent au cin\u00e9ma. Dans les hit-parades, on trouve des chansons de C\u00e9line Dion, Coolio et Aaliyah. Nos Trading Cards \u00ab\u00a0vintage\u00a0\u00bb sont un r\u00eave pour tout nostalgique et pour tout collectionneur, car il ne s&rsquo;agit pas de reproductions des cartes pr\u00e9c\u00e9dentes, mais tous les paquets sont originaux et datent de l&rsquo;\u00e9poque o\u00f9 ils ont \u00e9t\u00e9 publi\u00e9s.<\/li>\n<\/ul>\n<p>Tu trouveras plus de Trading Cards d&rsquo;autrefois <strong><br \/>\n  <a href=\"https:\/\/memorabilia-germany.de\/fr\/trading-cards\">ici<\/a><br \/>\n<\/strong>.<\/p>\n","protected":false},"featured_media":39167,"template":"","meta":{"_acf_changed":false,"ocean_post_layout":"","ocean_both_sidebars_style":"","ocean_both_sidebars_content_width":0,"ocean_both_sidebars_sidebars_width":0,"ocean_sidebar":"0","ocean_second_sidebar":"0","ocean_disable_margins":"enable","ocean_add_body_class":"","ocean_shortcode_before_top_bar":"","ocean_shortcode_after_top_bar":"","ocean_shortcode_before_header":"","ocean_shortcode_after_header":"","ocean_has_shortcode":"","ocean_shortcode_after_title":"","ocean_shortcode_before_footer_widgets":"","ocean_shortcode_after_footer_widgets":"","ocean_shortcode_before_footer_bottom":"","ocean_shortcode_after_footer_bottom":"","ocean_display_top_bar":"default","ocean_display_header":"default","ocean_header_style":"","ocean_center_header_left_menu":"0","ocean_custom_header_template":"0","ocean_custom_logo":0,"ocean_custom_retina_logo":0,"ocean_custom_logo_max_width":0,"ocean_custom_logo_tablet_max_width":0,"ocean_custom_logo_mobile_max_width":0,"ocean_custom_logo_max_height":0,"ocean_custom_logo_tablet_max_height":0,"ocean_custom_logo_mobile_max_height":0,"ocean_header_custom_menu":"0","ocean_menu_typo_font_family":"0","ocean_menu_typo_font_subset":"","ocean_menu_typo_font_size":0,"ocean_menu_typo_font_size_tablet":0,"ocean_menu_typo_font_size_mobile":0,"ocean_menu_typo_font_size_unit":"px","ocean_menu_typo_font_weight":"","ocean_menu_typo_font_weight_tablet":"","ocean_menu_typo_font_weight_mobile":"","ocean_menu_typo_transform":"","ocean_menu_typo_transform_tablet":"","ocean_menu_typo_transform_mobile":"","ocean_menu_typo_line_height":0,"ocean_menu_typo_line_height_tablet":0,"ocean_menu_typo_line_height_mobile":0,"ocean_menu_typo_line_height_unit":"","ocean_menu_typo_spacing":0,"ocean_menu_typo_spacing_tablet":0,"ocean_menu_typo_spacing_mobile":0,"ocean_menu_typo_spacing_unit":"","ocean_menu_link_color":"","ocean_menu_link_color_hover":"","ocean_menu_link_color_active":"","ocean_menu_link_background":"","ocean_menu_link_hover_background":"","ocean_menu_link_active_background":"","ocean_menu_social_links_bg":"","ocean_menu_social_hover_links_bg":"","ocean_menu_social_links_color":"","ocean_menu_social_hover_links_color":"","ocean_disable_title":"default","ocean_disable_heading":"default","ocean_post_title":"","ocean_post_subheading":"","ocean_post_title_style":"","ocean_post_title_background_color":"","ocean_post_title_background":0,"ocean_post_title_bg_image_position":"","ocean_post_title_bg_image_attachment":"","ocean_post_title_bg_image_repeat":"","ocean_post_title_bg_image_size":"","ocean_post_title_height":0,"ocean_post_title_bg_overlay":0.5,"ocean_post_title_bg_overlay_color":"","ocean_disable_breadcrumbs":"default","ocean_breadcrumbs_color":"","ocean_breadcrumbs_separator_color":"","ocean_breadcrumbs_links_color":"","ocean_breadcrumbs_links_hover_color":"","ocean_display_footer_widgets":"default","ocean_display_footer_bottom":"default","ocean_custom_footer_template":"0","ofc_enable_fullscreen":"disable","ofc_fullscreen_speed":0,"ofc_fullscreen_nav":"enable","ofc_fullscreen_nav_pos":"right","ofc_fullscreen_nav_color":"","ofc_fullscreen_nav_tooltip_color":"","ofc_fullscreen_responsive":0},"product_brand":[],"product_cat":[2249],"product_tag":[],"class_list":{"0":"post-39166","1":"product","2":"type-product","3":"status-publish","4":"has-post-thumbnail","6":"product_cat-1996-leaf-premier-edition-nfl-football-cards-fr","7":"product_shipping_class-classe-dexpedition_a","9":"entry","10":"has-media","12":"first","13":"outofstock","14":"taxable","15":"shipping-taxable","16":"purchasable","17":"product-type-simple","18":"col","19":"span_1_of_4","20":"owp-content-center","21":"owp-thumbs-layout-horizontal","22":"owp-btn-normal","23":"owp-tabs-layout-horizontal"},"acf":[],"_links":{"self":[{"href":"https:\/\/memorabilia-germany.de\/fr\/wp-json\/wp\/v2\/product\/39166","targetHints":{"allow":["GET"]}}],"collection":[{"href":"https:\/\/memorabilia-germany.de\/fr\/wp-json\/wp\/v2\/product"}],"about":[{"href":"https:\/\/memorabilia-germany.de\/fr\/wp-json\/wp\/v2\/types\/product"}],"version-history":[{"count":0,"href":"https:\/\/memorabilia-germany.de\/fr\/wp-json\/wp\/v2\/product\/39166\/revisions"}],"wp:featuredmedia":[{"embeddable":true,"href":"https:\/\/memorabilia-germany.de\/fr\/wp-json\/wp\/v2\/media\/39167"}],"wp:attachment":[{"href":"https:\/\/memorabilia-germany.de\/fr\/wp-json\/wp\/v2\/media?parent=39166"}],"wp:term":[{"taxonomy":"product_brand","embeddable":true,"href":"https:\/\/memorabilia-germany.de\/fr\/wp-json\/wp\/v2\/product_brand?post=39166"},{"taxonomy":"product_cat","embeddable":true,"href":"https:\/\/memorabilia-germany.de\/fr\/wp-json\/wp\/v2\/product_cat?post=39166"},{"taxonomy":"product_tag","embeddable":true,"href":"https:\/\/memorabilia-germany.de\/fr\/wp-json\/wp\/v2\/product_tag?post=39166"}],"curies":[{"name":"wp","href":"https:\/\/api.w.org\/{rel}","templated":true}]}}