{"id":39137,"date":"2023-01-12T12:30:22","date_gmt":"2024-03-05T12:01:18","guid":{"rendered":"https:\/\/memorabilia-germany.de\/produkt\/1992-topps-football-americain-picture-cards\/"},"modified":"2024-06-18T16:13:50","modified_gmt":"2024-06-18T14:13:50","slug":"1992-topps-football-americain-picture-cards","status":"publish","type":"product","link":"https:\/\/memorabilia-germany.de\/fr\/produit\/1992-topps-football-americain-picture-cards\/","title":{"rendered":"1992 topps \u2013 Football Picture Cards"},"content":{"rendered":"","protected":false},"excerpt":{"rendered":"<p><strong>NFL Trading Card Box scell\u00e9e, originale de 1992. Des l\u00e9gendes comme Joe Montana, Dan Marino ou Troy Aikman ont jou\u00e9 dans la NFL et les Dallas Cowboys ont battu les Buffalo Bills au Super Bowl XXVII \u00e0 la fin de la saison. Cette Trading Cards Box a \u00e9t\u00e9 lanc\u00e9e par topps et est officiellement licenci\u00e9e par la NFL. Pour plus d&rsquo;informations, voir ci-dessous.<\/strong><\/p>\n<ul style=\"list-style-type: square;\">\n<li>Cat\u00e9gorie: Hobby Box<\/li>\n<li>Contenu de la livraison : 36 paquets, 15 cartes par paquet<\/li>\n<li>\u00c9tat : non ouvert et initialement scell\u00e9 dans du papier d&rsquo;aluminium<\/li>\n<li>D\u00e9jouer: Factory sealed. La bo\u00eete est scell\u00e9e dans le film d&rsquo;origine du fabricant.<\/li>\n<li>Ann\u00e9e de publication : 1992<\/li>\n<li>Marque: topps<\/li>\n<li>Pays : \u00c9tats-Unis<\/li>\n<li>S\u00e9rie : High Series<\/li>\n<li>Une Football Am\u00e9ricain 1992 toppsGold Card incluse dans chaque paquet<\/li>\n<li>Retrouve les cartes originales des l\u00e9gendes de la NFL de 1992 comme Joe Montana, John Elway ou Dan Marino.<\/li>\n<li>La s\u00e9rie contient des cartes de recrues de superstars ult\u00e9rieures comme Edgar Bennett, Steve Bono, Robert Brooks, Terrell Buckley, Quentin Coryatt, Steve Emtman, Amp Lee, Tommy Maddox, Carl Pickens ou Tommy Vardell.<\/li>\n<li>Background Infos 1992 : Le prince Charles et Lady Diana se s\u00e9parent, la t\u00e9l\u00e9vision diffuse le dernier \u00e9pisode des Golden Girls et, dans les hit-parades, Michael Jackson, Madonna et Whitney Houston se disputent les meilleurs classements. Nos Trading Cards \u00ab\u00a0vintage\u00a0\u00bb sont un r\u00eave pour tout nostalgique et pour tout collectionneur, car il ne s&rsquo;agit pas de reproductions des cartes pr\u00e9c\u00e9dentes, mais tous les paquets sont originaux et datent de l&rsquo;\u00e9poque o\u00f9 ils ont \u00e9t\u00e9 publi\u00e9s.<\/li>\n<\/ul>\n<p>Tu trouveras plus de Trading Cards d&rsquo;autrefois <strong><br \/>\n  <a href=\"https:\/\/memorabilia-germany.de\/fr\/trading-cards\">ici<\/a><br \/>\n<\/strong>.<\/p>\n","protected":false},"featured_media":39138,"template":"","meta":{"_acf_changed":false,"ocean_post_layout":"","ocean_both_sidebars_style":"","ocean_both_sidebars_content_width":0,"ocean_both_sidebars_sidebars_width":0,"ocean_sidebar":"0","ocean_second_sidebar":"0","ocean_disable_margins":"enable","ocean_add_body_class":"","ocean_shortcode_before_top_bar":"","ocean_shortcode_after_top_bar":"","ocean_shortcode_before_header":"","ocean_shortcode_after_header":"","ocean_has_shortcode":"","ocean_shortcode_after_title":"","ocean_shortcode_before_footer_widgets":"","ocean_shortcode_after_footer_widgets":"","ocean_shortcode_before_footer_bottom":"","ocean_shortcode_after_footer_bottom":"","ocean_display_top_bar":"default","ocean_display_header":"default","ocean_header_style":"","ocean_center_header_left_menu":"0","ocean_custom_header_template":"0","ocean_custom_logo":0,"ocean_custom_retina_logo":0,"ocean_custom_logo_max_width":0,"ocean_custom_logo_tablet_max_width":0,"ocean_custom_logo_mobile_max_width":0,"ocean_custom_logo_max_height":0,"ocean_custom_logo_tablet_max_height":0,"ocean_custom_logo_mobile_max_height":0,"ocean_header_custom_menu":"0","ocean_menu_typo_font_family":"0","ocean_menu_typo_font_subset":"","ocean_menu_typo_font_size":0,"ocean_menu_typo_font_size_tablet":0,"ocean_menu_typo_font_size_mobile":0,"ocean_menu_typo_font_size_unit":"px","ocean_menu_typo_font_weight":"","ocean_menu_typo_font_weight_tablet":"","ocean_menu_typo_font_weight_mobile":"","ocean_menu_typo_transform":"","ocean_menu_typo_transform_tablet":"","ocean_menu_typo_transform_mobile":"","ocean_menu_typo_line_height":0,"ocean_menu_typo_line_height_tablet":0,"ocean_menu_typo_line_height_mobile":0,"ocean_menu_typo_line_height_unit":"","ocean_menu_typo_spacing":0,"ocean_menu_typo_spacing_tablet":0,"ocean_menu_typo_spacing_mobile":0,"ocean_menu_typo_spacing_unit":"","ocean_menu_link_color":"","ocean_menu_link_color_hover":"","ocean_menu_link_color_active":"","ocean_menu_link_background":"","ocean_menu_link_hover_background":"","ocean_menu_link_active_background":"","ocean_menu_social_links_bg":"","ocean_menu_social_hover_links_bg":"","ocean_menu_social_links_color":"","ocean_menu_social_hover_links_color":"","ocean_disable_title":"default","ocean_disable_heading":"default","ocean_post_title":"","ocean_post_subheading":"","ocean_post_title_style":"","ocean_post_title_background_color":"","ocean_post_title_background":0,"ocean_post_title_bg_image_position":"","ocean_post_title_bg_image_attachment":"","ocean_post_title_bg_image_repeat":"","ocean_post_title_bg_image_size":"","ocean_post_title_height":0,"ocean_post_title_bg_overlay":0.5,"ocean_post_title_bg_overlay_color":"","ocean_disable_breadcrumbs":"default","ocean_breadcrumbs_color":"","ocean_breadcrumbs_separator_color":"","ocean_breadcrumbs_links_color":"","ocean_breadcrumbs_links_hover_color":"","ocean_display_footer_widgets":"default","ocean_display_footer_bottom":"default","ocean_custom_footer_template":"0","ofc_enable_fullscreen":"disable","ofc_fullscreen_speed":0,"ofc_fullscreen_nav":"enable","ofc_fullscreen_nav_pos":"right","ofc_fullscreen_nav_color":"","ofc_fullscreen_nav_tooltip_color":"","ofc_fullscreen_responsive":0},"product_brand":[],"product_cat":[2245],"product_tag":[],"class_list":{"0":"post-39137","1":"product","2":"type-product","3":"status-publish","4":"has-post-thumbnail","6":"product_cat-1992-topps-football-picture-cards-fr","7":"product_shipping_class-classe-dexpedition_a","9":"entry","10":"has-media","12":"first","13":"outofstock","14":"taxable","15":"shipping-taxable","16":"purchasable","17":"product-type-simple","18":"col","19":"span_1_of_4","20":"owp-content-center","21":"owp-thumbs-layout-horizontal","22":"owp-btn-normal","23":"owp-tabs-layout-horizontal"},"acf":[],"_links":{"self":[{"href":"https:\/\/memorabilia-germany.de\/fr\/wp-json\/wp\/v2\/product\/39137","targetHints":{"allow":["GET"]}}],"collection":[{"href":"https:\/\/memorabilia-germany.de\/fr\/wp-json\/wp\/v2\/product"}],"about":[{"href":"https:\/\/memorabilia-germany.de\/fr\/wp-json\/wp\/v2\/types\/product"}],"version-history":[{"count":0,"href":"https:\/\/memorabilia-germany.de\/fr\/wp-json\/wp\/v2\/product\/39137\/revisions"}],"wp:featuredmedia":[{"embeddable":true,"href":"https:\/\/memorabilia-germany.de\/fr\/wp-json\/wp\/v2\/media\/39138"}],"wp:attachment":[{"href":"https:\/\/memorabilia-germany.de\/fr\/wp-json\/wp\/v2\/media?parent=39137"}],"wp:term":[{"taxonomy":"product_brand","embeddable":true,"href":"https:\/\/memorabilia-germany.de\/fr\/wp-json\/wp\/v2\/product_brand?post=39137"},{"taxonomy":"product_cat","embeddable":true,"href":"https:\/\/memorabilia-germany.de\/fr\/wp-json\/wp\/v2\/product_cat?post=39137"},{"taxonomy":"product_tag","embeddable":true,"href":"https:\/\/memorabilia-germany.de\/fr\/wp-json\/wp\/v2\/product_tag?post=39137"}],"curies":[{"name":"wp","href":"https:\/\/api.w.org\/{rel}","templated":true}]}}