{"id":39118,"date":"2023-01-12T14:16:28","date_gmt":"2024-03-05T11:51:25","guid":{"rendered":"https:\/\/memorabilia-germany.de\/produkt\/1999-topps-nfl-football-cards-2\/"},"modified":"2024-06-18T16:06:05","modified_gmt":"2024-06-18T14:06:05","slug":"1999-topps-nfl-football-cards-2","status":"publish","type":"product","link":"https:\/\/memorabilia-germany.de\/fr\/produit\/1999-topps-nfl-football-cards-2\/","title":{"rendered":"1999 topps &#8211; NFL Football Cards"},"content":{"rendered":"","protected":false},"excerpt":{"rendered":"<p><strong>NFL Trading Card Box scell\u00e9e, originale de 1999. \u200b Des l\u00e9gendes comme Kurt Warner, Rod Woodson et le jeune Peyton Manning ont jou\u00e9 dans la NFL et les St. Louis Rams ont battu les Tennessee Titans lors du Super Bowl XXXIV \u00e0 la fin de la saison. Il s&rsquo;agissait de la premi\u00e8re saison officielle des Titans apr\u00e8s que la franchise ait abandonn\u00e9 le nom \u00ab Oilers \u00bb au d\u00e9but de la saison. Cette Trading Cards Box a \u00e9t\u00e9 lanc\u00e9e par topps et est officiellement licenci\u00e9e par la NFL. Pour plus d&rsquo;informations, voir ci-dessous.<\/strong><\/p>\n<ul style=\"list-style-type: square;\">\n<li>Cat\u00e9gorie: Hobby Box<\/li>\n<li>Contenu de la livraison : 36 paquets, 11 cartes par paquet<\/li>\n<li>\u00c9tat : non ouvert et initialement scell\u00e9 dans du papier d&rsquo;aluminium<\/li>\n<li>D\u00e9jouer: Factory sealed. La bo\u00eete est scell\u00e9e dans le film d&rsquo;origine du fabricant.<\/li>\n<li>Ann\u00e9e de parution : 1999<\/li>\n<li>Marque: topps<\/li>\n<li>Pays : \u00c9tats-Unis<\/li>\n<li>La s\u00e9rie comprend des Autograph Cards avec les autographes originaux de plusieurs l\u00e9gendes de la NFL, comme Randy Moss ou Ricky Williams !<\/li>\n<li>Trouve Mystery Chrome Insert Cards rares ainsi que des cartes d&rsquo;insertion de sets comme \u00ab\u00a01999 NFL Draft Picks\u00a0\u00bb, \u00ab\u00a0Record Numbers\u00a0\u00bb ou \u00ab\u00a0Mystery Chrome Refractors\u00a0\u00bb.<\/li>\n<li>Trouve les cartes originales des l\u00e9gendes de la NFL de 1999 comme Kurt Warner, Rod Woodson ou Peyton Manning.<\/li>\n<li>La s\u00e9rie contient des cartes de recrues d&rsquo;une des meilleures classes de recrues de tous les temps ! Les cartes comprennent les premi\u00e8res cartes de superstars ult\u00e9rieures comme Donovan McNabb, Ricky Williams, Daunte Culpepper, Jevon Kearse, Akili Smith, Edgerrin James, Kevin Johnson, Torry Holt, Tim Couch, David Boston ou Peerless Price !<\/li>\n<li>Background Infos 1999 : En cette derni\u00e8re ann\u00e9e du 20e si\u00e8cle, l&rsquo;humanit\u00e9 se pr\u00e9pare \u00e0 entrer dans le mill\u00e9naire. Des rumeurs sur l&rsquo;effondrement des syst\u00e8mes informatiques et d&rsquo;autres sc\u00e9narios circulent, mais elles s&rsquo;av\u00e9reront fausses \u00e0 la fin de l&rsquo;ann\u00e9e. La l\u00e9gende du hockey sur glace Wayne Gretzky met un terme \u00e0 sa carri\u00e8re et reste \u00e0 ce jour consid\u00e9r\u00e9 comme le meilleur joueur de NHL de tous les temps. Les salles de cin\u00e9ma continuent de produire des classiques comme \u00ab\u00a0Blair Witch Project\u00a0\u00bb ou \u00ab\u00a0Matrix\u00a0\u00bb et les hit-parades accueillent des chansons de Britney Spears, des Backstreet Boys ou des Destiny&rsquo;s Child. Nos Trading Cards \u00ab\u00a0vintage\u00a0\u00bb sont un r\u00eave pour tout nostalgique et pour tout collectionneur, car il ne s&rsquo;agit pas de reproductions des cartes pr\u00e9c\u00e9dentes, mais tous les paquets sont originaux et datent de l&rsquo;\u00e9poque o\u00f9 ils ont \u00e9t\u00e9 publi\u00e9s.<\/li>\n<\/ul>\n<p>Tu trouveras plus de Trading Cards d&rsquo;autrefois <strong><br \/>\n  <a href=\"https:\/\/memorabilia-germany.de\/fr\/trading-cards\">ici<\/a><br \/>\n<\/strong>.<\/p>\n","protected":false},"featured_media":39119,"template":"","meta":{"_acf_changed":false,"ocean_post_layout":"","ocean_both_sidebars_style":"","ocean_both_sidebars_content_width":0,"ocean_both_sidebars_sidebars_width":0,"ocean_sidebar":"0","ocean_second_sidebar":"0","ocean_disable_margins":"enable","ocean_add_body_class":"","ocean_shortcode_before_top_bar":"","ocean_shortcode_after_top_bar":"","ocean_shortcode_before_header":"","ocean_shortcode_after_header":"","ocean_has_shortcode":"","ocean_shortcode_after_title":"","ocean_shortcode_before_footer_widgets":"","ocean_shortcode_after_footer_widgets":"","ocean_shortcode_before_footer_bottom":"","ocean_shortcode_after_footer_bottom":"","ocean_display_top_bar":"default","ocean_display_header":"default","ocean_header_style":"","ocean_center_header_left_menu":"0","ocean_custom_header_template":"0","ocean_custom_logo":0,"ocean_custom_retina_logo":0,"ocean_custom_logo_max_width":0,"ocean_custom_logo_tablet_max_width":0,"ocean_custom_logo_mobile_max_width":0,"ocean_custom_logo_max_height":0,"ocean_custom_logo_tablet_max_height":0,"ocean_custom_logo_mobile_max_height":0,"ocean_header_custom_menu":"0","ocean_menu_typo_font_family":"0","ocean_menu_typo_font_subset":"","ocean_menu_typo_font_size":0,"ocean_menu_typo_font_size_tablet":0,"ocean_menu_typo_font_size_mobile":0,"ocean_menu_typo_font_size_unit":"px","ocean_menu_typo_font_weight":"","ocean_menu_typo_font_weight_tablet":"","ocean_menu_typo_font_weight_mobile":"","ocean_menu_typo_transform":"","ocean_menu_typo_transform_tablet":"","ocean_menu_typo_transform_mobile":"","ocean_menu_typo_line_height":0,"ocean_menu_typo_line_height_tablet":0,"ocean_menu_typo_line_height_mobile":0,"ocean_menu_typo_line_height_unit":"","ocean_menu_typo_spacing":0,"ocean_menu_typo_spacing_tablet":0,"ocean_menu_typo_spacing_mobile":0,"ocean_menu_typo_spacing_unit":"","ocean_menu_link_color":"","ocean_menu_link_color_hover":"","ocean_menu_link_color_active":"","ocean_menu_link_background":"","ocean_menu_link_hover_background":"","ocean_menu_link_active_background":"","ocean_menu_social_links_bg":"","ocean_menu_social_hover_links_bg":"","ocean_menu_social_links_color":"","ocean_menu_social_hover_links_color":"","ocean_disable_title":"default","ocean_disable_heading":"default","ocean_post_title":"","ocean_post_subheading":"","ocean_post_title_style":"","ocean_post_title_background_color":"","ocean_post_title_background":0,"ocean_post_title_bg_image_position":"","ocean_post_title_bg_image_attachment":"","ocean_post_title_bg_image_repeat":"","ocean_post_title_bg_image_size":"","ocean_post_title_height":0,"ocean_post_title_bg_overlay":0.5,"ocean_post_title_bg_overlay_color":"","ocean_disable_breadcrumbs":"default","ocean_breadcrumbs_color":"","ocean_breadcrumbs_separator_color":"","ocean_breadcrumbs_links_color":"","ocean_breadcrumbs_links_hover_color":"","ocean_display_footer_widgets":"default","ocean_display_footer_bottom":"default","ocean_custom_footer_template":"0","ofc_enable_fullscreen":"disable","ofc_fullscreen_speed":0,"ofc_fullscreen_nav":"enable","ofc_fullscreen_nav_pos":"right","ofc_fullscreen_nav_color":"","ofc_fullscreen_nav_tooltip_color":"","ofc_fullscreen_responsive":0},"product_brand":[],"product_cat":[2252],"product_tag":[],"class_list":{"0":"post-39118","1":"product","2":"type-product","3":"status-publish","4":"has-post-thumbnail","6":"product_cat-1999-topps-nfl-football-cards-fr","7":"product_shipping_class-classe-dexpedition_a","9":"entry","10":"has-media","12":"first","13":"outofstock","14":"taxable","15":"shipping-taxable","16":"purchasable","17":"product-type-simple","18":"col","19":"span_1_of_4","20":"owp-content-center","21":"owp-thumbs-layout-horizontal","22":"owp-btn-normal","23":"owp-tabs-layout-horizontal"},"acf":[],"_links":{"self":[{"href":"https:\/\/memorabilia-germany.de\/fr\/wp-json\/wp\/v2\/product\/39118","targetHints":{"allow":["GET"]}}],"collection":[{"href":"https:\/\/memorabilia-germany.de\/fr\/wp-json\/wp\/v2\/product"}],"about":[{"href":"https:\/\/memorabilia-germany.de\/fr\/wp-json\/wp\/v2\/types\/product"}],"version-history":[{"count":0,"href":"https:\/\/memorabilia-germany.de\/fr\/wp-json\/wp\/v2\/product\/39118\/revisions"}],"wp:featuredmedia":[{"embeddable":true,"href":"https:\/\/memorabilia-germany.de\/fr\/wp-json\/wp\/v2\/media\/39119"}],"wp:attachment":[{"href":"https:\/\/memorabilia-germany.de\/fr\/wp-json\/wp\/v2\/media?parent=39118"}],"wp:term":[{"taxonomy":"product_brand","embeddable":true,"href":"https:\/\/memorabilia-germany.de\/fr\/wp-json\/wp\/v2\/product_brand?post=39118"},{"taxonomy":"product_cat","embeddable":true,"href":"https:\/\/memorabilia-germany.de\/fr\/wp-json\/wp\/v2\/product_cat?post=39118"},{"taxonomy":"product_tag","embeddable":true,"href":"https:\/\/memorabilia-germany.de\/fr\/wp-json\/wp\/v2\/product_tag?post=39118"}],"curies":[{"name":"wp","href":"https:\/\/api.w.org\/{rel}","templated":true}]}}