{"id":39108,"date":"2023-01-12T16:58:43","date_gmt":"2024-03-05T11:43:50","guid":{"rendered":"https:\/\/memorabilia-germany.de\/produkt\/1994-skybox-premium-basketball-cards-2\/"},"modified":"2024-06-25T16:06:57","modified_gmt":"2024-06-25T14:06:57","slug":"1994-skybox-premium-basketball-cards-2","status":"publish","type":"product","link":"https:\/\/memorabilia-germany.de\/fr\/produit\/1994-skybox-premium-basketball-cards-2\/","title":{"rendered":"1994 Skybox &#8211; Premium Basketball Cards"},"content":{"rendered":"","protected":false},"excerpt":{"rendered":"<p><strong>Bo\u00eete de Trading Cards NBA scell\u00e9e, originale de 1994. Des l\u00e9gendes comme David Robinson, Hakeem Olajuwon ou Michael Jordan ont jou\u00e9 dans la NBA et les Houston Rockets ont remport\u00e9 la finale de la NBA contre le Magic d&rsquo;Orlando \u00e0 la fin de la saison. Les Rockets \u00e9taient l&rsquo;\u00e9quipe la moins bien class\u00e9e, avec le \u00ab\u00a0ranking number 6\u00a0\u00bb, qui ait jamais r\u00e9ussi \u00e0 remporter les finales. De plus, la saison 1994 a connu de nombreux autres moments m\u00e9morables. Les Celtics ont jou\u00e9 leur dernier match au l\u00e9gendaire \u00ab\u00a0Boston Garden\u00a0\u00bb, tandis que les Bulls ont d\u00e9m\u00e9nag\u00e9 au \u00ab\u00a0United Center\u00a0\u00bb, bien connu aujourd&rsquo;hui. Tard dans la saison, Michael Jordan est revenu chez les Bulls apr\u00e8s avoir fait une incursion dans le monde du baseball. Sa d\u00e9claration : \u00ab\u00a0I&rsquo;m back\u00a0\u00bb &#8211; il n&rsquo;y a pas eu besoin d&rsquo;en dire plus. Comme les Bulls avaient d\u00e9j\u00e0 \u00ab\u00a0retir\u00e9\u00a0\u00bb le num\u00e9ro 23, Jordan est d&rsquo;abord entr\u00e9 sur le terrain avec le num\u00e9ro 45 sur son maillot, mais il est finalement revenu au num\u00e9ro 23 pendant les playoffs. Cette Trading Cards Box a \u00e9t\u00e9 lanc\u00e9e par Skybox et est officiellement autoris\u00e9e par la NBA. Pour plus d&rsquo;informations, voir ci-dessous.<\/strong><\/p>\n<ul style=\"list-style-type: square;\">\n<li>Cat\u00e9gorie: Hobby Box<\/li>\n<li>Contenu de la bo\u00eete : 36 paquets, 12 cartes par paquet<\/li>\n<li>\u00c9tat : non ouvert et initialement scell\u00e9 dans du papier d&rsquo;aluminium<\/li>\n<li>D\u00e9jouer: Factory sealed. La bo\u00eete est scell\u00e9e dans le film d&rsquo;origine du fabricant.<\/li>\n<li>Ann\u00e9e de parution : 1994<\/li>\n<li>Marque: Skybox<\/li>\n<li>Pays : \u00c9tats-Unis<\/li>\n<li>S\u00e9rie : S\u00e9rie 2<\/li>\n<li>Trouve une carte d&rsquo;insertion rare Grant Hill Gold \u00ab\u00a0Stealth\u00a0\u00bb dans cette s\u00e9rie !<\/li>\n<li>Certains coffrets Hobby contiennent une rare carte autographe Hakeem Olajuwon Gold Foil !<\/li>\n<li>La s\u00e9rie contient de rares cartes d&rsquo;insertion \u00ab\u00a0Slammin&rsquo; Universe\u00a0\u00bb, \u00ab\u00a0SkyTech Force\u00a0\u00bb, \u00ab\u00a0Draft Picks\u00a0\u00bb et \u00ab\u00a0Revolution\u00a0\u00bb.<\/li>\n<li>Retrouve les cartes originales des l\u00e9gendes de la NBA de 1994 comme Michael Jordan, David Robinson, Shaquille O&rsquo;Neal ou Hakeem Olajuwon. Les rookie cards des futures superstars de la NBA dans cette s\u00e9rie comprennent des noms comme Grant Hill, Jason Kidd ou Glenn Robinson.<\/li>\n<li>Cette s\u00e9rie comprend \u00e9galement des Skybox Subsets l\u00e9gendaires comme \u00ab\u00a0NBA on NBC\u00a0\u00bb, \u00ab\u00a0Dynamic Duals\u00a0\u00bb, \u00ab\u00a0USA Basketball\u00a0\u00bb, \u00ab\u00a0Checklists\u00a0\u00bb, \u00ab\u00a0SkySlams\u00a0\u00bb, \u00ab\u00a0SkyShots\u00a0\u00bb, \u00ab\u00a0SkySwats\u00a0\u00bb ou \u00ab\u00a0SkyPilots\u00a0\u00bb.<\/li>\n<li>Background Infos 1994 : Nelson Mandela devient pr\u00e9sident de l&rsquo;Afrique du Sud, Sony lance la toute premi\u00e8re PlayStation au Japon, Michael Schumacher devient le premier champion du monde allemand de Formule 1 et la t\u00e9l\u00e9vision diffuse le premier \u00e9pisode de \u00ab\u00a0Friends\u00a0\u00bb. Nos Trading Cards \u00ab\u00a0vintage\u00a0\u00bb sont un r\u00eave pour tout nostalgique et pour tout collectionneur, car il ne s&rsquo;agit pas de reproductions des cartes pr\u00e9c\u00e9dentes, mais tous les paquets sont originaux et datent de l&rsquo;\u00e9poque o\u00f9 ils ont \u00e9t\u00e9 publi\u00e9s.<\/li>\n<\/ul>\n<p>Tu trouveras plus de Trading Cards d&rsquo;autrefois <strong><br \/>\n  <a href=\"https:\/\/memorabilia-germany.de\/fr\/trading-cards\">ici<\/a><br \/>\n<\/strong>.<\/p>\n","protected":false},"featured_media":39109,"template":"","meta":{"_acf_changed":false,"ocean_post_layout":"","ocean_both_sidebars_style":"","ocean_both_sidebars_content_width":0,"ocean_both_sidebars_sidebars_width":0,"ocean_sidebar":"0","ocean_second_sidebar":"0","ocean_disable_margins":"enable","ocean_add_body_class":"","ocean_shortcode_before_top_bar":"","ocean_shortcode_after_top_bar":"","ocean_shortcode_before_header":"","ocean_shortcode_after_header":"","ocean_has_shortcode":"","ocean_shortcode_after_title":"","ocean_shortcode_before_footer_widgets":"","ocean_shortcode_after_footer_widgets":"","ocean_shortcode_before_footer_bottom":"","ocean_shortcode_after_footer_bottom":"","ocean_display_top_bar":"default","ocean_display_header":"default","ocean_header_style":"","ocean_center_header_left_menu":"0","ocean_custom_header_template":"0","ocean_custom_logo":0,"ocean_custom_retina_logo":0,"ocean_custom_logo_max_width":0,"ocean_custom_logo_tablet_max_width":0,"ocean_custom_logo_mobile_max_width":0,"ocean_custom_logo_max_height":0,"ocean_custom_logo_tablet_max_height":0,"ocean_custom_logo_mobile_max_height":0,"ocean_header_custom_menu":"0","ocean_menu_typo_font_family":"0","ocean_menu_typo_font_subset":"","ocean_menu_typo_font_size":0,"ocean_menu_typo_font_size_tablet":0,"ocean_menu_typo_font_size_mobile":0,"ocean_menu_typo_font_size_unit":"px","ocean_menu_typo_font_weight":"","ocean_menu_typo_font_weight_tablet":"","ocean_menu_typo_font_weight_mobile":"","ocean_menu_typo_transform":"","ocean_menu_typo_transform_tablet":"","ocean_menu_typo_transform_mobile":"","ocean_menu_typo_line_height":0,"ocean_menu_typo_line_height_tablet":0,"ocean_menu_typo_line_height_mobile":0,"ocean_menu_typo_line_height_unit":"","ocean_menu_typo_spacing":0,"ocean_menu_typo_spacing_tablet":0,"ocean_menu_typo_spacing_mobile":0,"ocean_menu_typo_spacing_unit":"","ocean_menu_link_color":"","ocean_menu_link_color_hover":"","ocean_menu_link_color_active":"","ocean_menu_link_background":"","ocean_menu_link_hover_background":"","ocean_menu_link_active_background":"","ocean_menu_social_links_bg":"","ocean_menu_social_hover_links_bg":"","ocean_menu_social_links_color":"","ocean_menu_social_hover_links_color":"","ocean_disable_title":"default","ocean_disable_heading":"default","ocean_post_title":"","ocean_post_subheading":"","ocean_post_title_style":"","ocean_post_title_background_color":"","ocean_post_title_background":0,"ocean_post_title_bg_image_position":"","ocean_post_title_bg_image_attachment":"","ocean_post_title_bg_image_repeat":"","ocean_post_title_bg_image_size":"","ocean_post_title_height":0,"ocean_post_title_bg_overlay":0.5,"ocean_post_title_bg_overlay_color":"","ocean_disable_breadcrumbs":"default","ocean_breadcrumbs_color":"","ocean_breadcrumbs_separator_color":"","ocean_breadcrumbs_links_color":"","ocean_breadcrumbs_links_hover_color":"","ocean_display_footer_widgets":"default","ocean_display_footer_bottom":"default","ocean_custom_footer_template":"0","ofc_enable_fullscreen":"disable","ofc_fullscreen_speed":0,"ofc_fullscreen_nav":"enable","ofc_fullscreen_nav_pos":"right","ofc_fullscreen_nav_color":"","ofc_fullscreen_nav_tooltip_color":"","ofc_fullscreen_responsive":0},"product_brand":[],"product_cat":[1966],"product_tag":[],"class_list":{"0":"post-39108","1":"product","2":"type-product","3":"status-publish","4":"has-post-thumbnail","6":"product_cat-1994-skybox-premium-basketball-cards-fr","7":"product_shipping_class-classe-dexpedition_a","9":"entry","10":"has-media","12":"first","13":"outofstock","14":"taxable","15":"shipping-taxable","16":"purchasable","17":"product-type-simple","18":"col","19":"span_1_of_4","20":"owp-content-center","21":"owp-thumbs-layout-horizontal","22":"owp-btn-normal","23":"owp-tabs-layout-horizontal"},"acf":[],"_links":{"self":[{"href":"https:\/\/memorabilia-germany.de\/fr\/wp-json\/wp\/v2\/product\/39108","targetHints":{"allow":["GET"]}}],"collection":[{"href":"https:\/\/memorabilia-germany.de\/fr\/wp-json\/wp\/v2\/product"}],"about":[{"href":"https:\/\/memorabilia-germany.de\/fr\/wp-json\/wp\/v2\/types\/product"}],"version-history":[{"count":0,"href":"https:\/\/memorabilia-germany.de\/fr\/wp-json\/wp\/v2\/product\/39108\/revisions"}],"wp:featuredmedia":[{"embeddable":true,"href":"https:\/\/memorabilia-germany.de\/fr\/wp-json\/wp\/v2\/media\/39109"}],"wp:attachment":[{"href":"https:\/\/memorabilia-germany.de\/fr\/wp-json\/wp\/v2\/media?parent=39108"}],"wp:term":[{"taxonomy":"product_brand","embeddable":true,"href":"https:\/\/memorabilia-germany.de\/fr\/wp-json\/wp\/v2\/product_brand?post=39108"},{"taxonomy":"product_cat","embeddable":true,"href":"https:\/\/memorabilia-germany.de\/fr\/wp-json\/wp\/v2\/product_cat?post=39108"},{"taxonomy":"product_tag","embeddable":true,"href":"https:\/\/memorabilia-germany.de\/fr\/wp-json\/wp\/v2\/product_tag?post=39108"}],"curies":[{"name":"wp","href":"https:\/\/api.w.org\/{rel}","templated":true}]}}