{"id":39089,"date":"2023-01-12T18:16:09","date_gmt":"2024-03-05T11:31:45","guid":{"rendered":"https:\/\/memorabilia-germany.de\/produkt\/1994-upper-deck-baseball-cards-2\/"},"modified":"2024-06-25T16:44:26","modified_gmt":"2024-06-25T14:44:26","slug":"1994-upper-deck-baseball-cards-2","status":"publish","type":"product","link":"https:\/\/memorabilia-germany.de\/fr\/produit\/1994-upper-deck-baseball-cards-2\/","title":{"rendered":"1994 Upper Deck &#8211; Baseball Cards"},"content":{"rendered":"","protected":false},"excerpt":{"rendered":"<p><strong>MLB Trading Card Box scell\u00e9e, originale de 1994. Les Trading Cards proviennent de la curieuse saison qui ne s&rsquo;est jamais termin\u00e9e en raison d&rsquo;une gr\u00e8ve des joueurs. Il n&rsquo;y a pas eu de champion des World Series pour la premi\u00e8re fois depuis 1904, lorsque les New York Giants de l&rsquo;\u00e9poque ont refus\u00e9 d&rsquo;organiser une World Series contre les Boston Americans. Cette bo\u00eete de Trading Cards a \u00e9t\u00e9 lanc\u00e9e par Upper Deck et est officiellement licenci\u00e9e par la MLB. Pour plus d&rsquo;informations, voir ci-dessous.<\/strong><\/p>\n<ul style=\"list-style-type: square;\">\n<li>Cat\u00e9gorie: Hobby Box<\/li>\n<li>Contenu de la bo\u00eete : 36 paquets, 12 cartes par paquet<\/li>\n<li>\u00c9tat : non ouvert et initialement scell\u00e9 dans du papier d&rsquo;aluminium<\/li>\n<li>D\u00e9jouer: Factory sealed. La bo\u00eete est scell\u00e9e dans le film d&rsquo;origine du fabricant.<\/li>\n<li>Ann\u00e9e de parution : 1994<\/li>\n<li>Marque : Upper Deck<\/li>\n<li>Pays : \u00c9tats-Unis<\/li>\n<li>S\u00e9rie : S\u00e9rie 2<\/li>\n<li>Retrouvez les Michael Jordan Baseball Insert Cards dans cette s\u00e9rie datant de l&rsquo;\u00e9poque o\u00f9 la l\u00e9gende de la NBA s&rsquo;essayait au baseball !<\/li>\n<li>\u00c9dition : \u00ab\u00a0\u00c9dition centrale En 1994, Upper Deck a propos\u00e9 diff\u00e9rents labels de bo\u00eetes pour les diff\u00e9rentes r\u00e9gions des \u00c9tats-Unis. Cette bo\u00eete a \u00e9t\u00e9 propos\u00e9e pour la r\u00e9gion centrale \u00e0 l&rsquo;int\u00e9rieur des \u00c9tats-Unis. Les deux autres r\u00e9gions \u00e9taient West et East. La cons\u00e9quence en a \u00e9t\u00e9 le m\u00e9contentement des fans, car la diff\u00e9rence entre les diff\u00e9rentes \u00e9ditions concernait \u00e9galement la \u00ab\u00a0Diamond Collection\u00a0\u00bb ainsi que les \u00ab\u00a0SP Insert Cards\u00a0\u00bb. Les tr\u00e8s convoit\u00e9es Michael Jordan Insert Cards n&rsquo;\u00e9taient donc disponibles que dans l&rsquo;\u00e9dition centrale, tandis que les c\u00f4tes est et ouest sont reparties vides.<\/li>\n<li>Pr\u00e9cieuses cartes d&rsquo;insertion Upper Deck Trade de 1994 \u00e0 trouver dans cette s\u00e9rie !<\/li>\n<li>Trouve aussi \u00ab\u00a0SP Preview\u00a0\u00bb, \u00ab\u00a0Electric Diamond\u00a0\u00bb et \u00ab\u00a0Baseball Heroes\u00a0\u00bb Insert Cards dans cette s\u00e9rie !<\/li>\n<li>Retrouvez les cartes originales des l\u00e9gendes de la MLB de 1994 comme Barry Bonds, Ken Griffey Jr. ou Mike Piazza. De plus, la s\u00e9rie contient des cartes de recrues de diff\u00e9rentes futures stars de la MLB comme Billy Wagner et bien d&rsquo;autres !<\/li>\n<li>La s\u00e9rie comprend \u00e9galement des sous-ensembles Upper Deck populaires tels que \u00ab\u00a0Home Field Advantage\u00a0\u00bb, \u00ab\u00a0Classic Alumni\u00a0\u00bb, \u00ab\u00a0Diamond Debut\u00a0\u00bb et \u00ab\u00a0Top Prospects\u00a0\u00bb.<\/li>\n<li>Background Infos 1994 : Nelson Mandela devient pr\u00e9sident de l&rsquo;Afrique du Sud, Sony lance la toute premi\u00e8re PlayStation au Japon, Michael Schumacher devient le premier champion du monde allemand de Formule 1 et la t\u00e9l\u00e9vision diffuse le premier \u00e9pisode de \u00ab\u00a0Friends\u00a0\u00bb. Nos Trading Cards \u00ab\u00a0vintage\u00a0\u00bb sont un r\u00eave pour tout nostalgique et pour tout collectionneur, car il ne s&rsquo;agit pas de reproductions des cartes pr\u00e9c\u00e9dentes, mais tous les paquets sont originaux et datent de l&rsquo;\u00e9poque o\u00f9 ils ont \u00e9t\u00e9 publi\u00e9s.<\/li>\n<\/ul>\n<p>Tu trouveras plus de Trading Cards d&rsquo;autrefois <strong><br \/>\n  <a href=\"https:\/\/memorabilia-germany.de\/fr\/trading-cards\">ici<\/a><br \/>\n<\/strong>.<\/p>\n","protected":false},"featured_media":39090,"template":"","meta":{"_acf_changed":false,"ocean_post_layout":"","ocean_both_sidebars_style":"","ocean_both_sidebars_content_width":0,"ocean_both_sidebars_sidebars_width":0,"ocean_sidebar":"0","ocean_second_sidebar":"0","ocean_disable_margins":"enable","ocean_add_body_class":"","ocean_shortcode_before_top_bar":"","ocean_shortcode_after_top_bar":"","ocean_shortcode_before_header":"","ocean_shortcode_after_header":"","ocean_has_shortcode":"","ocean_shortcode_after_title":"","ocean_shortcode_before_footer_widgets":"","ocean_shortcode_after_footer_widgets":"","ocean_shortcode_before_footer_bottom":"","ocean_shortcode_after_footer_bottom":"","ocean_display_top_bar":"default","ocean_display_header":"default","ocean_header_style":"","ocean_center_header_left_menu":"0","ocean_custom_header_template":"0","ocean_custom_logo":0,"ocean_custom_retina_logo":0,"ocean_custom_logo_max_width":0,"ocean_custom_logo_tablet_max_width":0,"ocean_custom_logo_mobile_max_width":0,"ocean_custom_logo_max_height":0,"ocean_custom_logo_tablet_max_height":0,"ocean_custom_logo_mobile_max_height":0,"ocean_header_custom_menu":"0","ocean_menu_typo_font_family":"0","ocean_menu_typo_font_subset":"","ocean_menu_typo_font_size":0,"ocean_menu_typo_font_size_tablet":0,"ocean_menu_typo_font_size_mobile":0,"ocean_menu_typo_font_size_unit":"px","ocean_menu_typo_font_weight":"","ocean_menu_typo_font_weight_tablet":"","ocean_menu_typo_font_weight_mobile":"","ocean_menu_typo_transform":"","ocean_menu_typo_transform_tablet":"","ocean_menu_typo_transform_mobile":"","ocean_menu_typo_line_height":0,"ocean_menu_typo_line_height_tablet":0,"ocean_menu_typo_line_height_mobile":0,"ocean_menu_typo_line_height_unit":"","ocean_menu_typo_spacing":0,"ocean_menu_typo_spacing_tablet":0,"ocean_menu_typo_spacing_mobile":0,"ocean_menu_typo_spacing_unit":"","ocean_menu_link_color":"","ocean_menu_link_color_hover":"","ocean_menu_link_color_active":"","ocean_menu_link_background":"","ocean_menu_link_hover_background":"","ocean_menu_link_active_background":"","ocean_menu_social_links_bg":"","ocean_menu_social_hover_links_bg":"","ocean_menu_social_links_color":"","ocean_menu_social_hover_links_color":"","ocean_disable_title":"default","ocean_disable_heading":"default","ocean_post_title":"","ocean_post_subheading":"","ocean_post_title_style":"","ocean_post_title_background_color":"","ocean_post_title_background":0,"ocean_post_title_bg_image_position":"","ocean_post_title_bg_image_attachment":"","ocean_post_title_bg_image_repeat":"","ocean_post_title_bg_image_size":"","ocean_post_title_height":0,"ocean_post_title_bg_overlay":0.5,"ocean_post_title_bg_overlay_color":"","ocean_disable_breadcrumbs":"default","ocean_breadcrumbs_color":"","ocean_breadcrumbs_separator_color":"","ocean_breadcrumbs_links_color":"","ocean_breadcrumbs_links_hover_color":"","ocean_display_footer_widgets":"default","ocean_display_footer_bottom":"default","ocean_custom_footer_template":"0","ofc_enable_fullscreen":"disable","ofc_fullscreen_speed":0,"ofc_fullscreen_nav":"enable","ofc_fullscreen_nav_pos":"right","ofc_fullscreen_nav_color":"","ofc_fullscreen_nav_tooltip_color":"","ofc_fullscreen_responsive":0},"product_brand":[],"product_cat":[1856],"product_tag":[],"class_list":{"0":"post-39089","1":"product","2":"type-product","3":"status-publish","4":"has-post-thumbnail","6":"product_cat-1994-upper-deck-baseball-cards-fr","7":"product_shipping_class-classe-dexpedition_a","9":"entry","10":"has-media","12":"first","13":"outofstock","14":"taxable","15":"shipping-taxable","16":"purchasable","17":"product-type-simple","18":"col","19":"span_1_of_4","20":"owp-content-center","21":"owp-thumbs-layout-horizontal","22":"owp-btn-normal","23":"owp-tabs-layout-horizontal"},"acf":[],"_links":{"self":[{"href":"https:\/\/memorabilia-germany.de\/fr\/wp-json\/wp\/v2\/product\/39089","targetHints":{"allow":["GET"]}}],"collection":[{"href":"https:\/\/memorabilia-germany.de\/fr\/wp-json\/wp\/v2\/product"}],"about":[{"href":"https:\/\/memorabilia-germany.de\/fr\/wp-json\/wp\/v2\/types\/product"}],"version-history":[{"count":0,"href":"https:\/\/memorabilia-germany.de\/fr\/wp-json\/wp\/v2\/product\/39089\/revisions"}],"wp:featuredmedia":[{"embeddable":true,"href":"https:\/\/memorabilia-germany.de\/fr\/wp-json\/wp\/v2\/media\/39090"}],"wp:attachment":[{"href":"https:\/\/memorabilia-germany.de\/fr\/wp-json\/wp\/v2\/media?parent=39089"}],"wp:term":[{"taxonomy":"product_brand","embeddable":true,"href":"https:\/\/memorabilia-germany.de\/fr\/wp-json\/wp\/v2\/product_brand?post=39089"},{"taxonomy":"product_cat","embeddable":true,"href":"https:\/\/memorabilia-germany.de\/fr\/wp-json\/wp\/v2\/product_cat?post=39089"},{"taxonomy":"product_tag","embeddable":true,"href":"https:\/\/memorabilia-germany.de\/fr\/wp-json\/wp\/v2\/product_tag?post=39089"}],"curies":[{"name":"wp","href":"https:\/\/api.w.org\/{rel}","templated":true}]}}