{"id":39070,"date":"2023-01-12T18:55:57","date_gmt":"2023-01-12T17:55:57","guid":{"rendered":"https:\/\/memorabilia-germany.de\/produkt\/1995-skybox-mortal-kombat-trading-cards-2\/"},"modified":"2025-08-08T15:29:50","modified_gmt":"2025-08-08T13:29:50","slug":"1995-skybox-mortal-kombat-trading-cards-2","status":"publish","type":"product","link":"https:\/\/memorabilia-germany.de\/fr\/produit\/1995-skybox-mortal-kombat-trading-cards-2\/","title":{"rendered":"1995 Skybox \u2013 Mortal Kombat Trading Cards"},"content":{"rendered":"","protected":false},"excerpt":{"rendered":"<p><strong>Trading Card Box scell\u00e9e, originale de 1995. Le th\u00e8me de ces Trading Cards est le l\u00e9gendaire jeu vid\u00e9o \u00ab Mortal Kombat \u00bb. Le jeu de combat est rapidement devenu culte car il se caract\u00e9rise non seulement par des personnages sophistiqu\u00e9s et des m\u00e9thodes de combat rares, mais aussi par une repr\u00e9sentation tr\u00e8s d\u00e9taill\u00e9e de la violence. En particulier, les l\u00e9gendaires \u00ab\u00a0fatalities\u00a0\u00bb, les mouvements de finition \u00e0 la fin d&rsquo;un combat victorieux, \u00e9taient une innovation que le monde du jeu vid\u00e9o n&rsquo;avait encore jamais vue sous cette forme. \u00c0 ce jour, la franchise a d\u00e9velopp\u00e9 de nombreux jeux de suivi, ainsi que des films, des comic books et de nombreux autres m\u00e9dias. Cette Trading Card Box a \u00e9t\u00e9 lanc\u00e9e par Skybox et est officiellement licenci\u00e9e par Midway. Plus d&rsquo;informations voir ci-dessous<\/strong><\/p>\n<ul style=\"list-style-type: square;\">\n<li>Cat\u00e9gorie: Hobby Box<\/li>\n<li>Contenu de la livraison : 36 paquets, 8 cartes par paquet<\/li>\n<li>\u00c9tat : non ouvert et initialement scell\u00e9 dans du papier d&rsquo;aluminium<\/li>\n<li>D\u00e9jouer: Factory sealed. La bo\u00eete est scell\u00e9e dans le film d&rsquo;origine du fabricant.<\/li>\n<li>Ann\u00e9e de parution : 1995<\/li>\n<li>Marque: Skybox<\/li>\n<li>Pays : \u00c9tats-Unis<\/li>\n<li>Trouvez de rares \u00ab\u00a0Gold Foil Warrior Champion Insert Cards\u00a0\u00bb, \u00ab\u00a0Red Foil Parallels\u00a0\u00bb &amp; \u00ab\u00a0Foil Embossed Insert Cards\u00a0\u00bb dans cette s\u00e9rie !<\/li>\n<li>La s\u00e9rie contient des Trading Cards des combattants Mortal Kombat les plus l\u00e9gendaires, comme Sub-Zero, Scorpion, Rayden ou Goro, et offre des souvenirs rares du jeu, du film et de la s\u00e9rie anim\u00e9e.<\/li>\n<li>Trouvez des cartes secr\u00e8tes Mortal Kombat Move Advice avec des conseils sur les fatalities et les mouvements les plus fous du jeu.<\/li>\n<li>Informations g\u00e9n\u00e9rales 1995 : Dans les \u00e9coles du monde entier, les fans du boys band Take That pleurent dans leurs bras parce que Robbie Williams annonce qu&rsquo;il quitte le groupe. Le moteur de recherche le plus populaire sur Internet, qui est encore relativement nouveau pour la plupart des gens, s&rsquo;appelle \u00ab Altavista \u00bb et ebay.com est fond\u00e9. Des films comme \u00ab Toy Story \u00bb et \u00ab Jumanji \u00bb sont projet\u00e9s dans les cin\u00e9mas et \u00ab Emergency Room \u00bb et \u00ab Friends \u00bb sont en plein essor \u00e0 la t\u00e9l\u00e9vision. Nos Trading Cards \u00ab\u00a0vintage\u00a0\u00bb sont un r\u00eave pour tout nostalgique et pour tout collectionneur, car il ne s&rsquo;agit pas de reproductions des cartes pr\u00e9c\u00e9dentes, mais tous les paquets sont originaux et datent de l&rsquo;\u00e9poque o\u00f9 ils ont \u00e9t\u00e9 publi\u00e9s.<\/li>\n<\/ul>\n<p>Tu trouveras plus de Trading Cards d&rsquo;autrefois <strong><br \/>\n  <a href=\"https:\/\/memorabilia-germany.de\/fr\/trading-cards\">ici<\/a><br \/>\n<\/strong>.<\/p>\n","protected":false},"featured_media":39071,"template":"","meta":{"_acf_changed":false,"ocean_post_layout":"","ocean_both_sidebars_style":"","ocean_both_sidebars_content_width":0,"ocean_both_sidebars_sidebars_width":0,"ocean_sidebar":"0","ocean_second_sidebar":"0","ocean_disable_margins":"enable","ocean_add_body_class":"","ocean_shortcode_before_top_bar":"","ocean_shortcode_after_top_bar":"","ocean_shortcode_before_header":"","ocean_shortcode_after_header":"","ocean_has_shortcode":"","ocean_shortcode_after_title":"","ocean_shortcode_before_footer_widgets":"","ocean_shortcode_after_footer_widgets":"","ocean_shortcode_before_footer_bottom":"","ocean_shortcode_after_footer_bottom":"","ocean_display_top_bar":"default","ocean_display_header":"default","ocean_header_style":"","ocean_center_header_left_menu":"0","ocean_custom_header_template":"0","ocean_custom_logo":0,"ocean_custom_retina_logo":0,"ocean_custom_logo_max_width":0,"ocean_custom_logo_tablet_max_width":0,"ocean_custom_logo_mobile_max_width":0,"ocean_custom_logo_max_height":0,"ocean_custom_logo_tablet_max_height":0,"ocean_custom_logo_mobile_max_height":0,"ocean_header_custom_menu":"0","ocean_menu_typo_font_family":"0","ocean_menu_typo_font_subset":"","ocean_menu_typo_font_size":0,"ocean_menu_typo_font_size_tablet":0,"ocean_menu_typo_font_size_mobile":0,"ocean_menu_typo_font_size_unit":"px","ocean_menu_typo_font_weight":"","ocean_menu_typo_font_weight_tablet":"","ocean_menu_typo_font_weight_mobile":"","ocean_menu_typo_transform":"","ocean_menu_typo_transform_tablet":"","ocean_menu_typo_transform_mobile":"","ocean_menu_typo_line_height":0,"ocean_menu_typo_line_height_tablet":0,"ocean_menu_typo_line_height_mobile":0,"ocean_menu_typo_line_height_unit":"","ocean_menu_typo_spacing":0,"ocean_menu_typo_spacing_tablet":0,"ocean_menu_typo_spacing_mobile":0,"ocean_menu_typo_spacing_unit":"","ocean_menu_link_color":"","ocean_menu_link_color_hover":"","ocean_menu_link_color_active":"","ocean_menu_link_background":"","ocean_menu_link_hover_background":"","ocean_menu_link_active_background":"","ocean_menu_social_links_bg":"","ocean_menu_social_hover_links_bg":"","ocean_menu_social_links_color":"","ocean_menu_social_hover_links_color":"","ocean_disable_title":"default","ocean_disable_heading":"default","ocean_post_title":"","ocean_post_subheading":"","ocean_post_title_style":"","ocean_post_title_background_color":"","ocean_post_title_background":0,"ocean_post_title_bg_image_position":"","ocean_post_title_bg_image_attachment":"","ocean_post_title_bg_image_repeat":"","ocean_post_title_bg_image_size":"","ocean_post_title_height":0,"ocean_post_title_bg_overlay":0.5,"ocean_post_title_bg_overlay_color":"","ocean_disable_breadcrumbs":"default","ocean_breadcrumbs_color":"","ocean_breadcrumbs_separator_color":"","ocean_breadcrumbs_links_color":"","ocean_breadcrumbs_links_hover_color":"","ocean_display_footer_widgets":"default","ocean_display_footer_bottom":"default","ocean_custom_footer_template":"0","ofc_enable_fullscreen":"disable","ofc_fullscreen_speed":0,"ofc_fullscreen_nav":"enable","ofc_fullscreen_nav_pos":"right","ofc_fullscreen_nav_color":"","ofc_fullscreen_nav_tooltip_color":"","ofc_fullscreen_responsive":0},"product_brand":[],"product_cat":[2146],"product_tag":[],"class_list":{"0":"post-39070","1":"product","2":"type-product","3":"status-publish","4":"has-post-thumbnail","6":"product_cat-1995-skybox-mortal-kombat-trading-cards-fr","7":"product_shipping_class-classe-dexpedition_a","9":"entry","10":"has-media","12":"first","13":"outofstock","14":"taxable","15":"shipping-taxable","16":"purchasable","17":"product-type-simple","18":"col","19":"span_1_of_4","20":"owp-content-center","21":"owp-thumbs-layout-horizontal","22":"owp-btn-normal","23":"owp-tabs-layout-horizontal"},"acf":[],"_links":{"self":[{"href":"https:\/\/memorabilia-germany.de\/fr\/wp-json\/wp\/v2\/product\/39070","targetHints":{"allow":["GET"]}}],"collection":[{"href":"https:\/\/memorabilia-germany.de\/fr\/wp-json\/wp\/v2\/product"}],"about":[{"href":"https:\/\/memorabilia-germany.de\/fr\/wp-json\/wp\/v2\/types\/product"}],"version-history":[{"count":0,"href":"https:\/\/memorabilia-germany.de\/fr\/wp-json\/wp\/v2\/product\/39070\/revisions"}],"wp:featuredmedia":[{"embeddable":true,"href":"https:\/\/memorabilia-germany.de\/fr\/wp-json\/wp\/v2\/media\/39071"}],"wp:attachment":[{"href":"https:\/\/memorabilia-germany.de\/fr\/wp-json\/wp\/v2\/media?parent=39070"}],"wp:term":[{"taxonomy":"product_brand","embeddable":true,"href":"https:\/\/memorabilia-germany.de\/fr\/wp-json\/wp\/v2\/product_brand?post=39070"},{"taxonomy":"product_cat","embeddable":true,"href":"https:\/\/memorabilia-germany.de\/fr\/wp-json\/wp\/v2\/product_cat?post=39070"},{"taxonomy":"product_tag","embeddable":true,"href":"https:\/\/memorabilia-germany.de\/fr\/wp-json\/wp\/v2\/product_tag?post=39070"}],"curies":[{"name":"wp","href":"https:\/\/api.w.org\/{rel}","templated":true}]}}