{"id":39054,"date":"2023-01-16T12:47:07","date_gmt":"2024-03-03T13:49:08","guid":{"rendered":"https:\/\/memorabilia-germany.de\/produkt\/1989-pro-set-the-official-nfl-card-2\/"},"modified":"2024-04-03T15:12:40","modified_gmt":"2024-04-03T13:12:40","slug":"1989-pro-set-the-official-nfl-card-2","status":"publish","type":"product","link":"https:\/\/memorabilia-germany.de\/fr\/produit\/1989-pro-set-the-official-nfl-card-2\/","title":{"rendered":"1989 Pro Set \u2013 The Official NFL Card"},"content":{"rendered":"","protected":false},"excerpt":{"rendered":"<p><strong>NFL Trading Card Box scell\u00e9e, originale de 1989. Des l\u00e9gendes comme Joe Montana, Dan Marino et Emmitt Smith ont jou\u00e9 dans la NFL et les San Francisco 49ers ont battu les Denver Broncos \u00e0 la fin de la saison lors du Super Bowl XXIV. Cette Trading Card Box a \u00e9t\u00e9 mise sur le march\u00e9 par la soci\u00e9t\u00e9 Pro Set, aujourd&rsquo;hui disparue. et est officiellement licenci\u00e9 par la NFL. Pour plus d&rsquo;informations, voir ci-dessous.<\/strong><\/p>\n<ul style=\"list-style-type: square;\">\n<li>Cat\u00e9gorie: Wax Box<\/li>\n<li>Contenu de la livraison : 36 paquets, 14 cartes par paquet<\/li>\n<li>\u00c9tat : non ouvert et initialement scell\u00e9 dans du papier d&rsquo;aluminium<\/li>\n<li>Feuille : La Wax Box provient d\u2019un \u00e9tui \u00ab factory sealed \u00bb contenant plusieurs Wax Boxes et n\u2019a pas \u00e9t\u00e9 ouverte et scell\u00e9e dans du papier d\u2019aluminium par Memorabilia Germany pour prot\u00e9ger les cartes. Tous les paquets de la Wax Box sont \u00e9galement non ouverts et scell\u00e9s d\u2019origine. Tous les paquets de la Wax Box sont \u00e9galement non ouverts et scell\u00e9s d&rsquo;origine.<\/li>\n<li>Ann\u00e9e de publication : 1989<\/li>\n<li>Marque: Pro Set<\/li>\n<li>Pays : \u00c9tats-Unis<\/li>\n<li>S\u00e9rie : S\u00e9rie 2<\/li>\n<li>La s\u00e9rie pr\u00e9sente des cartes de recrue rares provenant probablement de l&rsquo;une des plus grandes classes de recrues de tous les temps et comprend des noms comme Troy Aikman, Barry Sanders, Deion Sanders, Derrick Thomas, Cris Carter, Michael Irvin, Eric Metcalf, Rod Woodson, Flipper Anderson, Don Beebe, Brian Blades ou Tim Brown<\/li>\n<li>Retrouvez les cartes originales des l\u00e9gendes de la NFL de 1989 comme Joe Montana, Dan Marino ou Emmitt Smith.<\/li>\n<li>La s\u00e9rie contient le \u00ab1989 Pro Set Prospects Cards\u00bb!<\/li>\n<li>Vous ne pourrez malheureusement pas gagner le voyage au Super Bowl sans la DeLorean de Retour vers le futur, car le match s&rsquo;est d\u00e9roul\u00e9 il y a plus de 30 ans. Dommage !<\/li>\n<li>Background Infos 1989 : L&rsquo;ann\u00e9e se situe au milieu des \u00ab\u00a0ann\u00e9es de dynastie\u00a0\u00bb des San Francisco 49ers dirig\u00e9s par Joe Montana. Roseanne\u00a0\u00bb et \u00ab\u00a0The Cosby Show\u00a0\u00bb passaient en boucle \u00e0 la t\u00e9l\u00e9vision, le premier film Batman avec Michael Keaton sortait au cin\u00e9ma et le mur de Berlin \u00e9tait abattu. Nos Trading Cards \u00ab\u00a0vintage\u00a0\u00bb sont un r\u00eave pour tout nostalgique et pour tout collectionneur, car il ne s&rsquo;agit pas de reproductions des cartes pr\u00e9c\u00e9dentes, mais tous les paquets sont originaux et datent de l&rsquo;\u00e9poque o\u00f9 ils ont \u00e9t\u00e9 publi\u00e9s.<\/li>\n<\/ul>\n<p>Tu trouveras plus de Trading Cards d&rsquo;autrefois <strong><br \/>\n  <a href=\"https:\/\/memorabilia-germany.de\/fr\/trading-cards\">ici<\/a><br \/>\n<\/strong>.<\/p>\n","protected":false},"featured_media":39055,"template":"","meta":{"_acf_changed":false,"ocean_post_layout":"","ocean_both_sidebars_style":"","ocean_both_sidebars_content_width":0,"ocean_both_sidebars_sidebars_width":0,"ocean_sidebar":"0","ocean_second_sidebar":"0","ocean_disable_margins":"enable","ocean_add_body_class":"","ocean_shortcode_before_top_bar":"","ocean_shortcode_after_top_bar":"","ocean_shortcode_before_header":"","ocean_shortcode_after_header":"","ocean_has_shortcode":"","ocean_shortcode_after_title":"","ocean_shortcode_before_footer_widgets":"","ocean_shortcode_after_footer_widgets":"","ocean_shortcode_before_footer_bottom":"","ocean_shortcode_after_footer_bottom":"","ocean_display_top_bar":"default","ocean_display_header":"default","ocean_header_style":"","ocean_center_header_left_menu":"0","ocean_custom_header_template":"0","ocean_custom_logo":0,"ocean_custom_retina_logo":0,"ocean_custom_logo_max_width":0,"ocean_custom_logo_tablet_max_width":0,"ocean_custom_logo_mobile_max_width":0,"ocean_custom_logo_max_height":0,"ocean_custom_logo_tablet_max_height":0,"ocean_custom_logo_mobile_max_height":0,"ocean_header_custom_menu":"0","ocean_menu_typo_font_family":"0","ocean_menu_typo_font_subset":"","ocean_menu_typo_font_size":0,"ocean_menu_typo_font_size_tablet":0,"ocean_menu_typo_font_size_mobile":0,"ocean_menu_typo_font_size_unit":"px","ocean_menu_typo_font_weight":"","ocean_menu_typo_font_weight_tablet":"","ocean_menu_typo_font_weight_mobile":"","ocean_menu_typo_transform":"","ocean_menu_typo_transform_tablet":"","ocean_menu_typo_transform_mobile":"","ocean_menu_typo_line_height":0,"ocean_menu_typo_line_height_tablet":0,"ocean_menu_typo_line_height_mobile":0,"ocean_menu_typo_line_height_unit":"","ocean_menu_typo_spacing":0,"ocean_menu_typo_spacing_tablet":0,"ocean_menu_typo_spacing_mobile":0,"ocean_menu_typo_spacing_unit":"","ocean_menu_link_color":"","ocean_menu_link_color_hover":"","ocean_menu_link_color_active":"","ocean_menu_link_background":"","ocean_menu_link_hover_background":"","ocean_menu_link_active_background":"","ocean_menu_social_links_bg":"","ocean_menu_social_hover_links_bg":"","ocean_menu_social_links_color":"","ocean_menu_social_hover_links_color":"","ocean_disable_title":"default","ocean_disable_heading":"default","ocean_post_title":"","ocean_post_subheading":"","ocean_post_title_style":"","ocean_post_title_background_color":"","ocean_post_title_background":0,"ocean_post_title_bg_image_position":"","ocean_post_title_bg_image_attachment":"","ocean_post_title_bg_image_repeat":"","ocean_post_title_bg_image_size":"","ocean_post_title_height":0,"ocean_post_title_bg_overlay":0.5,"ocean_post_title_bg_overlay_color":"","ocean_disable_breadcrumbs":"default","ocean_breadcrumbs_color":"","ocean_breadcrumbs_separator_color":"","ocean_breadcrumbs_links_color":"","ocean_breadcrumbs_links_hover_color":"","ocean_display_footer_widgets":"default","ocean_display_footer_bottom":"default","ocean_custom_footer_template":"0","ofc_enable_fullscreen":"disable","ofc_fullscreen_speed":0,"ofc_fullscreen_nav":"enable","ofc_fullscreen_nav_pos":"right","ofc_fullscreen_nav_color":"","ofc_fullscreen_nav_tooltip_color":"","ofc_fullscreen_responsive":0},"product_brand":[],"product_cat":[2242],"product_tag":[],"class_list":{"0":"post-39054","1":"product","2":"type-product","3":"status-publish","4":"has-post-thumbnail","6":"product_cat-1989-pro-set-the-official-nfl-card-fr","7":"product_shipping_class-classe-dexpedition_a","9":"entry","10":"has-media","12":"first","13":"outofstock","14":"taxable","15":"shipping-taxable","16":"purchasable","17":"product-type-simple","18":"col","19":"span_1_of_4","20":"owp-content-center","21":"owp-thumbs-layout-horizontal","22":"owp-btn-normal","23":"owp-tabs-layout-horizontal"},"acf":[],"_links":{"self":[{"href":"https:\/\/memorabilia-germany.de\/fr\/wp-json\/wp\/v2\/product\/39054","targetHints":{"allow":["GET"]}}],"collection":[{"href":"https:\/\/memorabilia-germany.de\/fr\/wp-json\/wp\/v2\/product"}],"about":[{"href":"https:\/\/memorabilia-germany.de\/fr\/wp-json\/wp\/v2\/types\/product"}],"version-history":[{"count":0,"href":"https:\/\/memorabilia-germany.de\/fr\/wp-json\/wp\/v2\/product\/39054\/revisions"}],"wp:featuredmedia":[{"embeddable":true,"href":"https:\/\/memorabilia-germany.de\/fr\/wp-json\/wp\/v2\/media\/39055"}],"wp:attachment":[{"href":"https:\/\/memorabilia-germany.de\/fr\/wp-json\/wp\/v2\/media?parent=39054"}],"wp:term":[{"taxonomy":"product_brand","embeddable":true,"href":"https:\/\/memorabilia-germany.de\/fr\/wp-json\/wp\/v2\/product_brand?post=39054"},{"taxonomy":"product_cat","embeddable":true,"href":"https:\/\/memorabilia-germany.de\/fr\/wp-json\/wp\/v2\/product_cat?post=39054"},{"taxonomy":"product_tag","embeddable":true,"href":"https:\/\/memorabilia-germany.de\/fr\/wp-json\/wp\/v2\/product_tag?post=39054"}],"curies":[{"name":"wp","href":"https:\/\/api.w.org\/{rel}","templated":true}]}}