{"id":39004,"date":"2023-01-16T14:59:44","date_gmt":"2024-03-03T13:06:23","guid":{"rendered":"https:\/\/memorabilia-germany.de\/produkt\/1988-topps-big-baseball-cards-2\/"},"modified":"2024-06-18T14:58:27","modified_gmt":"2024-06-18T12:58:27","slug":"1988-topps-big-baseball-cards-2","status":"publish","type":"product","link":"https:\/\/memorabilia-germany.de\/fr\/produit\/1988-topps-big-baseball-cards-2\/","title":{"rendered":"1988 topps \u2013<\/br>Big Baseball Cards"},"content":{"rendered":"","protected":false},"excerpt":{"rendered":"<p><strong>MLB Trading Card Box scell\u00e9e, originale de 1988. Des l\u00e9gendes comme Bob Welch, Jack Morris et Roger Clemens ont jou\u00e9 dans la MLB et les Los Angeles Dodgers ont remport\u00e9 World Series contre les Oakland Athletics \u00e0 la fin de la saison. Le moment \u00e9tait l\u00e9gendaire lorsque le Dodgers Outfielder Kirk Gibson, bless\u00e9 aux deux jambes, a ramass\u00e9 son b\u00e2ton de mani\u00e8re inattendue lors de la neuvi\u00e8me manche du premier match de la S\u00e9rie mondiale et a boit\u00e9 jusqu&rsquo;\u00e0 la base pour frapper. Bien qu&rsquo;il puisse \u00e0 peine se tenir debout, il a frapp\u00e9 le ballon dans le ciel nocturne de Los Angeles quelques instants plus tard et les Dodgers ont remport\u00e9 le premier match avec un \u201ePinch Hitter\u201c Walk Off. Cette Trading Card Box a \u00e9t\u00e9 publi\u00e9e par Topps et est officiellement sous licence de la MLB. Plus d&rsquo;informations voir ci-dessous<\/strong><\/p>\n<ul style=\"list-style-type: square;\">\n<li>Cat\u00e9gorie: Wax Box<\/li>\n<li>Contenu de la bo\u00eete : 36 packs, 7 cartes par pack<\/li>\n<li>\u00c9tat : non ouvert et initialement scell\u00e9 dans du papier d&rsquo;aluminium<\/li>\n<li>Feuille : La Wax Box provient d\u2019un \u00e9tui \u00ab factory sealed \u00bb contenant plusieurs Wax Boxes et n\u2019a pas \u00e9t\u00e9 ouverte et scell\u00e9e dans du papier d\u2019aluminium par Memorabilia Germany pour prot\u00e9ger les cartes. Tous les paquets de la Wax Box sont \u00e9galement non ouverts et scell\u00e9s d\u2019origine. Tous les paquets de la Wax Box sont \u00e9galement non ouverts et scell\u00e9s d&rsquo;origine.<\/li>\n<li>Ann\u00e9e de parution : 1988<\/li>\n<li>Marque: topps<\/li>\n<li>Pays : \u00c9tats-Unis<\/li>\n<li>S\u00e9rie : S\u00e9rie 1<\/li>\n<li>Trouvez les cartes MLB Legends originales de 1988. La s\u00e9rie contient des cartes de joueurs l\u00e9gendaires tels que Bob Welch, Jack Morris et Roger Clemens. De nombreuses cartes sont en outre agr\u00e9ment\u00e9es de Old-School Baseball-Comics !<\/li>\n<li>Les rookie cards de cette s\u00e9rie comprennent des noms de futures stars de la MLB comme Ellis Burks, Ken Caminiti, Tom Glavine ou Matt Williams.<\/li>\n<li>La s\u00e9rie comprend \u00e9galement des sous-ensembles topps populaires comme \u00ab\u00a0Record Breakers\u00a0\u00bb, \u00ab\u00a0All-Stars\u00a0\u00bb, \u00ab\u00a0Turn Back the Clock\u00a0\u00bb, \u00ab\u00a0Manager Cards\u00a0\u00bb et \u00ab\u00a0Team Leaders\u00a0\u00bb.<\/li>\n<li>Background Infos 1988 : Des hommes politiques comme Ronald Reagan, Mikha\u00efl Gorbatchev ou Margaret Thatcher d\u00e9terminent la politique mondiale et l&rsquo;effondrement de l&rsquo;URSS commence. L&rsquo;\u00e9mission de t\u00e9l\u00e9vision la plus populaire est le \u00ab\u00a0Cosby Show\u00a0\u00bb et le cin\u00e9ma diffuse plus tard des classiques comme \u00ab\u00a0Die Hard\u00a0\u00bb ou \u00ab\u00a0Rain Man\u00a0\u00bb. Nos Trading Cards \u00ab\u00a0vintage\u00a0\u00bb sont un r\u00eave pour tout nostalgique et pour tout collectionneur, car il ne s&rsquo;agit pas de reproductions des cartes pr\u00e9c\u00e9dentes, mais tous les paquets sont originaux et datent de l&rsquo;\u00e9poque o\u00f9 ils ont \u00e9t\u00e9 publi\u00e9s.<\/li>\n<\/ul>\n<p>Tu trouveras plus de Trading Cards d&rsquo;autrefois <strong><br \/>\n  <a href=\"https:\/\/memorabilia-germany.de\/fr\/trading-cards\">ici<\/a><br \/>\n<\/strong>.<\/p>\n","protected":false},"featured_media":39005,"template":"","meta":{"_acf_changed":false,"ocean_post_layout":"","ocean_both_sidebars_style":"","ocean_both_sidebars_content_width":0,"ocean_both_sidebars_sidebars_width":0,"ocean_sidebar":"0","ocean_second_sidebar":"0","ocean_disable_margins":"enable","ocean_add_body_class":"","ocean_shortcode_before_top_bar":"","ocean_shortcode_after_top_bar":"","ocean_shortcode_before_header":"","ocean_shortcode_after_header":"","ocean_has_shortcode":"","ocean_shortcode_after_title":"","ocean_shortcode_before_footer_widgets":"","ocean_shortcode_after_footer_widgets":"","ocean_shortcode_before_footer_bottom":"","ocean_shortcode_after_footer_bottom":"","ocean_display_top_bar":"default","ocean_display_header":"default","ocean_header_style":"","ocean_center_header_left_menu":"0","ocean_custom_header_template":"0","ocean_custom_logo":0,"ocean_custom_retina_logo":0,"ocean_custom_logo_max_width":0,"ocean_custom_logo_tablet_max_width":0,"ocean_custom_logo_mobile_max_width":0,"ocean_custom_logo_max_height":0,"ocean_custom_logo_tablet_max_height":0,"ocean_custom_logo_mobile_max_height":0,"ocean_header_custom_menu":"0","ocean_menu_typo_font_family":"0","ocean_menu_typo_font_subset":"","ocean_menu_typo_font_size":0,"ocean_menu_typo_font_size_tablet":0,"ocean_menu_typo_font_size_mobile":0,"ocean_menu_typo_font_size_unit":"px","ocean_menu_typo_font_weight":"","ocean_menu_typo_font_weight_tablet":"","ocean_menu_typo_font_weight_mobile":"","ocean_menu_typo_transform":"","ocean_menu_typo_transform_tablet":"","ocean_menu_typo_transform_mobile":"","ocean_menu_typo_line_height":0,"ocean_menu_typo_line_height_tablet":0,"ocean_menu_typo_line_height_mobile":0,"ocean_menu_typo_line_height_unit":"","ocean_menu_typo_spacing":0,"ocean_menu_typo_spacing_tablet":0,"ocean_menu_typo_spacing_mobile":0,"ocean_menu_typo_spacing_unit":"","ocean_menu_link_color":"","ocean_menu_link_color_hover":"","ocean_menu_link_color_active":"","ocean_menu_link_background":"","ocean_menu_link_hover_background":"","ocean_menu_link_active_background":"","ocean_menu_social_links_bg":"","ocean_menu_social_hover_links_bg":"","ocean_menu_social_links_color":"","ocean_menu_social_hover_links_color":"","ocean_disable_title":"default","ocean_disable_heading":"default","ocean_post_title":"","ocean_post_subheading":"","ocean_post_title_style":"","ocean_post_title_background_color":"","ocean_post_title_background":0,"ocean_post_title_bg_image_position":"","ocean_post_title_bg_image_attachment":"","ocean_post_title_bg_image_repeat":"","ocean_post_title_bg_image_size":"","ocean_post_title_height":0,"ocean_post_title_bg_overlay":0.5,"ocean_post_title_bg_overlay_color":"","ocean_disable_breadcrumbs":"default","ocean_breadcrumbs_color":"","ocean_breadcrumbs_separator_color":"","ocean_breadcrumbs_links_color":"","ocean_breadcrumbs_links_hover_color":"","ocean_display_footer_widgets":"default","ocean_display_footer_bottom":"default","ocean_custom_footer_template":"0","ofc_enable_fullscreen":"disable","ofc_fullscreen_speed":0,"ofc_fullscreen_nav":"enable","ofc_fullscreen_nav_pos":"right","ofc_fullscreen_nav_color":"","ofc_fullscreen_nav_tooltip_color":"","ofc_fullscreen_responsive":0},"product_brand":[],"product_cat":[1816],"product_tag":[],"class_list":{"0":"post-39004","1":"product","2":"type-product","3":"status-publish","4":"has-post-thumbnail","6":"product_cat-1988-topps-big-baseball-cards-fr","7":"product_shipping_class-classe-dexpedition_a","9":"entry","10":"has-media","12":"first","13":"outofstock","14":"taxable","15":"shipping-taxable","16":"purchasable","17":"product-type-simple","18":"col","19":"span_1_of_4","20":"owp-content-center","21":"owp-thumbs-layout-horizontal","22":"owp-btn-normal","23":"owp-tabs-layout-horizontal"},"acf":[],"_links":{"self":[{"href":"https:\/\/memorabilia-germany.de\/fr\/wp-json\/wp\/v2\/product\/39004","targetHints":{"allow":["GET"]}}],"collection":[{"href":"https:\/\/memorabilia-germany.de\/fr\/wp-json\/wp\/v2\/product"}],"about":[{"href":"https:\/\/memorabilia-germany.de\/fr\/wp-json\/wp\/v2\/types\/product"}],"version-history":[{"count":0,"href":"https:\/\/memorabilia-germany.de\/fr\/wp-json\/wp\/v2\/product\/39004\/revisions"}],"wp:featuredmedia":[{"embeddable":true,"href":"https:\/\/memorabilia-germany.de\/fr\/wp-json\/wp\/v2\/media\/39005"}],"wp:attachment":[{"href":"https:\/\/memorabilia-germany.de\/fr\/wp-json\/wp\/v2\/media?parent=39004"}],"wp:term":[{"taxonomy":"product_brand","embeddable":true,"href":"https:\/\/memorabilia-germany.de\/fr\/wp-json\/wp\/v2\/product_brand?post=39004"},{"taxonomy":"product_cat","embeddable":true,"href":"https:\/\/memorabilia-germany.de\/fr\/wp-json\/wp\/v2\/product_cat?post=39004"},{"taxonomy":"product_tag","embeddable":true,"href":"https:\/\/memorabilia-germany.de\/fr\/wp-json\/wp\/v2\/product_tag?post=39004"}],"curies":[{"name":"wp","href":"https:\/\/api.w.org\/{rel}","templated":true}]}}