{"id":38994,"date":"2023-01-16T15:19:00","date_gmt":"2023-01-16T14:19:00","guid":{"rendered":"https:\/\/memorabilia-germany.de\/produkt\/1981-topps-baseball-album-stickers-2\/"},"modified":"2024-06-17T16:57:51","modified_gmt":"2024-06-17T14:57:51","slug":"1981-topps-baseball-album-stickers-2","status":"publish","type":"product","link":"https:\/\/memorabilia-germany.de\/fr\/produit\/1981-topps-baseball-album-stickers-2\/","title":{"rendered":"1981 topps \u2013<\/br>Baseball Album Stickers"},"content":{"rendered":"","protected":false},"excerpt":{"rendered":"<p><strong>Bo\u00eete d&rsquo;autocollants MLB Trading scell\u00e9e, originale de 1981. Des l\u00e9gendes comme Reggie Jackson, Dusty Baker ou Mike Schmidt ont jou\u00e9 dans la MLB et les Los Angeles Dodgers ont remport\u00e9 \u00e0 la fin de la saison leur premi\u00e8re S\u00e9rie mondiale depuis 1965 contre les New York Yankees. Des \u00e9quipes ont d\u00e9but\u00e9 dans la ligue avec des noms d\u00e9sormais connus uniquement des experts, comme \u00ab California Angels \u00bb ou \u00ab Montreal Expos \u00bb. Cette Trading Sticker Box a \u00e9t\u00e9 lanc\u00e9e par Panini pour les topps et est sous licence officielle de la MLB. Pour plus d&rsquo;informations, voir ci-dessous.<\/strong><\/p>\n<ul style=\"list-style-type: square;\">\n<li>Cat\u00e9gorie: Dealer Box<\/li>\n<li>Contenu de la livraison : 100 paquets, 4 autocollants par paquet<\/li>\n<li>Condition : non ouvert et scell\u00e9 avec le \u00ab topps Factory Seal \u00bb.<\/li>\n<li>Film : La Dealer Box est \u00ab\u00a0factory sealed\u00a0\u00bb par autocollant de scellement et provient d&rsquo;un bo\u00eetier \u00ab\u00a0factory sealed\u00a0\u00bb contenant plusieurs Dealer Box. Il a \u00e9t\u00e9 mis sous film par Memorabilia Germany afin de prot\u00e9ger les autocollants. Tous les paquets de la Dealer Box sont \u00e9galement non ouverts et scell\u00e9s d&rsquo;origine.<\/li>\n<li>Ann\u00e9e de parution : 1981<\/li>\n<li>Marque: topps (by Panini)<\/li>\n<li>Pays : \u00c9tats-Unis<\/li>\n<li>Trouvez 1981 Gold &amp; Silver Foil All Star Sticker !<\/li>\n<li>Trouve les autocollants originaux des l\u00e9gendes de la MLB de 1981 comme Reggie Jackson, Dusty Baker ou Mike Schmidt.<\/li>\n<li>L&rsquo;\u00e9dition pr\u00e9sente les premiers autocollants du genre, produits pour les topps au d\u00e9but des ann\u00e9es 80. Certains autocollants rendent hommage aux leaders du pitching et du batting de la saison 1980 !<\/li>\n<li>Informations g\u00e9n\u00e9rales 1981 : Helmut Schmidt, chancelier l\u00e9gendaire, devient chancelier de l&rsquo;Allemagne de l&rsquo;Ouest, tandis que le pr\u00e9sident am\u00e9ricain Jimmy Carter doit c\u00e9der ses fonctions \u00e0 l&rsquo;acteur hollywoodien Ronald Reagan. La cha\u00eene de t\u00e9l\u00e9vision musicale MTV est diffus\u00e9e pour la premi\u00e8re fois aux \u00c9tats-Unis et les chansons de Barbra Streisand, Chaka Khan, Diana Ross et Lionel Richie occupent les premi\u00e8res places des charts. Des films comme le premier \u00ab Indiana Jones \u00bb ou \u00ab La Danse des Diables \u00bb apparaissent au cin\u00e9ma. Nos Trading Sticker \u00ab vintage \u00bb sont un r\u00eave pour tout nostalgique et tout collectionneur, car ils ne sont pas des reproductions des autocollants pr\u00e9c\u00e9dents, mais tous les emballages sont originaux de l&rsquo;\u00e9poque \u00e0 laquelle ils ont \u00e9t\u00e9 publi\u00e9s.<\/li>\n<\/ul>\n<p>Tu trouveras plus de Trading Cards d&rsquo;autrefois <strong><br \/>\n  <a href=\"https:\/\/memorabilia-germany.de\/fr\/trading-cards\">ici<\/a><br \/>\n<\/strong>.<\/p>\n","protected":false},"featured_media":38995,"template":"","meta":{"_acf_changed":false,"ocean_post_layout":"","ocean_both_sidebars_style":"","ocean_both_sidebars_content_width":0,"ocean_both_sidebars_sidebars_width":0,"ocean_sidebar":"0","ocean_second_sidebar":"0","ocean_disable_margins":"enable","ocean_add_body_class":"","ocean_shortcode_before_top_bar":"","ocean_shortcode_after_top_bar":"","ocean_shortcode_before_header":"","ocean_shortcode_after_header":"","ocean_has_shortcode":"","ocean_shortcode_after_title":"","ocean_shortcode_before_footer_widgets":"","ocean_shortcode_after_footer_widgets":"","ocean_shortcode_before_footer_bottom":"","ocean_shortcode_after_footer_bottom":"","ocean_display_top_bar":"default","ocean_display_header":"default","ocean_header_style":"","ocean_center_header_left_menu":"0","ocean_custom_header_template":"0","ocean_custom_logo":0,"ocean_custom_retina_logo":0,"ocean_custom_logo_max_width":0,"ocean_custom_logo_tablet_max_width":0,"ocean_custom_logo_mobile_max_width":0,"ocean_custom_logo_max_height":0,"ocean_custom_logo_tablet_max_height":0,"ocean_custom_logo_mobile_max_height":0,"ocean_header_custom_menu":"0","ocean_menu_typo_font_family":"0","ocean_menu_typo_font_subset":"","ocean_menu_typo_font_size":0,"ocean_menu_typo_font_size_tablet":0,"ocean_menu_typo_font_size_mobile":0,"ocean_menu_typo_font_size_unit":"px","ocean_menu_typo_font_weight":"","ocean_menu_typo_font_weight_tablet":"","ocean_menu_typo_font_weight_mobile":"","ocean_menu_typo_transform":"","ocean_menu_typo_transform_tablet":"","ocean_menu_typo_transform_mobile":"","ocean_menu_typo_line_height":0,"ocean_menu_typo_line_height_tablet":0,"ocean_menu_typo_line_height_mobile":0,"ocean_menu_typo_line_height_unit":"","ocean_menu_typo_spacing":0,"ocean_menu_typo_spacing_tablet":0,"ocean_menu_typo_spacing_mobile":0,"ocean_menu_typo_spacing_unit":"","ocean_menu_link_color":"","ocean_menu_link_color_hover":"","ocean_menu_link_color_active":"","ocean_menu_link_background":"","ocean_menu_link_hover_background":"","ocean_menu_link_active_background":"","ocean_menu_social_links_bg":"","ocean_menu_social_hover_links_bg":"","ocean_menu_social_links_color":"","ocean_menu_social_hover_links_color":"","ocean_disable_title":"default","ocean_disable_heading":"default","ocean_post_title":"","ocean_post_subheading":"","ocean_post_title_style":"","ocean_post_title_background_color":"","ocean_post_title_background":0,"ocean_post_title_bg_image_position":"","ocean_post_title_bg_image_attachment":"","ocean_post_title_bg_image_repeat":"","ocean_post_title_bg_image_size":"","ocean_post_title_height":0,"ocean_post_title_bg_overlay":0.5,"ocean_post_title_bg_overlay_color":"","ocean_disable_breadcrumbs":"default","ocean_breadcrumbs_color":"","ocean_breadcrumbs_separator_color":"","ocean_breadcrumbs_links_color":"","ocean_breadcrumbs_links_hover_color":"","ocean_display_footer_widgets":"default","ocean_display_footer_bottom":"default","ocean_custom_footer_template":"0","ofc_enable_fullscreen":"disable","ofc_fullscreen_speed":0,"ofc_fullscreen_nav":"enable","ofc_fullscreen_nav_pos":"right","ofc_fullscreen_nav_color":"","ofc_fullscreen_nav_tooltip_color":"","ofc_fullscreen_responsive":0},"product_brand":[],"product_cat":[1814],"product_tag":[],"class_list":{"0":"post-38994","1":"product","2":"type-product","3":"status-publish","4":"has-post-thumbnail","6":"product_cat-1981-topps-baseball-album-stickers-fr-trading-cards-base-ball-hobby-box","7":"product_shipping_class-classe-dexpedition_a","9":"entry","10":"has-media","12":"first","13":"instock","14":"taxable","15":"shipping-taxable","16":"purchasable","17":"product-type-simple","18":"col","19":"span_1_of_4","20":"owp-content-center","21":"owp-thumbs-layout-horizontal","22":"owp-btn-normal","23":"owp-tabs-layout-horizontal"},"acf":[],"_links":{"self":[{"href":"https:\/\/memorabilia-germany.de\/fr\/wp-json\/wp\/v2\/product\/38994","targetHints":{"allow":["GET"]}}],"collection":[{"href":"https:\/\/memorabilia-germany.de\/fr\/wp-json\/wp\/v2\/product"}],"about":[{"href":"https:\/\/memorabilia-germany.de\/fr\/wp-json\/wp\/v2\/types\/product"}],"version-history":[{"count":0,"href":"https:\/\/memorabilia-germany.de\/fr\/wp-json\/wp\/v2\/product\/38994\/revisions"}],"wp:featuredmedia":[{"embeddable":true,"href":"https:\/\/memorabilia-germany.de\/fr\/wp-json\/wp\/v2\/media\/38995"}],"wp:attachment":[{"href":"https:\/\/memorabilia-germany.de\/fr\/wp-json\/wp\/v2\/media?parent=38994"}],"wp:term":[{"taxonomy":"product_brand","embeddable":true,"href":"https:\/\/memorabilia-germany.de\/fr\/wp-json\/wp\/v2\/product_brand?post=38994"},{"taxonomy":"product_cat","embeddable":true,"href":"https:\/\/memorabilia-germany.de\/fr\/wp-json\/wp\/v2\/product_cat?post=38994"},{"taxonomy":"product_tag","embeddable":true,"href":"https:\/\/memorabilia-germany.de\/fr\/wp-json\/wp\/v2\/product_tag?post=38994"}],"curies":[{"name":"wp","href":"https:\/\/api.w.org\/{rel}","templated":true}]}}