{"id":38375,"date":"2023-05-23T15:22:13","date_gmt":"2024-03-02T11:44:03","guid":{"rendered":"https:\/\/memorabilia-germany.de\/produkt\/hulk-2-segovia-cover-ryan-ottley-donny-cates-2\/"},"modified":"2024-06-03T15:09:41","modified_gmt":"2024-06-03T13:09:41","slug":"hulk-2-segovia-cover-ryan-ottley-donny-cates-2","status":"publish","type":"product","link":"https:\/\/memorabilia-germany.de\/fr\/produit\/hulk-2-segovia-cover-ryan-ottley-donny-cates-2\/","title":{"rendered":"HULK # 2 SEGOVIA COVER (Ryan Ottley + Donny Cates)"},"content":{"rendered":"","protected":false},"excerpt":{"rendered":"<p><strong>Comic book sign\u00e9 et grad\u00e9 de la \u00ab\u00a0CGC Signature Series\u00a0\u00bb. Autographes des artistes de BD Ryan Ottley et Donny Cates sur la couverture. Toutes les signatures sur les bandes dessin\u00e9es CGC de cette s\u00e9rie ont \u00e9t\u00e9 remises et attest\u00e9es en pr\u00e9sence d&rsquo;un expert CGC. Pour plus d&rsquo;informations, voir ci-dessous.<\/strong><\/p>\n<ul style=\"list-style-type: square;\">\n<li>Marque de la soci\u00e9t\u00e9 de notation : Certified Guaranty Company (CGC)<\/li>\n<li>Titre : Hulk #2 (Segovia Variant Cover)<\/li>\n<li>\u00c9diteur : MARVEL Comics<\/li>\n<li>Ann\u00e9e de publication : 2022<\/li>\n<li>Grading Note: 9.8<\/li>\n<li>Signature : Ryan Ottley + Donny Cates, crayon de couleur violet et argent\u00e9<\/li>\n<li>Date de la signature : 12\/02\/2022 (Ottley) et 22\/02\/2022 (Cates)<\/li>\n<li>Infos sur l&rsquo;artiste : Ryan Ottley est un artiste de bande dessin\u00e9e r\u00e9put\u00e9, notamment pour les titres Invincible d&rsquo;Image Comics et The Amazing Spiderman de MARVEL. En collaboration avec Todd McFarlane et l&rsquo;auteur de Walking Dead Robert Kirkman, Ottley a travaill\u00e9 sur les livres \u00e0 succ\u00e8s Haunt. Il est actuellement le sc\u00e9nariste principal de MARVEL pour Hulk.<\/li>\n<li>Informations sur l&rsquo;artiste : Donny Cates est un dessinateur de bandes dessin\u00e9es, \u00e9crivain et podcasteur. Cates est particuli\u00e8rement c\u00e9l\u00e8bre sur la sc\u00e8ne de la bande dessin\u00e9e pour ses \u0153uvres pour MARVEL Comics et Dark Horse. Son travail comprend des titres tels que Captain America, Doctor Strange, Hulk, Venom, Guardians of the Galaxy et Absolute Carnage. Cates a \u00e9galement \u00e9t\u00e9 impliqu\u00e9 dans plusieurs publications Star Trek pour IDW. Avec Ryan Stegman, Cates g\u00e8re le portail Internet \u00e0 succ\u00e8s \u00ab KLC Press \u00bb, qui traite du monde de la bande dessin\u00e9e et propose des podcasts.<\/li>\n<\/ul>\n<p>Tu trouveras plus de CGC Comics <strong><a href=\"https:\/\/memorabilia-germany.de\/fr\/cgc-comics-2\/\">ici<\/a><\/strong>.<\/p>\n","protected":false},"featured_media":38376,"template":"","meta":{"_acf_changed":false,"ocean_post_layout":"","ocean_both_sidebars_style":"","ocean_both_sidebars_content_width":0,"ocean_both_sidebars_sidebars_width":0,"ocean_sidebar":"0","ocean_second_sidebar":"0","ocean_disable_margins":"enable","ocean_add_body_class":"","ocean_shortcode_before_top_bar":"","ocean_shortcode_after_top_bar":"","ocean_shortcode_before_header":"","ocean_shortcode_after_header":"","ocean_has_shortcode":"","ocean_shortcode_after_title":"","ocean_shortcode_before_footer_widgets":"","ocean_shortcode_after_footer_widgets":"","ocean_shortcode_before_footer_bottom":"","ocean_shortcode_after_footer_bottom":"","ocean_display_top_bar":"default","ocean_display_header":"default","ocean_header_style":"","ocean_center_header_left_menu":"0","ocean_custom_header_template":"0","ocean_custom_logo":0,"ocean_custom_retina_logo":0,"ocean_custom_logo_max_width":0,"ocean_custom_logo_tablet_max_width":0,"ocean_custom_logo_mobile_max_width":0,"ocean_custom_logo_max_height":0,"ocean_custom_logo_tablet_max_height":0,"ocean_custom_logo_mobile_max_height":0,"ocean_header_custom_menu":"0","ocean_menu_typo_font_family":"0","ocean_menu_typo_font_subset":"","ocean_menu_typo_font_size":0,"ocean_menu_typo_font_size_tablet":0,"ocean_menu_typo_font_size_mobile":0,"ocean_menu_typo_font_size_unit":"px","ocean_menu_typo_font_weight":"","ocean_menu_typo_font_weight_tablet":"","ocean_menu_typo_font_weight_mobile":"","ocean_menu_typo_transform":"","ocean_menu_typo_transform_tablet":"","ocean_menu_typo_transform_mobile":"","ocean_menu_typo_line_height":0,"ocean_menu_typo_line_height_tablet":0,"ocean_menu_typo_line_height_mobile":0,"ocean_menu_typo_line_height_unit":"","ocean_menu_typo_spacing":0,"ocean_menu_typo_spacing_tablet":0,"ocean_menu_typo_spacing_mobile":0,"ocean_menu_typo_spacing_unit":"","ocean_menu_link_color":"","ocean_menu_link_color_hover":"","ocean_menu_link_color_active":"","ocean_menu_link_background":"","ocean_menu_link_hover_background":"","ocean_menu_link_active_background":"","ocean_menu_social_links_bg":"","ocean_menu_social_hover_links_bg":"","ocean_menu_social_links_color":"","ocean_menu_social_hover_links_color":"","ocean_disable_title":"default","ocean_disable_heading":"default","ocean_post_title":"","ocean_post_subheading":"","ocean_post_title_style":"","ocean_post_title_background_color":"","ocean_post_title_background":0,"ocean_post_title_bg_image_position":"","ocean_post_title_bg_image_attachment":"","ocean_post_title_bg_image_repeat":"","ocean_post_title_bg_image_size":"","ocean_post_title_height":0,"ocean_post_title_bg_overlay":0.5,"ocean_post_title_bg_overlay_color":"","ocean_disable_breadcrumbs":"default","ocean_breadcrumbs_color":"","ocean_breadcrumbs_separator_color":"","ocean_breadcrumbs_links_color":"","ocean_breadcrumbs_links_hover_color":"","ocean_display_footer_widgets":"default","ocean_display_footer_bottom":"default","ocean_custom_footer_template":"0","ofc_enable_fullscreen":"disable","ofc_fullscreen_speed":0,"ofc_fullscreen_nav":"enable","ofc_fullscreen_nav_pos":"right","ofc_fullscreen_nav_color":"","ofc_fullscreen_nav_tooltip_color":"","ofc_fullscreen_responsive":0},"product_brand":[],"product_cat":[2117],"product_tag":[],"class_list":{"0":"post-38375","1":"product","2":"type-product","3":"status-publish","4":"has-post-thumbnail","6":"product_cat-hulk-2-segovia-cover-ryan-ottley-donny-cates-fr","7":"product_shipping_class-classe-dexpedition_a","9":"entry","10":"has-media","12":"first","13":"outofstock","14":"taxable","15":"shipping-taxable","16":"purchasable","17":"product-type-simple","18":"col","19":"span_1_of_4","20":"owp-content-center","21":"owp-thumbs-layout-horizontal","22":"owp-btn-normal","23":"owp-tabs-layout-horizontal"},"acf":[],"_links":{"self":[{"href":"https:\/\/memorabilia-germany.de\/fr\/wp-json\/wp\/v2\/product\/38375","targetHints":{"allow":["GET"]}}],"collection":[{"href":"https:\/\/memorabilia-germany.de\/fr\/wp-json\/wp\/v2\/product"}],"about":[{"href":"https:\/\/memorabilia-germany.de\/fr\/wp-json\/wp\/v2\/types\/product"}],"version-history":[{"count":0,"href":"https:\/\/memorabilia-germany.de\/fr\/wp-json\/wp\/v2\/product\/38375\/revisions"}],"wp:featuredmedia":[{"embeddable":true,"href":"https:\/\/memorabilia-germany.de\/fr\/wp-json\/wp\/v2\/media\/38376"}],"wp:attachment":[{"href":"https:\/\/memorabilia-germany.de\/fr\/wp-json\/wp\/v2\/media?parent=38375"}],"wp:term":[{"taxonomy":"product_brand","embeddable":true,"href":"https:\/\/memorabilia-germany.de\/fr\/wp-json\/wp\/v2\/product_brand?post=38375"},{"taxonomy":"product_cat","embeddable":true,"href":"https:\/\/memorabilia-germany.de\/fr\/wp-json\/wp\/v2\/product_cat?post=38375"},{"taxonomy":"product_tag","embeddable":true,"href":"https:\/\/memorabilia-germany.de\/fr\/wp-json\/wp\/v2\/product_tag?post=38375"}],"curies":[{"name":"wp","href":"https:\/\/api.w.org\/{rel}","templated":true}]}}