{"id":38290,"date":"2023-05-31T16:40:20","date_gmt":"2024-03-01T18:10:23","guid":{"rendered":"https:\/\/memorabilia-germany.de\/produkt\/action-comics-600-john-beatty-michael-zeck-2\/"},"modified":"2024-06-03T14:20:10","modified_gmt":"2024-06-03T12:20:10","slug":"action-comics-600-john-beatty-michael-zeck-2","status":"publish","type":"product","link":"https:\/\/memorabilia-germany.de\/fr\/produit\/action-comics-600-john-beatty-michael-zeck-2\/","title":{"rendered":"ACTION COMICS # 600 (John Beatty + Michael Zeck)"},"content":{"rendered":"","protected":false},"excerpt":{"rendered":"<p><strong>Comic book sign\u00e9 et grad\u00e9 de la \u00ab\u00a0CGC Signature Series\u00a0\u00bb. Autographes des dessinateurs de bandes dessin\u00e9es John Beatty et Michael Zeck sur la couverture. Toutes les signatures sur les bandes dessin\u00e9es CGC de cette s\u00e9rie ont \u00e9t\u00e9 remises et attest\u00e9es en pr\u00e9sence d&rsquo;un expert CGC. Pour plus d&rsquo;informations, voir ci-dessous.<\/strong><\/p>\n<ul style=\"list-style-type: square;\">\n<li>Marque de la soci\u00e9t\u00e9 de notation : Certified Guaranty Company (CGC)<\/li>\n<li>Titre: Action Comics #600<\/li>\n<li>\u00c9diteur : DC Comics<\/li>\n<li>Ann\u00e9e de parution : 1988<\/li>\n<li>Grading Note: 9.8<\/li>\n<li>Signature : John Beatty + Michael Zeck, crayon de couleur noir<\/li>\n<li>Date de signature : 12 ao\u00fbt 2021 (les deux)<\/li>\n<li>Informations sur l&rsquo;artiste : John Beatty est un artiste de bande dessin\u00e9e \u00e0 succ\u00e8s international pour DC et MARVEL. Contrairement \u00e0 d\u2019autres dessinateurs de bandes dessin\u00e9es, Beatty a d\u00fb se battre avec acharnement pour trouver sa place aupr\u00e8s des \u00e9diteurs. Pendant des ann\u00e9es, il a assist\u00e9 \u00e0 des conventions et \u00e0 d&rsquo;autres \u00e9v\u00e9nements publics o\u00f9 des repr\u00e9sentants des principaux \u00e9diteurs \u00e9taient sur place et ont montr\u00e9 son travail jusqu&rsquo;\u00e0 ce qu&rsquo;en 1980, il re\u00e7oive une invitation de Jim Shooter \u00e0 essayer son travail chez MARVEL \u00e0 New York. Avec l&rsquo;aide de Michael Zeck, Beatty a pu d\u00e9crocher ses premi\u00e8res commandes notables pour MARVEL et plus tard \u00e9galement pour DC. Au fil des ann\u00e9es, sa carri\u00e8re d\u00e9colle et Beatty devient artiste sur des titres majeurs tels que Captain America, Punisher, Superman, Batman, Justice League et Action Comics.<\/li>\n<li>Informations sur l&rsquo;artiste : Apr\u00e8s une courte p\u00e9riode chez Charlton Comics, Michael Zeck a commenc\u00e9 \u00e0 travailler pour MARVEL en 1977. Avec l&rsquo;\u00e9crivain Doug Moench, il a con\u00e7u Master of Kung Fu, une \u0153uvre qui a \u00e9t\u00e9 \u00e9lue l&rsquo;une des \u00ab Top 10 Marvels of the 70s \u00bb par le portail Web repr\u00e9sentatif de bandes dessin\u00e9es Comics Bulletin. Punisher, Spiderman, G.I. Joe \u2013 Michael Zeck a \u00e9t\u00e9 artiste pour de nombreux titres c\u00e9l\u00e8bres chez MARVEL au fil des ans, mais a \u00e9galement travaill\u00e9 pour DC et con\u00e7u des couvertures pour des s\u00e9ries telles que Action Comics, Batman et Deathstroke.<\/li>\n<\/ul>\n<p>Tu trouveras plus de CGC Comics <strong><a href=\"https:\/\/memorabilia-germany.de\/fr\/cgc-comics-2\/\">ici<\/a><\/strong>.<\/p>\n","protected":false},"featured_media":38291,"template":"","meta":{"_acf_changed":false,"ocean_post_layout":"","ocean_both_sidebars_style":"","ocean_both_sidebars_content_width":0,"ocean_both_sidebars_sidebars_width":0,"ocean_sidebar":"0","ocean_second_sidebar":"0","ocean_disable_margins":"enable","ocean_add_body_class":"","ocean_shortcode_before_top_bar":"","ocean_shortcode_after_top_bar":"","ocean_shortcode_before_header":"","ocean_shortcode_after_header":"","ocean_has_shortcode":"","ocean_shortcode_after_title":"","ocean_shortcode_before_footer_widgets":"","ocean_shortcode_after_footer_widgets":"","ocean_shortcode_before_footer_bottom":"","ocean_shortcode_after_footer_bottom":"","ocean_display_top_bar":"default","ocean_display_header":"default","ocean_header_style":"","ocean_center_header_left_menu":"0","ocean_custom_header_template":"0","ocean_custom_logo":0,"ocean_custom_retina_logo":0,"ocean_custom_logo_max_width":0,"ocean_custom_logo_tablet_max_width":0,"ocean_custom_logo_mobile_max_width":0,"ocean_custom_logo_max_height":0,"ocean_custom_logo_tablet_max_height":0,"ocean_custom_logo_mobile_max_height":0,"ocean_header_custom_menu":"0","ocean_menu_typo_font_family":"0","ocean_menu_typo_font_subset":"","ocean_menu_typo_font_size":0,"ocean_menu_typo_font_size_tablet":0,"ocean_menu_typo_font_size_mobile":0,"ocean_menu_typo_font_size_unit":"px","ocean_menu_typo_font_weight":"","ocean_menu_typo_font_weight_tablet":"","ocean_menu_typo_font_weight_mobile":"","ocean_menu_typo_transform":"","ocean_menu_typo_transform_tablet":"","ocean_menu_typo_transform_mobile":"","ocean_menu_typo_line_height":0,"ocean_menu_typo_line_height_tablet":0,"ocean_menu_typo_line_height_mobile":0,"ocean_menu_typo_line_height_unit":"","ocean_menu_typo_spacing":0,"ocean_menu_typo_spacing_tablet":0,"ocean_menu_typo_spacing_mobile":0,"ocean_menu_typo_spacing_unit":"","ocean_menu_link_color":"","ocean_menu_link_color_hover":"","ocean_menu_link_color_active":"","ocean_menu_link_background":"","ocean_menu_link_hover_background":"","ocean_menu_link_active_background":"","ocean_menu_social_links_bg":"","ocean_menu_social_hover_links_bg":"","ocean_menu_social_links_color":"","ocean_menu_social_hover_links_color":"","ocean_disable_title":"default","ocean_disable_heading":"default","ocean_post_title":"","ocean_post_subheading":"","ocean_post_title_style":"","ocean_post_title_background_color":"","ocean_post_title_background":0,"ocean_post_title_bg_image_position":"","ocean_post_title_bg_image_attachment":"","ocean_post_title_bg_image_repeat":"","ocean_post_title_bg_image_size":"","ocean_post_title_height":0,"ocean_post_title_bg_overlay":0.5,"ocean_post_title_bg_overlay_color":"","ocean_disable_breadcrumbs":"default","ocean_breadcrumbs_color":"","ocean_breadcrumbs_separator_color":"","ocean_breadcrumbs_links_color":"","ocean_breadcrumbs_links_hover_color":"","ocean_display_footer_widgets":"default","ocean_display_footer_bottom":"default","ocean_custom_footer_template":"0","ofc_enable_fullscreen":"disable","ofc_fullscreen_speed":0,"ofc_fullscreen_nav":"enable","ofc_fullscreen_nav_pos":"right","ofc_fullscreen_nav_color":"","ofc_fullscreen_nav_tooltip_color":"","ofc_fullscreen_responsive":0},"product_brand":[],"product_cat":[2087],"product_tag":[],"class_list":{"0":"post-38290","1":"product","2":"type-product","3":"status-publish","4":"has-post-thumbnail","6":"product_cat-action-comics-600-john-beatty-michael-zeck-fr","7":"product_shipping_class-classe-dexpedition_a","9":"entry","10":"has-media","12":"first","13":"outofstock","14":"taxable","15":"shipping-taxable","16":"purchasable","17":"product-type-simple","18":"col","19":"span_1_of_4","20":"owp-content-center","21":"owp-thumbs-layout-horizontal","22":"owp-btn-normal","23":"owp-tabs-layout-horizontal"},"acf":[],"_links":{"self":[{"href":"https:\/\/memorabilia-germany.de\/fr\/wp-json\/wp\/v2\/product\/38290","targetHints":{"allow":["GET"]}}],"collection":[{"href":"https:\/\/memorabilia-germany.de\/fr\/wp-json\/wp\/v2\/product"}],"about":[{"href":"https:\/\/memorabilia-germany.de\/fr\/wp-json\/wp\/v2\/types\/product"}],"version-history":[{"count":0,"href":"https:\/\/memorabilia-germany.de\/fr\/wp-json\/wp\/v2\/product\/38290\/revisions"}],"wp:featuredmedia":[{"embeddable":true,"href":"https:\/\/memorabilia-germany.de\/fr\/wp-json\/wp\/v2\/media\/38291"}],"wp:attachment":[{"href":"https:\/\/memorabilia-germany.de\/fr\/wp-json\/wp\/v2\/media?parent=38290"}],"wp:term":[{"taxonomy":"product_brand","embeddable":true,"href":"https:\/\/memorabilia-germany.de\/fr\/wp-json\/wp\/v2\/product_brand?post=38290"},{"taxonomy":"product_cat","embeddable":true,"href":"https:\/\/memorabilia-germany.de\/fr\/wp-json\/wp\/v2\/product_cat?post=38290"},{"taxonomy":"product_tag","embeddable":true,"href":"https:\/\/memorabilia-germany.de\/fr\/wp-json\/wp\/v2\/product_tag?post=38290"}],"curies":[{"name":"wp","href":"https:\/\/api.w.org\/{rel}","templated":true}]}}