{"id":38105,"date":"2023-06-21T14:04:02","date_gmt":"2024-03-01T17:12:47","guid":{"rendered":"https:\/\/memorabilia-germany.de\/produkt\/2006-upper-deck-basketball-cardssingle-pack-hobby-box\/"},"modified":"2024-03-01T18:13:13","modified_gmt":"2024-03-01T17:13:13","slug":"2006-upper-deck-basketball-cardssingle-pack-hobby-box","status":"publish","type":"product","link":"https:\/\/memorabilia-germany.de\/fr\/produit\/2006-upper-deck-basketball-cardssingle-pack-hobby-box\/","title":{"rendered":"2006 Upper Deck Basketball Cards,<br>Single Pack (Hobby Box)"},"content":{"rendered":"","protected":false},"excerpt":{"rendered":"<p><strong>Pack non ouvert NBA Trading Cards, originales de 2006 avec une chance aux LeBron James Memorabilia Cards. Quelle \u00e9poque l\u00e9gendaire ! De nouvelles superstars comme Kobe Bryant et Dirk Nowitzki ont jou\u00e9 dans la NBA, qui regorgeait d\u00e9j\u00e0 de stars comme Shaquille O&rsquo;Neal et Allen Iverson, et un jeune LeBron James a \u00e9galement fait sensation d\u00e8s le d\u00e9but. La finale de la NBA a \u00e9t\u00e9 remport\u00e9e par les San Antonio Spurs, tout simplement imbattables avec le Big Three des Spurs compos\u00e9 de Tim Duncan, Manu Gin\u00f3bili et Tony Parker. Pour plus d&rsquo;informations, voir ci-dessous.<\/strong><\/p>\n<ul style=\"list-style-type: square;\">\n<li>Contenu du pack : 8 cartes<\/li>\n<li>Ann\u00e9e de publication : 2006<\/li>\n<li>Marque : Upper Deck<\/li>\n<li>Pays : \u00c9tats-Unis<\/li>\n<li>S\u00e9rie : S\u00e9rie 1<\/li>\n<li>Le paquet (\u00ab\u00a0Single Pack\u00a0\u00bb) provient d&rsquo;une \u00ab\u00a0Hobby Box\u00a0\u00bb ouverte par Memorabilia Germany, qui contient en tout 24 paquets. Tous les paquets sont en parfait \u00e9tat malgr\u00e9 leur \u00e2ge.<\/li>\n<li>Trouvez de pr\u00e9cieuses LeBron James Memorabilia Cards :\n<ul style=\"list-style-type: circle;\">\n<li>\u201cUD Game Jerseys\u201d<\/li>\n<li>\u201cLeBrons Commercial Worn Memorabilia\u201d<\/li>\n<li>\u201cLeBrons Commercial Worn Memorabilia\u201d (Duals: numbered to 50)<\/li>\n<li>\u201cLeBrons Commercial Worn Memorabilia\u201d (Quads numbered to 10)<\/li>\n<\/ul>\n<\/li>\n<li>Hot Packs avec 8 cartes \u00e0 ins\u00e9rer dans un seul pack de cette s\u00e9rie !<\/li>\n<li>Inserts et Parallels dans cette s\u00e9rie :\n<ul style=\"list-style-type: circle;\">\n<li>\u201eThe LeBrons\u00a0\u00bb<\/li>\n<li>\u201eMVP Watch\u201d<\/li>\n<li>\u201eFlight Team\u201d<\/li>\n<\/ul>\n<\/li>\n<li>Rookie Cards:\n<ul style=\"list-style-type: circle;\">\n<li>Star Rookies<\/li>\n<li>Star Rookies SP<\/li>\n<\/ul>\n<\/li>\n<li>Retrouvez les cartes originales des l\u00e9gendes NBA de 2006 comme LeBron James, Kobe Bryant ou Dirk Nowitzki ainsi que les cartes rookie de l&rsquo;ann\u00e9e rookie autour de Daniel Gibson, Adam Morrison et J.J. R\u00e9dick !<\/li>\n<li>Informations g\u00e9n\u00e9rales 2006 : La Coupe du monde de football tant attendue a lieu en Allemagne. Cependant, le \u00ab conte de f\u00e9es de l\u2019\u00e9t\u00e9 \u00bb n\u2019a pas lieu puisque l\u2019\u00e9quipe nationale est battue en demi-finale par l\u2019Italie, futur champion du monde. Des gros titres encore plus importants n\u2019ont fait leur apparition qu\u2019en ligne. Twitter a \u00e9t\u00e9 fond\u00e9 et Google a rachet\u00e9 YouTube. Nos Trading Cards \u00ab\u00a0vintage\u00a0\u00bb sont un r\u00eave pour tout nostalgique et pour tout collectionneur, car il ne s&rsquo;agit pas de reproductions des cartes pr\u00e9c\u00e9dentes, mais tous les paquets sont originaux et datent de l&rsquo;\u00e9poque o\u00f9 ils ont \u00e9t\u00e9 publi\u00e9s.<\/li>\n<\/ul>\n<p>Tu trouveras plus de Trading Cards d&rsquo;autrefois <strong><br \/>\n  <a href=\"https:\/\/memorabilia-germany.de\/fr\/trading-cards\">ici<\/a><br \/>\n<\/strong>.<\/p>\n","protected":false},"featured_media":38106,"template":"","meta":{"_acf_changed":false,"ocean_post_layout":"","ocean_both_sidebars_style":"","ocean_both_sidebars_content_width":0,"ocean_both_sidebars_sidebars_width":0,"ocean_sidebar":"0","ocean_second_sidebar":"0","ocean_disable_margins":"enable","ocean_add_body_class":"","ocean_shortcode_before_top_bar":"","ocean_shortcode_after_top_bar":"","ocean_shortcode_before_header":"","ocean_shortcode_after_header":"","ocean_has_shortcode":"","ocean_shortcode_after_title":"","ocean_shortcode_before_footer_widgets":"","ocean_shortcode_after_footer_widgets":"","ocean_shortcode_before_footer_bottom":"","ocean_shortcode_after_footer_bottom":"","ocean_display_top_bar":"default","ocean_display_header":"default","ocean_header_style":"","ocean_center_header_left_menu":"0","ocean_custom_header_template":"0","ocean_custom_logo":0,"ocean_custom_retina_logo":0,"ocean_custom_logo_max_width":0,"ocean_custom_logo_tablet_max_width":0,"ocean_custom_logo_mobile_max_width":0,"ocean_custom_logo_max_height":0,"ocean_custom_logo_tablet_max_height":0,"ocean_custom_logo_mobile_max_height":0,"ocean_header_custom_menu":"0","ocean_menu_typo_font_family":"0","ocean_menu_typo_font_subset":"","ocean_menu_typo_font_size":0,"ocean_menu_typo_font_size_tablet":0,"ocean_menu_typo_font_size_mobile":0,"ocean_menu_typo_font_size_unit":"px","ocean_menu_typo_font_weight":"","ocean_menu_typo_font_weight_tablet":"","ocean_menu_typo_font_weight_mobile":"","ocean_menu_typo_transform":"","ocean_menu_typo_transform_tablet":"","ocean_menu_typo_transform_mobile":"","ocean_menu_typo_line_height":0,"ocean_menu_typo_line_height_tablet":0,"ocean_menu_typo_line_height_mobile":0,"ocean_menu_typo_line_height_unit":"","ocean_menu_typo_spacing":0,"ocean_menu_typo_spacing_tablet":0,"ocean_menu_typo_spacing_mobile":0,"ocean_menu_typo_spacing_unit":"","ocean_menu_link_color":"","ocean_menu_link_color_hover":"","ocean_menu_link_color_active":"","ocean_menu_link_background":"","ocean_menu_link_hover_background":"","ocean_menu_link_active_background":"","ocean_menu_social_links_bg":"","ocean_menu_social_hover_links_bg":"","ocean_menu_social_links_color":"","ocean_menu_social_hover_links_color":"","ocean_disable_title":"default","ocean_disable_heading":"default","ocean_post_title":"","ocean_post_subheading":"","ocean_post_title_style":"","ocean_post_title_background_color":"","ocean_post_title_background":0,"ocean_post_title_bg_image_position":"","ocean_post_title_bg_image_attachment":"","ocean_post_title_bg_image_repeat":"","ocean_post_title_bg_image_size":"","ocean_post_title_height":0,"ocean_post_title_bg_overlay":0.5,"ocean_post_title_bg_overlay_color":"","ocean_disable_breadcrumbs":"default","ocean_breadcrumbs_color":"","ocean_breadcrumbs_separator_color":"","ocean_breadcrumbs_links_color":"","ocean_breadcrumbs_links_hover_color":"","ocean_display_footer_widgets":"default","ocean_display_footer_bottom":"default","ocean_custom_footer_template":"0","ofc_enable_fullscreen":"disable","ofc_fullscreen_speed":0,"ofc_fullscreen_nav":"enable","ofc_fullscreen_nav_pos":"right","ofc_fullscreen_nav_color":"","ofc_fullscreen_nav_tooltip_color":"","ofc_fullscreen_responsive":0},"product_brand":[],"product_cat":[1989],"product_tag":[],"class_list":{"0":"post-38105","1":"product","2":"type-product","3":"status-publish","4":"has-post-thumbnail","6":"product_cat-2006-upper-deck-basketball-cards-single-pack-hobby-box-fr","7":"product_shipping_class-classe-dexpedition_b","9":"entry","10":"has-media","12":"first","13":"instock","14":"taxable","15":"shipping-taxable","16":"purchasable","17":"product-type-simple","18":"col","19":"span_1_of_4","20":"owp-content-center","21":"owp-thumbs-layout-horizontal","22":"owp-btn-normal","23":"owp-tabs-layout-horizontal"},"acf":[],"_links":{"self":[{"href":"https:\/\/memorabilia-germany.de\/fr\/wp-json\/wp\/v2\/product\/38105","targetHints":{"allow":["GET"]}}],"collection":[{"href":"https:\/\/memorabilia-germany.de\/fr\/wp-json\/wp\/v2\/product"}],"about":[{"href":"https:\/\/memorabilia-germany.de\/fr\/wp-json\/wp\/v2\/types\/product"}],"version-history":[{"count":0,"href":"https:\/\/memorabilia-germany.de\/fr\/wp-json\/wp\/v2\/product\/38105\/revisions"}],"wp:featuredmedia":[{"embeddable":true,"href":"https:\/\/memorabilia-germany.de\/fr\/wp-json\/wp\/v2\/media\/38106"}],"wp:attachment":[{"href":"https:\/\/memorabilia-germany.de\/fr\/wp-json\/wp\/v2\/media?parent=38105"}],"wp:term":[{"taxonomy":"product_brand","embeddable":true,"href":"https:\/\/memorabilia-germany.de\/fr\/wp-json\/wp\/v2\/product_brand?post=38105"},{"taxonomy":"product_cat","embeddable":true,"href":"https:\/\/memorabilia-germany.de\/fr\/wp-json\/wp\/v2\/product_cat?post=38105"},{"taxonomy":"product_tag","embeddable":true,"href":"https:\/\/memorabilia-germany.de\/fr\/wp-json\/wp\/v2\/product_tag?post=38105"}],"curies":[{"name":"wp","href":"https:\/\/api.w.org\/{rel}","templated":true}]}}