{"id":38096,"date":"2023-06-21T14:35:29","date_gmt":"2024-03-01T17:03:56","guid":{"rendered":"https:\/\/memorabilia-germany.de\/produkt\/1997-nba-hoops-basketball-cardswax-pack-2\/"},"modified":"2024-06-02T15:15:58","modified_gmt":"2024-06-02T13:15:58","slug":"1997-nba-hoops-basketball-cardswax-pack-2","status":"publish","type":"product","link":"https:\/\/memorabilia-germany.de\/fr\/produit\/1997-nba-hoops-basketball-cardswax-pack-2\/","title":{"rendered":"1997 NBA HOOPS Basketball Cards,<br>Wax Pack"},"content":{"rendered":"","protected":false},"excerpt":{"rendered":"<p><strong>Pack non ouvert NBA Trading Cards, originales de 1997 avec une chance d&rsquo;obtenir des cartes originales sign\u00e9es de la s\u00e9rie Autographics Signature. Des l\u00e9gendes comme Dennis Rodman, Shaquille O&rsquo;Neal et Tim Duncan ont jou\u00e9 dans la NBA et les Chicago Bulls autour de Michael Jordan ont remport\u00e9 la troisi\u00e8me finale NBA cons\u00e9cutive. Cette victoire en finale \u00e9tait \u00e9galement la sixi\u00e8me en 8 ans. \u00c0 la fin de la saison, Michael Jordan a quitt\u00e9 les Bulls, ce qui a \u00e9galement marqu\u00e9 la fin de ce qui est probablement la dynastie NBA la plus l\u00e9gendaire de tous les temps. Pour plus d&rsquo;informations, voir ci-dessous.<\/strong><\/p>\n<ul style=\"list-style-type: square;\">\n<li>Contenu du pack : 10 cartes<\/li>\n<li>Ann\u00e9e de parution : 1997<\/li>\n<li>Marque : NBA HOOPS<\/li>\n<li>Pays : \u00c9tats-Unis<\/li>\n<li>S\u00e9rie : S\u00e9rie 1<\/li>\n<li>Le colis (\u00ab Wax Pack \u00bb) provient d&rsquo;une \u00ab Retail Box \u00bb ouverte par Memorabilia Germany, qui contient un total de 22 colis. Tous les paquets sont en parfait \u00e9tat malgr\u00e9 leur \u00e2ge.<\/li>\n<li>Autographics Signature Series Cards de 1997 dans cette s\u00e9rie !<\/li>\n<li>Retrouvez les cartes originales des l\u00e9gendes de la NBA de 1997 comme Michael Jordan, Dennis Rodman ou encore Shaquille O&rsquo;Neal.<\/li>\n<li>Retail Exclusive \u00ab\u00a0Dish &lsquo;N&rsquo; Swish\u00a0\u00bb Insert Cards dans cette s\u00e9rie !<\/li>\n<li>Trouve \u00e9galement des Insert Cards de Subsets comme \u00ab\u00a0Chill with Hill\u00a0\u00bb, \u00ab\u00a0High Voltage\u00a0\u00bb ou \u00ab\u00a0HOOPerstars\u00a0\u00bb !<\/li>\n<li>La s\u00e9rie contient des cartes de recrue rares de superstars ult\u00e9rieures telles que Tim Duncan, Keith Van Horn, Ron Mercer, Tracy McGrady et Chauncey Billups.<\/li>\n<li>Contexte 1997 : Lady Di perd la vie dans une course-poursuite avec des paparazzi \u00e0 Paris, les T\u00e9l\u00e9tubbies sortent pour la premi\u00e8re fois de leur grotte, les Britanniques abandonnent leur administration de Hong Kong et des films comme \u00ab Titanic \u00bb ou \u00ab Men in Black \u00bb font vibrer le public du cin\u00e9ma. Nos Trading Cards \u00ab\u00a0vintage\u00a0\u00bb sont un r\u00eave pour tout nostalgique et pour tout collectionneur, car il ne s&rsquo;agit pas de reproductions des cartes pr\u00e9c\u00e9dentes, mais tous les paquets sont originaux et datent de l&rsquo;\u00e9poque o\u00f9 ils ont \u00e9t\u00e9 publi\u00e9s.<\/li>\n<\/ul>\n<p>Tu trouveras plus de Trading Cards d&rsquo;autrefois <strong><br \/>\n  <a href=\"https:\/\/memorabilia-germany.de\/fr\/trading-cards\">ici<\/a><br \/>\n<\/strong>.<\/p>\n","protected":false},"featured_media":38097,"template":"","meta":{"_acf_changed":false,"ocean_post_layout":"","ocean_both_sidebars_style":"","ocean_both_sidebars_content_width":0,"ocean_both_sidebars_sidebars_width":0,"ocean_sidebar":"0","ocean_second_sidebar":"0","ocean_disable_margins":"enable","ocean_add_body_class":"","ocean_shortcode_before_top_bar":"","ocean_shortcode_after_top_bar":"","ocean_shortcode_before_header":"","ocean_shortcode_after_header":"","ocean_has_shortcode":"","ocean_shortcode_after_title":"","ocean_shortcode_before_footer_widgets":"","ocean_shortcode_after_footer_widgets":"","ocean_shortcode_before_footer_bottom":"","ocean_shortcode_after_footer_bottom":"","ocean_display_top_bar":"default","ocean_display_header":"default","ocean_header_style":"","ocean_center_header_left_menu":"0","ocean_custom_header_template":"0","ocean_custom_logo":0,"ocean_custom_retina_logo":0,"ocean_custom_logo_max_width":0,"ocean_custom_logo_tablet_max_width":0,"ocean_custom_logo_mobile_max_width":0,"ocean_custom_logo_max_height":0,"ocean_custom_logo_tablet_max_height":0,"ocean_custom_logo_mobile_max_height":0,"ocean_header_custom_menu":"0","ocean_menu_typo_font_family":"0","ocean_menu_typo_font_subset":"","ocean_menu_typo_font_size":0,"ocean_menu_typo_font_size_tablet":0,"ocean_menu_typo_font_size_mobile":0,"ocean_menu_typo_font_size_unit":"px","ocean_menu_typo_font_weight":"","ocean_menu_typo_font_weight_tablet":"","ocean_menu_typo_font_weight_mobile":"","ocean_menu_typo_transform":"","ocean_menu_typo_transform_tablet":"","ocean_menu_typo_transform_mobile":"","ocean_menu_typo_line_height":0,"ocean_menu_typo_line_height_tablet":0,"ocean_menu_typo_line_height_mobile":0,"ocean_menu_typo_line_height_unit":"","ocean_menu_typo_spacing":0,"ocean_menu_typo_spacing_tablet":0,"ocean_menu_typo_spacing_mobile":0,"ocean_menu_typo_spacing_unit":"","ocean_menu_link_color":"","ocean_menu_link_color_hover":"","ocean_menu_link_color_active":"","ocean_menu_link_background":"","ocean_menu_link_hover_background":"","ocean_menu_link_active_background":"","ocean_menu_social_links_bg":"","ocean_menu_social_hover_links_bg":"","ocean_menu_social_links_color":"","ocean_menu_social_hover_links_color":"","ocean_disable_title":"default","ocean_disable_heading":"default","ocean_post_title":"","ocean_post_subheading":"","ocean_post_title_style":"","ocean_post_title_background_color":"","ocean_post_title_background":0,"ocean_post_title_bg_image_position":"","ocean_post_title_bg_image_attachment":"","ocean_post_title_bg_image_repeat":"","ocean_post_title_bg_image_size":"","ocean_post_title_height":0,"ocean_post_title_bg_overlay":0.5,"ocean_post_title_bg_overlay_color":"","ocean_disable_breadcrumbs":"default","ocean_breadcrumbs_color":"","ocean_breadcrumbs_separator_color":"","ocean_breadcrumbs_links_color":"","ocean_breadcrumbs_links_hover_color":"","ocean_display_footer_widgets":"default","ocean_display_footer_bottom":"default","ocean_custom_footer_template":"0","ofc_enable_fullscreen":"disable","ofc_fullscreen_speed":0,"ofc_fullscreen_nav":"enable","ofc_fullscreen_nav_pos":"right","ofc_fullscreen_nav_color":"","ofc_fullscreen_nav_tooltip_color":"","ofc_fullscreen_responsive":0},"product_brand":[],"product_cat":[1985],"product_tag":[],"class_list":{"0":"post-38096","1":"product","2":"type-product","3":"status-publish","4":"has-post-thumbnail","6":"product_cat-1997-nba-hoops-basketball-cards-wax-pack-fr","7":"product_shipping_class-classe-dexpedition_b","9":"entry","10":"has-media","12":"first","13":"outofstock","14":"taxable","15":"shipping-taxable","16":"purchasable","17":"product-type-simple","18":"col","19":"span_1_of_4","20":"owp-content-center","21":"owp-thumbs-layout-horizontal","22":"owp-btn-normal","23":"owp-tabs-layout-horizontal"},"acf":[],"_links":{"self":[{"href":"https:\/\/memorabilia-germany.de\/fr\/wp-json\/wp\/v2\/product\/38096","targetHints":{"allow":["GET"]}}],"collection":[{"href":"https:\/\/memorabilia-germany.de\/fr\/wp-json\/wp\/v2\/product"}],"about":[{"href":"https:\/\/memorabilia-germany.de\/fr\/wp-json\/wp\/v2\/types\/product"}],"version-history":[{"count":0,"href":"https:\/\/memorabilia-germany.de\/fr\/wp-json\/wp\/v2\/product\/38096\/revisions"}],"wp:featuredmedia":[{"embeddable":true,"href":"https:\/\/memorabilia-germany.de\/fr\/wp-json\/wp\/v2\/media\/38097"}],"wp:attachment":[{"href":"https:\/\/memorabilia-germany.de\/fr\/wp-json\/wp\/v2\/media?parent=38096"}],"wp:term":[{"taxonomy":"product_brand","embeddable":true,"href":"https:\/\/memorabilia-germany.de\/fr\/wp-json\/wp\/v2\/product_brand?post=38096"},{"taxonomy":"product_cat","embeddable":true,"href":"https:\/\/memorabilia-germany.de\/fr\/wp-json\/wp\/v2\/product_cat?post=38096"},{"taxonomy":"product_tag","embeddable":true,"href":"https:\/\/memorabilia-germany.de\/fr\/wp-json\/wp\/v2\/product_tag?post=38096"}],"curies":[{"name":"wp","href":"https:\/\/api.w.org\/{rel}","templated":true}]}}