{"id":38086,"date":"2023-06-21T15:14:11","date_gmt":"2024-03-01T16:43:49","guid":{"rendered":"https:\/\/memorabilia-germany.de\/produkt\/2008-fleer-basketball-cardssingle-pack\/"},"modified":"2024-03-01T17:44:26","modified_gmt":"2024-03-01T16:44:26","slug":"2008-fleer-basketball-cardssingle-pack","status":"publish","type":"product","link":"https:\/\/memorabilia-germany.de\/fr\/produit\/2008-fleer-basketball-cardssingle-pack\/","title":{"rendered":"2008 Fleer Basketball Cards,<\/br>Single Pack"},"content":{"rendered":"","protected":false},"excerpt":{"rendered":"<p><strong>Pack non ouvert NBA Trading Cards, originales de 2008 avec une chance aux Game Used Jersey Cards. Quelle \u00e9poque l\u00e9gendaire ! Des superstars comme Kobe Bryant, LeBron James, Dirk Nowitzki, Carmelo Anthony et Dwyane Wade ont jou\u00e9 en NBA et m\u00eame Alonzo Mourning en \u00e9tait encore \u00e0 sa derni\u00e8re saison avant de prendre sa retraite. Les Los Angeles Lakers ont battu les Orlando Magic en finale de la NBA. L&rsquo;entra\u00eeneur-chef des Lakers \u00e9tait le c\u00e9l\u00e8bre entra\u00eeneur des Bulls Dynasty, Phil Jackson, et le MVP de la finale \u00e9tait \u2013 bien s\u00fbr \u2013 Kobe Bryant. Pour plus d&rsquo;informations, voir ci-dessous.<\/strong><\/p>\n<ul style=\"list-style-type: square;\">\n<li>Contenu du pack : 8 cartes<\/li>\n<li>Ann\u00e9e de publication : janvier 2009<\/li>\n<li>Marque : Fleer<\/li>\n<li>Pays : \u00c9tats-Unis<\/li>\n<li>Le colis (\u00ab Single Pack \u00bb) provient d&rsquo;une \u00ab Retail Box \u00bb ouverte par Memorabilia Germany, qui contient un total de 36 colis. Tous les paquets sont en parfait \u00e9tat malgr\u00e9 leur \u00e2ge.<\/li>\n<li>Trouvez de pr\u00e9cieuses Game Used Jersey Cards dans le jeu dans cette s\u00e9rie !<\/li>\n<li>Trouvez de rares \u00ab Signatures Approval \u00bb Autographed Cards avec des autographes originaux des stars de la NBA 2008 dans cette s\u00e9rie !<\/li>\n<li>Trouvez Memorabilia Cards rares :\n<ul style=\"list-style-type: circle;\">\n<li>\u201cThrowback Classics\u201d<\/li>\n<li>\u201cFeel the Game\u201d <\/li>\n<li>\u201cGenuine Coverage\u201d<\/li>\n<\/ul>\n<\/li>\n<li>La s\u00e9rie contient 1986\/87 Fleer Retro Rookie Cards des meilleures recrues du rep\u00eachage NBA 2008 avec des superstars ult\u00e9rieures comme Russell Westbrook, Derrick Rose et Kevin Love !<\/li>\n<li>Inserts et Parallels dans cette s\u00e9rie :\n<ul style=\"list-style-type: circle;\">\n<li>1986-87 Fleer Retro Rookie Cards<\/li>\n<li>1988-89 Fleer Retro Cards<\/li>\n<\/ul>\n<\/li>\n<li>Retrouvez les cartes originales des stars de la NBA de 2008, comme Kobe Bryant, LeBron James, Dirk Nowitzki, Carmelo Anthony ou encore Dwyane Wade.<\/li>\n<li>Contexte 2008 : La faillite de la banque d&rsquo;investissement am\u00e9ricaine Lehman Brothers bouleverse l&rsquo;\u00e9conomie mondiale, Barrack Obama est \u00e9lu pr\u00e9sident des \u00c9tats-Unis et Nelson Mandela re\u00e7oit un grand concert d&rsquo;anniversaire \u00e0 Hyde Park \u00e0 Londres. Au cin\u00e9ma, \u00ab The Dark Knight \u00bb, \u00ab Iron Man \u00bb et un nouveau \u00ab Indiana Jones \u00bb comptent parmi les films les plus r\u00e9ussis. Nos Trading Cards \u00ab\u00a0vintage\u00a0\u00bb sont un r\u00eave pour tout nostalgique et pour tout collectionneur, car il ne s&rsquo;agit pas de reproductions des cartes pr\u00e9c\u00e9dentes, mais tous les paquets sont originaux et datent de l&rsquo;\u00e9poque o\u00f9 ils ont \u00e9t\u00e9 publi\u00e9s.<\/li>\n<\/ul>\n<p>Tu trouveras plus de Trading Cards d&rsquo;autrefois <strong><br \/>\n  <a href=\"https:\/\/memorabilia-germany.de\/fr\/trading-cards\">ici<\/a><br \/>\n<\/strong>.<\/p>\n","protected":false},"featured_media":38087,"template":"","meta":{"_acf_changed":false,"ocean_post_layout":"","ocean_both_sidebars_style":"","ocean_both_sidebars_content_width":0,"ocean_both_sidebars_sidebars_width":0,"ocean_sidebar":"0","ocean_second_sidebar":"0","ocean_disable_margins":"enable","ocean_add_body_class":"","ocean_shortcode_before_top_bar":"","ocean_shortcode_after_top_bar":"","ocean_shortcode_before_header":"","ocean_shortcode_after_header":"","ocean_has_shortcode":"","ocean_shortcode_after_title":"","ocean_shortcode_before_footer_widgets":"","ocean_shortcode_after_footer_widgets":"","ocean_shortcode_before_footer_bottom":"","ocean_shortcode_after_footer_bottom":"","ocean_display_top_bar":"default","ocean_display_header":"default","ocean_header_style":"","ocean_center_header_left_menu":"0","ocean_custom_header_template":"0","ocean_custom_logo":0,"ocean_custom_retina_logo":0,"ocean_custom_logo_max_width":0,"ocean_custom_logo_tablet_max_width":0,"ocean_custom_logo_mobile_max_width":0,"ocean_custom_logo_max_height":0,"ocean_custom_logo_tablet_max_height":0,"ocean_custom_logo_mobile_max_height":0,"ocean_header_custom_menu":"0","ocean_menu_typo_font_family":"0","ocean_menu_typo_font_subset":"","ocean_menu_typo_font_size":0,"ocean_menu_typo_font_size_tablet":0,"ocean_menu_typo_font_size_mobile":0,"ocean_menu_typo_font_size_unit":"px","ocean_menu_typo_font_weight":"","ocean_menu_typo_font_weight_tablet":"","ocean_menu_typo_font_weight_mobile":"","ocean_menu_typo_transform":"","ocean_menu_typo_transform_tablet":"","ocean_menu_typo_transform_mobile":"","ocean_menu_typo_line_height":0,"ocean_menu_typo_line_height_tablet":0,"ocean_menu_typo_line_height_mobile":0,"ocean_menu_typo_line_height_unit":"","ocean_menu_typo_spacing":0,"ocean_menu_typo_spacing_tablet":0,"ocean_menu_typo_spacing_mobile":0,"ocean_menu_typo_spacing_unit":"","ocean_menu_link_color":"","ocean_menu_link_color_hover":"","ocean_menu_link_color_active":"","ocean_menu_link_background":"","ocean_menu_link_hover_background":"","ocean_menu_link_active_background":"","ocean_menu_social_links_bg":"","ocean_menu_social_hover_links_bg":"","ocean_menu_social_links_color":"","ocean_menu_social_hover_links_color":"","ocean_disable_title":"default","ocean_disable_heading":"default","ocean_post_title":"","ocean_post_subheading":"","ocean_post_title_style":"","ocean_post_title_background_color":"","ocean_post_title_background":0,"ocean_post_title_bg_image_position":"","ocean_post_title_bg_image_attachment":"","ocean_post_title_bg_image_repeat":"","ocean_post_title_bg_image_size":"","ocean_post_title_height":0,"ocean_post_title_bg_overlay":0.5,"ocean_post_title_bg_overlay_color":"","ocean_disable_breadcrumbs":"default","ocean_breadcrumbs_color":"","ocean_breadcrumbs_separator_color":"","ocean_breadcrumbs_links_color":"","ocean_breadcrumbs_links_hover_color":"","ocean_display_footer_widgets":"default","ocean_display_footer_bottom":"default","ocean_custom_footer_template":"0","ofc_enable_fullscreen":"disable","ofc_fullscreen_speed":0,"ofc_fullscreen_nav":"enable","ofc_fullscreen_nav_pos":"right","ofc_fullscreen_nav_color":"","ofc_fullscreen_nav_tooltip_color":"","ofc_fullscreen_responsive":0},"product_brand":[],"product_cat":[1990],"product_tag":[],"class_list":{"0":"post-38086","1":"product","2":"type-product","3":"status-publish","4":"has-post-thumbnail","6":"product_cat-2008-fleer-basketball-cards-single-pack-fr","7":"product_shipping_class-classe-dexpedition_b","9":"entry","10":"has-media","12":"first","13":"outofstock","14":"taxable","15":"shipping-taxable","16":"purchasable","17":"product-type-simple","18":"col","19":"span_1_of_4","20":"owp-content-center","21":"owp-thumbs-layout-horizontal","22":"owp-btn-normal","23":"owp-tabs-layout-horizontal"},"acf":[],"_links":{"self":[{"href":"https:\/\/memorabilia-germany.de\/fr\/wp-json\/wp\/v2\/product\/38086","targetHints":{"allow":["GET"]}}],"collection":[{"href":"https:\/\/memorabilia-germany.de\/fr\/wp-json\/wp\/v2\/product"}],"about":[{"href":"https:\/\/memorabilia-germany.de\/fr\/wp-json\/wp\/v2\/types\/product"}],"version-history":[{"count":0,"href":"https:\/\/memorabilia-germany.de\/fr\/wp-json\/wp\/v2\/product\/38086\/revisions"}],"wp:featuredmedia":[{"embeddable":true,"href":"https:\/\/memorabilia-germany.de\/fr\/wp-json\/wp\/v2\/media\/38087"}],"wp:attachment":[{"href":"https:\/\/memorabilia-germany.de\/fr\/wp-json\/wp\/v2\/media?parent=38086"}],"wp:term":[{"taxonomy":"product_brand","embeddable":true,"href":"https:\/\/memorabilia-germany.de\/fr\/wp-json\/wp\/v2\/product_brand?post=38086"},{"taxonomy":"product_cat","embeddable":true,"href":"https:\/\/memorabilia-germany.de\/fr\/wp-json\/wp\/v2\/product_cat?post=38086"},{"taxonomy":"product_tag","embeddable":true,"href":"https:\/\/memorabilia-germany.de\/fr\/wp-json\/wp\/v2\/product_tag?post=38086"}],"curies":[{"name":"wp","href":"https:\/\/api.w.org\/{rel}","templated":true}]}}