{"id":38077,"date":"2023-06-21T17:41:33","date_gmt":"2024-03-01T16:28:11","guid":{"rendered":"https:\/\/memorabilia-germany.de\/produkt\/1996-nba-hoops-basketball-cardswax-pack\/"},"modified":"2024-07-11T23:33:23","modified_gmt":"2024-07-11T21:33:23","slug":"1996-nba-hoops-basketball-cardswax-pack","status":"publish","type":"product","link":"https:\/\/memorabilia-germany.de\/fr\/produit\/1996-nba-hoops-basketball-cardswax-pack\/","title":{"rendered":"1996 NBA HOOPS Basketball Cards,<\/br>Wax Pack"},"content":{"rendered":"","protected":false},"excerpt":{"rendered":"<p><strong>Paquet non ouvert de Trading Cards NBA, originales de 1996 avec une chance de recevoir des cartes originales sign\u00e9es de la s\u00e9rie Autographics Signature. La saison 1996\/97 est connue pour son ann\u00e9e de rookie particuli\u00e8rement forte autour de Kobe Bryant et Allen Iverson et a \u00e9galement \u00e9t\u00e9 utilis\u00e9e pour pour f\u00eater les 50 ans de la NBA, m\u00eame si c&rsquo;est d\u00e9j\u00e0 le la 51e saison a \u00e9t\u00e9 jou\u00e9e. Des l\u00e9gendes comme Michael Jordan, Karl Malone et Grant Hill ont jou\u00e9 dans la ligue et, comme c&rsquo;\u00e9tait si souvent le cas \u00e0 l&rsquo;\u00e9poque, les Chicago Bulls ont remport\u00e9 la finale NBA contre les Utah Jazz \u00e0 la fin de la saison. Les Lakers ont recrut\u00e9 l&rsquo;agent libre Shaquille O&rsquo;Neal, qui, avec Kobe, a form\u00e9 l&rsquo;un des duos NBA les plus brillants de tous les temps au cours des ann\u00e9es suivantes. Note lat\u00e9rale : Dennis Rodman a \u00e9t\u00e9 suspendu 11 matchs pour avoir frapp\u00e9 un cam\u00e9raman lors d&rsquo;un match contre les Timberwolves au Minnesota. Pour plus d&rsquo;informations, voir ci-dessous.<\/strong><\/p>\n<ul style=\"list-style-type: square;\">\n<li>Contenu du paquet : 9 cartes<\/li>\n<li>Ann\u00e9e de parution : 1996<\/li>\n<li>Marque : NBA HOOPS<\/li>\n<li>Pays : \u00c9tats-Unis<\/li>\n<li>S\u00e9rie : S\u00e9rie 1<\/li>\n<li>Le paquet (\u00ab\u00a0Wax Pack\u00a0\u00bb) provient d&rsquo;une \u00ab\u00a0Hobby Box\u00a0\u00bb ouverte par Memorabilia Germany, qui contient en tout 24 paquets. Tous les paquets sont en parfait \u00e9tat malgr\u00e9 leur \u00e2ge.<\/li>\n<li>Autographics Signature Series Cards de 1996 dans cette s\u00e9rie !<\/li>\n<li>Trouve une c\u00e9l\u00e8bre carte \u00ab\u00a0Grant Hill Z-Force\u00a0\u00bb dans cette s\u00e9rie !<\/li>\n<li>Retrouve les cartes originales des l\u00e9gendes de la NBA de 1996 comme Michael Jordan, Grant Hill, Shaq ou Karl Malone.<\/li>\n<li>Trouve \u00e9galement des cartes d&rsquo;insertion HOOPS l\u00e9gendaires issues de sous-ensembles comme \u00ab\u00a0HIPnotized\u00a0\u00bb, \u00ab\u00a0Heat to Heat\u00a0\u00bb ou \u00ab\u00a0Rookie Headliners\u00a0\u00bb !<\/li>\n<li>La saison 1996\/97 est connue pour sa r\u00e9colte de recrues particuli\u00e8rement importante. Des l\u00e9gendes comme Kobe Bryant et Allen Iverson ont \u00e9t\u00e9 rep\u00each\u00e9es et ont fa\u00e7onn\u00e9 l\u2019histoire de la NBA dans les ann\u00e9es \u00e0 venir.<\/li>\n<li>Background Infos 1996 : Des scientifiques parviennent \u00e0 cloner la c\u00e9l\u00e8bre brebis \u00ab\u00a0Dolly\u00a0\u00bb, Nintendo lance la console de jeux \u00ab\u00a0Nintendo 64\u00a0\u00bb et des classiques comme \u00ab\u00a0Independence Day\u00a0\u00bb, \u00ab\u00a0Scream\u00a0\u00bb ou \u00ab\u00a0Mission:Impossible\u00a0\u00bb sortent au cin\u00e9ma. Dans les hit-parades, on trouve des chansons de C\u00e9line Dion, Coolio et Aaliyah. Nos Trading Cards \u00ab\u00a0vintage\u00a0\u00bb sont un r\u00eave pour tout nostalgique et pour tout collectionneur, car il ne s&rsquo;agit pas de reproductions des cartes pr\u00e9c\u00e9dentes, mais tous les paquets sont originaux et datent de l&rsquo;\u00e9poque o\u00f9 ils ont \u00e9t\u00e9 publi\u00e9s.<\/li>\n<\/ul>\n<p>Tu trouveras plus de Trading Cards d&rsquo;autrefois <strong><br \/>\n  <a href=\"https:\/\/memorabilia-germany.de\/fr\/trading-cards\">ici<\/a><br \/>\n<\/strong>.<\/p>\n","protected":false},"featured_media":38078,"template":"","meta":{"_acf_changed":false,"ocean_post_layout":"","ocean_both_sidebars_style":"","ocean_both_sidebars_content_width":0,"ocean_both_sidebars_sidebars_width":0,"ocean_sidebar":"0","ocean_second_sidebar":"0","ocean_disable_margins":"enable","ocean_add_body_class":"","ocean_shortcode_before_top_bar":"","ocean_shortcode_after_top_bar":"","ocean_shortcode_before_header":"","ocean_shortcode_after_header":"","ocean_has_shortcode":"","ocean_shortcode_after_title":"","ocean_shortcode_before_footer_widgets":"","ocean_shortcode_after_footer_widgets":"","ocean_shortcode_before_footer_bottom":"","ocean_shortcode_after_footer_bottom":"","ocean_display_top_bar":"default","ocean_display_header":"default","ocean_header_style":"","ocean_center_header_left_menu":"0","ocean_custom_header_template":"0","ocean_custom_logo":0,"ocean_custom_retina_logo":0,"ocean_custom_logo_max_width":0,"ocean_custom_logo_tablet_max_width":0,"ocean_custom_logo_mobile_max_width":0,"ocean_custom_logo_max_height":0,"ocean_custom_logo_tablet_max_height":0,"ocean_custom_logo_mobile_max_height":0,"ocean_header_custom_menu":"0","ocean_menu_typo_font_family":"0","ocean_menu_typo_font_subset":"","ocean_menu_typo_font_size":0,"ocean_menu_typo_font_size_tablet":0,"ocean_menu_typo_font_size_mobile":0,"ocean_menu_typo_font_size_unit":"px","ocean_menu_typo_font_weight":"","ocean_menu_typo_font_weight_tablet":"","ocean_menu_typo_font_weight_mobile":"","ocean_menu_typo_transform":"","ocean_menu_typo_transform_tablet":"","ocean_menu_typo_transform_mobile":"","ocean_menu_typo_line_height":0,"ocean_menu_typo_line_height_tablet":0,"ocean_menu_typo_line_height_mobile":0,"ocean_menu_typo_line_height_unit":"","ocean_menu_typo_spacing":0,"ocean_menu_typo_spacing_tablet":0,"ocean_menu_typo_spacing_mobile":0,"ocean_menu_typo_spacing_unit":"","ocean_menu_link_color":"","ocean_menu_link_color_hover":"","ocean_menu_link_color_active":"","ocean_menu_link_background":"","ocean_menu_link_hover_background":"","ocean_menu_link_active_background":"","ocean_menu_social_links_bg":"","ocean_menu_social_hover_links_bg":"","ocean_menu_social_links_color":"","ocean_menu_social_hover_links_color":"","ocean_disable_title":"default","ocean_disable_heading":"default","ocean_post_title":"","ocean_post_subheading":"","ocean_post_title_style":"","ocean_post_title_background_color":"","ocean_post_title_background":0,"ocean_post_title_bg_image_position":"","ocean_post_title_bg_image_attachment":"","ocean_post_title_bg_image_repeat":"","ocean_post_title_bg_image_size":"","ocean_post_title_height":0,"ocean_post_title_bg_overlay":0.5,"ocean_post_title_bg_overlay_color":"","ocean_disable_breadcrumbs":"default","ocean_breadcrumbs_color":"","ocean_breadcrumbs_separator_color":"","ocean_breadcrumbs_links_color":"","ocean_breadcrumbs_links_hover_color":"","ocean_display_footer_widgets":"default","ocean_display_footer_bottom":"default","ocean_custom_footer_template":"0","ofc_enable_fullscreen":"disable","ofc_fullscreen_speed":0,"ofc_fullscreen_nav":"enable","ofc_fullscreen_nav_pos":"right","ofc_fullscreen_nav_color":"","ofc_fullscreen_nav_tooltip_color":"","ofc_fullscreen_responsive":0},"product_brand":[],"product_cat":[1982],"product_tag":[],"class_list":{"0":"post-38077","1":"product","2":"type-product","3":"status-publish","4":"has-post-thumbnail","6":"product_cat-1996-nba-hoops-basketball-cards-wax-pack-fr","7":"product_shipping_class-classe-dexpedition_b","9":"entry","10":"has-media","12":"first","13":"outofstock","14":"taxable","15":"shipping-taxable","16":"purchasable","17":"product-type-simple","18":"col","19":"span_1_of_4","20":"owp-content-center","21":"owp-thumbs-layout-horizontal","22":"owp-btn-normal","23":"owp-tabs-layout-horizontal"},"acf":[],"_links":{"self":[{"href":"https:\/\/memorabilia-germany.de\/fr\/wp-json\/wp\/v2\/product\/38077","targetHints":{"allow":["GET"]}}],"collection":[{"href":"https:\/\/memorabilia-germany.de\/fr\/wp-json\/wp\/v2\/product"}],"about":[{"href":"https:\/\/memorabilia-germany.de\/fr\/wp-json\/wp\/v2\/types\/product"}],"version-history":[{"count":0,"href":"https:\/\/memorabilia-germany.de\/fr\/wp-json\/wp\/v2\/product\/38077\/revisions"}],"wp:featuredmedia":[{"embeddable":true,"href":"https:\/\/memorabilia-germany.de\/fr\/wp-json\/wp\/v2\/media\/38078"}],"wp:attachment":[{"href":"https:\/\/memorabilia-germany.de\/fr\/wp-json\/wp\/v2\/media?parent=38077"}],"wp:term":[{"taxonomy":"product_brand","embeddable":true,"href":"https:\/\/memorabilia-germany.de\/fr\/wp-json\/wp\/v2\/product_brand?post=38077"},{"taxonomy":"product_cat","embeddable":true,"href":"https:\/\/memorabilia-germany.de\/fr\/wp-json\/wp\/v2\/product_cat?post=38077"},{"taxonomy":"product_tag","embeddable":true,"href":"https:\/\/memorabilia-germany.de\/fr\/wp-json\/wp\/v2\/product_tag?post=38077"}],"curies":[{"name":"wp","href":"https:\/\/api.w.org\/{rel}","templated":true}]}}