{"id":38067,"date":"2023-06-21T19:30:46","date_gmt":"2024-03-01T16:24:57","guid":{"rendered":"https:\/\/memorabilia-germany.de\/produkt\/1995-nba-hoops-basketball-cardswax-pack\/"},"modified":"2024-07-11T23:33:23","modified_gmt":"2024-07-11T21:33:23","slug":"1995-nba-hoops-basketball-cardswax-pack","status":"publish","type":"product","link":"https:\/\/memorabilia-germany.de\/fr\/produit\/1995-nba-hoops-basketball-cardswax-pack\/","title":{"rendered":"1995 NBA HOOPS Basketball Cards,<\/br>Wax Pack"},"content":{"rendered":"","protected":false},"excerpt":{"rendered":"<p><strong>Pack non ouvert de NBA Trading Cards, originales de 1995 avec une chance de gagner de rares cartes Grant Hill Tribute Cards. La saison 1995-1996 \u00e9tait la saison du 50e anniversaire de la NBA. Cependant, en raison du premier lock-out de la NBA de l&rsquo;histoire, la c\u00e9l\u00e9bration n&rsquo;a eu lieu qu&rsquo;un an plus tard. Les Toronto Raptors et les Vancouver Grizzlies ont \u00e9t\u00e9 nomm\u00e9s 28 et 29e franchise nouvellement ajout\u00e9e \u00e0 la ligue et formant les premi\u00e8res \u00e9quipes canadiennes de la NBA depuis la dissolution des Toronto Huskies en 1946-47, qui n&rsquo;ont particip\u00e9 au match que pendant une seule ann\u00e9e. Les Chicago Bulls ont termin\u00e9 la Regular Season et les Playoffs avec un bilan global de 87-13, \u00e9tablissant un record combin\u00e9 de tous les temps qui ne sera battu que par les Golden State Warriors 2015-16. Inutile de dire que les Bulls ont \u00e9galement remport\u00e9 la finale NBA. Leur victime la plus r\u00e9cente \u00e9tait les Seattle SuperSonics avec Gary Payton et Detlef Schrempf. Pour plus d&rsquo;informations, voir ci-dessous.<\/strong><\/p>\n<ul style=\"list-style-type: square;\">\n<li>Contenu du pack : 12 cartes<\/li>\n<li>Ann\u00e9e de parution : 1995<\/li>\n<li>Marque : NBA HOOPS<\/li>\n<li>Pays : \u00c9tats-Unis<\/li>\n<li>S\u00e9rie : S\u00e9rie 1<\/li>\n<li>Le paquet (\u00ab\u00a0Wax Pack\u00a0\u00bb) provient d&rsquo;une \u00ab\u00a0Hobby Box\u00a0\u00bb ouverte par Memorabilia Germany, qui contient 36 paquets au total. Tous les paquets sont en parfait \u00e9tat malgr\u00e9 leur \u00e2ge.<\/li>\n<li>Cartes Grant Hill Tribute Cards rares et pr\u00e9cieuses dans cette s\u00e9rie !<\/li>\n<li>Retrouvez les cartes originales des l\u00e9gendes de la NBA de 1995 comme Michael Jordan, Grant Hill, Charles Barkley ou encore David Robinson. La saison \u00e9tait la saison du 50e anniversaire de la NBA.<\/li>\n<li>Retrouvez \u00e9galement les l\u00e9gendaires HOOPS Insert Cards dans des Subsets tels que \u00ab Number Crunchers \u00bb, \u00ab Grant Hill Slam Cards \u00bb ou \u00ab Block Party \u00bb !<\/li>\n<li>Trouvez NBA Hoops All-Time Rookie Team Insert Cards dans cette s\u00e9rie ! La Rookie Class de 1995 comprend des noms comme Kevin Garnett, Rasheed Wallace et Damon Stoudamire.<\/li>\n<li>Informations g\u00e9n\u00e9rales 1995 : Dans les \u00e9coles du monde entier, les fans du boys band Take That pleurent dans leurs bras parce que Robbie Williams annonce qu&rsquo;il quitte le groupe. Le moteur de recherche le plus populaire sur Internet, qui est encore relativement nouveau pour la plupart des gens, s&rsquo;appelle \u00ab Altavista \u00bb et ebay.com est fond\u00e9. Des films comme \u00ab Toy Story \u00bb et \u00ab Jumanji \u00bb sont projet\u00e9s dans les cin\u00e9mas et \u00ab Emergency Room \u00bb et \u00ab Friends \u00bb sont en plein essor \u00e0 la t\u00e9l\u00e9vision. Nos Trading Cards \u00ab\u00a0vintage\u00a0\u00bb sont un r\u00eave pour tout nostalgique et pour tout collectionneur, car il ne s&rsquo;agit pas de reproductions des cartes pr\u00e9c\u00e9dentes, mais tous les paquets sont originaux et datent de l&rsquo;\u00e9poque o\u00f9 ils ont \u00e9t\u00e9 publi\u00e9s.<\/li>\n<\/ul>\n<p>Tu trouveras plus de Trading Cards d&rsquo;autrefois <strong><br \/>\n  <a href=\"https:\/\/memorabilia-germany.de\/fr\/trading-cards\">ici<\/a><br \/>\n<\/strong>.<\/p>\n","protected":false},"featured_media":38068,"template":"","meta":{"_acf_changed":false,"ocean_post_layout":"","ocean_both_sidebars_style":"","ocean_both_sidebars_content_width":0,"ocean_both_sidebars_sidebars_width":0,"ocean_sidebar":"0","ocean_second_sidebar":"0","ocean_disable_margins":"enable","ocean_add_body_class":"","ocean_shortcode_before_top_bar":"","ocean_shortcode_after_top_bar":"","ocean_shortcode_before_header":"","ocean_shortcode_after_header":"","ocean_has_shortcode":"","ocean_shortcode_after_title":"","ocean_shortcode_before_footer_widgets":"","ocean_shortcode_after_footer_widgets":"","ocean_shortcode_before_footer_bottom":"","ocean_shortcode_after_footer_bottom":"","ocean_display_top_bar":"default","ocean_display_header":"default","ocean_header_style":"","ocean_center_header_left_menu":"0","ocean_custom_header_template":"0","ocean_custom_logo":0,"ocean_custom_retina_logo":0,"ocean_custom_logo_max_width":0,"ocean_custom_logo_tablet_max_width":0,"ocean_custom_logo_mobile_max_width":0,"ocean_custom_logo_max_height":0,"ocean_custom_logo_tablet_max_height":0,"ocean_custom_logo_mobile_max_height":0,"ocean_header_custom_menu":"0","ocean_menu_typo_font_family":"0","ocean_menu_typo_font_subset":"","ocean_menu_typo_font_size":0,"ocean_menu_typo_font_size_tablet":0,"ocean_menu_typo_font_size_mobile":0,"ocean_menu_typo_font_size_unit":"px","ocean_menu_typo_font_weight":"","ocean_menu_typo_font_weight_tablet":"","ocean_menu_typo_font_weight_mobile":"","ocean_menu_typo_transform":"","ocean_menu_typo_transform_tablet":"","ocean_menu_typo_transform_mobile":"","ocean_menu_typo_line_height":0,"ocean_menu_typo_line_height_tablet":0,"ocean_menu_typo_line_height_mobile":0,"ocean_menu_typo_line_height_unit":"","ocean_menu_typo_spacing":0,"ocean_menu_typo_spacing_tablet":0,"ocean_menu_typo_spacing_mobile":0,"ocean_menu_typo_spacing_unit":"","ocean_menu_link_color":"","ocean_menu_link_color_hover":"","ocean_menu_link_color_active":"","ocean_menu_link_background":"","ocean_menu_link_hover_background":"","ocean_menu_link_active_background":"","ocean_menu_social_links_bg":"","ocean_menu_social_hover_links_bg":"","ocean_menu_social_links_color":"","ocean_menu_social_hover_links_color":"","ocean_disable_title":"default","ocean_disable_heading":"default","ocean_post_title":"","ocean_post_subheading":"","ocean_post_title_style":"","ocean_post_title_background_color":"","ocean_post_title_background":0,"ocean_post_title_bg_image_position":"","ocean_post_title_bg_image_attachment":"","ocean_post_title_bg_image_repeat":"","ocean_post_title_bg_image_size":"","ocean_post_title_height":0,"ocean_post_title_bg_overlay":0.5,"ocean_post_title_bg_overlay_color":"","ocean_disable_breadcrumbs":"default","ocean_breadcrumbs_color":"","ocean_breadcrumbs_separator_color":"","ocean_breadcrumbs_links_color":"","ocean_breadcrumbs_links_hover_color":"","ocean_display_footer_widgets":"default","ocean_display_footer_bottom":"default","ocean_custom_footer_template":"0","ofc_enable_fullscreen":"disable","ofc_fullscreen_speed":0,"ofc_fullscreen_nav":"enable","ofc_fullscreen_nav_pos":"right","ofc_fullscreen_nav_color":"","ofc_fullscreen_nav_tooltip_color":"","ofc_fullscreen_responsive":0},"product_brand":[],"product_cat":[1981,1991],"product_tag":[],"class_list":{"0":"post-38067","1":"product","2":"type-product","3":"status-publish","4":"has-post-thumbnail","6":"product_cat-1995-nba-hoops-basketball-cards-fr","7":"product_cat-wax-pack-fr","8":"product_shipping_class-classe-dexpedition_b","10":"entry","11":"has-media","13":"first","14":"outofstock","15":"taxable","16":"shipping-taxable","17":"purchasable","18":"product-type-simple","19":"col","20":"span_1_of_4","21":"owp-content-center","22":"owp-thumbs-layout-horizontal","23":"owp-btn-normal","24":"owp-tabs-layout-horizontal"},"acf":[],"_links":{"self":[{"href":"https:\/\/memorabilia-germany.de\/fr\/wp-json\/wp\/v2\/product\/38067","targetHints":{"allow":["GET"]}}],"collection":[{"href":"https:\/\/memorabilia-germany.de\/fr\/wp-json\/wp\/v2\/product"}],"about":[{"href":"https:\/\/memorabilia-germany.de\/fr\/wp-json\/wp\/v2\/types\/product"}],"version-history":[{"count":0,"href":"https:\/\/memorabilia-germany.de\/fr\/wp-json\/wp\/v2\/product\/38067\/revisions"}],"wp:featuredmedia":[{"embeddable":true,"href":"https:\/\/memorabilia-germany.de\/fr\/wp-json\/wp\/v2\/media\/38068"}],"wp:attachment":[{"href":"https:\/\/memorabilia-germany.de\/fr\/wp-json\/wp\/v2\/media?parent=38067"}],"wp:term":[{"taxonomy":"product_brand","embeddable":true,"href":"https:\/\/memorabilia-germany.de\/fr\/wp-json\/wp\/v2\/product_brand?post=38067"},{"taxonomy":"product_cat","embeddable":true,"href":"https:\/\/memorabilia-germany.de\/fr\/wp-json\/wp\/v2\/product_cat?post=38067"},{"taxonomy":"product_tag","embeddable":true,"href":"https:\/\/memorabilia-germany.de\/fr\/wp-json\/wp\/v2\/product_tag?post=38067"}],"curies":[{"name":"wp","href":"https:\/\/api.w.org\/{rel}","templated":true}]}}