{"id":37599,"date":"2023-09-14T16:51:19","date_gmt":"2024-02-28T12:29:21","guid":{"rendered":"https:\/\/memorabilia-germany.de\/produkt\/1998-topps-stadium-club-nba-basketball-cardsxl-single-pack\/"},"modified":"2025-02-17T16:37:04","modified_gmt":"2025-02-17T15:37:04","slug":"1998-topps-stadium-club-nba-basketball-cardsxl-single-pack","status":"publish","type":"product","link":"https:\/\/memorabilia-germany.de\/fr\/produit\/1998-topps-stadium-club-nba-basketball-cardsxl-single-pack\/","title":{"rendered":"1998 topps Stadium Club NBA Basketball Cards,<\/br>XL Single Pack"},"content":{"rendered":"","protected":false},"excerpt":{"rendered":"<p><strong>Paquet non ouvert de NBA Trading Cards, original de 1998 avec une chance de Kobe Bryant Autograph Cards. Des l\u00e9gendes comme Kobe Bryant, Tim Duncan et Karl Malone ont jou\u00e9 en NBA. Lors d&rsquo;un Lockout, Michael Jordan a annonc\u00e9 pour la deuxi\u00e8me fois la fin de sa carri\u00e8re active, mais il reviendrait chez les Wizards de Washington pour deux saisons suppl\u00e9mentaires. En finale de la NBA, les San Antonio Spurs avec leurs \u00ab Twin Towers \u00bb Tim Duncan et David Robinson ont gagn\u00e9 contre les New York Knicks, qui \u00e9taient la premi\u00e8re et la seule t\u00eate de s\u00e9rie num\u00e9ro 8 jusqu&rsquo;en 2023 \u00e0 atteindre les s\u00e9ries \u00e9liminatoires et \u00e0 se qualifier pour le championnat. finales. Pour plus d&rsquo;informations, voir ci-dessous.<\/strong><\/p>\n<ul style=\"list-style-type: square;\">\n<li>Contenu du pack : 15 cartes<\/li>\n<li>Ann\u00e9e de publication : 1998<\/li>\n<li>Marque: topps<\/li>\n<li>Pays : \u00c9tats-Unis<\/li>\n<li>S\u00e9rie : 1<\/li>\n<li>Le colis (\u00ab XL Single Pack \u00bb) provient d&rsquo;une \u00ab HTA\/Jumbo Box \u00bb ouverte par Memorabilia Germany, qui contient un total de 12 colis. Tous les paquets sont en parfait \u00e9tat malgr\u00e9 leur \u00e2ge.<\/li>\n<li>Trouvez Kobe Bryant Co-Signer Autograph Cards dans cette s\u00e9rie !<\/li>\n<li>Retrouvez les cartes de recrue Dirk Nowitzki dans cette s\u00e9rie !<\/li>\n<li>La s\u00e9rie comprend des autographes et des Memorabilia Cards ainsi que des plaques d&rsquo;impression super rares de 1998 !<\/li>\n<li>Topps 1998 Stadium Club Inserts:\n<ul style=\"list-style-type: circle;\">\n<li>1998 topps Printing Plates<\/li>\n<li>Co-Signers: doublement sign\u00e9<\/li>\n<li>One of a Kind: num\u00e9rot\u00e9 et limit\u00e9<\/li>\n<li>Stadium Club Chrome &amp; Refractors<\/li>\n<li>Luminous, Luminescent &amp; Illuminator Triumvirates<\/li>\n<li>Statliners<\/li>\n<li>Never Compromise<\/li>\n<li>1998 NBA Draft Picks<\/li>\n<\/ul>\n<\/li>\n<li>Retrouvez les cartes originales des l\u00e9gendes de la NBA de 1998 comme Kobe Bryant, Allen Iverson, Alonzo Mourning ou encore Karl Malone. La s\u00e9rie contient \u00e9galement des cartes de recrue des superstars ult\u00e9rieures de la NBA du rep\u00eachage de la NBA de 1998, la classe de rep\u00eachage de Dirk Nowitzki.<\/li>\n<li>Informations g\u00e9n\u00e9rales 1998 : Les premiers lecteurs MP3 arrivent sur le march\u00e9 japonais et les premiers blogs apparaissent sur Internet, d\u00e9sormais largement r\u00e9pandu. Le premier \u00e9pisode de \u00ab Sex and the City \u00bb a \u00e9t\u00e9 diffus\u00e9 \u00e0 la t\u00e9l\u00e9vision am\u00e9ricaine, mais sa diffusion en Europe \u00e9tait encore loin. Titanic a remport\u00e9 de nombreux Oscars, Modern Talking s&rsquo;est r\u00e9uni en Allemagne et Cher a sorti son c\u00e9l\u00e8bre album \u00ab Believe \u00bb. La Coupe du monde a eu lieu en France en \u00e9t\u00e9, mais le v\u00e9ritable moment fort du football de l&rsquo;ann\u00e9e a eu lieu en avril. \u00c0 Madrid, le c\u00e9l\u00e8bre but s&rsquo;est effondr\u00e9 peu avant le coup d&rsquo;envoi de la demi-finale de la Ligue des Champions du Real contre le BVB, ce qui a retard\u00e9 le coup d&rsquo;envoi de 70 minutes et fait transpirer les pr\u00e9sentateurs de t\u00e9l\u00e9vision de tous les pays. Nos Trading Cards \u00ab\u00a0vintage\u00a0\u00bb sont un r\u00eave pour tout nostalgique et pour tout collectionneur, car il ne s&rsquo;agit pas de reproductions des cartes pr\u00e9c\u00e9dentes, mais tous les paquets sont originaux et datent de l&rsquo;\u00e9poque o\u00f9 ils ont \u00e9t\u00e9 publi\u00e9s.<\/li>\n<\/ul>\n<p>Tu trouveras plus de Trading Cards d&rsquo;autrefois <strong><br \/>\n  <a href=\"https:\/\/memorabilia-germany.de\/fr\/trading-cards\">ici<\/a><br \/>\n<\/strong>.<\/p>\n","protected":false},"featured_media":37600,"template":"","meta":{"_acf_changed":false,"ocean_post_layout":"","ocean_both_sidebars_style":"","ocean_both_sidebars_content_width":0,"ocean_both_sidebars_sidebars_width":0,"ocean_sidebar":"0","ocean_second_sidebar":"0","ocean_disable_margins":"enable","ocean_add_body_class":"","ocean_shortcode_before_top_bar":"","ocean_shortcode_after_top_bar":"","ocean_shortcode_before_header":"","ocean_shortcode_after_header":"","ocean_has_shortcode":"","ocean_shortcode_after_title":"","ocean_shortcode_before_footer_widgets":"","ocean_shortcode_after_footer_widgets":"","ocean_shortcode_before_footer_bottom":"","ocean_shortcode_after_footer_bottom":"","ocean_display_top_bar":"default","ocean_display_header":"default","ocean_header_style":"","ocean_center_header_left_menu":"0","ocean_custom_header_template":"0","ocean_custom_logo":0,"ocean_custom_retina_logo":0,"ocean_custom_logo_max_width":0,"ocean_custom_logo_tablet_max_width":0,"ocean_custom_logo_mobile_max_width":0,"ocean_custom_logo_max_height":0,"ocean_custom_logo_tablet_max_height":0,"ocean_custom_logo_mobile_max_height":0,"ocean_header_custom_menu":"0","ocean_menu_typo_font_family":"0","ocean_menu_typo_font_subset":"","ocean_menu_typo_font_size":0,"ocean_menu_typo_font_size_tablet":0,"ocean_menu_typo_font_size_mobile":0,"ocean_menu_typo_font_size_unit":"px","ocean_menu_typo_font_weight":"","ocean_menu_typo_font_weight_tablet":"","ocean_menu_typo_font_weight_mobile":"","ocean_menu_typo_transform":"","ocean_menu_typo_transform_tablet":"","ocean_menu_typo_transform_mobile":"","ocean_menu_typo_line_height":0,"ocean_menu_typo_line_height_tablet":0,"ocean_menu_typo_line_height_mobile":0,"ocean_menu_typo_line_height_unit":"","ocean_menu_typo_spacing":0,"ocean_menu_typo_spacing_tablet":0,"ocean_menu_typo_spacing_mobile":0,"ocean_menu_typo_spacing_unit":"","ocean_menu_link_color":"","ocean_menu_link_color_hover":"","ocean_menu_link_color_active":"","ocean_menu_link_background":"","ocean_menu_link_hover_background":"","ocean_menu_link_active_background":"","ocean_menu_social_links_bg":"","ocean_menu_social_hover_links_bg":"","ocean_menu_social_links_color":"","ocean_menu_social_hover_links_color":"","ocean_disable_title":"default","ocean_disable_heading":"default","ocean_post_title":"","ocean_post_subheading":"","ocean_post_title_style":"","ocean_post_title_background_color":"","ocean_post_title_background":0,"ocean_post_title_bg_image_position":"","ocean_post_title_bg_image_attachment":"","ocean_post_title_bg_image_repeat":"","ocean_post_title_bg_image_size":"","ocean_post_title_height":0,"ocean_post_title_bg_overlay":0.5,"ocean_post_title_bg_overlay_color":"","ocean_disable_breadcrumbs":"default","ocean_breadcrumbs_color":"","ocean_breadcrumbs_separator_color":"","ocean_breadcrumbs_links_color":"","ocean_breadcrumbs_links_hover_color":"","ocean_display_footer_widgets":"default","ocean_display_footer_bottom":"default","ocean_custom_footer_template":"0","ofc_enable_fullscreen":"disable","ofc_fullscreen_speed":0,"ofc_fullscreen_nav":"enable","ofc_fullscreen_nav_pos":"right","ofc_fullscreen_nav_color":"","ofc_fullscreen_nav_tooltip_color":"","ofc_fullscreen_responsive":0},"product_brand":[],"product_cat":[1986],"product_tag":[],"class_list":{"0":"post-37599","1":"product","2":"type-product","3":"status-publish","4":"has-post-thumbnail","6":"product_cat-1998-topps-stadium-club-nba-basketball-cards-xl-single-pack-fr","7":"product_shipping_class-classe-dexpedition_b","9":"entry","10":"has-media","12":"first","13":"outofstock","14":"taxable","15":"shipping-taxable","16":"purchasable","17":"product-type-simple","18":"col","19":"span_1_of_4","20":"owp-content-center","21":"owp-thumbs-layout-horizontal","22":"owp-btn-normal","23":"owp-tabs-layout-horizontal"},"acf":[],"_links":{"self":[{"href":"https:\/\/memorabilia-germany.de\/fr\/wp-json\/wp\/v2\/product\/37599","targetHints":{"allow":["GET"]}}],"collection":[{"href":"https:\/\/memorabilia-germany.de\/fr\/wp-json\/wp\/v2\/product"}],"about":[{"href":"https:\/\/memorabilia-germany.de\/fr\/wp-json\/wp\/v2\/types\/product"}],"version-history":[{"count":0,"href":"https:\/\/memorabilia-germany.de\/fr\/wp-json\/wp\/v2\/product\/37599\/revisions"}],"wp:featuredmedia":[{"embeddable":true,"href":"https:\/\/memorabilia-germany.de\/fr\/wp-json\/wp\/v2\/media\/37600"}],"wp:attachment":[{"href":"https:\/\/memorabilia-germany.de\/fr\/wp-json\/wp\/v2\/media?parent=37599"}],"wp:term":[{"taxonomy":"product_brand","embeddable":true,"href":"https:\/\/memorabilia-germany.de\/fr\/wp-json\/wp\/v2\/product_brand?post=37599"},{"taxonomy":"product_cat","embeddable":true,"href":"https:\/\/memorabilia-germany.de\/fr\/wp-json\/wp\/v2\/product_cat?post=37599"},{"taxonomy":"product_tag","embeddable":true,"href":"https:\/\/memorabilia-germany.de\/fr\/wp-json\/wp\/v2\/product_tag?post=37599"}],"curies":[{"name":"wp","href":"https:\/\/api.w.org\/{rel}","templated":true}]}}