{"id":37385,"date":"2023-10-26T15:46:42","date_gmt":"2024-02-27T14:33:28","guid":{"rendered":"https:\/\/memorabilia-germany.de\/produkt\/o-j-simpson-football-americain-showcase-buffalo-bills-logo-football\/"},"modified":"2024-02-27T15:33:28","modified_gmt":"2024-02-27T14:33:28","slug":"o-j-simpson-football-americain-showcase-buffalo-bills-logo-football","status":"publish","type":"product","link":"https:\/\/memorabilia-germany.de\/fr\/produit\/o-j-simpson-football-americain-showcase-buffalo-bills-logo-football\/","title":{"rendered":"O.J. SIMPSON Football Am\u00e9ricain Showcase (Buffalo Bills), Logo Football"},"content":{"rendered":"","protected":false},"excerpt":{"rendered":"<p><strong>Showcase football am\u00e9ricain en verre de s\u00e9curit\u00e9. Ballon de football am\u00e9ricain sign\u00e9 avec le logo Buffalo Bills par Rawlings dans l&rsquo;\u00e9tui. Autographe d&rsquo;O.J. Simpson sur le football am\u00e9ricain. Tous les autographes de la NFL sont authentifi\u00e9s et poss\u00e8dent un num\u00e9ro de s\u00e9rie. Pour plus d&rsquo;informations, voir ci-dessous.<\/strong><\/p>\n<ul style=\"list-style-type: square;\">\n<li>Marque de Football Am\u00e9ricain : Rawlings Sporting Goods<\/li>\n<li>\u00c9quipe: Buffalo Bills<\/li>\n<li>Mod\u00e8le: Buffalo Bills White Panel Logo Football, Full Size<\/li>\n<li>Autographe : O.J. Simpson, crayon de couleur noir<\/li>\n<li>Inscription: \u201eHOF 85\u2018\u201c (Hall of Fame Inscription)<\/li>\n<li>Date\/Lieu de signature : octobre 2017 \u00e0 Las Vegas, Nevada, \u00c9tats-Unis (Signature priv\u00e9e)<\/li>\n<li>Authentification : James Spence Authentication (avec num\u00e9ro de s\u00e9rie)<\/li>\n<li>Documents : Certificate of Authenticity + hologramme de s\u00e9curit\u00e9 sur le ballon<\/li>\n<li>Statut du certificat : Witnessed Protection Program (sign\u00e9 en pr\u00e9sence d&rsquo;un expert James Spence)<\/li>\n<li>Dimensions Showcase : environ 34,5 x 21 x 25 cm<\/li>\n<li>Trading Card et Porte-balle inclus<\/li>\n<li>Le ballon de football am\u00e9ricain est livr\u00e9 avec une Showcase \u00e0 des fins d&rsquo;exposition ; la Showcase est de qualit\u00e9 solide et robuste. Le verre est en acrylique, la base et la paroi arri\u00e8re sont noires pour mettre en valeur id\u00e9alement le ballon de football. La Showcase est viss\u00e9e et se ferme compl\u00e8tement. Le support de balle est \u00e9galement de qualit\u00e9 massive. La plaque nominative \u00e0 l&rsquo;avant est en aluminium.<\/li>\n<li>Tous les ballons de football am\u00e9ricains sign\u00e9s sont v\u00e9rifi\u00e9s par l&rsquo;un des principaux authentificateurs am\u00e9ricains du march\u00e9 et sont dot\u00e9s de caract\u00e9ristiques de s\u00e9curit\u00e9 num\u00e9rot\u00e9es en s\u00e9rie qui confirment l&rsquo;authenticit\u00e9 des autographes (Certificate of Authenticity et\/ou hologramme de s\u00e9curit\u00e9). Authenticator d&rsquo;autographes de la NFL sont disponibles chez <strong><a href=\"https:\/\/memorabilia-germany.de\/fr\/nous-memorabilia-germany\/\">Memorabilia Germany<\/a><\/strong> exclusivement : <strong><a href=\"https:\/\/memorabilia-germany.de\/fr\/authentification-des-signatures\/#signature-authentication-beckett\">Beckett<\/a><\/strong>, <strong><a href=\"https:\/\/memorabilia-germany.de\/fr\/authentification-des-signatures\/#signature-authentication-james-spence\">James Spence Authentication<\/a><\/strong>, <strong><a href=\"https:\/\/memorabilia-germany.de\/fr\/authentification-des-signatures\/#signature-authentication-psa-dna\">PSA\/DNA<\/a><\/strong> ou <strong><a href=\"https:\/\/memorabilia-germany.de\/fr\/authentification-des-signatures\/#signature-authentication-fanatics\">Fanatics<\/a><\/strong>. Vous trouverez plus d&rsquo;informations sur le th\u00e8me important de l&rsquo;authentification <strong><a href=\"https:\/\/memorabilia-germany.de\/fr\/authentification-des-signatures\/\">ici<\/a><\/strong>.<\/li>\n<\/ul>\n<p>Vous pouvez trouver plus de Football Showcases <strong><a href=\"https:\/\/memorabilia-germany.de\/fr\/produkt-kategorie\/football-memorabilia\/football-americain-showcase\/\">ici<\/a><\/strong>.<\/p>\n","protected":false},"featured_media":37386,"template":"","meta":{"_acf_changed":false,"ocean_post_layout":"","ocean_both_sidebars_style":"","ocean_both_sidebars_content_width":0,"ocean_both_sidebars_sidebars_width":0,"ocean_sidebar":"0","ocean_second_sidebar":"0","ocean_disable_margins":"enable","ocean_add_body_class":"","ocean_shortcode_before_top_bar":"","ocean_shortcode_after_top_bar":"","ocean_shortcode_before_header":"","ocean_shortcode_after_header":"","ocean_has_shortcode":"","ocean_shortcode_after_title":"","ocean_shortcode_before_footer_widgets":"","ocean_shortcode_after_footer_widgets":"","ocean_shortcode_before_footer_bottom":"","ocean_shortcode_after_footer_bottom":"","ocean_display_top_bar":"default","ocean_display_header":"default","ocean_header_style":"","ocean_center_header_left_menu":"0","ocean_custom_header_template":"0","ocean_custom_logo":0,"ocean_custom_retina_logo":0,"ocean_custom_logo_max_width":0,"ocean_custom_logo_tablet_max_width":0,"ocean_custom_logo_mobile_max_width":0,"ocean_custom_logo_max_height":0,"ocean_custom_logo_tablet_max_height":0,"ocean_custom_logo_mobile_max_height":0,"ocean_header_custom_menu":"0","ocean_menu_typo_font_family":"0","ocean_menu_typo_font_subset":"","ocean_menu_typo_font_size":0,"ocean_menu_typo_font_size_tablet":0,"ocean_menu_typo_font_size_mobile":0,"ocean_menu_typo_font_size_unit":"px","ocean_menu_typo_font_weight":"","ocean_menu_typo_font_weight_tablet":"","ocean_menu_typo_font_weight_mobile":"","ocean_menu_typo_transform":"","ocean_menu_typo_transform_tablet":"","ocean_menu_typo_transform_mobile":"","ocean_menu_typo_line_height":0,"ocean_menu_typo_line_height_tablet":0,"ocean_menu_typo_line_height_mobile":0,"ocean_menu_typo_line_height_unit":"","ocean_menu_typo_spacing":0,"ocean_menu_typo_spacing_tablet":0,"ocean_menu_typo_spacing_mobile":0,"ocean_menu_typo_spacing_unit":"","ocean_menu_link_color":"","ocean_menu_link_color_hover":"","ocean_menu_link_color_active":"","ocean_menu_link_background":"","ocean_menu_link_hover_background":"","ocean_menu_link_active_background":"","ocean_menu_social_links_bg":"","ocean_menu_social_hover_links_bg":"","ocean_menu_social_links_color":"","ocean_menu_social_hover_links_color":"","ocean_disable_title":"default","ocean_disable_heading":"default","ocean_post_title":"","ocean_post_subheading":"","ocean_post_title_style":"","ocean_post_title_background_color":"","ocean_post_title_background":0,"ocean_post_title_bg_image_position":"","ocean_post_title_bg_image_attachment":"","ocean_post_title_bg_image_repeat":"","ocean_post_title_bg_image_size":"","ocean_post_title_height":0,"ocean_post_title_bg_overlay":0.5,"ocean_post_title_bg_overlay_color":"","ocean_disable_breadcrumbs":"default","ocean_breadcrumbs_color":"","ocean_breadcrumbs_separator_color":"","ocean_breadcrumbs_links_color":"","ocean_breadcrumbs_links_hover_color":"","ocean_display_footer_widgets":"default","ocean_display_footer_bottom":"default","ocean_custom_footer_template":"0","ofc_enable_fullscreen":"disable","ofc_fullscreen_speed":0,"ofc_fullscreen_nav":"enable","ofc_fullscreen_nav_pos":"right","ofc_fullscreen_nav_color":"","ofc_fullscreen_nav_tooltip_color":"","ofc_fullscreen_responsive":0},"product_brand":[],"product_cat":[1802],"product_tag":[],"class_list":{"0":"post-37385","1":"product","2":"type-product","3":"status-publish","4":"has-post-thumbnail","6":"product_cat-o-j-simpson-football-americain-showcase-buffalo-bills-logo-football","7":"product_shipping_class-classe-dexpedition_a","9":"entry","10":"has-media","12":"first","13":"outofstock","14":"taxable","15":"shipping-taxable","16":"purchasable","17":"product-type-simple","18":"col","19":"span_1_of_4","20":"owp-content-center","21":"owp-thumbs-layout-horizontal","22":"owp-btn-normal","23":"owp-tabs-layout-horizontal"},"acf":[],"_links":{"self":[{"href":"https:\/\/memorabilia-germany.de\/fr\/wp-json\/wp\/v2\/product\/37385","targetHints":{"allow":["GET"]}}],"collection":[{"href":"https:\/\/memorabilia-germany.de\/fr\/wp-json\/wp\/v2\/product"}],"about":[{"href":"https:\/\/memorabilia-germany.de\/fr\/wp-json\/wp\/v2\/types\/product"}],"version-history":[{"count":0,"href":"https:\/\/memorabilia-germany.de\/fr\/wp-json\/wp\/v2\/product\/37385\/revisions"}],"wp:featuredmedia":[{"embeddable":true,"href":"https:\/\/memorabilia-germany.de\/fr\/wp-json\/wp\/v2\/media\/37386"}],"wp:attachment":[{"href":"https:\/\/memorabilia-germany.de\/fr\/wp-json\/wp\/v2\/media?parent=37385"}],"wp:term":[{"taxonomy":"product_brand","embeddable":true,"href":"https:\/\/memorabilia-germany.de\/fr\/wp-json\/wp\/v2\/product_brand?post=37385"},{"taxonomy":"product_cat","embeddable":true,"href":"https:\/\/memorabilia-germany.de\/fr\/wp-json\/wp\/v2\/product_cat?post=37385"},{"taxonomy":"product_tag","embeddable":true,"href":"https:\/\/memorabilia-germany.de\/fr\/wp-json\/wp\/v2\/product_tag?post=37385"}],"curies":[{"name":"wp","href":"https:\/\/api.w.org\/{rel}","templated":true}]}}