{"id":37158,"date":"2023-11-01T12:44:51","date_gmt":"2024-02-27T12:48:07","guid":{"rendered":"https:\/\/memorabilia-germany.de\/produkt\/amazing-spider-man-700stan-lee-todd-mcfarlane-4-autres-artistes\/"},"modified":"2025-02-07T12:15:16","modified_gmt":"2025-02-07T11:15:16","slug":"amazing-spider-man-700stan-lee-todd-mcfarlane-4-autres-artistes","status":"publish","type":"product","link":"https:\/\/memorabilia-germany.de\/fr\/produit\/amazing-spider-man-700stan-lee-todd-mcfarlane-4-autres-artistes\/","title":{"rendered":"AMAZING SPIDER-MAN #700<\/br>(Stan Lee + Todd McFarlane + 4 autres artistes)"},"content":{"rendered":"","protected":false},"excerpt":{"rendered":"<p><strong>Bande dessin\u00e9e multi-sign\u00e9e et graduelle de la \u00ab CGC Signature Series \u00bb. Autographes du fondateur de MARVEL Stan Lee ainsi que du pr\u00e9sident d&rsquo;Image Comics et l\u00e9gende de Spider-Man Todd McFarlane et d&rsquo;autres artistes de bandes dessin\u00e9es c\u00e9l\u00e8bres sur la couverture. Toutes les signatures sur les bandes dessin\u00e9es CGC de cette s\u00e9rie ont \u00e9t\u00e9 remises et attest\u00e9es en pr\u00e9sence d&rsquo;un expert CGC. Pour plus d&rsquo;informations, voir ci-dessous.<\/strong><\/p>\n<ul style=\"list-style-type: square;\">\n<li>Marque de la soci\u00e9t\u00e9 de notation : Certified Guaranty Company (CGC)<\/li>\n<li>Titre : The Amazing Spider-Man #700<\/li>\n<li>\u00c9diteur : MARVEL Comics<\/li>\n<li>Ann\u00e9e de publication : 2013<\/li>\n<li>Grading Note: 9.4<\/li>\n<li>Signatures : Stan Lee + Todd McFarlane + Giuseppe Camuncoli + Edgar Delgado + Victor Olazaba + Dan Slott, crayon de couleur rouge (tous)<\/li>\n<li>Date de signatures : 30 mars 2013 (Stan Lee + Delgado + Olazaba + Slott), 8 f\u00e9vrier 2013 (Todd McFarlane) et 16 mars 2013 (Camuncoli)<\/li>\n<li>Informations sur l\u2019artiste : Stan Lee n\u2019est pas seulement le fondateur de MARVEL Comics, il a fa\u00e7onn\u00e9 toute la sc\u00e8ne du comics am\u00e9ricain et est consid\u00e9r\u00e9 comme la personne la plus importante du monde de la bande dessin\u00e9e de tous les temps. Avec d&rsquo;autres dessinateurs de bandes dessin\u00e9es l\u00e9gendaires tels que Jack Kirby et Steve Ditko, Stan Lee a invent\u00e9 des personnages de bandes dessin\u00e9es tels que Spider-Man, Iron Man, Thor, Black Panther, Daredevil, les X-Men, Hulk et les Fantastic Four. Lee \u00e9tait \u00e9galement r\u00e9guli\u00e8rement c\u00e9l\u00e9br\u00e9 pour ses cam\u00e9os dans les films MARVEL. En plus de ses nombreuses r\u00e9compenses, il a m\u00eame re\u00e7u une \u00e9toile sur le Hollywood Walk of Fame en 2011. En novembre 2018, le p\u00e8re de MARVEL d\u00e9c\u00e8de \u00e0 Los Angeles, mais la l\u00e9gende perdure !<\/li>\n<li>Informations sur l&rsquo;artiste : Todd McFarlane est consid\u00e9r\u00e9 comme l&rsquo;un des artistes de bandes dessin\u00e9es les plus r\u00e9ussis et les plus influents de tous les temps. Dans les ann\u00e9es 80 et 90, McFarlane a propuls\u00e9 la franchise Spider-Man \u00e0 de nouveaux niveaux gr\u00e2ce \u00e0 son travail. C&rsquo;est apr\u00e8s avoir dessin\u00e9 la premi\u00e8re apparition \u00ab\u00a0Full Appearance\u00a0\u00bb de Venom qu&rsquo;il est devenu une superstar de la bande dessin\u00e9e.<br \/>\nEn 1992, Todd McFarlane a fond\u00e9, avec d&rsquo;autres grands noms de la bande dessin\u00e9e, le label de bande dessin\u00e9e ind\u00e9pendant Image Comics, qui est aujourd&rsquo;hui connu pour diverses grandes franchises telles que Spawn, Witchblade ou The Walking Dead. Il est pr\u00e9sident de la maison d&rsquo;\u00e9dition. McFarlane a remport\u00e9 de nombreux prix pour son travail. Les r\u00e9compenses de la NFL en tant qu&rsquo;Artiste de l&rsquo;ann\u00e9e pour son travail de couverture du programme des Ravens de Baltimore et un Grammy Award pour le meilleur \u00ab Short Form Music Video \u00bb sont particuli\u00e8rement exceptionnels. Il a con\u00e7u le clip de \u00ab Freak on a Leash \u00bb du groupe Korn.<\/li>\n<li>Informations sur l&rsquo;artiste : Les autres signatures de cette bande dessin\u00e9e proviennent d&rsquo;artistes de bande dessin\u00e9e tout aussi r\u00e9ussis. Dan Slott est consid\u00e9r\u00e9 comme l\u2019un des auteurs de bandes dessin\u00e9es les plus r\u00e9ussis de la derni\u00e8re d\u00e9cennie. Ses \u0153uvres incluent The Amazing Spider-Man #1 (2014), Fantastic Four #1 (2018) et The Amazing Spider-Man #700 (2013). Toutes les \u00e9ditions figurent en t\u00eate de la c\u00e9l\u00e8bre liste de Diamond Comic \u00ab\u00a0Top 100 Best-Selling Comics of the Decade\u00a0\u00bb.<br \/>\nGiuseppe Camuncoli travaille \u00e9galement avec succ\u00e8s sur des bandes dessin\u00e9es de l&rsquo;univers de Spider-Man. Ses autres \u0153uvres comprennent des titres de tous les grands \u00e9diteurs. Ainsi, en plus de MARVEL, il travaille pour DC Comics et Todd McFarlane&rsquo;s Image Comics.<br \/>\nLa s\u00e9rie de signatures est compl\u00e9t\u00e9e par Edgar Delgado et Victor Olazaba. Les deux artistes sont \u00e9tablis chez MARVEL et sont \u00e9galement surtout connus pour leur travail sur les bandes dessin\u00e9es Spider-Man et Venom. Cependant, son travail comprend \u00e9galement des \u0153uvres pour Star Wars, Guardians of the Galaxy et The Fantastic Four.<\/li>\n<\/ul>\n<p>Tu trouveras plus de CGC Comics <strong><a href=\"https:\/\/memorabilia-germany.de\/fr\/cgc-comics-2\/\">ici<\/a><\/strong>.<\/p>\n","protected":false},"featured_media":37159,"template":"","meta":{"_acf_changed":false,"ocean_post_layout":"","ocean_both_sidebars_style":"","ocean_both_sidebars_content_width":0,"ocean_both_sidebars_sidebars_width":0,"ocean_sidebar":"0","ocean_second_sidebar":"0","ocean_disable_margins":"enable","ocean_add_body_class":"","ocean_shortcode_before_top_bar":"","ocean_shortcode_after_top_bar":"","ocean_shortcode_before_header":"","ocean_shortcode_after_header":"","ocean_has_shortcode":"","ocean_shortcode_after_title":"","ocean_shortcode_before_footer_widgets":"","ocean_shortcode_after_footer_widgets":"","ocean_shortcode_before_footer_bottom":"","ocean_shortcode_after_footer_bottom":"","ocean_display_top_bar":"default","ocean_display_header":"default","ocean_header_style":"","ocean_center_header_left_menu":"0","ocean_custom_header_template":"0","ocean_custom_logo":0,"ocean_custom_retina_logo":0,"ocean_custom_logo_max_width":0,"ocean_custom_logo_tablet_max_width":0,"ocean_custom_logo_mobile_max_width":0,"ocean_custom_logo_max_height":0,"ocean_custom_logo_tablet_max_height":0,"ocean_custom_logo_mobile_max_height":0,"ocean_header_custom_menu":"0","ocean_menu_typo_font_family":"0","ocean_menu_typo_font_subset":"","ocean_menu_typo_font_size":0,"ocean_menu_typo_font_size_tablet":0,"ocean_menu_typo_font_size_mobile":0,"ocean_menu_typo_font_size_unit":"px","ocean_menu_typo_font_weight":"","ocean_menu_typo_font_weight_tablet":"","ocean_menu_typo_font_weight_mobile":"","ocean_menu_typo_transform":"","ocean_menu_typo_transform_tablet":"","ocean_menu_typo_transform_mobile":"","ocean_menu_typo_line_height":0,"ocean_menu_typo_line_height_tablet":0,"ocean_menu_typo_line_height_mobile":0,"ocean_menu_typo_line_height_unit":"","ocean_menu_typo_spacing":0,"ocean_menu_typo_spacing_tablet":0,"ocean_menu_typo_spacing_mobile":0,"ocean_menu_typo_spacing_unit":"","ocean_menu_link_color":"","ocean_menu_link_color_hover":"","ocean_menu_link_color_active":"","ocean_menu_link_background":"","ocean_menu_link_hover_background":"","ocean_menu_link_active_background":"","ocean_menu_social_links_bg":"","ocean_menu_social_hover_links_bg":"","ocean_menu_social_links_color":"","ocean_menu_social_hover_links_color":"","ocean_disable_title":"default","ocean_disable_heading":"default","ocean_post_title":"","ocean_post_subheading":"","ocean_post_title_style":"","ocean_post_title_background_color":"","ocean_post_title_background":0,"ocean_post_title_bg_image_position":"","ocean_post_title_bg_image_attachment":"","ocean_post_title_bg_image_repeat":"","ocean_post_title_bg_image_size":"","ocean_post_title_height":0,"ocean_post_title_bg_overlay":0.5,"ocean_post_title_bg_overlay_color":"","ocean_disable_breadcrumbs":"default","ocean_breadcrumbs_color":"","ocean_breadcrumbs_separator_color":"","ocean_breadcrumbs_links_color":"","ocean_breadcrumbs_links_hover_color":"","ocean_display_footer_widgets":"default","ocean_display_footer_bottom":"default","ocean_custom_footer_template":"0","ofc_enable_fullscreen":"disable","ofc_fullscreen_speed":0,"ofc_fullscreen_nav":"enable","ofc_fullscreen_nav_pos":"right","ofc_fullscreen_nav_color":"","ofc_fullscreen_nav_tooltip_color":"","ofc_fullscreen_responsive":0},"product_brand":[],"product_cat":[2088],"product_tag":[],"class_list":{"0":"post-37158","1":"product","2":"type-product","3":"status-publish","4":"has-post-thumbnail","6":"product_cat-amazing-spider-man-700-stan-lee-todd-mcfarlane-4-autres-artistes","7":"product_shipping_class-classe-dexpedition_a","9":"entry","10":"has-media","12":"first","13":"instock","14":"taxable","15":"shipping-taxable","16":"purchasable","17":"product-type-simple","18":"col","19":"span_1_of_4","20":"owp-content-center","21":"owp-thumbs-layout-horizontal","22":"owp-btn-normal","23":"owp-tabs-layout-horizontal"},"acf":[],"_links":{"self":[{"href":"https:\/\/memorabilia-germany.de\/fr\/wp-json\/wp\/v2\/product\/37158","targetHints":{"allow":["GET"]}}],"collection":[{"href":"https:\/\/memorabilia-germany.de\/fr\/wp-json\/wp\/v2\/product"}],"about":[{"href":"https:\/\/memorabilia-germany.de\/fr\/wp-json\/wp\/v2\/types\/product"}],"version-history":[{"count":0,"href":"https:\/\/memorabilia-germany.de\/fr\/wp-json\/wp\/v2\/product\/37158\/revisions"}],"wp:featuredmedia":[{"embeddable":true,"href":"https:\/\/memorabilia-germany.de\/fr\/wp-json\/wp\/v2\/media\/37159"}],"wp:attachment":[{"href":"https:\/\/memorabilia-germany.de\/fr\/wp-json\/wp\/v2\/media?parent=37158"}],"wp:term":[{"taxonomy":"product_brand","embeddable":true,"href":"https:\/\/memorabilia-germany.de\/fr\/wp-json\/wp\/v2\/product_brand?post=37158"},{"taxonomy":"product_cat","embeddable":true,"href":"https:\/\/memorabilia-germany.de\/fr\/wp-json\/wp\/v2\/product_cat?post=37158"},{"taxonomy":"product_tag","embeddable":true,"href":"https:\/\/memorabilia-germany.de\/fr\/wp-json\/wp\/v2\/product_tag?post=37158"}],"curies":[{"name":"wp","href":"https:\/\/api.w.org\/{rel}","templated":true}]}}