{"id":37074,"date":"2023-11-17T13:16:00","date_gmt":"2024-02-27T11:01:17","guid":{"rendered":"https:\/\/memorabilia-germany.de\/produkt\/ringo-starr-the-beatles-pull-signejapan-tour-1989\/"},"modified":"2024-04-03T17:54:07","modified_gmt":"2024-04-03T15:54:07","slug":"ringo-starr-the-beatles-pull-signejapan-tour-1989","status":"publish","type":"product","link":"https:\/\/memorabilia-germany.de\/fr\/produit\/ringo-starr-the-beatles-pull-signejapan-tour-1989\/","title":{"rendered":"RINGO STARR (The Beatles) pull sign\u00e9<\/br>Japan Tour 1989"},"content":{"rendered":"","protected":false},"excerpt":{"rendered":"<p><strong>Pull sign\u00e9 avec motif du \u00ab\u00a0Ringo Starr and his All-Starr Band Japan Tour 1989\u00a0\u00bb. Autographe du batteur des Beatles Ringo Starr sur le devant du pull.<br \/>\nDepuis de nombreuses ann\u00e9es, Ringo Starr tourne r\u00e9guli\u00e8rement avec les musiciens les plus titr\u00e9s du monde. En 1989, la toute premi\u00e8re tourn\u00e9e a lieu en Am\u00e9rique du Nord et au Japon. Outre le guitariste des Eagles Joe Walsh, l&rsquo;\u00e9quipe comprenait \u00e9galement des grands noms tels que le guitariste de Bruce Springsteen, Nils Lofgren, et la l\u00e9gende de la soul Billy Preston, surnomm\u00e9 le \u00ab cinqui\u00e8me Beatle \u00bb. Au dos du pull, tous les musiciens du line-up original de All Star Band l\u00e9gendaire de 1989 sont honor\u00e9s d&rsquo;une \u00e9toile. Tous les autographes des musiciens sont authentifi\u00e9s et poss\u00e8dent un num\u00e9ro de s\u00e9rie. Pour plus d&rsquo;informations, voir ci-dessous.<br \/>\n<\/strong><\/p>\n<ul style=\"list-style-type: square;\">\n<li>Motif sur le pull : Ringo Starr and his All-Starr Band Japan Tour 1989<\/li>\n<li>Mod\u00e8le : Pull gris, taille M environ<\/li>\n<li>\u00c9tat : neuf<\/li>\n<li>Autographe : Ringo Starr, feutre noir<\/li>\n<li>Inscription : \u00ab 89 \u00bb (ann\u00e9e de la tourn\u00e9e au Japon)<\/li>\n<li>Authentification : James Spence Authentication (avec num\u00e9ro de s\u00e9rie)<\/li>\n<li>Documents : Lettre d&rsquo;authenticit\u00e9 (document pleine page, environ DIN A4 avec signatures du pr\u00e9sident James Spence et d&rsquo;un notaire de l&rsquo;\u00c9tat am\u00e9ricain du New Jersey sur papier de s\u00e9curit\u00e9 James Spence). L&rsquo;entr\u00e9e de la base de donn\u00e9es James Spence montre m\u00eame une photo du pull apr\u00e8s avoir saisi le num\u00e9ro de s\u00e9rie.<\/li>\n<li>Chaque souvenir musical sign\u00e9 est v\u00e9rifi\u00e9 par l&rsquo;un des principaux authentificateurs am\u00e9ricains du march\u00e9 et est livr\u00e9 avec des \u00e9l\u00e9ments de s\u00e9curit\u00e9 num\u00e9rot\u00e9s en s\u00e9rie confirmant l&rsquo;authenticit\u00e9 de l&rsquo;autographe (certificat\/lettre d&rsquo;authenticit\u00e9 et\/ou hologramme de s\u00e9curit\u00e9). Les seuls authentificateurs d&rsquo;autographes de musiciens chez Memorabilia Germany sont : <strong><a href=\"https:\/\/memorabilia-germany.de\/fr\/authentification-des-signatures\/#signature-authentication-beckett\">Beckett<\/a><\/strong>, <strong><a href=\"https:\/\/memorabilia-germany.de\/fr\/authentification-des-signatures\/#signature-authentication-james-spence\">James Spence Authentication<\/a><\/strong>, <strong><a href=\"https:\/\/memorabilia-germany.de\/fr\/authentification-des-signatures\/#signature-authentication-psa-dna\">PSA\/DNA<\/a><\/strong> ou <strong><a href=\"https:\/\/memorabilia-germany.de\/fr\/authentification-des-signatures\/#signature-authentication-fanatics\">Fanatics<\/a><\/strong>. Vous trouverez plus d&rsquo;informations sur le th\u00e8me important de l&rsquo;authentification <strong><a href=\"https:\/\/memorabilia-germany.de\/fr\/authentification-des-signatures\/\">ici<\/a><\/strong>.<\/li>\n<\/ul>\n<p>Vous pouvez trouver plus de souvenirs musicaux <strong><a href=\"https:\/\/memorabilia-germany.de\/fr\/musique-memorabilia\/\">ici<\/a><\/strong>.<\/p>\n","protected":false},"featured_media":37075,"template":"","meta":{"_acf_changed":false,"ocean_post_layout":"","ocean_both_sidebars_style":"","ocean_both_sidebars_content_width":0,"ocean_both_sidebars_sidebars_width":0,"ocean_sidebar":"0","ocean_second_sidebar":"0","ocean_disable_margins":"enable","ocean_add_body_class":"","ocean_shortcode_before_top_bar":"","ocean_shortcode_after_top_bar":"","ocean_shortcode_before_header":"","ocean_shortcode_after_header":"","ocean_has_shortcode":"","ocean_shortcode_after_title":"","ocean_shortcode_before_footer_widgets":"","ocean_shortcode_after_footer_widgets":"","ocean_shortcode_before_footer_bottom":"","ocean_shortcode_after_footer_bottom":"","ocean_display_top_bar":"default","ocean_display_header":"default","ocean_header_style":"","ocean_center_header_left_menu":"0","ocean_custom_header_template":"0","ocean_custom_logo":0,"ocean_custom_retina_logo":0,"ocean_custom_logo_max_width":0,"ocean_custom_logo_tablet_max_width":0,"ocean_custom_logo_mobile_max_width":0,"ocean_custom_logo_max_height":0,"ocean_custom_logo_tablet_max_height":0,"ocean_custom_logo_mobile_max_height":0,"ocean_header_custom_menu":"0","ocean_menu_typo_font_family":"0","ocean_menu_typo_font_subset":"","ocean_menu_typo_font_size":0,"ocean_menu_typo_font_size_tablet":0,"ocean_menu_typo_font_size_mobile":0,"ocean_menu_typo_font_size_unit":"px","ocean_menu_typo_font_weight":"","ocean_menu_typo_font_weight_tablet":"","ocean_menu_typo_font_weight_mobile":"","ocean_menu_typo_transform":"","ocean_menu_typo_transform_tablet":"","ocean_menu_typo_transform_mobile":"","ocean_menu_typo_line_height":0,"ocean_menu_typo_line_height_tablet":0,"ocean_menu_typo_line_height_mobile":0,"ocean_menu_typo_line_height_unit":"","ocean_menu_typo_spacing":0,"ocean_menu_typo_spacing_tablet":0,"ocean_menu_typo_spacing_mobile":0,"ocean_menu_typo_spacing_unit":"","ocean_menu_link_color":"","ocean_menu_link_color_hover":"","ocean_menu_link_color_active":"","ocean_menu_link_background":"","ocean_menu_link_hover_background":"","ocean_menu_link_active_background":"","ocean_menu_social_links_bg":"","ocean_menu_social_hover_links_bg":"","ocean_menu_social_links_color":"","ocean_menu_social_hover_links_color":"","ocean_disable_title":"default","ocean_disable_heading":"default","ocean_post_title":"","ocean_post_subheading":"","ocean_post_title_style":"","ocean_post_title_background_color":"","ocean_post_title_background":0,"ocean_post_title_bg_image_position":"","ocean_post_title_bg_image_attachment":"","ocean_post_title_bg_image_repeat":"","ocean_post_title_bg_image_size":"","ocean_post_title_height":0,"ocean_post_title_bg_overlay":0.5,"ocean_post_title_bg_overlay_color":"","ocean_disable_breadcrumbs":"default","ocean_breadcrumbs_color":"","ocean_breadcrumbs_separator_color":"","ocean_breadcrumbs_links_color":"","ocean_breadcrumbs_links_hover_color":"","ocean_display_footer_widgets":"default","ocean_display_footer_bottom":"default","ocean_custom_footer_template":"0","ofc_enable_fullscreen":"disable","ofc_fullscreen_speed":0,"ofc_fullscreen_nav":"enable","ofc_fullscreen_nav_pos":"right","ofc_fullscreen_nav_color":"","ofc_fullscreen_nav_tooltip_color":"","ofc_fullscreen_responsive":0},"product_brand":[],"product_cat":[2409],"product_tag":[],"class_list":{"0":"post-37074","1":"product","2":"type-product","3":"status-publish","4":"has-post-thumbnail","6":"product_cat-ringo-starr-the-beatles-pull-signe-japan-tour-1989","7":"product_shipping_class-classe-dexpedition_a","9":"entry","10":"has-media","12":"first","13":"instock","14":"taxable","15":"shipping-taxable","16":"purchasable","17":"product-type-simple","18":"col","19":"span_1_of_4","20":"owp-content-center","21":"owp-thumbs-layout-horizontal","22":"owp-btn-normal","23":"owp-tabs-layout-horizontal"},"acf":[],"_links":{"self":[{"href":"https:\/\/memorabilia-germany.de\/fr\/wp-json\/wp\/v2\/product\/37074","targetHints":{"allow":["GET"]}}],"collection":[{"href":"https:\/\/memorabilia-germany.de\/fr\/wp-json\/wp\/v2\/product"}],"about":[{"href":"https:\/\/memorabilia-germany.de\/fr\/wp-json\/wp\/v2\/types\/product"}],"version-history":[{"count":0,"href":"https:\/\/memorabilia-germany.de\/fr\/wp-json\/wp\/v2\/product\/37074\/revisions"}],"wp:featuredmedia":[{"embeddable":true,"href":"https:\/\/memorabilia-germany.de\/fr\/wp-json\/wp\/v2\/media\/37075"}],"wp:attachment":[{"href":"https:\/\/memorabilia-germany.de\/fr\/wp-json\/wp\/v2\/media?parent=37074"}],"wp:term":[{"taxonomy":"product_brand","embeddable":true,"href":"https:\/\/memorabilia-germany.de\/fr\/wp-json\/wp\/v2\/product_brand?post=37074"},{"taxonomy":"product_cat","embeddable":true,"href":"https:\/\/memorabilia-germany.de\/fr\/wp-json\/wp\/v2\/product_cat?post=37074"},{"taxonomy":"product_tag","embeddable":true,"href":"https:\/\/memorabilia-germany.de\/fr\/wp-json\/wp\/v2\/product_tag?post=37074"}],"curies":[{"name":"wp","href":"https:\/\/api.w.org\/{rel}","templated":true}]}}