{"id":37060,"date":"2023-11-17T14:50:30","date_gmt":"2023-11-17T13:50:30","guid":{"rendered":"https:\/\/memorabilia-germany.de\/produkt\/alice-cooper-alice-cooper-hollywood-vampiresguitare-signee-classic-style\/"},"modified":"2024-04-03T18:01:53","modified_gmt":"2024-04-03T16:01:53","slug":"alice-cooper-alice-cooper-hollywood-vampiresguitare-signee-classic-style","status":"publish","type":"product","link":"https:\/\/memorabilia-germany.de\/fr\/produit\/alice-cooper-alice-cooper-hollywood-vampiresguitare-signee-classic-style\/","title":{"rendered":"ALICE COOPER (Alice Cooper\/Hollywood Vampires)<\/br>guitare sign\u00e9e, Classic Style"},"content":{"rendered":"","protected":false},"excerpt":{"rendered":"<p><strong>Guitare sign\u00e9e dans un look classique en noir et blanc. Autographe de la l\u00e9gende du rock et membre du Rock and Roll Hall of Fame Alice Cooper sur le corps de la guitare.<br \/>\nAlice Cooper a fond\u00e9 son premier groupe dans les ann\u00e9es 1960 et, quelques ann\u00e9es plus tard, travaillait d\u00e9j\u00e0 avec d\u2019autres l\u00e9gendes du rock comme Frank Zappa. Alice Cooper a rapidement acquis une renomm\u00e9e internationale gr\u00e2ce \u00e0 ses performances sc\u00e9niques provocantes et ses sons hard rock. Au d\u00e9but des ann\u00e9es 70, il sort des classiques intemporels tels que \u00ab I&rsquo;m Eighteen \u00bb, \u00ab School&rsquo;s Out \u00bb et \u00ab No More Mr. Nice Guy \u00bb et devient ainsi tr\u00e8s t\u00f4t une superstar inoubliable. Sa carri\u00e8re reste ininterrompue \u00e0 ce jour. En plus de ses performances en solo, il tourne \u00e9galement \u00e0 l&rsquo;international avec son \u00ab supergroupe \u00bb Hollywood Vampires, avec l&rsquo;acteur hollywoodien Johnny Depp et le guitariste principal d&rsquo;Aerosmith Joe Perry. Tous les autographes des musiciens sont authentifi\u00e9s et poss\u00e8dent un num\u00e9ro de s\u00e9rie. Voir ci-dessous pour plus d&rsquo;informations.<br \/>\n<\/strong><\/p>\n<ul style=\"list-style-type: square;\">\n<li>Type de guitare : guitare \u00e9lectrique<\/li>\n<li>Mod\u00e8le : guitare noire et blanche de style classique, Full Size.<\/li>\n<li>Autographe : Alice Cooper, feutre argent\u00e9<\/li>\n<li>Placement de l&rsquo;autographe : corps de guitare<\/li>\n<li>Authentification : Beckett Authentication (avec num\u00e9ro de s\u00e9rie)<\/li>\n<li>Documents : Digital Certificate of Authenticity + QR Code de l\u2019hologramme de s\u00e9curit\u00e9 sur la guitare<\/li>\n<li>Chaque Memorabilia musical sign\u00e9 est v\u00e9rifi\u00e9 par l&rsquo;un des principaux Authenticators am\u00e9ricains du march\u00e9 et est accompagn\u00e9 de caract\u00e9ristiques de s\u00e9curit\u00e9 num\u00e9rot\u00e9es en s\u00e9rie qui confirment l&rsquo;authenticit\u00e9 de l&rsquo;autographe (Certificate of Authenticity et\/ou hologramme de s\u00e9curit\u00e9). Les seuls authentificateurs d&rsquo;autographes de musiciens chez Memorabilia Germany sont : <strong><a href=\"https:\/\/memorabilia-germany.de\/fr\/authentification-des-signatures\/#signature-authentication-beckett\">Beckett<\/a><\/strong>, <strong><a href=\"https:\/\/memorabilia-germany.de\/fr\/authentification-des-signatures\/#signature-authentication-james-spence\">James Spence Authentication<\/a><\/strong>, <strong><a href=\"https:\/\/memorabilia-germany.de\/fr\/authentification-des-signatures\/#signature-authentication-psa-dna\">PSA\/DNA<\/a><\/strong> ou <strong><a href=\"https:\/\/memorabilia-germany.de\/fr\/authentification-des-signatures\/#signature-authentication-fanatics\">Fanatics<\/a><\/strong>. Vous trouverez plus d&rsquo;informations sur le th\u00e8me important de l&rsquo;authentification <strong><a href=\"https:\/\/memorabilia-germany.de\/fr\/authentification-des-signatures\/\">ici<\/a><\/strong>.<\/li>\n<\/ul>\n<p>Vous pouvez trouver plus de souvenirs musicaux <strong><a href=\"https:\/\/memorabilia-germany.de\/fr\/musique-memorabilia\/\">ici<\/a><\/strong>.<\/p>\n","protected":false},"featured_media":37061,"template":"","meta":{"_acf_changed":false,"ocean_post_layout":"","ocean_both_sidebars_style":"","ocean_both_sidebars_content_width":0,"ocean_both_sidebars_sidebars_width":0,"ocean_sidebar":"0","ocean_second_sidebar":"0","ocean_disable_margins":"enable","ocean_add_body_class":"","ocean_shortcode_before_top_bar":"","ocean_shortcode_after_top_bar":"","ocean_shortcode_before_header":"","ocean_shortcode_after_header":"","ocean_has_shortcode":"","ocean_shortcode_after_title":"","ocean_shortcode_before_footer_widgets":"","ocean_shortcode_after_footer_widgets":"","ocean_shortcode_before_footer_bottom":"","ocean_shortcode_after_footer_bottom":"","ocean_display_top_bar":"default","ocean_display_header":"default","ocean_header_style":"","ocean_center_header_left_menu":"0","ocean_custom_header_template":"0","ocean_custom_logo":0,"ocean_custom_retina_logo":0,"ocean_custom_logo_max_width":0,"ocean_custom_logo_tablet_max_width":0,"ocean_custom_logo_mobile_max_width":0,"ocean_custom_logo_max_height":0,"ocean_custom_logo_tablet_max_height":0,"ocean_custom_logo_mobile_max_height":0,"ocean_header_custom_menu":"0","ocean_menu_typo_font_family":"0","ocean_menu_typo_font_subset":"","ocean_menu_typo_font_size":0,"ocean_menu_typo_font_size_tablet":0,"ocean_menu_typo_font_size_mobile":0,"ocean_menu_typo_font_size_unit":"px","ocean_menu_typo_font_weight":"","ocean_menu_typo_font_weight_tablet":"","ocean_menu_typo_font_weight_mobile":"","ocean_menu_typo_transform":"","ocean_menu_typo_transform_tablet":"","ocean_menu_typo_transform_mobile":"","ocean_menu_typo_line_height":0,"ocean_menu_typo_line_height_tablet":0,"ocean_menu_typo_line_height_mobile":0,"ocean_menu_typo_line_height_unit":"","ocean_menu_typo_spacing":0,"ocean_menu_typo_spacing_tablet":0,"ocean_menu_typo_spacing_mobile":0,"ocean_menu_typo_spacing_unit":"","ocean_menu_link_color":"","ocean_menu_link_color_hover":"","ocean_menu_link_color_active":"","ocean_menu_link_background":"","ocean_menu_link_hover_background":"","ocean_menu_link_active_background":"","ocean_menu_social_links_bg":"","ocean_menu_social_hover_links_bg":"","ocean_menu_social_links_color":"","ocean_menu_social_hover_links_color":"","ocean_disable_title":"default","ocean_disable_heading":"default","ocean_post_title":"","ocean_post_subheading":"","ocean_post_title_style":"","ocean_post_title_background_color":"","ocean_post_title_background":0,"ocean_post_title_bg_image_position":"","ocean_post_title_bg_image_attachment":"","ocean_post_title_bg_image_repeat":"","ocean_post_title_bg_image_size":"","ocean_post_title_height":0,"ocean_post_title_bg_overlay":0.5,"ocean_post_title_bg_overlay_color":"","ocean_disable_breadcrumbs":"default","ocean_breadcrumbs_color":"","ocean_breadcrumbs_separator_color":"","ocean_breadcrumbs_links_color":"","ocean_breadcrumbs_links_hover_color":"","ocean_display_footer_widgets":"default","ocean_display_footer_bottom":"default","ocean_custom_footer_template":"0","ofc_enable_fullscreen":"disable","ofc_fullscreen_speed":0,"ofc_fullscreen_nav":"enable","ofc_fullscreen_nav_pos":"right","ofc_fullscreen_nav_color":"","ofc_fullscreen_nav_tooltip_color":"","ofc_fullscreen_responsive":0},"product_brand":[],"product_cat":[2406],"product_tag":[],"class_list":{"0":"post-37060","1":"product","2":"type-product","3":"status-publish","4":"has-post-thumbnail","6":"product_cat-alice-cooper-alice-cooper-hollywood-vampires-guitare-signee-classic-style","7":"product_shipping_class-classe-dexpedition_a","9":"entry","10":"has-media","12":"first","13":"outofstock","14":"taxable","15":"shipping-taxable","16":"purchasable","17":"product-type-simple","18":"col","19":"span_1_of_4","20":"owp-content-center","21":"owp-thumbs-layout-horizontal","22":"owp-btn-normal","23":"owp-tabs-layout-horizontal"},"acf":[],"_links":{"self":[{"href":"https:\/\/memorabilia-germany.de\/fr\/wp-json\/wp\/v2\/product\/37060","targetHints":{"allow":["GET"]}}],"collection":[{"href":"https:\/\/memorabilia-germany.de\/fr\/wp-json\/wp\/v2\/product"}],"about":[{"href":"https:\/\/memorabilia-germany.de\/fr\/wp-json\/wp\/v2\/types\/product"}],"version-history":[{"count":0,"href":"https:\/\/memorabilia-germany.de\/fr\/wp-json\/wp\/v2\/product\/37060\/revisions"}],"wp:featuredmedia":[{"embeddable":true,"href":"https:\/\/memorabilia-germany.de\/fr\/wp-json\/wp\/v2\/media\/37061"}],"wp:attachment":[{"href":"https:\/\/memorabilia-germany.de\/fr\/wp-json\/wp\/v2\/media?parent=37060"}],"wp:term":[{"taxonomy":"product_brand","embeddable":true,"href":"https:\/\/memorabilia-germany.de\/fr\/wp-json\/wp\/v2\/product_brand?post=37060"},{"taxonomy":"product_cat","embeddable":true,"href":"https:\/\/memorabilia-germany.de\/fr\/wp-json\/wp\/v2\/product_cat?post=37060"},{"taxonomy":"product_tag","embeddable":true,"href":"https:\/\/memorabilia-germany.de\/fr\/wp-json\/wp\/v2\/product_tag?post=37060"}],"curies":[{"name":"wp","href":"https:\/\/api.w.org\/{rel}","templated":true}]}}