{"id":36984,"date":"2023-11-30T14:46:59","date_gmt":"2024-02-23T16:00:13","guid":{"rendered":"https:\/\/memorabilia-germany.de\/produkt\/nfl-football-trading-cards-mystery-boxmodern-superstars-edition-what-a-journey10-unopened-packs\/"},"modified":"2024-04-08T11:17:03","modified_gmt":"2024-04-08T09:17:03","slug":"nfl-football-trading-cards-mystery-boxmodern-superstars-edition-what-a-journey10-unopened-packs","status":"publish","type":"product","link":"https:\/\/memorabilia-germany.de\/fr\/produit\/nfl-football-trading-cards-mystery-boxmodern-superstars-edition-what-a-journey10-unopened-packs\/","title":{"rendered":"NFL Football Trading Cards Mystery Box<\/br>\u201cModern Superstars Edition\u201d WHAT A JOURNEY!<\/br>(10 unopened packs)"},"content":{"rendered":"<p style=\"text-align: center;\"><strong>Tous les paquets de cette s\u00e9rie proviennent exclusivement des Trading Cards suivantes :<\/strong><br \/>\n2023 Panini Certified Football (Hobby Box)<br \/>\n2023 Panini Donruss Elite Football (Hobby Box)<br \/>\n2001 Upper Deck Pros &amp; Prospects Football (Hobby Box)<br \/>\n1988 Topps Football Picture &amp; Bubble Gum Cards (Wax Box)<br \/>\n2004 Upper Deck Foundations Football (Hobby Box)<br \/>\n2014 Topps Chrome Football (Hobby Box)<br \/>\n2023 Panini Mosaic Football (Mega Box)<br \/>\n2016 Panini Donruss Optic Football (Mega Box)<br \/>\n2009 Topps Football Cards (Hobby Box)<br \/>\n1999 Topps Football Cards (Hobby Box)<br \/>\n1990 Action Packed All-Madden Football (Hobby Box)<br \/>\n2023 Panini Score Football (Retail Box)<br \/>\n1989 Pro Set Football Cards (Wax Box)<br \/>\n1990 Score NFL Football Player Cards (Wax Box)<br \/>\n2023 Panini Donruss Elite Football (Blaster Box)<br \/>\n2023 Panini Chronicles Draft Football (Blaster Box)<br \/>\n1994 Skybox Premium Football (Hobby Box)<br \/>\n1996 Leaf Football Cards (Hobby Box)<br \/>\n1992 Topps Stadium Club Football (Hobby Box)<\/p>\n<p><strong>Remarque<\/strong> : L&rsquo;\u00e9tat de tous les paquets de Trading Cards a \u00e9t\u00e9 contr\u00f4l\u00e9 par Memorabilia Germany et les Mystery Boxes contiennent toutes, sans exception, des paquets \u00e0 l&rsquo;\u00e9tat neuf qui n&rsquo;ont jamais \u00e9t\u00e9 ouverts. Veuillez n\u00e9anmoins noter que les cartes ont jusqu&rsquo;\u00e0 35 ans et que nous ne pouvons donc pas garantir leur \u00e9tat \u00e0 l&rsquo;int\u00e9rieur des paquets.<\/p>\n<p>Comment fonctionne une Mystery Box ?<br \/>\nVous pouvez trouver des informations \u00e0 ce sujet dans notre <strong><a href=\"https:\/\/memorabilia-germany.de\/fr\/sports-memorabilia-faq\/#memorabilia-mystery-box\"><u>FAQ<\/u><\/a><\/strong>!<\/p>\n","protected":false},"excerpt":{"rendered":"<p><strong>Cette s\u00e9rie est disponible sur un total de 50 NFL Football Trading Cards <a href=\"https:\/\/memorabilia-germany.de\/fr\/sports-memorabilia-faq\/#memorabilia-mystery-box\"><u>Mystery Boxes<\/u><\/a> en \u00e9dition limit\u00e9e. Chaque bo\u00eete est scell\u00e9e et porte un num\u00e9ro de s\u00e9rie. Les bo\u00eetes contiennent des paquets non ouverts d&rsquo;\u00e9ditions \u00e9puis\u00e9es dans le monde entier des ann\u00e9es 80, 90, 2000 et 2010. De plus, la s\u00e9rie est compl\u00e9t\u00e9e par de tout nouveaux paquets des marques de Trading Cards les plus exclusives de la saison actuelle de 2023.<br \/>\nWhat a Journey! Cette s\u00e9rie rend hommage \u00e0 la National Football League et \u00e0 l&rsquo;histoire de ses Trading Cards au cours des 40 derni\u00e8res ann\u00e9es. Le voyage dans lequel nous avons \u00e9t\u00e9 emmen\u00e9s jusqu&rsquo;\u00e0 pr\u00e9sent et le voyage qui nous attend encore. Certaines bo\u00eetes contiennent m\u00eame des Memorabilia <a href=\"https:\/\/memorabilia-germany.de\/fr\/sports-memorabilia-faq\/#redemption\"><u>des Redemption Vouchers<\/u><\/a> pour un casque de football am\u00e9ricain Patrick Mahomes ou Russell Wilson d\u00e9dicac\u00e9, ainsi que pour des ballons sign\u00e9s par Joe Montana et Dak Prescott !<\/strong><\/p>\n<p><strong>Information produit :<\/strong><\/p>\n<ul style=\"list-style-type: square;\">\n<li>Contenu de chaque bo\u00eete : 10 paquets non ouverts datant de 1988 \u00e0 aujourd&rsquo;hui (voir la liste d\u00e9taill\u00e9e ci-dessous).<\/li>\n<li>Tous les paquets proviennent exclusivement de bo\u00eetes \u00ab\u00a0factory sealed\u00a0\u00bb.<\/li>\n<li>3 bo\u00eetes sur 50 contiennent \u00e9galement un Memorabilia <a href=\"https:\/\/memorabilia-germany.de\/fr\/sports-memorabilia-faq\/#redemption\"><strong><u>Redemption Voucher<\/u><\/strong><\/a>. Un bon peut \u00eatre \u00e9chang\u00e9 contre un casque de football am\u00e9ricain Seattle Seahawks Authentic Eclipse Full Size de Riddell d\u00e9dicac\u00e9 par Russell Wilson ou un casque Riddell Lunar Eclipse Mini des Kansas City Chiefs d\u00e9dicac\u00e9 par Patrick Mahomes (Finder&rsquo;s Choice). Les deux autres bons peuvent \u00eatre \u00e9chang\u00e9s contre un ballon de football Full Size d\u00e9dicac\u00e9 par Joe Montana ou Dak Prescott. Tous les objets ont \u00e9t\u00e9 authentifi\u00e9s par Beckett et ont un num\u00e9ro de s\u00e9rie qui peut \u00eatre v\u00e9rifi\u00e9 en ligne.<\/li>\n<li>Retrouve les Trading Cards originales des stars de la NFL des ann\u00e9es 80 \u00e0 la saison actuelle de 2023. Les cartes comprennent des noms comme Joe Montana, Tom Brady, Dan Marino, Patrick Mahomes, Peyton Manning, Emmitt Smith, Tyreek Hill, John Elway, Christian McCaffrey, DK Metcalf, Aaron Rodgers, Drew Brees, Rob Gronkowski, CJ Stroud, Travis Kelce, Joe Burrow ou Jalen Hurts.<\/li>\n<\/ul>\n<p>&nbsp;<\/p>\n<p><strong>Highlight Chances:<\/strong><\/p>\n<ul style=\"list-style-type: square;\">\n<li><a href=\"https:\/\/memorabilia-germany.de\/fr\/sports-memorabilia-faq\/#redemption\"><strong><u>Redemption Vouchers<\/u><\/strong><\/a>: Seattle Seahawks Authentic Eclipse Full Size Football Helmet avec autographe de Russell Wilson\/ Kansas City Chiefs Lunar Eclipse Mini Helmet avec autographe de Patrick Mahomes de Riddell, San Francisco 49ers Logo Football avec autographe de Joe Montana et Dallas Cowboys Distressed Football avec autographe de Dak Prescott.<\/li>\n<li>2023 Panini Certified Football Freshman Fabric Signatures &amp; Canton Certified Signatures:\n<ul style=\"list-style-type: circle;\">\n<li>Freshman Fabrics Mirror Signatures Purple numbered to 10<\/li>\n<li>Freshman Fabric Mirror Signatures Green numbered to 5<\/li>\n<li>Freshman Fabric Mirror Signatures Black numbered to 1<\/li>\n<li>Canton Certified Signatures Mirror Purple numbered to 10<\/li>\n<li>Canton Certified Signatures Mirror Green numbered to 5<\/li>\n<li>Canton Certified Signatures Mirror Black numbered to 1<\/li>\n<\/ul>\n<\/li>\n<li>Panini Certified Stitches in Time Quad Mirror Insert Cards:\n<ul style=\"list-style-type: circle;\">\n<li>Stitches in Time Quad Mirror Green Etch numbered to 3<\/li>\n<li>Stitches in Time Quad Mirror Black Etch numbered to 1<\/li>\n<\/ul>\n<\/li>\n<li>2001 Upper Deck Pros &amp; Prospects Inserts:\n<ul style=\"list-style-type: circle;\">\n<li>Piece of History Autographed Jersey Cards<\/li>\n<li>Piece of History Autographed Jersey Card Parallels<\/li>\n<li>Parallel Jersey Cards sequentially numbered to 50<\/li>\n<li>Piece of History Combo Jersey Cards sequentially numbered to 25<\/li>\n<li>Centerpiece + Future Fame<\/li>\n<li>ProMotion &amp; ProActive<\/li>\n<\/ul>\n<\/li>\n<li>2004 Upper Deck Foundations Autographs, Limited Edition Jersey Inserts &amp; Patch Cards:\n<ul style=\"list-style-type: circle;\">\n<li>Rookie Foundations Rainbow Silver numbered to 10<\/li>\n<li>Rookie Foundations Autographed Patches numbered to 25<\/li>\n<li>Dual Endorsements Autographs: Rookie + Rookie &amp; Rookie + Veteran<\/li>\n<li>Signature Foundations<\/li>\n<li>Rookie Cards with a piece of a 2004 Rookie Photo Shoot worn jersey<\/li>\n<\/ul>\n<\/li>\n<li>2023 Panini Donruss Elite Football Turn of the Century Autographs:\n<ul style=\"list-style-type: circle;\">\n<li>Turn of the Century Autographs Purple numbered to 10<\/li>\n<li>Turn of the Century Autographs Gold numbered to 5<\/li>\n<li>Turn of the Century Autographs Black numbered to 1<\/li>\n<\/ul>\n<\/li>\n<li>2023 Panini Donruss Elite Football Insert Cards:\n<ul style=\"list-style-type: circle;\">\n<li>Razzle Dazzle &amp; Elite One of One Rookies<\/li>\n<li>Colored Pen Pals<\/li>\n<li>2003 Elite Throwback Rookies<\/li>\n<li>Moxie Prime Max + MVPBound<\/li>\n<li>One-of-One Team Lineage Signatures Black <\/li>\n<\/ul>\n<\/li>\n<li>2014 Topps Chrome Football Autograph, Limited Inserts &amp; Patch Cards Highlights:\n<ul style=\"list-style-type: circle;\">\n<li>1963 Topps Throwback Football SuperFractor numbered to 1<\/li>\n<li>1965 Topps Throwback Football SuperFractor numbered to 1<\/li>\n<li>1985 Topps Throwback Football Refractor Autographs<\/li>\n<li>Fantasy Focus Superfractor numbered to 1<\/li>\n<li>Chrome Rookie Die-Cut Refractor Autographs numbered to 15<\/li>\n<li>1,000 Yard Club &amp; 4,000 Yard Club Red Refractor Numbered Autographs<\/li>\n<li>Rookie Autograph Patch Cards + Dual &amp; Triple Rookie Autographs<\/li>\n<\/ul>\n<\/li>\n<li>1988 topps NFL Football Highlight Cards &amp; Inserts:\n<ul style=\"list-style-type: circle;\">\n<li>1988 Super Rookies (inkl. Bo Jackson)<\/li>\n<li>1,000 Yard Club<\/li>\n<li>Joe Montana Cover Cards<\/li>\n<li>Team Leader + AllPro<\/li>\n<\/ul>\n<\/li>\n<li>Rookie Cards &amp; Special Inserts des l\u00e9gendes actuelles de la NFL comme Drew Brees, Ben Roethlisberger, Bo Jackson, Eli Manning, Davante Adams, Michael Irvin, Cris Carter, Aaron Donald, Vinny Testaverde, Odell Beckham, Jr., Mike Evans, Tyreek Hill, Dak Prescott, Ezekiel Elliott, Joey Bosa, Thurman Thomas, Terell Owens et bien d&rsquo;autres !<\/li>\n<\/ul>\n","protected":false},"featured_media":36985,"template":"","meta":{"_acf_changed":false,"ocean_post_layout":"","ocean_both_sidebars_style":"","ocean_both_sidebars_content_width":0,"ocean_both_sidebars_sidebars_width":0,"ocean_sidebar":"0","ocean_second_sidebar":"0","ocean_disable_margins":"enable","ocean_add_body_class":"","ocean_shortcode_before_top_bar":"","ocean_shortcode_after_top_bar":"","ocean_shortcode_before_header":"","ocean_shortcode_after_header":"","ocean_has_shortcode":"","ocean_shortcode_after_title":"","ocean_shortcode_before_footer_widgets":"","ocean_shortcode_after_footer_widgets":"","ocean_shortcode_before_footer_bottom":"","ocean_shortcode_after_footer_bottom":"","ocean_display_top_bar":"default","ocean_display_header":"default","ocean_header_style":"","ocean_center_header_left_menu":"0","ocean_custom_header_template":"0","ocean_custom_logo":0,"ocean_custom_retina_logo":0,"ocean_custom_logo_max_width":0,"ocean_custom_logo_tablet_max_width":0,"ocean_custom_logo_mobile_max_width":0,"ocean_custom_logo_max_height":0,"ocean_custom_logo_tablet_max_height":0,"ocean_custom_logo_mobile_max_height":0,"ocean_header_custom_menu":"0","ocean_menu_typo_font_family":"0","ocean_menu_typo_font_subset":"","ocean_menu_typo_font_size":0,"ocean_menu_typo_font_size_tablet":0,"ocean_menu_typo_font_size_mobile":0,"ocean_menu_typo_font_size_unit":"px","ocean_menu_typo_font_weight":"","ocean_menu_typo_font_weight_tablet":"","ocean_menu_typo_font_weight_mobile":"","ocean_menu_typo_transform":"","ocean_menu_typo_transform_tablet":"","ocean_menu_typo_transform_mobile":"","ocean_menu_typo_line_height":0,"ocean_menu_typo_line_height_tablet":0,"ocean_menu_typo_line_height_mobile":0,"ocean_menu_typo_line_height_unit":"","ocean_menu_typo_spacing":0,"ocean_menu_typo_spacing_tablet":0,"ocean_menu_typo_spacing_mobile":0,"ocean_menu_typo_spacing_unit":"","ocean_menu_link_color":"","ocean_menu_link_color_hover":"","ocean_menu_link_color_active":"","ocean_menu_link_background":"","ocean_menu_link_hover_background":"","ocean_menu_link_active_background":"","ocean_menu_social_links_bg":"","ocean_menu_social_hover_links_bg":"","ocean_menu_social_links_color":"","ocean_menu_social_hover_links_color":"","ocean_disable_title":"default","ocean_disable_heading":"default","ocean_post_title":"","ocean_post_subheading":"","ocean_post_title_style":"","ocean_post_title_background_color":"","ocean_post_title_background":0,"ocean_post_title_bg_image_position":"","ocean_post_title_bg_image_attachment":"","ocean_post_title_bg_image_repeat":"","ocean_post_title_bg_image_size":"","ocean_post_title_height":0,"ocean_post_title_bg_overlay":0.5,"ocean_post_title_bg_overlay_color":"","ocean_disable_breadcrumbs":"default","ocean_breadcrumbs_color":"","ocean_breadcrumbs_separator_color":"","ocean_breadcrumbs_links_color":"","ocean_breadcrumbs_links_hover_color":"","ocean_display_footer_widgets":"default","ocean_display_footer_bottom":"default","ocean_custom_footer_template":"0","ofc_enable_fullscreen":"disable","ofc_fullscreen_speed":0,"ofc_fullscreen_nav":"enable","ofc_fullscreen_nav_pos":"right","ofc_fullscreen_nav_color":"","ofc_fullscreen_nav_tooltip_color":"","ofc_fullscreen_responsive":0},"product_brand":[],"product_cat":[2422],"product_tag":[],"class_list":{"0":"post-36984","1":"product","2":"type-product","3":"status-publish","4":"has-post-thumbnail","6":"product_cat-nfl-football-trading-cards-mystery-box-modern-superstars-edition-what-a-journey","7":"product_shipping_class-classe-dexpedition_a","9":"entry","10":"has-media","12":"first","13":"outofstock","14":"taxable","15":"shipping-taxable","16":"product-type-simple","17":"col","18":"span_1_of_4","19":"owp-content-center","20":"owp-thumbs-layout-horizontal","21":"owp-btn-normal","22":"owp-tabs-layout-horizontal"},"acf":[],"_links":{"self":[{"href":"https:\/\/memorabilia-germany.de\/fr\/wp-json\/wp\/v2\/product\/36984","targetHints":{"allow":["GET"]}}],"collection":[{"href":"https:\/\/memorabilia-germany.de\/fr\/wp-json\/wp\/v2\/product"}],"about":[{"href":"https:\/\/memorabilia-germany.de\/fr\/wp-json\/wp\/v2\/types\/product"}],"version-history":[{"count":0,"href":"https:\/\/memorabilia-germany.de\/fr\/wp-json\/wp\/v2\/product\/36984\/revisions"}],"wp:featuredmedia":[{"embeddable":true,"href":"https:\/\/memorabilia-germany.de\/fr\/wp-json\/wp\/v2\/media\/36985"}],"wp:attachment":[{"href":"https:\/\/memorabilia-germany.de\/fr\/wp-json\/wp\/v2\/media?parent=36984"}],"wp:term":[{"taxonomy":"product_brand","embeddable":true,"href":"https:\/\/memorabilia-germany.de\/fr\/wp-json\/wp\/v2\/product_brand?post=36984"},{"taxonomy":"product_cat","embeddable":true,"href":"https:\/\/memorabilia-germany.de\/fr\/wp-json\/wp\/v2\/product_cat?post=36984"},{"taxonomy":"product_tag","embeddable":true,"href":"https:\/\/memorabilia-germany.de\/fr\/wp-json\/wp\/v2\/product_tag?post=36984"}],"curies":[{"name":"wp","href":"https:\/\/api.w.org\/{rel}","templated":true}]}}