{"id":36911,"date":"2023-11-30T19:54:38","date_gmt":"2024-02-23T15:29:45","guid":{"rendered":"https:\/\/memorabilia-germany.de\/produkt\/nfl-trading-cards-pocket-packgold-edition5-unopened-packs\/"},"modified":"2024-02-23T16:29:45","modified_gmt":"2024-02-23T15:29:45","slug":"nfl-trading-cards-pocket-packgold-edition5-unopened-packs","status":"publish","type":"product","link":"https:\/\/memorabilia-germany.de\/fr\/produit\/nfl-trading-cards-pocket-packgold-edition5-unopened-packs\/","title":{"rendered":"NFL Trading Cards Pocket Pack<\/br>\u201cGold Edition\u201d<\/br>(5 unopened packs)"},"content":{"rendered":"<p style=\"text-align: center;\"><strong>Tous les paquets de cette s\u00e9rie proviennent exclusivement des Trading Cards suivantes :<\/strong><br \/>\n2023 Panini Prestige Football (H2 Box)<br \/>\n2023 Panini Certified Football (Hobby Box)<br \/>\n2004 Upper Deck Foundations Football (Hobby Box)<br \/>\n2014 Topps Chrome Football (Hobby Box)<br \/>\n2023 Panini Mosaic Football (Mega Box)<br \/>\n2013 Panini Rookies &amp; Stars Football (Multi Box)<br \/>\n2016 Panini Donruss Optic Football (Mega Box)<br \/>\n1999 Topps Football Cards (Hobby Box)<br \/>\n1996 Skybox Impact Rookies Football (Hobby Box)<br \/>\n2023 Panini Score Football (Retail Box)<br \/>\n1989 Pro Set Football Cards (Wax Box)<br \/>\n1992 Topps Football Picture Cards (Wax Box)<br \/>\n2023 Panini Donruss Elite Football (Blaster Box)<br \/>\n2023 Panini Chronicles Draft Football (Blaster Box)<br \/>\n1992 Topps Football Picture Cards (Wax Box)<br \/>\n1995 Collector\u2019s Edge Black Label NFL Trading Cards (Hobby Box)<br \/>\n1992 NFL Pacific Pro Football Plus Player Cards (Wax Box)<br \/>\n1994 Skybox Premium Football (Hobby Box)<br \/>\n1996 Leaf Football Cards (Hobby Box)<br \/>\n1992 Topps Stadium Club Football (Hobby Box)\n<\/p>\n<p><strong>Remarque<\/strong> : L&rsquo;\u00e9tat de tous les paquets de Trading Cards a \u00e9t\u00e9 contr\u00f4l\u00e9 par Memorabilia Germany et les Mystery Boxes contiennent toutes, sans exception, des paquets \u00e0 l&rsquo;\u00e9tat neuf qui n&rsquo;ont jamais \u00e9t\u00e9 ouverts. Veuillez n\u00e9anmoins noter que les cartes ont jusqu&rsquo;\u00e0 35 ans et que nous ne pouvons donc pas garantir leur \u00e9tat \u00e0 l&rsquo;int\u00e9rieur des paquets.<\/p>\n<p>Comment fonctionne une Mystery Box ?<br \/>\nVous pouvez trouver des informations \u00e0 ce sujet dans notre <strong><a href=\"https:\/\/memorabilia-germany.de\/fr\/sports-memorabilia-faq\/#memorabilia-mystery-box\"><u>FAQ<\/u><\/a><\/strong>!<\/p>\n","protected":false},"excerpt":{"rendered":"<p><strong>Cette s\u00e9rie est limit\u00e9e \u00e0 un total de 50 Trading Cards Pocket Packs de la NFL. Chaque pack est scell\u00e9 et poss\u00e8de un num\u00e9ro de s\u00e9rie. Les packs contiennent des paquets non ouverts des \u00e9ditions de cartes \u00e0 collectionner les plus exclusives d&rsquo;aujourd&rsquo;hui, ainsi que des \u00e9ditions \u00e9puis\u00e9es dans le monde entier depuis des d\u00e9cennies. Tu peux trouver ici des cartes rares des ann\u00e9es 80, 90 et 2000, par exemple de Joe Montana, Tom Brady, Peyton Manning ou Dan Marino, ainsi que des cartes autographes, parall\u00e8les et autres inserts des superstars d&rsquo;aujourd&rsquo;hui !<\/strong><br \/>\n<strong>De Prestige \u00e0 Certified et de Foundations \u00e0 Chrome, nous avons rassembl\u00e9 pour cette \u00e9dition des paquets de Trading Cards particuli\u00e8rement exclusifs de topps, Panini et Upper Deck. En outre, dans cette s\u00e9rie, vous pouvez obtenir un <a href=\"https:\/\/memorabilia-germany.de\/fr\/sports-memorabilia-faq\/#redemption\"><br \/>\n  <u>Redemption Voucher<\/u><br \/>\n<\/a> pour une Topps Turkey Red Football Hobby Box de 2014.<\/strong><\/p>\n<p><strong>Information produit :<\/strong><\/p>\n<ul style=\"list-style-type: square;\">\n<li>Contenu de chaque pack : 5 paquets non ouverts datant de la fin des ann\u00e9es 1980 jusqu&rsquo;\u00e0 la saison actuelle de la NFL (voir la liste d\u00e9taill\u00e9e ci-dessous).<\/li>\n<li>Tous les paquets proviennent exclusivement de bo\u00eetes \u00ab\u00a0factory sealed\u00a0\u00bb.<\/li>\n<li>Un pack contient en plus un <a href=\"https:\/\/memorabilia-germany.de\/fr\/sports-memorabilia-faq\/#redemption\"><br \/>\n  <u>Redemption Voucher<\/u><br \/>\n<\/a> pour une Topps Turkey Red Football Hobby Box 2014 avec la garantie d&rsquo;une Rookie Autograph Card &amp; une Mini Parallel de la Rookie Class d&rsquo;Odell Beckham Jr.<\/li>\n<li>Trouve les Trading Cards originales des stars de la NFL de ces presque 40 derni\u00e8res ann\u00e9es comme Joe Montana, Tom Brady, Dan Marino, Patrick Mahomes, Peyton Manning, Emmitt Smith, Tyreek Hill, John Elway, Christian McCaffrey, DK Metcalf, Aaron Rodgers, Drew Brees, Rob Gronkowski, CJ Stroud, Travis Kelce, Joe Burrow ou Jalen Hurts.<\/li>\n<\/ul>\n<p>&nbsp;<\/p>\n<p><strong>Highlight Chances:<\/strong><\/p>\n<li><a href=\"https:\/\/memorabilia-germany.de\/fr\/sports-memorabilia-faq\/#redemption\"><u>Redemption Voucher<\/u><\/a>: 2014 Topps Turkey Red Football Hobby Box<\/li>\n<ul style=\"list-style-type: square;\">\n<li>2023 Panini Prestige Football Autograph Cards &amp; Parallels:\n<ul style=\"list-style-type: circle;\">\n<li>Draft Day Signatures<\/li>\n<li>Xtra Points Autographs<\/li>\n<li>Xtra Points Galaxy Parallel Exclusives<\/li>\n<li>For the Record<\/li>\n<li>Any Given Sunday<\/li>\n<li>Alma Maters<\/li>\n<li>Rookie Portraits, Time Stamped &amp; Living Legends<\/li>\n<li>La classe des recrues comprend des noms comme CJ Stroud, Bryce Young, Jaxon Smith-Njigba, Bijan Robinson, Zach Charbonnet et Rashee Rice !<\/li>\n<\/ul>\n<\/li>\n<li>2023 Panini Certified Football Freshman Fabric Signatures &amp; Canton Certified Signatures:\n<ul style=\"list-style-type: circle;\">\n<li>Freshman Fabrics Mirror Signatures Purple numbered to 10<\/li>\n<li>Freshman Fabric Mirror Signatures Green numbered to 5<\/li>\n<li>Freshman Fabric Mirror Signatures Black numbered to 1<\/li>\n<li>Canton Certified Signatures Mirror Purple numbered to 10<\/li>\n<li>Canton Certified Signatures Mirror Green numbered to 5<\/li>\n<li>Canton Certified Signatures Mirror Black numbered to 1<\/li>\n<\/ul>\n<\/li>\n<li>Panini Certified Stitches in Time Quad Mirror Inserts &amp; Memorabilia Cards:\n<ul style=\"list-style-type: circle;\">\n<li>Stitches in Time Quad Mirror Green Etch numbered to 3<\/li>\n<li>Stitches in Time Quad Mirror Black Etch numbered to 1<\/li>\n<\/ul>\n<\/li>\n<li>Certified Radical Rookies, Huck it Chuck it, Night Move &amp; 2023 SSP Inserts + Mirror Signature Cards in dieser Serie!<\/li>\n<li>2004 Upper Deck Foundations Autographs, Limited Edition Jersey Inserts &amp; Patch Cards:\n<ul style=\"list-style-type: circle;\">\n<li>Rookie Foundations Rainbow Silver numbered to 10<\/li>\n<li>Rookie Foundations Autographed Patches numbered to 25<\/li>\n<li>Dual Endorsements Autographs: Rookie + Rookie &amp; Rookie + Veteran<\/li>\n<li>Signature Foundations<\/li>\n<li>Rookie Cards with a piece of a 2004 Rookie Photo Shoot worn jersey<\/li>\n<\/ul>\n<\/li>\n<li>2014 Topps Chrome Football Autograph, Limited Inserts &amp; Patch Cards Highlights:\n<ul style=\"list-style-type: circle;\">\n<li>Memorabilia Exclusive<\/li>\n<li>1963 Topps Throwback Football SuperFractor numbered to 1<\/li>\n<li>1965 Topps Throwback Football SuperFractor numbered to 1<\/li>\n<li>1985 Topps Throwback Football Refractor Autographs<\/li>\n<li>Fantasy Focus Superfractor numbered to 1<\/li>\n<li>Chrome Rookie Die-Cut Refractor Autographs numbered to 15<\/li>\n<li>1,000 Yard Club &amp; 4,000 Yard Club Red Refractor Numbered Autographs<\/li>\n<li>Rookie Autograph Patch Cards + Dual &amp; Triple Rookie Autographs<\/li>\n<\/ul>\n<\/li>\n<li>2023 Panini Mosaic Football Autograph Cards &amp; Parallels:\n<ul style=\"list-style-type: circle;\">\n<li>Script Autographs<\/li>\n<li>Rookie Script Autographs<\/li>\n<li>Reactive Yellow Parallels (rarement!)<\/li>\n<li>Bang!, Touchdown Masters, Elevate &amp; Epic Performers Exclusives<\/li>\n<\/ul>\n<\/li>\n<li>2013 Panini Rookies &amp; Stars Football Autograph &amp; Memorabilia Cards:\n<ul style=\"list-style-type: circle;\">\n<li>Rookies &amp; Stars Longevity Signatures<\/li>\n<li>Game-Worn Memorabilia<\/li>\n<li>Rookie Material Signatures<\/li>\n<\/ul>\n<\/li>\n<\/ul>\n","protected":false},"featured_media":36912,"template":"","meta":{"_acf_changed":false,"ocean_post_layout":"","ocean_both_sidebars_style":"","ocean_both_sidebars_content_width":0,"ocean_both_sidebars_sidebars_width":0,"ocean_sidebar":"0","ocean_second_sidebar":"0","ocean_disable_margins":"enable","ocean_add_body_class":"","ocean_shortcode_before_top_bar":"","ocean_shortcode_after_top_bar":"","ocean_shortcode_before_header":"","ocean_shortcode_after_header":"","ocean_has_shortcode":"","ocean_shortcode_after_title":"","ocean_shortcode_before_footer_widgets":"","ocean_shortcode_after_footer_widgets":"","ocean_shortcode_before_footer_bottom":"","ocean_shortcode_after_footer_bottom":"","ocean_display_top_bar":"default","ocean_display_header":"default","ocean_header_style":"","ocean_center_header_left_menu":"0","ocean_custom_header_template":"0","ocean_custom_logo":0,"ocean_custom_retina_logo":0,"ocean_custom_logo_max_width":0,"ocean_custom_logo_tablet_max_width":0,"ocean_custom_logo_mobile_max_width":0,"ocean_custom_logo_max_height":0,"ocean_custom_logo_tablet_max_height":0,"ocean_custom_logo_mobile_max_height":0,"ocean_header_custom_menu":"0","ocean_menu_typo_font_family":"0","ocean_menu_typo_font_subset":"","ocean_menu_typo_font_size":0,"ocean_menu_typo_font_size_tablet":0,"ocean_menu_typo_font_size_mobile":0,"ocean_menu_typo_font_size_unit":"px","ocean_menu_typo_font_weight":"","ocean_menu_typo_font_weight_tablet":"","ocean_menu_typo_font_weight_mobile":"","ocean_menu_typo_transform":"","ocean_menu_typo_transform_tablet":"","ocean_menu_typo_transform_mobile":"","ocean_menu_typo_line_height":0,"ocean_menu_typo_line_height_tablet":0,"ocean_menu_typo_line_height_mobile":0,"ocean_menu_typo_line_height_unit":"","ocean_menu_typo_spacing":0,"ocean_menu_typo_spacing_tablet":0,"ocean_menu_typo_spacing_mobile":0,"ocean_menu_typo_spacing_unit":"","ocean_menu_link_color":"","ocean_menu_link_color_hover":"","ocean_menu_link_color_active":"","ocean_menu_link_background":"","ocean_menu_link_hover_background":"","ocean_menu_link_active_background":"","ocean_menu_social_links_bg":"","ocean_menu_social_hover_links_bg":"","ocean_menu_social_links_color":"","ocean_menu_social_hover_links_color":"","ocean_disable_title":"default","ocean_disable_heading":"default","ocean_post_title":"","ocean_post_subheading":"","ocean_post_title_style":"","ocean_post_title_background_color":"","ocean_post_title_background":0,"ocean_post_title_bg_image_position":"","ocean_post_title_bg_image_attachment":"","ocean_post_title_bg_image_repeat":"","ocean_post_title_bg_image_size":"","ocean_post_title_height":0,"ocean_post_title_bg_overlay":0.5,"ocean_post_title_bg_overlay_color":"","ocean_disable_breadcrumbs":"default","ocean_breadcrumbs_color":"","ocean_breadcrumbs_separator_color":"","ocean_breadcrumbs_links_color":"","ocean_breadcrumbs_links_hover_color":"","ocean_display_footer_widgets":"default","ocean_display_footer_bottom":"default","ocean_custom_footer_template":"0","ofc_enable_fullscreen":"disable","ofc_fullscreen_speed":0,"ofc_fullscreen_nav":"enable","ofc_fullscreen_nav_pos":"right","ofc_fullscreen_nav_color":"","ofc_fullscreen_nav_tooltip_color":"","ofc_fullscreen_responsive":0},"product_brand":[],"product_cat":[2424],"product_tag":[],"class_list":{"0":"post-36911","1":"product","2":"type-product","3":"status-publish","4":"has-post-thumbnail","6":"product_cat-nfl-trading-cards-pocket-pack-gold-edition","7":"product_shipping_class-classe-dexpedition_a","9":"entry","10":"has-media","12":"first","13":"outofstock","14":"taxable","15":"shipping-taxable","16":"product-type-simple","17":"col","18":"span_1_of_4","19":"owp-content-center","20":"owp-thumbs-layout-horizontal","21":"owp-btn-normal","22":"owp-tabs-layout-horizontal"},"acf":[],"_links":{"self":[{"href":"https:\/\/memorabilia-germany.de\/fr\/wp-json\/wp\/v2\/product\/36911","targetHints":{"allow":["GET"]}}],"collection":[{"href":"https:\/\/memorabilia-germany.de\/fr\/wp-json\/wp\/v2\/product"}],"about":[{"href":"https:\/\/memorabilia-germany.de\/fr\/wp-json\/wp\/v2\/types\/product"}],"version-history":[{"count":0,"href":"https:\/\/memorabilia-germany.de\/fr\/wp-json\/wp\/v2\/product\/36911\/revisions"}],"wp:featuredmedia":[{"embeddable":true,"href":"https:\/\/memorabilia-germany.de\/fr\/wp-json\/wp\/v2\/media\/36912"}],"wp:attachment":[{"href":"https:\/\/memorabilia-germany.de\/fr\/wp-json\/wp\/v2\/media?parent=36911"}],"wp:term":[{"taxonomy":"product_brand","embeddable":true,"href":"https:\/\/memorabilia-germany.de\/fr\/wp-json\/wp\/v2\/product_brand?post=36911"},{"taxonomy":"product_cat","embeddable":true,"href":"https:\/\/memorabilia-germany.de\/fr\/wp-json\/wp\/v2\/product_cat?post=36911"},{"taxonomy":"product_tag","embeddable":true,"href":"https:\/\/memorabilia-germany.de\/fr\/wp-json\/wp\/v2\/product_tag?post=36911"}],"curies":[{"name":"wp","href":"https:\/\/api.w.org\/{rel}","templated":true}]}}