{"id":36902,"date":"2023-12-08T14:40:04","date_gmt":"2023-12-08T13:40:04","guid":{"rendered":"https:\/\/memorabilia-germany.de\/produkt\/1988-topps-nfl-football-americain-picture-cards-bubble-gum-wax-pack\/"},"modified":"2024-04-03T15:07:09","modified_gmt":"2024-04-03T13:07:09","slug":"1988-topps-nfl-football-americain-picture-cards-bubble-gum-wax-pack","status":"publish","type":"product","link":"https:\/\/memorabilia-germany.de\/fr\/produit\/1988-topps-nfl-football-americain-picture-cards-bubble-gum-wax-pack\/","title":{"rendered":"1988 topps NFL Football Am\u00e9ricain Picture Cards &amp; Bubble Gum, Wax Pack"},"content":{"rendered":"","protected":false},"excerpt":{"rendered":"<p><strong>Paquet non ouvert de NFL Trading Cards, original de 1988. Des l\u00e9gendes comme Joe Montana, Mike Singletary ou Jerry Rice ont jou\u00e9 dans la NFL et les San Francisco 49ers ont battu les Cincinnati Bengals au Super Bowl XXIII \u00e0 la fin de la saison. Cette saison se situait au milieu de l&rsquo;\u00e2ge d&rsquo;or des San Francisco 49ers et de leur quarterback vedette Joe Montana, et \u00e9tait \u00e9galement la derni\u00e8re saison du l\u00e9gendaire entra\u00eeneur principal des Niners, Bill Walsh. Pour plus d&rsquo;informations, voir ci-dessous.<\/strong><\/p>\n<ul style=\"list-style-type: square;\">\n<li>Contenu du pack : 15 cartes par paquet + 1 chewing-gum Bazooka<\/li>\n<li>Ann\u00e9e de parution : 1988<\/li>\n<li>Entreprise : topps<\/li>\n<li>Pays : \u00c9tats-Unis<\/li>\n<li>Le paquet (\u00ab\u00a0Wax Pack\u00a0\u00bb) provient d&rsquo;une \u00ab\u00a0Wax Box\u00a0\u00bb ouverte par Memorabilia Germany, qui contient 36 paquets au total. Tous les paquets sont en parfait \u00e9tat malgr\u00e9 leur \u00e2ge.<\/li>\n<li>Retrouvez les cartes originales des l\u00e9gendes de la NFL de 1988 comme Joe Montana, Mike Singletary, Steve Largent ou Jerry Rice.<\/li>\n<li>La s\u00e9rie contient des rookie cards rares de l\u00e9gendes de la NFL comme Bo Jackson ou Vinny Testaverde ! Les Rookie Cards de Bo Jackson \u00e9taient d\u00e9j\u00e0 d&rsquo;une valeur inhabituelle \u00e0 la fin des ann\u00e9es 80, car Bo n&rsquo;annon\u00e7ait pas seulement de grands succ\u00e8s dans la NFL pour les Raiders, mais aussi en parall\u00e8le dans la MLB pour les Kansas City Royals.<\/li>\n<li>Rare 1,000 Yard Club Cards de 1988 \u00e0 trouver dans cette s\u00e9rie !<\/li>\n<li>1988 topps Inserts:\n<ul style=\"list-style-type: circle;\">\n<li>All Pro<\/li>\n<li>Team Leaders<\/li>\n<li>Record Number Signatures<\/li>\n<li>Super Rookies<\/li>\n<li>1,000 Yard Club<\/li>\n<\/ul>\n<\/li>\n<li>Les cartes de recrues comprennent des noms comme Neal Anderson, Cornelius Bennett, Jerome Brown, Shane Conlan, Chris Doleman, Mel Gray, Kevin Greene, Bo Jackson, Mark Jackson, Seth Joyner, Tom Rathman, Clyde Simmons, Webster Slaughter, Pat Swilling ou Vinny Testaverde.<\/li>\n<li>Background Infos 1988 : Des hommes politiques comme Ronald Reagan, Mikha\u00efl Gorbatchev ou Margaret Thatcher d\u00e9terminent la politique mondiale et l&rsquo;effondrement de l&rsquo;URSS commence. L&rsquo;\u00e9mission de t\u00e9l\u00e9vision la plus populaire est le \u00ab\u00a0Cosby Show\u00a0\u00bb et le cin\u00e9ma diffuse plus tard des classiques comme \u00ab\u00a0Die Hard\u00a0\u00bb ou \u00ab\u00a0Rain Man\u00a0\u00bb. Nos Trading Cards \u00ab\u00a0vintage\u00a0\u00bb sont un r\u00eave pour tout nostalgique et pour tout collectionneur, car il ne s&rsquo;agit pas de reproductions des cartes pr\u00e9c\u00e9dentes, mais tous les paquets sont originaux et datent de l&rsquo;\u00e9poque o\u00f9 ils ont \u00e9t\u00e9 publi\u00e9s.<\/li>\n<\/ul>\n<p>Tu trouveras plus de Trading Cards d&rsquo;autrefois <strong><br \/>\n  <a href=\"https:\/\/memorabilia-germany.de\/fr\/trading-cards\">ici<\/a><br \/>\n<\/strong>.<\/p>\n","protected":false},"featured_media":36903,"template":"","meta":{"_acf_changed":false,"ocean_post_layout":"","ocean_both_sidebars_style":"","ocean_both_sidebars_content_width":0,"ocean_both_sidebars_sidebars_width":0,"ocean_sidebar":"0","ocean_second_sidebar":"0","ocean_disable_margins":"enable","ocean_add_body_class":"","ocean_shortcode_before_top_bar":"","ocean_shortcode_after_top_bar":"","ocean_shortcode_before_header":"","ocean_shortcode_after_header":"","ocean_has_shortcode":"","ocean_shortcode_after_title":"","ocean_shortcode_before_footer_widgets":"","ocean_shortcode_after_footer_widgets":"","ocean_shortcode_before_footer_bottom":"","ocean_shortcode_after_footer_bottom":"","ocean_display_top_bar":"default","ocean_display_header":"default","ocean_header_style":"","ocean_center_header_left_menu":"0","ocean_custom_header_template":"0","ocean_custom_logo":0,"ocean_custom_retina_logo":0,"ocean_custom_logo_max_width":0,"ocean_custom_logo_tablet_max_width":0,"ocean_custom_logo_mobile_max_width":0,"ocean_custom_logo_max_height":0,"ocean_custom_logo_tablet_max_height":0,"ocean_custom_logo_mobile_max_height":0,"ocean_header_custom_menu":"0","ocean_menu_typo_font_family":"0","ocean_menu_typo_font_subset":"","ocean_menu_typo_font_size":0,"ocean_menu_typo_font_size_tablet":0,"ocean_menu_typo_font_size_mobile":0,"ocean_menu_typo_font_size_unit":"px","ocean_menu_typo_font_weight":"","ocean_menu_typo_font_weight_tablet":"","ocean_menu_typo_font_weight_mobile":"","ocean_menu_typo_transform":"","ocean_menu_typo_transform_tablet":"","ocean_menu_typo_transform_mobile":"","ocean_menu_typo_line_height":0,"ocean_menu_typo_line_height_tablet":0,"ocean_menu_typo_line_height_mobile":0,"ocean_menu_typo_line_height_unit":"","ocean_menu_typo_spacing":0,"ocean_menu_typo_spacing_tablet":0,"ocean_menu_typo_spacing_mobile":0,"ocean_menu_typo_spacing_unit":"","ocean_menu_link_color":"","ocean_menu_link_color_hover":"","ocean_menu_link_color_active":"","ocean_menu_link_background":"","ocean_menu_link_hover_background":"","ocean_menu_link_active_background":"","ocean_menu_social_links_bg":"","ocean_menu_social_hover_links_bg":"","ocean_menu_social_links_color":"","ocean_menu_social_hover_links_color":"","ocean_disable_title":"default","ocean_disable_heading":"default","ocean_post_title":"","ocean_post_subheading":"","ocean_post_title_style":"","ocean_post_title_background_color":"","ocean_post_title_background":0,"ocean_post_title_bg_image_position":"","ocean_post_title_bg_image_attachment":"","ocean_post_title_bg_image_repeat":"","ocean_post_title_bg_image_size":"","ocean_post_title_height":0,"ocean_post_title_bg_overlay":0.5,"ocean_post_title_bg_overlay_color":"","ocean_disable_breadcrumbs":"default","ocean_breadcrumbs_color":"","ocean_breadcrumbs_separator_color":"","ocean_breadcrumbs_links_color":"","ocean_breadcrumbs_links_hover_color":"","ocean_display_footer_widgets":"default","ocean_display_footer_bottom":"default","ocean_custom_footer_template":"0","ofc_enable_fullscreen":"disable","ofc_fullscreen_speed":0,"ofc_fullscreen_nav":"enable","ofc_fullscreen_nav_pos":"right","ofc_fullscreen_nav_color":"","ofc_fullscreen_nav_tooltip_color":"","ofc_fullscreen_responsive":0},"product_brand":[],"product_cat":[2253],"product_tag":[],"class_list":{"0":"post-36902","1":"product","2":"type-product","3":"status-publish","4":"has-post-thumbnail","6":"product_cat-1988-topps-nfl-football-picture-cards-bubble-gum-wax-pack-fr","7":"product_shipping_class-classe-dexpedition_b","9":"entry","10":"has-media","12":"first","13":"instock","14":"taxable","15":"shipping-taxable","16":"purchasable","17":"product-type-simple","18":"col","19":"span_1_of_4","20":"owp-content-center","21":"owp-thumbs-layout-horizontal","22":"owp-btn-normal","23":"owp-tabs-layout-horizontal"},"acf":[],"_links":{"self":[{"href":"https:\/\/memorabilia-germany.de\/fr\/wp-json\/wp\/v2\/product\/36902","targetHints":{"allow":["GET"]}}],"collection":[{"href":"https:\/\/memorabilia-germany.de\/fr\/wp-json\/wp\/v2\/product"}],"about":[{"href":"https:\/\/memorabilia-germany.de\/fr\/wp-json\/wp\/v2\/types\/product"}],"version-history":[{"count":0,"href":"https:\/\/memorabilia-germany.de\/fr\/wp-json\/wp\/v2\/product\/36902\/revisions"}],"wp:featuredmedia":[{"embeddable":true,"href":"https:\/\/memorabilia-germany.de\/fr\/wp-json\/wp\/v2\/media\/36903"}],"wp:attachment":[{"href":"https:\/\/memorabilia-germany.de\/fr\/wp-json\/wp\/v2\/media?parent=36902"}],"wp:term":[{"taxonomy":"product_brand","embeddable":true,"href":"https:\/\/memorabilia-germany.de\/fr\/wp-json\/wp\/v2\/product_brand?post=36902"},{"taxonomy":"product_cat","embeddable":true,"href":"https:\/\/memorabilia-germany.de\/fr\/wp-json\/wp\/v2\/product_cat?post=36902"},{"taxonomy":"product_tag","embeddable":true,"href":"https:\/\/memorabilia-germany.de\/fr\/wp-json\/wp\/v2\/product_tag?post=36902"}],"curies":[{"name":"wp","href":"https:\/\/api.w.org\/{rel}","templated":true}]}}