{"id":36875,"date":"2023-12-08T16:41:05","date_gmt":"2024-02-23T15:12:34","guid":{"rendered":"https:\/\/memorabilia-germany.de\/produkt\/2009-topps-nfl-football-americain-trading-cards-single-pack\/"},"modified":"2024-02-23T16:12:34","modified_gmt":"2024-02-23T15:12:34","slug":"2009-topps-nfl-football-americain-trading-cards-single-pack","status":"publish","type":"product","link":"https:\/\/memorabilia-germany.de\/fr\/produit\/2009-topps-nfl-football-americain-trading-cards-single-pack\/","title":{"rendered":"2009 topps NFL Football Am\u00e9ricain Trading Cards, Single Pack"},"content":{"rendered":"","protected":false},"excerpt":{"rendered":"<p><strong>Paquet non ouvert de NFL Trading Cards, original de l&rsquo;ann\u00e9e 2009. Des l\u00e9gendes comme Peyton Manning, Tom Brady, Drew Brees ou Ben Roethlisberger ont jou\u00e9 dans la NFL et le march\u00e9 des agents libres a vu se r\u00e9aliser une sensation dont les fans des Green Bay Packers n&rsquo;aiment pas se souvenir : les Minnesota Vikings ont fait venir le quarterback des Packers Brett Favre pour le sortir de sa retraite. Favre a \u00e9galement men\u00e9 les Vikings de main de ma\u00eetre au NFC Championship Game, mais a d\u00fb y renoncer face aux New Orleans Saints, qui ont \u00e9galement remport\u00e9 plus tard le Super Bowl contre les Colts. Pour plus d&rsquo;informations, voir ci-dessous.<\/strong><\/p>\n<ul style=\"list-style-type: square;\">\n<li>Contenu du pack : 10 NFL Trading Cards (pack avec une carte Relic seulement 8)<\/li>\n<li>Ann\u00e9e de publication : 2009<\/li>\n<li>Entreprise : topps<\/li>\n<li>Pays : \u00c9tats-Unis<\/li>\n<li>Le paquet (\u00ab\u00a0Single Pack\u00a0\u00bb) provient d&rsquo;une \u00ab\u00a0Hobby Box\u00a0\u00bb ouverte par Memorabilia Germany, qui contient 36 paquets au total. Tous les paquets sont en parfait \u00e9tat malgr\u00e9 leur \u00e2ge.<\/li>\n<li>Trouve les cartes originales des l\u00e9gendes de la NFL de 2009 comme Peyton Manning, Tom Brady, Drew Brees, Ray Lewis, Adrian Peterson ou Ben Roethlisberger.<\/li>\n<li>Autographs, Inserts &amp; Relic Cards dans cette s\u00e9rie (beaucoup sont num\u00e9rot\u00e9s diff\u00e9remment) :\n<ul style=\"list-style-type: circle;\">\n<li>Rookie Patch Cards<\/li>\n<li>Career Best Autographed Cards<\/li>\n<li>Career Best Hobby Exclusive Autographed Relic Cards<\/li>\n<li>Career Best Dual Autographed Cards<\/li>\n<li>Chicle Back Parallels<\/li>\n<li>Hobby Exclusive Printing Plates &amp; Black + Gold Parallels<\/li>\n<li>Career Best Jumbo Relic Cards<\/li>\n<li>Career Best Dual Relic Cards<\/li>\n<li>Career Best Relic Cards<\/li>\n<li>Platinum Parallels<\/li>\n<li>Veteran and Retired Patch Cards<\/li>\n<li>AFL 50 Year Flashback<\/li>\n<li>Cheerleaders Cards<\/li>\n<li>Ring of Honor <\/li>\n<\/ul>\n<\/li>\n<li>Cette s\u00e9rie contient des cartes de recrues de futures stars de la NFL comme Matthew Stafford, Michael Crabtree, LeSean McCoy ou Mark Sanchez !<\/li>\n<li>Background Infos 2009 : L&rsquo;ann\u00e9e 2009 a \u00e9galement \u00e9t\u00e9 marqu\u00e9e par de nombreux changements dans le monde. Le bitcoin a \u00e9t\u00e9 cr\u00e9\u00e9 &#8211; ceux qui ont investi devraient \u00eatre suffisamment r\u00e9compens\u00e9s par la suite. De plus, Avatar a enthousiasm\u00e9 les cin\u00e9philes. James Cameron a r\u00e9ussi \u00e0 r\u00e9aliser le premier film en 3D, ce qui a chang\u00e9 le monde du cin\u00e9ma pour toujours. Mais d&rsquo;autres films, comme un nouveau volet de Harry Potter, ont \u00e9galement connu un d\u00e9marrage r\u00e9ussi. Aux \u00c9tats-Unis, Barrack Obama est devenu le premier pr\u00e9sident noir du pays et Joe Biden a \u00e9t\u00e9 \u00e9lu vice-pr\u00e9sident. \u00c0 New York, Chesley \u00ab\u00a0Sully\u00a0\u00bb Sullenberger a fait atterrir un \u00e9norme avion US Airways sur la rivi\u00e8re Hudson. Cette man\u0153uvre audacieuse a permis de sauver d&rsquo;innombrables vies de passagers. L&rsquo;histoire a ensuite \u00e9t\u00e9 adapt\u00e9e au cin\u00e9ma, et ce n&rsquo;est autre que Tom Hanks qui a jou\u00e9 le r\u00f4le de Sully Sullenberger. Nos Trading Cards \u00ab\u00a0vintage\u00a0\u00bb sont un r\u00eave pour tout nostalgique et pour tout collectionneur, car il ne s&rsquo;agit pas de reproductions des cartes pr\u00e9c\u00e9dentes, mais tous les paquets sont originaux et datent de l&rsquo;\u00e9poque o\u00f9 ils ont \u00e9t\u00e9 publi\u00e9s.<\/li>\n<\/ul>\n<p>Tu trouveras plus de Trading Cards d&rsquo;autrefois <strong><br \/>\n  <a href=\"https:\/\/memorabilia-germany.de\/fr\/trading-cards\">ici<\/a><br \/>\n<\/strong>.<\/p>\n","protected":false},"featured_media":36876,"template":"","meta":{"_acf_changed":false,"ocean_post_layout":"","ocean_both_sidebars_style":"","ocean_both_sidebars_content_width":0,"ocean_both_sidebars_sidebars_width":0,"ocean_sidebar":"0","ocean_second_sidebar":"0","ocean_disable_margins":"enable","ocean_add_body_class":"","ocean_shortcode_before_top_bar":"","ocean_shortcode_after_top_bar":"","ocean_shortcode_before_header":"","ocean_shortcode_after_header":"","ocean_has_shortcode":"","ocean_shortcode_after_title":"","ocean_shortcode_before_footer_widgets":"","ocean_shortcode_after_footer_widgets":"","ocean_shortcode_before_footer_bottom":"","ocean_shortcode_after_footer_bottom":"","ocean_display_top_bar":"default","ocean_display_header":"default","ocean_header_style":"","ocean_center_header_left_menu":"0","ocean_custom_header_template":"0","ocean_custom_logo":0,"ocean_custom_retina_logo":0,"ocean_custom_logo_max_width":0,"ocean_custom_logo_tablet_max_width":0,"ocean_custom_logo_mobile_max_width":0,"ocean_custom_logo_max_height":0,"ocean_custom_logo_tablet_max_height":0,"ocean_custom_logo_mobile_max_height":0,"ocean_header_custom_menu":"0","ocean_menu_typo_font_family":"0","ocean_menu_typo_font_subset":"","ocean_menu_typo_font_size":0,"ocean_menu_typo_font_size_tablet":0,"ocean_menu_typo_font_size_mobile":0,"ocean_menu_typo_font_size_unit":"px","ocean_menu_typo_font_weight":"","ocean_menu_typo_font_weight_tablet":"","ocean_menu_typo_font_weight_mobile":"","ocean_menu_typo_transform":"","ocean_menu_typo_transform_tablet":"","ocean_menu_typo_transform_mobile":"","ocean_menu_typo_line_height":0,"ocean_menu_typo_line_height_tablet":0,"ocean_menu_typo_line_height_mobile":0,"ocean_menu_typo_line_height_unit":"","ocean_menu_typo_spacing":0,"ocean_menu_typo_spacing_tablet":0,"ocean_menu_typo_spacing_mobile":0,"ocean_menu_typo_spacing_unit":"","ocean_menu_link_color":"","ocean_menu_link_color_hover":"","ocean_menu_link_color_active":"","ocean_menu_link_background":"","ocean_menu_link_hover_background":"","ocean_menu_link_active_background":"","ocean_menu_social_links_bg":"","ocean_menu_social_hover_links_bg":"","ocean_menu_social_links_color":"","ocean_menu_social_hover_links_color":"","ocean_disable_title":"default","ocean_disable_heading":"default","ocean_post_title":"","ocean_post_subheading":"","ocean_post_title_style":"","ocean_post_title_background_color":"","ocean_post_title_background":0,"ocean_post_title_bg_image_position":"","ocean_post_title_bg_image_attachment":"","ocean_post_title_bg_image_repeat":"","ocean_post_title_bg_image_size":"","ocean_post_title_height":0,"ocean_post_title_bg_overlay":0.5,"ocean_post_title_bg_overlay_color":"","ocean_disable_breadcrumbs":"default","ocean_breadcrumbs_color":"","ocean_breadcrumbs_separator_color":"","ocean_breadcrumbs_links_color":"","ocean_breadcrumbs_links_hover_color":"","ocean_display_footer_widgets":"default","ocean_display_footer_bottom":"default","ocean_custom_footer_template":"0","ofc_enable_fullscreen":"disable","ofc_fullscreen_speed":0,"ofc_fullscreen_nav":"enable","ofc_fullscreen_nav_pos":"right","ofc_fullscreen_nav_color":"","ofc_fullscreen_nav_tooltip_color":"","ofc_fullscreen_responsive":0},"product_brand":[],"product_cat":[2274],"product_tag":[],"class_list":{"0":"post-36875","1":"product","2":"type-product","3":"status-publish","4":"has-post-thumbnail","6":"product_cat-2009-topps-nfl-football-trading-cards-single-pack-fr","7":"product_shipping_class-classe-dexpedition_b","9":"entry","10":"has-media","12":"first","13":"outofstock","14":"taxable","15":"shipping-taxable","16":"purchasable","17":"product-type-simple","18":"col","19":"span_1_of_4","20":"owp-content-center","21":"owp-thumbs-layout-horizontal","22":"owp-btn-normal","23":"owp-tabs-layout-horizontal"},"acf":[],"_links":{"self":[{"href":"https:\/\/memorabilia-germany.de\/fr\/wp-json\/wp\/v2\/product\/36875","targetHints":{"allow":["GET"]}}],"collection":[{"href":"https:\/\/memorabilia-germany.de\/fr\/wp-json\/wp\/v2\/product"}],"about":[{"href":"https:\/\/memorabilia-germany.de\/fr\/wp-json\/wp\/v2\/types\/product"}],"version-history":[{"count":0,"href":"https:\/\/memorabilia-germany.de\/fr\/wp-json\/wp\/v2\/product\/36875\/revisions"}],"wp:featuredmedia":[{"embeddable":true,"href":"https:\/\/memorabilia-germany.de\/fr\/wp-json\/wp\/v2\/media\/36876"}],"wp:attachment":[{"href":"https:\/\/memorabilia-germany.de\/fr\/wp-json\/wp\/v2\/media?parent=36875"}],"wp:term":[{"taxonomy":"product_brand","embeddable":true,"href":"https:\/\/memorabilia-germany.de\/fr\/wp-json\/wp\/v2\/product_brand?post=36875"},{"taxonomy":"product_cat","embeddable":true,"href":"https:\/\/memorabilia-germany.de\/fr\/wp-json\/wp\/v2\/product_cat?post=36875"},{"taxonomy":"product_tag","embeddable":true,"href":"https:\/\/memorabilia-germany.de\/fr\/wp-json\/wp\/v2\/product_tag?post=36875"}],"curies":[{"name":"wp","href":"https:\/\/api.w.org\/{rel}","templated":true}]}}