{"id":36857,"date":"2023-12-11T13:40:24","date_gmt":"2023-12-11T12:40:24","guid":{"rendered":"https:\/\/memorabilia-germany.de\/produkt\/2001-upper-deck-nfl-pros-prospects-single-pack-2\/"},"modified":"2024-02-23T16:05:02","modified_gmt":"2024-02-23T15:05:02","slug":"2001-upper-deck-nfl-pros-prospects-single-pack-2","status":"publish","type":"product","link":"https:\/\/memorabilia-germany.de\/fr\/produit\/2001-upper-deck-nfl-pros-prospects-single-pack-2\/","title":{"rendered":"2001 Upper Deck NFL Pros &amp; Prospects, Single Pack"},"content":{"rendered":"","protected":false},"excerpt":{"rendered":"<p><strong>Paquet non ouvert de NFL Trading Cards, original de l&rsquo;ann\u00e9e 2001. La premi\u00e8re saison du nouveau mill\u00e9naire a \u00e9t\u00e9 fortement secou\u00e9e dans le calendrier des matchs apr\u00e8s les attaques terroristes contre le World Trade Center de New York City. De plus, la saison 2001 a \u00e9t\u00e9 la premi\u00e8re saison \u00e0 31 \u00e9quipes, les Houston Texans ayant \u00e9t\u00e9 ajout\u00e9s \u00e0 la ligue en tant que nouvelle \u00e9quipe. De mani\u00e8re incroyable, les New England Patriots, avec le quarterback T om Brady, avaient d\u00e9j\u00e0 remport\u00e9 le Super Bowl \u00e0 l&rsquo;\u00e9poque. Mais de nombreux autres joueurs l\u00e9gendaires \u00e9taient pr\u00e9sents sur les terrains, comme Kurt Warner, Peyton Manning, Marshall Faulk, Brett Favre, Ricky Williams, Jerome Bettis, Randy Moss, Vinny Testaverde ou Ray Lewis. Pour plus d&rsquo;informations, voir ci-dessous.<\/strong><\/p>\n<ul style=\"list-style-type: square;\">\n<li>Contenu du colis : 5 NFL Trading Cards<\/li>\n<li>Ann\u00e9e de publication : 2001<\/li>\n<li>Marque : Upper Deck<\/li>\n<li>Pays : \u00c9tats-Unis<\/li>\n<li>Le paquet (\u00ab\u00a0Single Pack\u00a0\u00bb) provient d&rsquo;une \u00ab\u00a0Hobby Box\u00a0\u00bb ouverte par Memorabilia Germany, qui contient en tout 24 paquets. Tous les paquets sont en parfait \u00e9tat malgr\u00e9 leur \u00e2ge.<\/li>\n<li>Retrouve les cartes originales des l\u00e9gendes de la NFL de 2001 comme Tom Brady, Peyton Manning, Kurt Warner, Marshall Faulk, Brett Favre ou Ray Lewis .<\/li>\n<li>Upper Deck Pros &amp; Prospects Inserts:\n<ul style=\"list-style-type: circle;\">\n<li>Piece of History Autographed Jersey Cards<\/li>\n<li>Piece of History Autographed Jersey Card Parallels<\/li>\n<li>Parallel Jersey Cards sequentially numbered to 50<\/li>\n<li>Piece of History Combo Jersey Cards sequentially numbered to 25<\/li>\n<li>Centerpiece + Future Fame<\/li>\n<li>ProMotion &amp; ProActive<\/li>\n<\/ul>\n<\/li>\n<li>Trouve les cartes de recrues de la NFL Draft Class de 2001 avec des noms comme Drew Brees, Michael Vick, Chris Chambers, Reggie Wayne, Deuce McAllister, Santana Moss, LaDainian Tomlinson ou Rudi Johnson !<\/li>\n<li>Background Infos 2001 : Le monde \u00e9tait sous le choc ! Nine-Eleven, les attaques terroristes contre le World Trade Center \u00e0 New York City, ont cr\u00e9\u00e9 une nouvelle \u00e8re dans la lutte mondiale contre le terrorisme. Les Am\u00e9ricains se sont rapproch\u00e9s les uns des autres, ce qui a eu un effet notable sur l&rsquo;ambiance dans les stades du pays. En ce qui concerne les sujets plus agr\u00e9ables, Harry Potter a cr\u00e9\u00e9 un ph\u00e9nom\u00e8ne rarement vu lorsque le tout premier film est sorti \u00e0 la fin de l&rsquo;ann\u00e9e. A la t\u00e9l\u00e9vision, des classiques comme Friends ou Urgences avaient la faveur des t\u00e9l\u00e9spectateurs. Nos Trading Cards \u00ab\u00a0vintage\u00a0\u00bb sont un r\u00eave pour tout nostalgique et pour tout collectionneur, car il ne s&rsquo;agit pas de reproductions des cartes pr\u00e9c\u00e9dentes, mais tous les paquets sont originaux et datent de l&rsquo;\u00e9poque o\u00f9 ils ont \u00e9t\u00e9 publi\u00e9s.<\/li>\n<\/ul>\n<p>Tu trouveras plus de Trading Cards d&rsquo;autrefois <strong><br \/>\n  <a href=\"https:\/\/memorabilia-germany.de\/fr\/trading-cards\">ici<\/a><br \/>\n<\/strong>.<\/p>\n","protected":false},"featured_media":36858,"template":"","meta":{"_acf_changed":false,"ocean_post_layout":"","ocean_both_sidebars_style":"","ocean_both_sidebars_content_width":0,"ocean_both_sidebars_sidebars_width":0,"ocean_sidebar":"0","ocean_second_sidebar":"0","ocean_disable_margins":"enable","ocean_add_body_class":"","ocean_shortcode_before_top_bar":"","ocean_shortcode_after_top_bar":"","ocean_shortcode_before_header":"","ocean_shortcode_after_header":"","ocean_has_shortcode":"","ocean_shortcode_after_title":"","ocean_shortcode_before_footer_widgets":"","ocean_shortcode_after_footer_widgets":"","ocean_shortcode_before_footer_bottom":"","ocean_shortcode_after_footer_bottom":"","ocean_display_top_bar":"default","ocean_display_header":"default","ocean_header_style":"","ocean_center_header_left_menu":"0","ocean_custom_header_template":"0","ocean_custom_logo":0,"ocean_custom_retina_logo":0,"ocean_custom_logo_max_width":0,"ocean_custom_logo_tablet_max_width":0,"ocean_custom_logo_mobile_max_width":0,"ocean_custom_logo_max_height":0,"ocean_custom_logo_tablet_max_height":0,"ocean_custom_logo_mobile_max_height":0,"ocean_header_custom_menu":"0","ocean_menu_typo_font_family":"0","ocean_menu_typo_font_subset":"","ocean_menu_typo_font_size":0,"ocean_menu_typo_font_size_tablet":0,"ocean_menu_typo_font_size_mobile":0,"ocean_menu_typo_font_size_unit":"px","ocean_menu_typo_font_weight":"","ocean_menu_typo_font_weight_tablet":"","ocean_menu_typo_font_weight_mobile":"","ocean_menu_typo_transform":"","ocean_menu_typo_transform_tablet":"","ocean_menu_typo_transform_mobile":"","ocean_menu_typo_line_height":0,"ocean_menu_typo_line_height_tablet":0,"ocean_menu_typo_line_height_mobile":0,"ocean_menu_typo_line_height_unit":"","ocean_menu_typo_spacing":0,"ocean_menu_typo_spacing_tablet":0,"ocean_menu_typo_spacing_mobile":0,"ocean_menu_typo_spacing_unit":"","ocean_menu_link_color":"","ocean_menu_link_color_hover":"","ocean_menu_link_color_active":"","ocean_menu_link_background":"","ocean_menu_link_hover_background":"","ocean_menu_link_active_background":"","ocean_menu_social_links_bg":"","ocean_menu_social_hover_links_bg":"","ocean_menu_social_links_color":"","ocean_menu_social_hover_links_color":"","ocean_disable_title":"default","ocean_disable_heading":"default","ocean_post_title":"","ocean_post_subheading":"","ocean_post_title_style":"","ocean_post_title_background_color":"","ocean_post_title_background":0,"ocean_post_title_bg_image_position":"","ocean_post_title_bg_image_attachment":"","ocean_post_title_bg_image_repeat":"","ocean_post_title_bg_image_size":"","ocean_post_title_height":0,"ocean_post_title_bg_overlay":0.5,"ocean_post_title_bg_overlay_color":"","ocean_disable_breadcrumbs":"default","ocean_breadcrumbs_color":"","ocean_breadcrumbs_separator_color":"","ocean_breadcrumbs_links_color":"","ocean_breadcrumbs_links_hover_color":"","ocean_display_footer_widgets":"default","ocean_display_footer_bottom":"default","ocean_custom_footer_template":"0","ofc_enable_fullscreen":"disable","ofc_fullscreen_speed":0,"ofc_fullscreen_nav":"enable","ofc_fullscreen_nav_pos":"right","ofc_fullscreen_nav_color":"","ofc_fullscreen_nav_tooltip_color":"","ofc_fullscreen_responsive":0},"product_brand":[],"product_cat":[2272],"product_tag":[],"class_list":{"0":"post-36857","1":"product","2":"type-product","3":"status-publish","4":"has-post-thumbnail","6":"product_cat-2001-upper-deck-nfl-pros-prospects-single-pack-fr","7":"product_shipping_class-classe-dexpedition_b","9":"entry","10":"has-media","12":"first","13":"outofstock","14":"taxable","15":"shipping-taxable","16":"purchasable","17":"product-type-simple","18":"col","19":"span_1_of_4","20":"owp-content-center","21":"owp-thumbs-layout-horizontal","22":"owp-btn-normal","23":"owp-tabs-layout-horizontal"},"acf":[],"_links":{"self":[{"href":"https:\/\/memorabilia-germany.de\/fr\/wp-json\/wp\/v2\/product\/36857","targetHints":{"allow":["GET"]}}],"collection":[{"href":"https:\/\/memorabilia-germany.de\/fr\/wp-json\/wp\/v2\/product"}],"about":[{"href":"https:\/\/memorabilia-germany.de\/fr\/wp-json\/wp\/v2\/types\/product"}],"version-history":[{"count":0,"href":"https:\/\/memorabilia-germany.de\/fr\/wp-json\/wp\/v2\/product\/36857\/revisions"}],"wp:featuredmedia":[{"embeddable":true,"href":"https:\/\/memorabilia-germany.de\/fr\/wp-json\/wp\/v2\/media\/36858"}],"wp:attachment":[{"href":"https:\/\/memorabilia-germany.de\/fr\/wp-json\/wp\/v2\/media?parent=36857"}],"wp:term":[{"taxonomy":"product_brand","embeddable":true,"href":"https:\/\/memorabilia-germany.de\/fr\/wp-json\/wp\/v2\/product_brand?post=36857"},{"taxonomy":"product_cat","embeddable":true,"href":"https:\/\/memorabilia-germany.de\/fr\/wp-json\/wp\/v2\/product_cat?post=36857"},{"taxonomy":"product_tag","embeddable":true,"href":"https:\/\/memorabilia-germany.de\/fr\/wp-json\/wp\/v2\/product_tag?post=36857"}],"curies":[{"name":"wp","href":"https:\/\/api.w.org\/{rel}","templated":true}]}}