{"id":36754,"date":"2024-01-16T14:34:03","date_gmt":"2024-01-16T13:34:03","guid":{"rendered":"https:\/\/memorabilia-germany.de\/produkt\/1999-upper-deck-wayne-gretzky-living-legend-hockey-single-pack-2\/"},"modified":"2024-02-23T15:33:38","modified_gmt":"2024-02-23T14:33:38","slug":"1999-upper-deck-wayne-gretzky-living-legend-hockey-single-pack-2","status":"publish","type":"product","link":"https:\/\/memorabilia-germany.de\/fr\/produit\/1999-upper-deck-wayne-gretzky-living-legend-hockey-single-pack-2\/","title":{"rendered":"1999 Upper Deck Wayne Gretzky Living Legend Hockey, Single Pack"},"content":{"rendered":"","protected":false},"excerpt":{"rendered":"<p><strong>Paquet non ouvert de Trading Cards NHL, original de 1999. Cette s\u00e9rie est sous licence de la NHL, mais elle est uniquement centr\u00e9e sur \u00ab\u00a0The Great One\u00a0\u00bb. Wayne Gretzky &#8211; le meilleur joueur de hockey sur glace de tous les temps, la l\u00e9gende ! Les Trading Cards et les Sports Memorabilia de \u00ab\u00a0Num\u00e9ro 99\u00a0\u00bb atteignent r\u00e9guli\u00e8rement des prix records, aucun autre joueur n&rsquo;est en vue, m\u00eame un quart de si\u00e8cle apr\u00e8s sa carri\u00e8re, qui puisse lui arriver \u00e0 la cheville.<\/strong><br \/>\n<strong>Cette s\u00e9rie de Trading Cards est tr\u00e8s rare et a \u00e9t\u00e9 lanc\u00e9e par Upper Deck en 1999 pour marquer la fin de la carri\u00e8re active de Gretzky. La m\u00eame ann\u00e9e, Wayne Gretzky a d\u00e9j\u00e0 \u00e9t\u00e9 intronis\u00e9 au Hockey Hall of Fame, ce qui en fait naturellement le joueur ayant attendu le moins longtemps avant d&rsquo;\u00eatre intronis\u00e9 de tous les temps. Pour plus d&rsquo;informations, voir ci-dessous.<\/strong><\/p>\n<ul style=\"list-style-type: square;\">\n<li>Contenu du colis : 6 Wayne Gretzky Trading Cards<\/li>\n<li>Ann\u00e9e de parution : 1999<\/li>\n<li>Marque : Upper Deck<\/li>\n<li>Pays : \u00c9tats-Unis<\/li>\n<li>Le paquet (\u00ab\u00a0Single Pack\u00a0\u00bb) provient d&rsquo;une \u00ab\u00a0Hobby Box\u00a0\u00bb ouverte par Memorabilia Germany, qui contient en tout 24 paquets. Tous les paquets sont en parfait \u00e9tat malgr\u00e9 leur \u00e2ge.<\/li>\n<li>La s\u00e9rie a pour th\u00e8me exclusif Wayne Gretzky et offre une possibilit\u00e9 incomparable de d\u00e9couvrir des hits rares de \u00ab\u00a0The Great One\u00a0\u00bb.<\/li>\n<li>Retrouvez Wayne Gretzky Game Used Insert Cards &amp; Autographs dans cette s\u00e9rie !<\/li>\n<li>Upper Deck Wayne Gretzky Living Legend Hobby Exclusive Autograph, Game Used Memorabilia Cards &amp; Inserts (differently numbered):\n<ul style=\"list-style-type: circle;\">\n<li>Gretzky Authentic Puck<\/li>\n<li>Gretzky Authentic Stick<\/li>\n<li>Wearing the Leaf<\/li>\n<li>Magic Moments<\/li>\n<li>Only One 99 (1 of 1\u2018s)<\/li>\n<li>Great Stats<\/li>\n<li>A Leader by Example<\/li>\n<li>The Great One<\/li>\n<li>Goodwill Ambassador<\/li>\n<li>Great Accolades<\/li>\n<\/ul>\n<\/li>\n<li>Background Infos 1999 : En cette derni\u00e8re ann\u00e9e du 20e si\u00e8cle, l&rsquo;humanit\u00e9 se pr\u00e9pare \u00e0 entrer dans le mill\u00e9naire. Des rumeurs sur l&rsquo;effondrement des syst\u00e8mes informatiques et d&rsquo;autres sc\u00e9narios circulent, mais elles s&rsquo;av\u00e9reront fausses \u00e0 la fin de l&rsquo;ann\u00e9e. La l\u00e9gende du hockey sur glace Wayne Gretzky met un terme \u00e0 sa carri\u00e8re et reste \u00e0 ce jour consid\u00e9r\u00e9 comme le meilleur joueur de NHL de tous les temps. Les salles de cin\u00e9ma continuent de produire des classiques comme \u00ab\u00a0Blair Witch Project\u00a0\u00bb ou \u00ab\u00a0Matrix\u00a0\u00bb et les hit-parades accueillent des chansons de Britney Spears, des Backstreet Boys ou des Destiny&rsquo;s Child. Nos Trading Cards \u00ab\u00a0vintage\u00a0\u00bb sont un r\u00eave pour tout nostalgique et pour tout collectionneur, car il ne s&rsquo;agit pas de reproductions des cartes pr\u00e9c\u00e9dentes, mais tous les paquets sont originaux et datent de l&rsquo;\u00e9poque o\u00f9 ils ont \u00e9t\u00e9 publi\u00e9s.<\/li>\n<\/ul>\n<p>Tu trouveras plus de Trading Cards d&rsquo;autrefois <strong><br \/>\n  <a href=\"https:\/\/memorabilia-germany.de\/fr\/trading-cards\">ici<\/a><br \/>\n<\/strong>.<\/p>\n","protected":false},"featured_media":36755,"template":"","meta":{"_acf_changed":false,"ocean_post_layout":"","ocean_both_sidebars_style":"","ocean_both_sidebars_content_width":0,"ocean_both_sidebars_sidebars_width":0,"ocean_sidebar":"0","ocean_second_sidebar":"0","ocean_disable_margins":"enable","ocean_add_body_class":"","ocean_shortcode_before_top_bar":"","ocean_shortcode_after_top_bar":"","ocean_shortcode_before_header":"","ocean_shortcode_after_header":"","ocean_has_shortcode":"","ocean_shortcode_after_title":"","ocean_shortcode_before_footer_widgets":"","ocean_shortcode_after_footer_widgets":"","ocean_shortcode_before_footer_bottom":"","ocean_shortcode_after_footer_bottom":"","ocean_display_top_bar":"default","ocean_display_header":"default","ocean_header_style":"","ocean_center_header_left_menu":"0","ocean_custom_header_template":"0","ocean_custom_logo":0,"ocean_custom_retina_logo":0,"ocean_custom_logo_max_width":0,"ocean_custom_logo_tablet_max_width":0,"ocean_custom_logo_mobile_max_width":0,"ocean_custom_logo_max_height":0,"ocean_custom_logo_tablet_max_height":0,"ocean_custom_logo_mobile_max_height":0,"ocean_header_custom_menu":"0","ocean_menu_typo_font_family":"0","ocean_menu_typo_font_subset":"","ocean_menu_typo_font_size":0,"ocean_menu_typo_font_size_tablet":0,"ocean_menu_typo_font_size_mobile":0,"ocean_menu_typo_font_size_unit":"px","ocean_menu_typo_font_weight":"","ocean_menu_typo_font_weight_tablet":"","ocean_menu_typo_font_weight_mobile":"","ocean_menu_typo_transform":"","ocean_menu_typo_transform_tablet":"","ocean_menu_typo_transform_mobile":"","ocean_menu_typo_line_height":0,"ocean_menu_typo_line_height_tablet":0,"ocean_menu_typo_line_height_mobile":0,"ocean_menu_typo_line_height_unit":"","ocean_menu_typo_spacing":0,"ocean_menu_typo_spacing_tablet":0,"ocean_menu_typo_spacing_mobile":0,"ocean_menu_typo_spacing_unit":"","ocean_menu_link_color":"","ocean_menu_link_color_hover":"","ocean_menu_link_color_active":"","ocean_menu_link_background":"","ocean_menu_link_hover_background":"","ocean_menu_link_active_background":"","ocean_menu_social_links_bg":"","ocean_menu_social_hover_links_bg":"","ocean_menu_social_links_color":"","ocean_menu_social_hover_links_color":"","ocean_disable_title":"default","ocean_disable_heading":"default","ocean_post_title":"","ocean_post_subheading":"","ocean_post_title_style":"","ocean_post_title_background_color":"","ocean_post_title_background":0,"ocean_post_title_bg_image_position":"","ocean_post_title_bg_image_attachment":"","ocean_post_title_bg_image_repeat":"","ocean_post_title_bg_image_size":"","ocean_post_title_height":0,"ocean_post_title_bg_overlay":0.5,"ocean_post_title_bg_overlay_color":"","ocean_disable_breadcrumbs":"default","ocean_breadcrumbs_color":"","ocean_breadcrumbs_separator_color":"","ocean_breadcrumbs_links_color":"","ocean_breadcrumbs_links_hover_color":"","ocean_display_footer_widgets":"default","ocean_display_footer_bottom":"default","ocean_custom_footer_template":"0","ofc_enable_fullscreen":"disable","ofc_fullscreen_speed":0,"ofc_fullscreen_nav":"enable","ofc_fullscreen_nav_pos":"right","ofc_fullscreen_nav_color":"","ofc_fullscreen_nav_tooltip_color":"","ofc_fullscreen_responsive":0},"product_brand":[],"product_cat":[2400],"product_tag":[],"class_list":{"0":"post-36754","1":"product","2":"type-product","3":"status-publish","4":"has-post-thumbnail","6":"product_cat-1999-upper-deck-wayne-gretzky-living-legend-hockey-single-pack-fr","7":"product_shipping_class-classe-dexpedition_b","9":"entry","10":"has-media","12":"first","13":"instock","14":"taxable","15":"shipping-taxable","16":"purchasable","17":"product-type-simple","18":"col","19":"span_1_of_4","20":"owp-content-center","21":"owp-thumbs-layout-horizontal","22":"owp-btn-normal","23":"owp-tabs-layout-horizontal"},"acf":[],"_links":{"self":[{"href":"https:\/\/memorabilia-germany.de\/fr\/wp-json\/wp\/v2\/product\/36754","targetHints":{"allow":["GET"]}}],"collection":[{"href":"https:\/\/memorabilia-germany.de\/fr\/wp-json\/wp\/v2\/product"}],"about":[{"href":"https:\/\/memorabilia-germany.de\/fr\/wp-json\/wp\/v2\/types\/product"}],"version-history":[{"count":0,"href":"https:\/\/memorabilia-germany.de\/fr\/wp-json\/wp\/v2\/product\/36754\/revisions"}],"wp:featuredmedia":[{"embeddable":true,"href":"https:\/\/memorabilia-germany.de\/fr\/wp-json\/wp\/v2\/media\/36755"}],"wp:attachment":[{"href":"https:\/\/memorabilia-germany.de\/fr\/wp-json\/wp\/v2\/media?parent=36754"}],"wp:term":[{"taxonomy":"product_brand","embeddable":true,"href":"https:\/\/memorabilia-germany.de\/fr\/wp-json\/wp\/v2\/product_brand?post=36754"},{"taxonomy":"product_cat","embeddable":true,"href":"https:\/\/memorabilia-germany.de\/fr\/wp-json\/wp\/v2\/product_cat?post=36754"},{"taxonomy":"product_tag","embeddable":true,"href":"https:\/\/memorabilia-germany.de\/fr\/wp-json\/wp\/v2\/product_tag?post=36754"}],"curies":[{"name":"wp","href":"https:\/\/api.w.org\/{rel}","templated":true}]}}