{"id":36745,"date":"2024-01-16T15:07:06","date_gmt":"2024-01-16T14:07:06","guid":{"rendered":"https:\/\/memorabilia-germany.de\/produkt\/1996-97-upper-deck-nhl-hockey-single-pack-2\/"},"modified":"2024-02-23T15:29:15","modified_gmt":"2024-02-23T14:29:15","slug":"1996-97-upper-deck-nhl-hockey-single-pack-2","status":"publish","type":"product","link":"https:\/\/memorabilia-germany.de\/fr\/produit\/1996-97-upper-deck-nhl-hockey-single-pack-2\/","title":{"rendered":"1996\/97 Upper Deck NHL Hockey, Single Pack"},"content":{"rendered":"","protected":false},"excerpt":{"rendered":"<p><strong>Paquet non ouvert de Trading Cards NHL, original de 1996. Des l\u00e9gendes comme Wayne Gretzky, Mario Lemieux ou Dominik Hasek ont jou\u00e9 en NHL. Et tu te souviens des Hartford Whalers ? La saison 1996\/97 a \u00e9t\u00e9 la derni\u00e8re saison o\u00f9 l&rsquo;\u00e9quipe de l&rsquo;\u00c9tat am\u00e9ricain du Connecticut jouait encore dans la NHL. En revanche, il s&rsquo;agissait de la premi\u00e8re saison de la nouvelle \u00e9quipe d&rsquo;expansion, les Coyotes de Phoenix, qui ont tout de suite assur\u00e9 une place en playoff, mais qui ont d\u00fb mettre les voiles tr\u00e8s t\u00f4t contre les Ducks. Les Red Wings de Detroit ont remport\u00e9 la Stanley Cup \u00e0 la fin de la saison, proprement, par un \u00ab\u00a0balayage\u00a0\u00bb en 4 matches contre les Flyers de Philadelphie. Pour plus d&rsquo;informations, voir ci-dessous.<\/strong><\/p>\n<ul style=\"list-style-type: square;\">\n<li>Contenu du colis : 12 NHL Hockey Cards<\/li>\n<li>Ann\u00e9e de parution : 1996<\/li>\n<li>Marque : Upper Deck<\/li>\n<li>Pays : \u00c9tats-Unis<\/li>\n<li>Le paquet (\u00ab\u00a0Single Pack\u00a0\u00bb) provient d&rsquo;une \u00ab\u00a0Retail Box\u00a0\u00bb ouverte par Memorabilia Germany, qui contient 28 paquets au total. Tous les paquets sont en parfait \u00e9tat malgr\u00e9 leur \u00e2ge.<\/li>\n<li>Trouvez les cartes d&rsquo;insertion Wayne Gretzky Game Used dans cette s\u00e9rie !<\/li>\n<li>Upper Deck SP Authentic Autograph Card Highlights:\n<ul style=\"list-style-type: circle;\">\n<li>Game Worn Jersey Insert Cards<\/li>\n<li>Hart Hopefuls Inserts: Bronze, Silver &amp; Gold (differentially numbered)<\/li>\n<li>Generation Next <\/li>\n<li>Power Performers<\/li>\n<li>Star Rookies<\/li>\n<li>Through the Glass<\/li>\n<li>On-Ice Insights<\/li>\n<\/ul>\n<\/li>\n<li>La s\u00e9rie contient des cartes de recrues de futures l\u00e9gendes de la NHL comme Joe Thornton, Patrick Marleau, Daniel Tkaczuk ou Dainius Zubrus.<\/li>\n<li>De plus, la s\u00e9rie contient non seulement les premi\u00e8res Trading Cards de Wayne Gretzky dans le c\u00e9l\u00e8bre maillot des New York Rangers, mais aussi des possibilit\u00e9s de gagner \u00ab\u00a0Meet the Stars\u00a0\u00bb qui vous permettront de gagner une rencontre avec Gretzky. Mais seulement si vous pouvez aussi retourner en 1996. Dans le cas contraire, l&rsquo;action a malheureusement expir\u00e9.<\/li>\n<li>Background Infos 1996 : Des scientifiques parviennent \u00e0 cloner la c\u00e9l\u00e8bre brebis \u00ab\u00a0Dolly\u00a0\u00bb, Nintendo lance la console de jeux \u00ab\u00a0Nintendo 64\u00a0\u00bb et des classiques comme \u00ab\u00a0Independence Day\u00a0\u00bb, \u00ab\u00a0Scream\u00a0\u00bb ou \u00ab\u00a0Mission:Impossible\u00a0\u00bb sortent au cin\u00e9ma. Dans les hit-parades, on trouve des chansons de C\u00e9line Dion, Coolio et Aaliyah. Nos Trading Cards \u00ab\u00a0vintage\u00a0\u00bb sont un r\u00eave pour tout nostalgique et pour tout collectionneur, car il ne s&rsquo;agit pas de reproductions des cartes pr\u00e9c\u00e9dentes, mais tous les paquets sont originaux et datent de l&rsquo;\u00e9poque o\u00f9 ils ont \u00e9t\u00e9 publi\u00e9s.<\/li>\n<\/ul>\n<p>Tu trouveras plus de Trading Cards d&rsquo;autrefois <strong><br \/>\n  <a href=\"https:\/\/memorabilia-germany.de\/fr\/trading-cards\">ici<\/a><br \/>\n<\/strong>.<\/p>\n","protected":false},"featured_media":36746,"template":"","meta":{"_acf_changed":false,"ocean_post_layout":"","ocean_both_sidebars_style":"","ocean_both_sidebars_content_width":0,"ocean_both_sidebars_sidebars_width":0,"ocean_sidebar":"0","ocean_second_sidebar":"0","ocean_disable_margins":"enable","ocean_add_body_class":"","ocean_shortcode_before_top_bar":"","ocean_shortcode_after_top_bar":"","ocean_shortcode_before_header":"","ocean_shortcode_after_header":"","ocean_has_shortcode":"","ocean_shortcode_after_title":"","ocean_shortcode_before_footer_widgets":"","ocean_shortcode_after_footer_widgets":"","ocean_shortcode_before_footer_bottom":"","ocean_shortcode_after_footer_bottom":"","ocean_display_top_bar":"default","ocean_display_header":"default","ocean_header_style":"","ocean_center_header_left_menu":"0","ocean_custom_header_template":"0","ocean_custom_logo":0,"ocean_custom_retina_logo":0,"ocean_custom_logo_max_width":0,"ocean_custom_logo_tablet_max_width":0,"ocean_custom_logo_mobile_max_width":0,"ocean_custom_logo_max_height":0,"ocean_custom_logo_tablet_max_height":0,"ocean_custom_logo_mobile_max_height":0,"ocean_header_custom_menu":"0","ocean_menu_typo_font_family":"0","ocean_menu_typo_font_subset":"","ocean_menu_typo_font_size":0,"ocean_menu_typo_font_size_tablet":0,"ocean_menu_typo_font_size_mobile":0,"ocean_menu_typo_font_size_unit":"px","ocean_menu_typo_font_weight":"","ocean_menu_typo_font_weight_tablet":"","ocean_menu_typo_font_weight_mobile":"","ocean_menu_typo_transform":"","ocean_menu_typo_transform_tablet":"","ocean_menu_typo_transform_mobile":"","ocean_menu_typo_line_height":0,"ocean_menu_typo_line_height_tablet":0,"ocean_menu_typo_line_height_mobile":0,"ocean_menu_typo_line_height_unit":"","ocean_menu_typo_spacing":0,"ocean_menu_typo_spacing_tablet":0,"ocean_menu_typo_spacing_mobile":0,"ocean_menu_typo_spacing_unit":"","ocean_menu_link_color":"","ocean_menu_link_color_hover":"","ocean_menu_link_color_active":"","ocean_menu_link_background":"","ocean_menu_link_hover_background":"","ocean_menu_link_active_background":"","ocean_menu_social_links_bg":"","ocean_menu_social_hover_links_bg":"","ocean_menu_social_links_color":"","ocean_menu_social_hover_links_color":"","ocean_disable_title":"default","ocean_disable_heading":"default","ocean_post_title":"","ocean_post_subheading":"","ocean_post_title_style":"","ocean_post_title_background_color":"","ocean_post_title_background":0,"ocean_post_title_bg_image_position":"","ocean_post_title_bg_image_attachment":"","ocean_post_title_bg_image_repeat":"","ocean_post_title_bg_image_size":"","ocean_post_title_height":0,"ocean_post_title_bg_overlay":0.5,"ocean_post_title_bg_overlay_color":"","ocean_disable_breadcrumbs":"default","ocean_breadcrumbs_color":"","ocean_breadcrumbs_separator_color":"","ocean_breadcrumbs_links_color":"","ocean_breadcrumbs_links_hover_color":"","ocean_display_footer_widgets":"default","ocean_display_footer_bottom":"default","ocean_custom_footer_template":"0","ofc_enable_fullscreen":"disable","ofc_fullscreen_speed":0,"ofc_fullscreen_nav":"enable","ofc_fullscreen_nav_pos":"right","ofc_fullscreen_nav_color":"","ofc_fullscreen_nav_tooltip_color":"","ofc_fullscreen_responsive":0},"product_brand":[],"product_cat":[2399],"product_tag":[],"class_list":{"0":"post-36745","1":"product","2":"type-product","3":"status-publish","4":"has-post-thumbnail","6":"product_cat-1996-97-upper-deck-nhl-hockey-single-pack-fr","7":"product_shipping_class-classe-dexpedition_b","9":"entry","10":"has-media","12":"first","13":"instock","14":"taxable","15":"shipping-taxable","16":"purchasable","17":"product-type-simple","18":"col","19":"span_1_of_4","20":"owp-content-center","21":"owp-thumbs-layout-horizontal","22":"owp-btn-normal","23":"owp-tabs-layout-horizontal"},"acf":[],"_links":{"self":[{"href":"https:\/\/memorabilia-germany.de\/fr\/wp-json\/wp\/v2\/product\/36745","targetHints":{"allow":["GET"]}}],"collection":[{"href":"https:\/\/memorabilia-germany.de\/fr\/wp-json\/wp\/v2\/product"}],"about":[{"href":"https:\/\/memorabilia-germany.de\/fr\/wp-json\/wp\/v2\/types\/product"}],"version-history":[{"count":0,"href":"https:\/\/memorabilia-germany.de\/fr\/wp-json\/wp\/v2\/product\/36745\/revisions"}],"wp:featuredmedia":[{"embeddable":true,"href":"https:\/\/memorabilia-germany.de\/fr\/wp-json\/wp\/v2\/media\/36746"}],"wp:attachment":[{"href":"https:\/\/memorabilia-germany.de\/fr\/wp-json\/wp\/v2\/media?parent=36745"}],"wp:term":[{"taxonomy":"product_brand","embeddable":true,"href":"https:\/\/memorabilia-germany.de\/fr\/wp-json\/wp\/v2\/product_brand?post=36745"},{"taxonomy":"product_cat","embeddable":true,"href":"https:\/\/memorabilia-germany.de\/fr\/wp-json\/wp\/v2\/product_cat?post=36745"},{"taxonomy":"product_tag","embeddable":true,"href":"https:\/\/memorabilia-germany.de\/fr\/wp-json\/wp\/v2\/product_tag?post=36745"}],"curies":[{"name":"wp","href":"https:\/\/api.w.org\/{rel}","templated":true}]}}