{"id":36691,"date":"2024-01-27T13:15:37","date_gmt":"2024-02-23T14:14:51","guid":{"rendered":"https:\/\/memorabilia-germany.de\/produkt\/gaming-trading-cards-mystery-boxpokemon-tcg-edition-10-paquets-non-ouverts\/"},"modified":"2024-05-22T13:51:30","modified_gmt":"2024-05-22T11:51:30","slug":"gaming-trading-cards-mystery-boxpokemon-tcg-edition-10-paquets-non-ouverts","status":"publish","type":"product","link":"https:\/\/memorabilia-germany.de\/fr\/produit\/gaming-trading-cards-mystery-boxpokemon-tcg-edition-10-paquets-non-ouverts\/","title":{"rendered":"Gaming Trading Cards Mystery Box<\/br>\u201cPok\u00e9mon TCG Edition\u201d (10 paquets non ouverts)"},"content":{"rendered":"<p style=\"text-align: center;\"><strong>Tous les packs de cette s\u00e9rie proviennent exclusivement des bo\u00eetes de cartes \u00e0 collectionner Pok\u00e9mon suivantes :<\/strong><br \/>\nSun &amp; Moon: Celestial Storm (Booster Box)<br \/>\nXY Fates Collide (Booster Box)<br \/>\nScarlet &amp; Violet: Paldean Fates (Elite Trainer Box)<br \/>\nSword &amp; Shield: Rebel Clash (Elite Trainer Box)<br \/>\nSword &amp; Shield: Evolving Skies (Booster Box)<br \/>\nPokemon Go (Center Elite Trainer Box Plus)<br \/>\nSun &amp; Moon (Booster Box)<br \/>\nCelebrations Collection: Lance&rsquo;s Charizard V Box<br \/>\nSword &amp; Shield: Chilling Reign (Elite Trainer Box)<br \/>\nSun &amp; Moon: Crimson Invasion (Booster Box)<br \/>\nShining Fates: Crobat (Premium Box)<br \/>\nScarlet &amp; Violet: Paradox Rift (Booster Box)<br \/>\nShining Fates (Elite Trainer Box)<br \/>\nScarlet &amp; Violet: Obsidian Flames (Elite Trainer Box)<br \/>\nSword &amp; Shield: Vivid Voltage (Booster Box)<br \/>\nCrown Zenith (Elite Trainer Box)<br \/>\nPok\u00e9mon Go (Elite Trainer Box)<br \/>\nScarlet &amp; Violet (Elite Trainer Box)<br \/>\nSword &amp; Shield: Silver Tempest (Booster Box)<br \/>\nScarlet &amp; Violet (Booster Box)<br \/>\nScarlet &amp; Violet: Paldea Evolved (Booster Box)<br \/>\nSword &amp; Shield: Battle Styles (Booster Box)<br \/>\nScarlet &amp; Violet: Paradox Rift (Elite Trainer Box)<\/p>\n<p>Comment fonctionne une Mystery Box ?<br \/>\nVous pouvez trouver des informations \u00e0 ce sujet dans notre <strong><a href=\"https:\/\/memorabilia-germany.de\/fr\/sports-memorabilia-faq\/#memorabilia-mystery-box\"><u>FAQ<\/u><\/a><\/strong>!<\/p>\n","protected":false},"excerpt":{"rendered":"<p><strong>Cette s\u00e9rie est disponible sur un total de 50 Pok\u00e9mon TCG <a href=\"https:\/\/memorabilia-germany.de\/fr\/sports-memorabilia-faq\/#memorabilia-mystery-box\"><u>Mystery Boxes<\/u><\/a> en \u00e9dition limit\u00e9e. Chaque bo\u00eete est scell\u00e9e et porte un num\u00e9ro de s\u00e9rie. Les bo\u00eetes contiennent des boosters non ouverts issus d&rsquo;\u00e9ditions \u00e9puis\u00e9es du jeu de cartes \u00e0 collectionner Pok\u00e9mon des ann\u00e9es pr\u00e9c\u00e9dentes, ainsi que des extensions du TCG Pok\u00e9mon les plus r\u00e9centes, sorties en 2024. De \u00ab\u00a0XY Fates Collide\u00a0\u00bb \u00e0 \u00ab\u00a0Sun &amp; Moon : Celestial Storm\u00a0\u00bb et de \u00ab\u00a0Sword &amp; Shield : Rebel Clash\u00a0\u00bb \u00e0 \u00ab\u00a0Scarlet &amp; Violet : Paldean Fates\u00a0\u00bb, d\u00e9couvrez de v\u00e9ritables tr\u00e9sors du jeu de Trading Cards Pok\u00e9mon !<\/strong><br \/>\n<strong>Certaines bo\u00eetes contiennent m\u00eame, en plus du contenu proprement dit <a href=\"https:\/\/memorabilia-germany.de\/fr\/sports-memorabilia-faq\/#redemption\"><u>des Redemption Vouchers<\/u><\/a>. Les Redemption Vouchers sont en fait issus de la branche des Trading Cards sportives et peuvent \u00eatre \u00e9chang\u00e9s chez nous contre des bo\u00eetes Pok\u00e9mon TCG compl\u00e8tes contenant jusqu&rsquo;\u00e0 36 Booster Packs. Naturellement soud\u00e9e d&rsquo;origine, donc \u00ab\u00a0factory sealed\u00a0\u00bb. Gotta catch &#8217;em all!<\/strong><\/p>\n<p><i><strong>Remarque :<\/strong> le march\u00e9 Pok\u00e9mon propose d&rsquo;innombrables Mystery Box pour le jeu de cartes \u00e0 collectionner. Ces bo\u00eetes ne sont pas &#8211; nous le formulons avec prudence &#8211; comparables \u00e0 cette s\u00e9rie Mystery Box. Cette s\u00e9rie est strictement limit\u00e9e et ne contient que des boosters issus des bo\u00eetes list\u00e9es ci-dessous. Les 50 bo\u00eetes sont donc \u00e9quip\u00e9es de mani\u00e8re haut de gamme.<\/i><\/p>\n<p><strong>Information produit :<\/strong><\/p>\n<ul style=\"list-style-type: square;\">\n<li>Contenu de chaque bo\u00eete : 10 Booster Packs non ouverts datant d&rsquo;environ 10 ans jusqu&rsquo;\u00e0 aujourd&rsquo;hui (voir la liste d\u00e9taill\u00e9e ci-dessous).<\/li>\n<li>Tous les booster packs proviennent de bo\u00eetes \u00ab factory sealed \u00bb.<\/li>\n<li>Toutes les cartes de cette s\u00e9rie sont en anglais (valeur de collection maximale).<\/li>\n<li>3 des 50 bo\u00eetes contiennent un Memorabilia Germany en plus des 10 boosters. <a href=\"https:\/\/memorabilia-germany.de\/fr\/sports-memorabilia-faq\/#redemption\"><strong><u>Redemption Voucher<\/u><\/strong><\/a>. Un bon peut \u00eatre \u00e9chang\u00e9 chez nous contre diff\u00e9rentes bo\u00eetes compl\u00e8tes \u00ab\u00a0factory sealed\u00a0\u00bb contenant jusqu&rsquo;\u00e0 36 Booster Packs.<\/li>\n<li>Sp\u00e9cial en ligne : une bo\u00eete de la s\u00e9rie contient \u00e9galement plusieurs cartes de code de diff\u00e9rentes bo\u00eetes de dresseurs pour le jeu en ligne Pok\u00e9mon TCG Live !<\/li>\n<li>De nombreuses bo\u00eetes de la s\u00e9rie contiennent \u00e9galement du mat\u00e9riel de jeu TCG Pok\u00e9mon, comme des d\u00e9s, des pi\u00e8ces rares, des cartes \u00e9nergie TCG ou des cartes promotionnelles.<\/li>\n<li>Retrouvez les cartes \u00e0 collectionner Pok\u00e9mon des \u00e9ditions pr\u00e9c\u00e9dentes, \u00e9puis\u00e9es dans le monde entier, ainsi que les cartes les plus r\u00e9centes, qui ne sont sorties qu&rsquo;en 2024. Qu&rsquo;il s&rsquo;agisse de \u00ab\u00a0rare\u00a0\u00bb, \u00ab\u00a0secret rare\u00a0\u00bb ou \u00ab\u00a0ultra rare\u00a0\u00bb, vous pouvez d\u00e9couvrir ici de v\u00e9ritables tr\u00e9sors du TCG Pok\u00e9mon ! Des exemples de cartes qui peuvent se cacher dans les Mystery Box sont Rayquaza GX, Lisia, Copycat, Blaziken GX, Scizor GX, Umbreon EX, M Alakazam EX, Glaceon EX, Team Rocket&rsquo;s Handiwork, Lugia BREAK, Umbreon VMAX, Sylveon VMAX, Dragapult VMAX ou Copperajah VMAX.<\/li>\n<\/ul>\n<p>&nbsp;<\/p>\n<p><strong>Highlight Chances:<\/strong><\/p>\n<ul style=\"list-style-type: square;\">\n<li><a href=\"https:\/\/memorabilia-germany.de\/fr\/sports-memorabilia-faq\/#redemption\"><strong><u>Redemption Vouchers<\/u><\/strong><\/a> : trouvez des Redemption Vouchers et \u00e9changez-les contre des bo\u00eetes Pok\u00e9mon compl\u00e8tes !<\/li>\n<li>Sun &amp; Moon: Celestial Storm:\n<ul style=\"list-style-type: circle;\">\n<li>Rayquaza-GX, Articuno-GX, Blaziken-GX, Scizor-GX &amp; Stakataka-GX<\/li>\n<li>New Prism Star Cards inkl. Latios, Latias &amp; Jirachi<\/li>\n<li>Ultra Beasts, Celestial Storm Trainer Cards &amp; Rainbow-Energy cartes<\/li>\n<\/ul>\n<\/li>\n<li>Pok\u00e9mon XY Fates Collide:\n<ul style=\"list-style-type: circle;\">\n<li>M Alakazam EX, Umbreon EX, Glaceon EX, Team Rocket&rsquo;s Handiwork &amp; Lugia BREAK<\/li>\n<li>New Fates Collide Pok\u00e9mon TURBO<\/li>\n<\/ul>\n<\/li>\n<li>Scarlet &amp; Violet: Paldean Fates:\n<ul style=\"list-style-type: circle;\">\n<li>Shiny Pikachu, Shiny Ceruledge, Shiny Tinkaton, Shiny Dondozo &amp; Shiny Tatsugiri<\/li>\n<li>Shiny Tera Pokemon ex: Charizard, Forretress &amp; Espathra<\/li>\n<\/ul>\n<\/li>\n<li>Sword &amp; Shield: Rebel Clash:\n<ul style=\"list-style-type: circle;\">\n<li>Rebel Clash Pok\u00e9mon V: Toxtricity V, Dubwool V, Boltund V &amp; Sandaconda V<\/li>\n<li>Copperajah VMAX + Dragapult VMAX<\/li>\n<\/ul>\n<\/li>\n<li>Sword &amp; Shield: Evolving Skies:\n<ul style=\"list-style-type: circle;\">\n<li>Rayquaza VMAX, Duraludon VMAX, Umbreon VMAX, Sylveon VMAX, Glaceon VMAX &amp; Leafeon VMAX<\/li>\n<li>Evolving Skies Pok\u00e9mon V Cards<\/li>\n<\/ul>\n<\/li>\n<li>Sun &amp; Moon:\n<ul style=\"list-style-type: circle;\">\n<li>Ultra Ball, Lillie, Umbreon GX, Espeon GX &amp; Psychic Energy<\/li>\n<\/ul>\n<\/li>\n<\/ul>\n","protected":false},"featured_media":36692,"template":"","meta":{"_acf_changed":false,"ocean_post_layout":"","ocean_both_sidebars_style":"","ocean_both_sidebars_content_width":0,"ocean_both_sidebars_sidebars_width":0,"ocean_sidebar":"0","ocean_second_sidebar":"0","ocean_disable_margins":"enable","ocean_add_body_class":"","ocean_shortcode_before_top_bar":"","ocean_shortcode_after_top_bar":"","ocean_shortcode_before_header":"","ocean_shortcode_after_header":"","ocean_has_shortcode":"","ocean_shortcode_after_title":"","ocean_shortcode_before_footer_widgets":"","ocean_shortcode_after_footer_widgets":"","ocean_shortcode_before_footer_bottom":"","ocean_shortcode_after_footer_bottom":"","ocean_display_top_bar":"default","ocean_display_header":"default","ocean_header_style":"","ocean_center_header_left_menu":"0","ocean_custom_header_template":"0","ocean_custom_logo":0,"ocean_custom_retina_logo":0,"ocean_custom_logo_max_width":0,"ocean_custom_logo_tablet_max_width":0,"ocean_custom_logo_mobile_max_width":0,"ocean_custom_logo_max_height":0,"ocean_custom_logo_tablet_max_height":0,"ocean_custom_logo_mobile_max_height":0,"ocean_header_custom_menu":"0","ocean_menu_typo_font_family":"0","ocean_menu_typo_font_subset":"","ocean_menu_typo_font_size":0,"ocean_menu_typo_font_size_tablet":0,"ocean_menu_typo_font_size_mobile":0,"ocean_menu_typo_font_size_unit":"px","ocean_menu_typo_font_weight":"","ocean_menu_typo_font_weight_tablet":"","ocean_menu_typo_font_weight_mobile":"","ocean_menu_typo_transform":"","ocean_menu_typo_transform_tablet":"","ocean_menu_typo_transform_mobile":"","ocean_menu_typo_line_height":0,"ocean_menu_typo_line_height_tablet":0,"ocean_menu_typo_line_height_mobile":0,"ocean_menu_typo_line_height_unit":"","ocean_menu_typo_spacing":0,"ocean_menu_typo_spacing_tablet":0,"ocean_menu_typo_spacing_mobile":0,"ocean_menu_typo_spacing_unit":"","ocean_menu_link_color":"","ocean_menu_link_color_hover":"","ocean_menu_link_color_active":"","ocean_menu_link_background":"","ocean_menu_link_hover_background":"","ocean_menu_link_active_background":"","ocean_menu_social_links_bg":"","ocean_menu_social_hover_links_bg":"","ocean_menu_social_links_color":"","ocean_menu_social_hover_links_color":"","ocean_disable_title":"default","ocean_disable_heading":"default","ocean_post_title":"","ocean_post_subheading":"","ocean_post_title_style":"","ocean_post_title_background_color":"","ocean_post_title_background":0,"ocean_post_title_bg_image_position":"","ocean_post_title_bg_image_attachment":"","ocean_post_title_bg_image_repeat":"","ocean_post_title_bg_image_size":"","ocean_post_title_height":0,"ocean_post_title_bg_overlay":0.5,"ocean_post_title_bg_overlay_color":"","ocean_disable_breadcrumbs":"default","ocean_breadcrumbs_color":"","ocean_breadcrumbs_separator_color":"","ocean_breadcrumbs_links_color":"","ocean_breadcrumbs_links_hover_color":"","ocean_display_footer_widgets":"default","ocean_display_footer_bottom":"default","ocean_custom_footer_template":"0","ofc_enable_fullscreen":"disable","ofc_fullscreen_speed":0,"ofc_fullscreen_nav":"enable","ofc_fullscreen_nav_pos":"right","ofc_fullscreen_nav_color":"","ofc_fullscreen_nav_tooltip_color":"","ofc_fullscreen_responsive":0},"product_brand":[],"product_cat":[2085,2428],"product_tag":[],"class_list":{"0":"post-36691","1":"product","2":"type-product","3":"status-publish","4":"has-post-thumbnail","6":"product_cat-absolute-carnage-1-ryan-stegman-donny-cates-fr","7":"product_cat-gaming-trading-cards-mystery-box-pokemon-tcg-edition","8":"product_shipping_class-classe-dexpedition_a","10":"entry","11":"has-media","13":"first","14":"outofstock","15":"taxable","16":"shipping-taxable","17":"purchasable","18":"product-type-simple","19":"col","20":"span_1_of_4","21":"owp-content-center","22":"owp-thumbs-layout-horizontal","23":"owp-btn-normal","24":"owp-tabs-layout-horizontal"},"acf":[],"_links":{"self":[{"href":"https:\/\/memorabilia-germany.de\/fr\/wp-json\/wp\/v2\/product\/36691","targetHints":{"allow":["GET"]}}],"collection":[{"href":"https:\/\/memorabilia-germany.de\/fr\/wp-json\/wp\/v2\/product"}],"about":[{"href":"https:\/\/memorabilia-germany.de\/fr\/wp-json\/wp\/v2\/types\/product"}],"version-history":[{"count":0,"href":"https:\/\/memorabilia-germany.de\/fr\/wp-json\/wp\/v2\/product\/36691\/revisions"}],"wp:featuredmedia":[{"embeddable":true,"href":"https:\/\/memorabilia-germany.de\/fr\/wp-json\/wp\/v2\/media\/36692"}],"wp:attachment":[{"href":"https:\/\/memorabilia-germany.de\/fr\/wp-json\/wp\/v2\/media?parent=36691"}],"wp:term":[{"taxonomy":"product_brand","embeddable":true,"href":"https:\/\/memorabilia-germany.de\/fr\/wp-json\/wp\/v2\/product_brand?post=36691"},{"taxonomy":"product_cat","embeddable":true,"href":"https:\/\/memorabilia-germany.de\/fr\/wp-json\/wp\/v2\/product_cat?post=36691"},{"taxonomy":"product_tag","embeddable":true,"href":"https:\/\/memorabilia-germany.de\/fr\/wp-json\/wp\/v2\/product_tag?post=36691"}],"curies":[{"name":"wp","href":"https:\/\/api.w.org\/{rel}","templated":true}]}}