{"id":36646,"date":"2023-05-29T16:11:33","date_gmt":"2024-02-23T12:19:59","guid":{"rendered":"https:\/\/memorabilia-germany.de\/produkt\/1993-94-skybox-premium-edition-basketball-cardswax-pack-2\/"},"modified":"2024-02-23T13:20:58","modified_gmt":"2024-02-23T12:20:58","slug":"1993-94-skybox-premium-edition-basketball-cardswax-pack-2","status":"publish","type":"product","link":"https:\/\/memorabilia-germany.de\/fr\/produit\/1993-94-skybox-premium-edition-basketball-cardswax-pack-2\/","title":{"rendered":"1993 &#8211; 94 Skybox Premium Edition Basketball Cards,<br>Wax Pack"},"content":{"rendered":"","protected":false},"excerpt":{"rendered":"<p><strong>Paquet non ouvert de NBA Trading Cards, original de 1993. Des l\u00e9gendes comme Michael Jordan, David Robinson ou Hakeem Olajuwon ont jou\u00e9 dans la NBA et les Houston Rockets ont remport\u00e9 les finales de la NBA en sept matches passionnants contre les New York Knicks \u00e0 la fin de la saison. Ces Trading Cards ont \u00e9t\u00e9 mises sur le march\u00e9 par la soci\u00e9t\u00e9 Skybox et sont officiellement licenci\u00e9es par la NBA. Pour plus d&rsquo;informations, voir ci-dessous.<\/strong><\/p>\n<ul style=\"list-style-type: square;\">\n<li>Contenu du paquet : 12 Trading Cards NBA<\/li>\n<li>Ann\u00e9e de parution : 1993<\/li>\n<li>Soci\u00e9t\u00e9 : Skybox<\/li>\n<li>Pays : \u00c9tats-Unis<\/li>\n<li>S\u00e9rie : S\u00e9rie 1<\/li>\n<li>Le paquet (\u00ab\u00a0Wax Pack\u00a0\u00bb) provient d&rsquo;une \u00ab\u00a0Hobby Box\u00a0\u00bb ouverte par Memorabilia Germany, qui contient 36 paquets au total. Tous les paquets sont en parfait \u00e9tat malgr\u00e9 leur \u00e2ge.<\/li>\n<li>Pr\u00e9cieuses Michael Jordan Center Stage Cards dans cette s\u00e9rie !<\/li>\n<li>Rare \u00ab\u00a0Shaq Talk Cards\u00a0\u00bb de Shaquille O&rsquo;Neal \u00e0 trouver dans cette s\u00e9rie !<\/li>\n<li>Retrouve les cartes originales des l\u00e9gendes de la NBA de 1993, comme Michael Jordan, David Robinson ou Charles Barkley.  <\/li>\n<li>La s\u00e9rie contient des cartes de recrues de stars de la NBA comme Vin Baker, Anfernee Hardaway, Allan Houston, Jamal Mashburn, Nick Van Exel ou Chris Webber !<\/li>\n<li>Infos 1993 : Bill Clinton prend les commandes aux Etats-Unis, Monica Selles est attaqu\u00e9e au couteau sur un court de tennis \u00e0 Hambourg par un spectateur fou, le baron colombien de la drogue Pablo Escobar perd la vie et au cin\u00e9ma, le premier film Jurassic Park enthousiasme les fans. Nos Trading Cards \u00ab\u00a0vintage\u00a0\u00bb sont un r\u00eave pour tout nostalgique et pour tout collectionneur, car il ne s&rsquo;agit pas de reproductions des cartes pr\u00e9c\u00e9dentes, mais tous les paquets sont originaux et datent de l&rsquo;\u00e9poque o\u00f9 ils ont \u00e9t\u00e9 publi\u00e9s.<\/li>\n<\/ul>\n<p>Tu trouveras plus de Trading Cards d&rsquo;autrefois <strong><br \/>\n  <a href=\"https:\/\/memorabilia-germany.de\/fr\/trading-cards\">ici<\/a><br \/>\n<\/strong>.<\/p>\n","protected":false},"featured_media":36647,"template":"","meta":{"_acf_changed":false,"ocean_post_layout":"","ocean_both_sidebars_style":"","ocean_both_sidebars_content_width":0,"ocean_both_sidebars_sidebars_width":0,"ocean_sidebar":"0","ocean_second_sidebar":"0","ocean_disable_margins":"enable","ocean_add_body_class":"","ocean_shortcode_before_top_bar":"","ocean_shortcode_after_top_bar":"","ocean_shortcode_before_header":"","ocean_shortcode_after_header":"","ocean_has_shortcode":"","ocean_shortcode_after_title":"","ocean_shortcode_before_footer_widgets":"","ocean_shortcode_after_footer_widgets":"","ocean_shortcode_before_footer_bottom":"","ocean_shortcode_after_footer_bottom":"","ocean_display_top_bar":"default","ocean_display_header":"default","ocean_header_style":"","ocean_center_header_left_menu":"0","ocean_custom_header_template":"0","ocean_custom_logo":0,"ocean_custom_retina_logo":0,"ocean_custom_logo_max_width":0,"ocean_custom_logo_tablet_max_width":0,"ocean_custom_logo_mobile_max_width":0,"ocean_custom_logo_max_height":0,"ocean_custom_logo_tablet_max_height":0,"ocean_custom_logo_mobile_max_height":0,"ocean_header_custom_menu":"0","ocean_menu_typo_font_family":"0","ocean_menu_typo_font_subset":"","ocean_menu_typo_font_size":0,"ocean_menu_typo_font_size_tablet":0,"ocean_menu_typo_font_size_mobile":0,"ocean_menu_typo_font_size_unit":"px","ocean_menu_typo_font_weight":"","ocean_menu_typo_font_weight_tablet":"","ocean_menu_typo_font_weight_mobile":"","ocean_menu_typo_transform":"","ocean_menu_typo_transform_tablet":"","ocean_menu_typo_transform_mobile":"","ocean_menu_typo_line_height":0,"ocean_menu_typo_line_height_tablet":0,"ocean_menu_typo_line_height_mobile":0,"ocean_menu_typo_line_height_unit":"","ocean_menu_typo_spacing":0,"ocean_menu_typo_spacing_tablet":0,"ocean_menu_typo_spacing_mobile":0,"ocean_menu_typo_spacing_unit":"","ocean_menu_link_color":"","ocean_menu_link_color_hover":"","ocean_menu_link_color_active":"","ocean_menu_link_background":"","ocean_menu_link_hover_background":"","ocean_menu_link_active_background":"","ocean_menu_social_links_bg":"","ocean_menu_social_hover_links_bg":"","ocean_menu_social_links_color":"","ocean_menu_social_hover_links_color":"","ocean_disable_title":"default","ocean_disable_heading":"default","ocean_post_title":"","ocean_post_subheading":"","ocean_post_title_style":"","ocean_post_title_background_color":"","ocean_post_title_background":0,"ocean_post_title_bg_image_position":"","ocean_post_title_bg_image_attachment":"","ocean_post_title_bg_image_repeat":"","ocean_post_title_bg_image_size":"","ocean_post_title_height":0,"ocean_post_title_bg_overlay":0.5,"ocean_post_title_bg_overlay_color":"","ocean_disable_breadcrumbs":"default","ocean_breadcrumbs_color":"","ocean_breadcrumbs_separator_color":"","ocean_breadcrumbs_links_color":"","ocean_breadcrumbs_links_hover_color":"","ocean_display_footer_widgets":"default","ocean_display_footer_bottom":"default","ocean_custom_footer_template":"0","ofc_enable_fullscreen":"disable","ofc_fullscreen_speed":0,"ofc_fullscreen_nav":"enable","ofc_fullscreen_nav_pos":"right","ofc_fullscreen_nav_color":"","ofc_fullscreen_nav_tooltip_color":"","ofc_fullscreen_responsive":0},"product_brand":[],"product_cat":[100],"product_tag":[],"class_list":{"0":"post-36646","1":"product","2":"type-product","3":"status-publish","4":"has-post-thumbnail","6":"product_cat-unkategorisiert-en","7":"product_shipping_class-classe-dexpedition_b","9":"entry","10":"has-media","12":"first","13":"outofstock","14":"taxable","15":"shipping-taxable","16":"purchasable","17":"product-type-simple","18":"col","19":"span_1_of_4","20":"owp-content-center","21":"owp-thumbs-layout-horizontal","22":"owp-btn-normal","23":"owp-tabs-layout-horizontal"},"acf":[],"_links":{"self":[{"href":"https:\/\/memorabilia-germany.de\/fr\/wp-json\/wp\/v2\/product\/36646","targetHints":{"allow":["GET"]}}],"collection":[{"href":"https:\/\/memorabilia-germany.de\/fr\/wp-json\/wp\/v2\/product"}],"about":[{"href":"https:\/\/memorabilia-germany.de\/fr\/wp-json\/wp\/v2\/types\/product"}],"version-history":[{"count":0,"href":"https:\/\/memorabilia-germany.de\/fr\/wp-json\/wp\/v2\/product\/36646\/revisions"}],"wp:featuredmedia":[{"embeddable":true,"href":"https:\/\/memorabilia-germany.de\/fr\/wp-json\/wp\/v2\/media\/36647"}],"wp:attachment":[{"href":"https:\/\/memorabilia-germany.de\/fr\/wp-json\/wp\/v2\/media?parent=36646"}],"wp:term":[{"taxonomy":"product_brand","embeddable":true,"href":"https:\/\/memorabilia-germany.de\/fr\/wp-json\/wp\/v2\/product_brand?post=36646"},{"taxonomy":"product_cat","embeddable":true,"href":"https:\/\/memorabilia-germany.de\/fr\/wp-json\/wp\/v2\/product_cat?post=36646"},{"taxonomy":"product_tag","embeddable":true,"href":"https:\/\/memorabilia-germany.de\/fr\/wp-json\/wp\/v2\/product_tag?post=36646"}],"curies":[{"name":"wp","href":"https:\/\/api.w.org\/{rel}","templated":true}]}}