{"id":36305,"date":"2024-01-27T15:38:45","date_gmt":"2024-02-22T11:46:06","guid":{"rendered":"https:\/\/memorabilia-germany.de\/produkt\/pokemon-tcg-pocket-packblack-edition-5-unopened-packs\/"},"modified":"2024-02-22T12:47:50","modified_gmt":"2024-02-22T11:47:50","slug":"pokemon-tcg-pocket-packblack-edition-5-unopened-packs","status":"publish","type":"product","link":"https:\/\/memorabilia-germany.de\/fr\/produit\/pokemon-tcg-pocket-packblack-edition-5-unopened-packs\/","title":{"rendered":"Pokemon TCG Pocket Pack<\/br>\u201cBlack Edition\u201d (5 unopened packs)"},"content":{"rendered":"<p style=\"text-align: center;\"><strong>Tous les packs de cette s\u00e9rie proviennent exclusivement des Pokemon Trading Card Boxes suivantes :<\/strong><br \/>\nXY Evolutions: Mega Charizard (Elite Trainer Box)<br \/>\nSword &amp; Shield: Rebel Clash (Elite Trainer Box)<br \/>\nScarlet &amp; Violet: Paldean Fates (Elite Trainer Box)<br \/>\nSword &amp; Shield: Evolving Skies (Booster Box)<br \/>\nSun &amp; Moon (Elite Trainer Box)<br \/>\nSun &amp; Moon (Booster Box)<br \/>\nSword &amp; Shield: Chilling Reign (Elite Trainer Box)<br \/>\nSun &amp; Moon: Crimson Invasion (Booster Box)<br \/>\nShining Fates (Elite Trainer Box)<br \/>\nScarlet &amp; Violet: Obsidian Flames (Elite Trainer Box)<br \/>\nCrown Zenith (Elite Trainer Box)<br \/>\nPokemon Go (Elite Trainer Box)<br \/>\nCrown Zenith Morpeko V-UNION (Premium Treasures Collection Box)<br \/>\nSword &amp; Shield: Silver Tempest (Booster Box)<br \/>\nScarlet &amp; Violet (Booster Box)<br \/>\nSword &amp; Shield: Battle Styles (Booster Box)<\/p>\n<p>Comment fonctionne une Mystery Box ?<br \/>\nVous pouvez trouver des informations \u00e0 ce sujet dans notre <strong><a href=\"https:\/\/memorabilia-germany.de\/fr\/sports-memorabilia-faq\/#memorabilia-mystery-box\"><u>FAQ<\/u><\/a><\/strong>!<\/p>\n","protected":false},"excerpt":{"rendered":"<p><strong>Cette s\u00e9rie est limit\u00e9e \u00e0 un total de 50 Pokemon TCG Pocket Packs. Chaque pack est scell\u00e9 et poss\u00e8de un num\u00e9ro de s\u00e9rie. Les packs contiennent des Booster Packs non ouverts provenant des \u00e9ditions \u00e9puis\u00e9es dans le monde entier du jeu de cartes \u00e0 collectionner Pok\u00e9mon des ann\u00e9es pr\u00e9c\u00e9dentes ainsi que des principales extensions actuelles du Pok\u00e9mon TCG de 2024. De \u00ab XY Evolutions : Mega Charizard \u00bb \u00e0 \u00ab Sword &amp; Shield : Evolving Skies \u00bb et de \u00ab Sword &amp; Shield : Rebel Clash \u00bb \u00e0 \u00ab Scarlet &amp; Violet : Paldean Fates \u00bb \u2013 vous d\u00e9couvrirez ici de v\u00e9ritables tr\u00e9sors du jeu de Pokemon Trading Card Games !<br \/>\nGotta catch &#8217;em all!<\/strong><\/p>\n<p><i><strong>Remarque :<\/strong> Le March\u00e9 Pok\u00e9mon propose d&rsquo;innombrables Mystery Boxes pour le jeu de cartes \u00e0 collectionner. Ces bo\u00eetes ne sont pas &#8211; nous le formulons avec prudence &#8211; comparables \u00e0 cette s\u00e9rie Pocket Pack. Cette s\u00e9rie est strictement limit\u00e9e et ne contient que des boosters issus des bo\u00eetes list\u00e9es ci-dessous. Les 50 Pocket Packs sont donc tous dot\u00e9s d&rsquo;un \u00e9quipement de qualit\u00e9.<\/i><\/p>\n<p><strong>Information produit :<\/strong><\/p>\n<ul style=\"list-style-type: square;\">\n<li>Contenu de chaque pack : 5 boosters non ouverts datant d&rsquo;environ 10 ans jusqu&rsquo;\u00e0 aujourd&rsquo;hui (voir la liste d\u00e9taill\u00e9e ci-dessous).<\/li>\n<li>Tous les paquets proviennent exclusivement de bo\u00eetes \u00ab\u00a0factory sealed\u00a0\u00bb.<\/li>\n<li>Toutes les cartes de cette s\u00e9rie sont en anglais (valeur de collection maximale).<\/li>\n<li>Retrouvez les cartes \u00e0 collectionner Pokemon des \u00e9ditions pass\u00e9es, \u00e9puis\u00e9es dans le monde entier, ainsi que les cartes les plus r\u00e9centes qui ne sont sorties qu&rsquo;en 2024. Qu&rsquo;il s&rsquo;agisse de \u00ab\u00a0rare\u00a0\u00bb, \u00ab\u00a0secret rare\u00a0\u00bb ou \u00ab\u00a0ultra rare\u00a0\u00bb, vous pouvez d\u00e9couvrir ici de v\u00e9ritables tr\u00e9sors du TCG Pokemon !<\/li>\n<\/ul>\n<p><strong>Highlight Chances:<\/strong><\/p>\n<ul style=\"list-style-type: square;\">\n<li>XY Evolutions Mega Charizard:\n<ul style=\"list-style-type: circle;\">\n<li>Mega Venusaur EX, Mega Charizard EX &amp; Mega Blastoise EX<\/li>\n<li>Dragonite EX, Ninetales BREAK, Machamp BREAK &amp; Mega Slowbro EX<\/li>\n<\/ul>\n<\/li>\n<li>Sword &amp; Shield: Rebel Clash:\n<ul style=\"list-style-type: circle;\">\n<li>Rebel Clash Pokemon V: Toxtricity V, Dubwool V, Boltund V &amp; Sandaconda V<\/li>\n<li>Copperajah VMAX + Dragapult VMAX<\/li>\n<\/ul>\n<\/li>\n<li>Scarlet &amp; Violet: Paldean Fates:\n<ul style=\"list-style-type: circle;\">\n<li>Shiny Pikachu, Shiny Ceruledge, Shiny Tinkaton, Shiny Dondozo &amp; Shiny Tatsugiri<\/li>\n<li>Shiny Tera Pokemon ex: Charizard, Forretress &amp; Espathra<\/li>\n<\/ul>\n<\/li>\n<li>Sword &amp; Shield: Evolving Skies:\n<ul style=\"list-style-type: circle;\">\n<li>Rayquaza VMAX, Duraludon VMAX, Umbreon VMAX, Sylveon VMAX, Glaceon VMAX &amp; Leafeon VMAX<\/li>\n<li>Evolving Skies Pokemon V Cards<\/li>\n<\/ul>\n<\/li>\n<li>Sun &amp; Moon:\n<ul style=\"list-style-type: circle;\">\n<li>Solgaleo GX &amp; Lunala GX<\/li>\n<li>Alola Region Specials: Rowlet, Litten &amp; Popplio<\/li>\n<li>Ultra Ball, Lillie, Umbreon GX, Espeon GX &amp; Psychic Energy<\/li>\n<\/ul>\n<\/li>\n<li>Sun &amp; Moon: Crimson Invasion:\n<ul style=\"list-style-type: circle;\">\n<li>Gyarados GX, Water Energy, Lusamine, Olivia &amp; Alolan Exeggutor GX<\/li>\n<\/ul>\n<\/li>\n<li>Sword &amp; Shield: Silver Tempest\n<ul style=\"list-style-type: circle;\">\n<li>Premiers Radiant Pokemons!<\/li>\n<li>Lugia V, Regidrago V, Unown V, Lugia VSTAR &amp; Serena<\/li>\n<\/ul>\n<\/li>\n<\/ul>\n","protected":false},"featured_media":36306,"template":"","meta":{"_acf_changed":false,"ocean_post_layout":"","ocean_both_sidebars_style":"","ocean_both_sidebars_content_width":0,"ocean_both_sidebars_sidebars_width":0,"ocean_sidebar":"0","ocean_second_sidebar":"0","ocean_disable_margins":"enable","ocean_add_body_class":"","ocean_shortcode_before_top_bar":"","ocean_shortcode_after_top_bar":"","ocean_shortcode_before_header":"","ocean_shortcode_after_header":"","ocean_has_shortcode":"","ocean_shortcode_after_title":"","ocean_shortcode_before_footer_widgets":"","ocean_shortcode_after_footer_widgets":"","ocean_shortcode_before_footer_bottom":"","ocean_shortcode_after_footer_bottom":"","ocean_display_top_bar":"default","ocean_display_header":"default","ocean_header_style":"","ocean_center_header_left_menu":"0","ocean_custom_header_template":"0","ocean_custom_logo":0,"ocean_custom_retina_logo":0,"ocean_custom_logo_max_width":0,"ocean_custom_logo_tablet_max_width":0,"ocean_custom_logo_mobile_max_width":0,"ocean_custom_logo_max_height":0,"ocean_custom_logo_tablet_max_height":0,"ocean_custom_logo_mobile_max_height":0,"ocean_header_custom_menu":"0","ocean_menu_typo_font_family":"0","ocean_menu_typo_font_subset":"","ocean_menu_typo_font_size":0,"ocean_menu_typo_font_size_tablet":0,"ocean_menu_typo_font_size_mobile":0,"ocean_menu_typo_font_size_unit":"px","ocean_menu_typo_font_weight":"","ocean_menu_typo_font_weight_tablet":"","ocean_menu_typo_font_weight_mobile":"","ocean_menu_typo_transform":"","ocean_menu_typo_transform_tablet":"","ocean_menu_typo_transform_mobile":"","ocean_menu_typo_line_height":0,"ocean_menu_typo_line_height_tablet":0,"ocean_menu_typo_line_height_mobile":0,"ocean_menu_typo_line_height_unit":"","ocean_menu_typo_spacing":0,"ocean_menu_typo_spacing_tablet":0,"ocean_menu_typo_spacing_mobile":0,"ocean_menu_typo_spacing_unit":"","ocean_menu_link_color":"","ocean_menu_link_color_hover":"","ocean_menu_link_color_active":"","ocean_menu_link_background":"","ocean_menu_link_hover_background":"","ocean_menu_link_active_background":"","ocean_menu_social_links_bg":"","ocean_menu_social_hover_links_bg":"","ocean_menu_social_links_color":"","ocean_menu_social_hover_links_color":"","ocean_disable_title":"default","ocean_disable_heading":"default","ocean_post_title":"","ocean_post_subheading":"","ocean_post_title_style":"","ocean_post_title_background_color":"","ocean_post_title_background":0,"ocean_post_title_bg_image_position":"","ocean_post_title_bg_image_attachment":"","ocean_post_title_bg_image_repeat":"","ocean_post_title_bg_image_size":"","ocean_post_title_height":0,"ocean_post_title_bg_overlay":0.5,"ocean_post_title_bg_overlay_color":"","ocean_disable_breadcrumbs":"default","ocean_breadcrumbs_color":"","ocean_breadcrumbs_separator_color":"","ocean_breadcrumbs_links_color":"","ocean_breadcrumbs_links_hover_color":"","ocean_display_footer_widgets":"default","ocean_display_footer_bottom":"default","ocean_custom_footer_template":"0","ofc_enable_fullscreen":"disable","ofc_fullscreen_speed":0,"ofc_fullscreen_nav":"enable","ofc_fullscreen_nav_pos":"right","ofc_fullscreen_nav_color":"","ofc_fullscreen_nav_tooltip_color":"","ofc_fullscreen_responsive":0},"product_brand":[],"product_cat":[2429],"product_tag":[],"class_list":{"0":"post-36305","1":"product","2":"type-product","3":"status-publish","4":"has-post-thumbnail","6":"product_cat-pokemon-tcg-pocket-pack-black-edition","7":"product_shipping_class-classe-dexpedition_a","9":"entry","10":"has-media","12":"first","13":"outofstock","14":"taxable","15":"shipping-taxable","16":"purchasable","17":"product-type-simple","18":"col","19":"span_1_of_4","20":"owp-content-center","21":"owp-thumbs-layout-horizontal","22":"owp-btn-normal","23":"owp-tabs-layout-horizontal"},"acf":[],"_links":{"self":[{"href":"https:\/\/memorabilia-germany.de\/fr\/wp-json\/wp\/v2\/product\/36305","targetHints":{"allow":["GET"]}}],"collection":[{"href":"https:\/\/memorabilia-germany.de\/fr\/wp-json\/wp\/v2\/product"}],"about":[{"href":"https:\/\/memorabilia-germany.de\/fr\/wp-json\/wp\/v2\/types\/product"}],"version-history":[{"count":0,"href":"https:\/\/memorabilia-germany.de\/fr\/wp-json\/wp\/v2\/product\/36305\/revisions"}],"wp:featuredmedia":[{"embeddable":true,"href":"https:\/\/memorabilia-germany.de\/fr\/wp-json\/wp\/v2\/media\/36306"}],"wp:attachment":[{"href":"https:\/\/memorabilia-germany.de\/fr\/wp-json\/wp\/v2\/media?parent=36305"}],"wp:term":[{"taxonomy":"product_brand","embeddable":true,"href":"https:\/\/memorabilia-germany.de\/fr\/wp-json\/wp\/v2\/product_brand?post=36305"},{"taxonomy":"product_cat","embeddable":true,"href":"https:\/\/memorabilia-germany.de\/fr\/wp-json\/wp\/v2\/product_cat?post=36305"},{"taxonomy":"product_tag","embeddable":true,"href":"https:\/\/memorabilia-germany.de\/fr\/wp-json\/wp\/v2\/product_tag?post=36305"}],"curies":[{"name":"wp","href":"https:\/\/api.w.org\/{rel}","templated":true}]}}