{"id":36085,"date":"2024-01-27T16:19:11","date_gmt":"2024-02-19T10:59:49","guid":{"rendered":"https:\/\/memorabilia-germany.de\/produkt\/pokemon-tcg-pocket-packscarlet-violet-edition-5-paquets-non-ouverts\/"},"modified":"2024-02-20T19:31:33","modified_gmt":"2024-02-20T18:31:33","slug":"pokemon-tcg-pocket-packscarlet-violet-edition-5-paquets-non-ouverts","status":"publish","type":"product","link":"https:\/\/memorabilia-germany.de\/fr\/produit\/pokemon-tcg-pocket-packscarlet-violet-edition-5-paquets-non-ouverts\/","title":{"rendered":"Pok\u00e9mon TCG Pocket Pack<\/br>\u201cScarlet &amp; Violet Edition\u201d (5 paquets non ouverts)"},"content":{"rendered":"<p style=\"text-align: center;\"><strong>Tous les packs de cette s\u00e9rie proviennent exclusivement des bo\u00eetes de cartes \u00e0 collectionner Pok\u00e9mon suivantes :<\/strong><br \/>\nScarlet &amp; Violet: Paldean Fates (Elite Trainer Box)<br \/>\nScarlet &amp; Violet: 151 Ultra (Premium Collection Box)<br \/>\nScarlet &amp; Violet: Paradox Rift (Booster Box)<br \/>\nScarlet &amp; Violet: Obsidian Flames (Elite Trainer Box)<br \/>\nScarlet &amp; Violet (Elite Trainer Box)<br \/>\nScarlet &amp; Violet (Booster Box)<br \/>\nScarlet &amp; Violet: Paldea Evolved (Booster Box)<br \/>\nScarlet &amp; Violet: Paradox Rift (Elite Trainer Box)<\/p>\n<p>Avez-vous une Mystery Box fonctionnelle ?<br \/>\nInformations que vous trouverez ici dans notre <strong><a href=\"https:\/\/memorabilia-germany.de\/fr\/sports-memorabilia-faq\/#memorabilia-mystery-box\"><u>FAQ<\/u><\/a><\/strong>!<\/p>\n","protected":false},"excerpt":{"rendered":"<p><strong>Cette s\u00e9rie comprend 50 Pok\u00e9mon TCG Pocket Packs limit\u00e9s. Chaque pack est scell\u00e9 et poss\u00e8de un num\u00e9ro de s\u00e9rie. Cette s\u00e9rie concerne la derni\u00e8re extension du jeu de cartes \u00e0 collectionner Pok\u00e9mon : \u00c9carlate et Violet. Retrouvez les Pok\u00e9mon les plus rares de la r\u00e9gion de Paldea et d\u00e9couvrez de nouveaux Pok\u00e9mon-ex, pr\u00e8s de 20 ans apr\u00e8s leur apparition dans EX Rubis et Saphir.<\/strong><\/p>\n<p><strong>Les packs contiennent des boosters non ouverts provenant d&rsquo;une grande vari\u00e9t\u00e9 de bo\u00eetes Scarlet &amp; Violet jusqu&rsquo;\u00e0 l&rsquo;\u00e9dition actuelle \u00ab Paldean Fates \u00bb. De plus, vous pouvez trouver des <a href=\"https:\/\/memorabilia-germany.de\/fr\/sports-memorabilia-faq\/#redemption\"><u>bons d&rsquo;\u00e9change<\/u><\/a> dans cette s\u00e9rie, que vous pouvez \u00e9changer contre une Pok\u00e9mon Box compl\u00e8te de l&rsquo;extension \u00c9carlate et Violet. Gotta catch &#8217;em all!<\/strong> <\/p>\n<p><i><strong>Remarque :<\/strong> Le March\u00e9 Pok\u00e9mon propose d&rsquo;innombrables Mystery Boxes pour le jeu de cartes \u00e0 collectionner. Ces coffrets ne sont \u2013 soyons prudents \u2013 pas comparables \u00e0 cette s\u00e9rie Pocket Pack. Cette s\u00e9rie est strictement limit\u00e9e et ne comprend que les Booster Packs list\u00e9es ci-dessous. Les 50 Pocket Packs sont \u00e9quip\u00e9s de haute qualit\u00e9.<\/i><\/p>\n<p><strong>Information produit:<\/strong><\/p>\n<ul style=\"list-style-type: square;\">\n<li>Contenu de chaque pack : 5 Booster Packs non ouverts provenant des bo\u00eetes de l&rsquo;extension actuelle du JCC Pok\u00e9mon \u00c9carlate et Violet (voir liste d\u00e9taill\u00e9e ci-dessous).<\/li>\n<li>Tous les colis proviennent exclusivement de bo\u00eetes \u00ab factory sealed \u00bb.<\/li>\n<li>Alle Karten in dieser Serie sind in englischer Sprache (maximaler Sammlerwert).<\/li>\n<li>2 von 50 Boxen enthalten zus\u00e4tzlich zu den 5 Booster Packs auch einen Memorabilia Germany <a href=\"https:\/\/memorabilia-germany.de\/fr\/sports-memorabilia-faq\/#redemption\"><strong><u>Redemption Voucher<\/u><\/strong><\/a>. Ein Voucher kann bei uns gegen verschiedene komplette \u201efactory sealed\u201c Scarlet &amp; Violet Boxen mit bis zu 36 Booster Packs eingetauscht werden.<\/li>\n<\/ul>\n<p><strong>Highlight Chances:<\/strong><\/p>\n<ul style=\"list-style-type: square;\">\n<li><a href=\"https:\/\/memorabilia-germany.de\/fr\/sports-memorabilia-faq\/#redemption\"><strong><u>Redemption Vouchers<\/u><\/strong><\/a> : trouvez des Redemption Vouchers et \u00e9changez-les contre des bo\u00eetes compl\u00e8tes de Pok\u00e9mon Scarlet &amp; Violet TCG contenant de nombreux booster packs !<\/li>\n<li>Scarlet &amp; Violet: 151 Ultra Premium Collection:\n<ul style=\"list-style-type: circle;\">\n<li>Mew Specials (incl. Mex-ex)<\/li>\n<li>Tous les Pok\u00e9mon de la r\u00e9gion de Kanto : revisit\u00e9s \u00e0 Paldea !<\/li>\n<\/ul>\n<\/li>\n<li>Scarlet &amp; Violet: Paldean Fates:\n<ul style=\"list-style-type: circle;\">\n<li>Shiny Pikachu, Shiny Ceruledge, Shiny Tinkaton, Shiny Dondozo &amp; Shiny Tatsugiri<\/li>\n<li>Shiny Tera Pokemon ex: Charizard, Forretress &amp; Espathra<\/li>\n<\/ul>\n<\/li>\n<li>Scarlet &amp; Violet Elite Trainer Box:\n<ul style=\"list-style-type: circle;\">\n<li>Des cartes de travail Pok\u00e9mon Art rares !<\/li>\n<li>Pok\u00e9mon Koraidon &amp; Miraidon en tant qu&rsquo;ex Pok\u00e9mon<\/li>\n<li>Arcanine, Gyarados, Sprigatito, Fuecoco &amp; Quaxly<\/li>\n<\/ul>\n<\/li>\n<li>Scarlet &amp; Violet: Paradox Rift:\n<ul style=\"list-style-type: circle;\">\n<li>Roaring Moon ex, Mela, Gholdengo ex, Iron Valiant &amp; Iron Hands ex<\/li>\n<li>Garchomp ex, Mewtwo ex, Armarouge ex &amp; Gholdengo ex<\/li>\n<\/ul>\n<\/li>\n<\/ul>\n","protected":false},"featured_media":36086,"template":"","meta":{"_acf_changed":false,"ocean_post_layout":"","ocean_both_sidebars_style":"","ocean_both_sidebars_content_width":0,"ocean_both_sidebars_sidebars_width":0,"ocean_sidebar":"0","ocean_second_sidebar":"0","ocean_disable_margins":"enable","ocean_add_body_class":"","ocean_shortcode_before_top_bar":"","ocean_shortcode_after_top_bar":"","ocean_shortcode_before_header":"","ocean_shortcode_after_header":"","ocean_has_shortcode":"","ocean_shortcode_after_title":"","ocean_shortcode_before_footer_widgets":"","ocean_shortcode_after_footer_widgets":"","ocean_shortcode_before_footer_bottom":"","ocean_shortcode_after_footer_bottom":"","ocean_display_top_bar":"default","ocean_display_header":"default","ocean_header_style":"","ocean_center_header_left_menu":"0","ocean_custom_header_template":"0","ocean_custom_logo":0,"ocean_custom_retina_logo":0,"ocean_custom_logo_max_width":0,"ocean_custom_logo_tablet_max_width":0,"ocean_custom_logo_mobile_max_width":0,"ocean_custom_logo_max_height":0,"ocean_custom_logo_tablet_max_height":0,"ocean_custom_logo_mobile_max_height":0,"ocean_header_custom_menu":"0","ocean_menu_typo_font_family":"0","ocean_menu_typo_font_subset":"","ocean_menu_typo_font_size":0,"ocean_menu_typo_font_size_tablet":0,"ocean_menu_typo_font_size_mobile":0,"ocean_menu_typo_font_size_unit":"px","ocean_menu_typo_font_weight":"","ocean_menu_typo_font_weight_tablet":"","ocean_menu_typo_font_weight_mobile":"","ocean_menu_typo_transform":"","ocean_menu_typo_transform_tablet":"","ocean_menu_typo_transform_mobile":"","ocean_menu_typo_line_height":0,"ocean_menu_typo_line_height_tablet":0,"ocean_menu_typo_line_height_mobile":0,"ocean_menu_typo_line_height_unit":"","ocean_menu_typo_spacing":0,"ocean_menu_typo_spacing_tablet":0,"ocean_menu_typo_spacing_mobile":0,"ocean_menu_typo_spacing_unit":"","ocean_menu_link_color":"","ocean_menu_link_color_hover":"","ocean_menu_link_color_active":"","ocean_menu_link_background":"","ocean_menu_link_hover_background":"","ocean_menu_link_active_background":"","ocean_menu_social_links_bg":"","ocean_menu_social_hover_links_bg":"","ocean_menu_social_links_color":"","ocean_menu_social_hover_links_color":"","ocean_disable_title":"default","ocean_disable_heading":"default","ocean_post_title":"","ocean_post_subheading":"","ocean_post_title_style":"","ocean_post_title_background_color":"","ocean_post_title_background":0,"ocean_post_title_bg_image_position":"","ocean_post_title_bg_image_attachment":"","ocean_post_title_bg_image_repeat":"","ocean_post_title_bg_image_size":"","ocean_post_title_height":0,"ocean_post_title_bg_overlay":0.5,"ocean_post_title_bg_overlay_color":"","ocean_disable_breadcrumbs":"default","ocean_breadcrumbs_color":"","ocean_breadcrumbs_separator_color":"","ocean_breadcrumbs_links_color":"","ocean_breadcrumbs_links_hover_color":"","ocean_display_footer_widgets":"default","ocean_display_footer_bottom":"default","ocean_custom_footer_template":"0","ofc_enable_fullscreen":"disable","ofc_fullscreen_speed":0,"ofc_fullscreen_nav":"enable","ofc_fullscreen_nav_pos":"right","ofc_fullscreen_nav_color":"","ofc_fullscreen_nav_tooltip_color":"","ofc_fullscreen_responsive":0},"product_brand":[],"product_cat":[2430],"product_tag":[],"class_list":{"0":"post-36085","1":"product","2":"type-product","3":"status-publish","4":"has-post-thumbnail","6":"product_cat-pokemon-tcg-pocket-pack-scarlet-violet-edition","7":"product_shipping_class-classe-dexpedition_a","9":"entry","10":"has-media","12":"first","13":"outofstock","14":"taxable","15":"shipping-taxable","16":"purchasable","17":"product-type-simple","18":"col","19":"span_1_of_4","20":"owp-content-center","21":"owp-thumbs-layout-horizontal","22":"owp-btn-normal","23":"owp-tabs-layout-horizontal"},"acf":[],"_links":{"self":[{"href":"https:\/\/memorabilia-germany.de\/fr\/wp-json\/wp\/v2\/product\/36085","targetHints":{"allow":["GET"]}}],"collection":[{"href":"https:\/\/memorabilia-germany.de\/fr\/wp-json\/wp\/v2\/product"}],"about":[{"href":"https:\/\/memorabilia-germany.de\/fr\/wp-json\/wp\/v2\/types\/product"}],"version-history":[{"count":0,"href":"https:\/\/memorabilia-germany.de\/fr\/wp-json\/wp\/v2\/product\/36085\/revisions"}],"wp:featuredmedia":[{"embeddable":true,"href":"https:\/\/memorabilia-germany.de\/fr\/wp-json\/wp\/v2\/media\/36086"}],"wp:attachment":[{"href":"https:\/\/memorabilia-germany.de\/fr\/wp-json\/wp\/v2\/media?parent=36085"}],"wp:term":[{"taxonomy":"product_brand","embeddable":true,"href":"https:\/\/memorabilia-germany.de\/fr\/wp-json\/wp\/v2\/product_brand?post=36085"},{"taxonomy":"product_cat","embeddable":true,"href":"https:\/\/memorabilia-germany.de\/fr\/wp-json\/wp\/v2\/product_cat?post=36085"},{"taxonomy":"product_tag","embeddable":true,"href":"https:\/\/memorabilia-germany.de\/fr\/wp-json\/wp\/v2\/product_tag?post=36085"}],"curies":[{"name":"wp","href":"https:\/\/api.w.org\/{rel}","templated":true}]}}