{"id":36264,"date":"2024-02-20T15:19:23","date_gmt":"2024-02-20T14:19:23","guid":{"rendered":"https:\/\/memorabilia-germany.de\/trading-card-mystery-box\/"},"modified":"2024-04-03T13:16:05","modified_gmt":"2024-04-03T11:16:05","slug":"trading-card-mystery-box","status":"publish","type":"page","link":"https:\/\/memorabilia-germany.de\/fr\/trading-card-mystery-box\/","title":{"rendered":"Trading Card Mystery Box"},"content":{"rendered":"\t\t<div data-elementor-type=\"wp-page\" data-elementor-id=\"36264\" class=\"elementor elementor-36264 elementor-31351\" data-elementor-post-type=\"page\">\n\t\t\t\t\t\t<section class=\"elementor-section elementor-top-section elementor-element elementor-element-165e096 elementor-section-boxed elementor-section-height-default elementor-section-height-default\" data-id=\"165e096\" data-element_type=\"section\" data-e-type=\"section\">\n\t\t\t\t\t\t<div class=\"elementor-container elementor-column-gap-no\">\n\t\t\t\t\t<div class=\"elementor-column elementor-col-100 elementor-top-column elementor-element elementor-element-6ad7579\" data-id=\"6ad7579\" data-element_type=\"column\" data-e-type=\"column\">\n\t\t\t<div class=\"elementor-widget-wrap elementor-element-populated\">\n\t\t\t\t\t\t<div class=\"elementor-element elementor-element-9b6091c elementor-widget elementor-widget-heading\" data-id=\"9b6091c\" data-element_type=\"widget\" data-e-type=\"widget\" data-widget_type=\"heading.default\">\n\t\t\t\t<div class=\"elementor-widget-container\">\n\t\t\t\t\t<h1 class=\"elementor-heading-title elementor-size-default\">Trading Cards Mystery Box &amp; Pocket Pack<\/h1>\t\t\t\t<\/div>\n\t\t\t\t<\/div>\n\t\t\t\t\t<\/div>\n\t\t<\/div>\n\t\t\t\t\t<\/div>\n\t\t<\/section>\n\t\t\t\t<section class=\"elementor-section elementor-top-section elementor-element elementor-element-8166b36 elementor-section-boxed elementor-section-height-default elementor-section-height-default\" data-id=\"8166b36\" data-element_type=\"section\" data-e-type=\"section\">\n\t\t\t\t\t\t<div class=\"elementor-container elementor-column-gap-no\">\n\t\t\t\t\t<div class=\"elementor-column elementor-col-100 elementor-top-column elementor-element elementor-element-adcf52a\" data-id=\"adcf52a\" data-element_type=\"column\" data-e-type=\"column\">\n\t\t\t<div class=\"elementor-widget-wrap elementor-element-populated\">\n\t\t\t\t\t\t<div class=\"elementor-element elementor-element-a3769d1 elementor-widget elementor-widget-text-editor\" data-id=\"a3769d1\" data-element_type=\"widget\" data-e-type=\"widget\" data-widget_type=\"text-editor.default\">\n\t\t\t\t<div class=\"elementor-widget-container\">\n\t\t\t\t\t\t\t\t\t<p>Nos Trading Cards Mystery Boxes sont vraiment haut de gamme. Cartes autographes, Memorabilia Cards, inserts rares et parall\u00e8les num\u00e9rot\u00e9s. Chaque Mystery Box et chaque Pocket Pack contient des paquets de Trading Cards issus des s\u00e9ries les plus raffin\u00e9es des leaders du march\u00e9 comme Panini, topps ou Upper Deck. Nous trouvons pour vous des Trading Cards du pass\u00e9 \u00e9puis\u00e9es dans le monde entier et les combinons pour une s\u00e9rie limit\u00e9e Mystery Box avec les packs les plus exclusifs d&rsquo;aujourd&rsquo;hui. Tout factory sealed, tout original. En outre, de nombreuses s\u00e9ries limit\u00e9es de Trading Cards Mystery Boxes contiennent des Redemption Vouchers que vous pouvez \u00e9changer contre des Memorabilia sign\u00e9s, comme des maillots ou des ballons.<\/p>\n\t\t\t\t\t\t\t\t<\/div>\n\t\t\t\t<\/div>\n\t\t\t\t\t<\/div>\n\t\t<\/div>\n\t\t\t\t\t<\/div>\n\t\t<\/section>\n\t\t\t\t<section class=\"elementor-section elementor-top-section elementor-element elementor-element-9e5becf elementor-section-boxed elementor-section-height-default elementor-section-height-default\" data-id=\"9e5becf\" data-element_type=\"section\" data-e-type=\"section\">\n\t\t\t\t\t\t<div class=\"elementor-container elementor-column-gap-no\">\n\t\t\t\t\t<div class=\"elementor-column elementor-col-100 elementor-top-column elementor-element elementor-element-defbf9a\" data-id=\"defbf9a\" data-element_type=\"column\" data-e-type=\"column\">\n\t\t\t<div class=\"elementor-widget-wrap elementor-element-populated\">\n\t\t\t\t\t\t<div class=\"elementor-element elementor-element-9ca51db elementor-widget elementor-widget-heading\" data-id=\"9ca51db\" data-element_type=\"widget\" data-e-type=\"widget\" data-widget_type=\"heading.default\">\n\t\t\t\t<div class=\"elementor-widget-container\">\n\t\t\t\t\t<h2 class=\"elementor-heading-title elementor-size-default\">Trading Cards Mystery Box : SPORT TRADING CARDS<\/h2>\t\t\t\t<\/div>\n\t\t\t\t<\/div>\n\t\t\t\t\t<\/div>\n\t\t<\/div>\n\t\t\t\t\t<\/div>\n\t\t<\/section>\n\t\t\t\t<section class=\"elementor-section elementor-top-section elementor-element elementor-element-9176374 elementor-section-boxed elementor-section-height-default elementor-section-height-default\" data-id=\"9176374\" data-element_type=\"section\" data-e-type=\"section\">\n\t\t\t\t\t\t<div class=\"elementor-container elementor-column-gap-no\">\n\t\t\t\t\t<div class=\"elementor-column elementor-col-100 elementor-top-column elementor-element elementor-element-6473bb3\" data-id=\"6473bb3\" data-element_type=\"column\" data-e-type=\"column\">\n\t\t\t<div class=\"elementor-widget-wrap elementor-element-populated\">\n\t\t\t\t\t\t<div class=\"elementor-element elementor-element-a43ccea elementor-grid-2 elementor-product-loop-item--align-center elementor-grid-mobile-1 elementor-grid-tablet-2 elementor-products-grid elementor-wc-products elementor-widget elementor-widget-wc-categories\" data-id=\"a43ccea\" data-element_type=\"widget\" data-e-type=\"widget\" data-widget_type=\"wc-categories.default\">\n\t\t\t\t<div class=\"elementor-widget-container\">\n\t\t\t\t\t<div class=\"woocommerce columns-2\">\r\n<ul class=\"products elementor-grid oceanwp-row clr grid tablet-col tablet-2-col mobile-col mobile-1-col\">\r\n<li class=\"product-category product first col span_1_of_2\">\n\t<a aria-label=\"Acc\u00e9der \u00e0 la cat\u00e9gorie de produits NBA MYSTERY BOX TRADING CARDS\" href=\"https:\/\/memorabilia-germany.de\/fr\/produkt-kategorie\/trading-card-mystery-box-fr\/nba-mystery-box-trading-cards-fr\/\"><div class=\"product-inner clr\"><div class=\"woo-entry-image clr\"><a href=\"https:\/\/memorabilia-germany.de\/fr\/produkt-kategorie\/trading-card-mystery-box-fr\/nba-mystery-box-trading-cards-fr\/\"><img decoding=\"async\" src=\"https:\/\/memorabilia-germany.de\/wp-content\/uploads\/nba-basketball-mystery-box-trading-cards-300x300.jpg\" alt=\"NBA MYSTERY BOX TRADING CARDS\" width=\"300\" height=\"\" srcset=\"https:\/\/memorabilia-germany.de\/wp-content\/uploads\/\/nba-basketball-mystery-box-trading-cards-300x300.jpg 300w, https:\/\/memorabilia-germany.de\/wp-content\/uploads\/\/nba-basketball-mystery-box-trading-cards-250x250.jpg 250w, https:\/\/memorabilia-germany.de\/wp-content\/uploads\/\/nba-basketball-mystery-box-trading-cards-100x100.jpg 100w, https:\/\/memorabilia-germany.de\/wp-content\/uploads\/\/nba-basketball-mystery-box-trading-cards.jpg 400w\" sizes=\"(max-width: 300px) 100vw, 300px\" \/><\/a><\/div><div class=\"woo-entry-inner clr\"><a href=\"https:\/\/memorabilia-germany.de\/fr\/produkt-kategorie\/trading-card-mystery-box-fr\/nba-mystery-box-trading-cards-fr\/\"><\/a><\/div><\/div><\/a><\/li>\n<li class=\"product-category product last col span_1_of_2\">\n\t<a aria-label=\"Acc\u00e9der \u00e0 la cat\u00e9gorie de produits NFL MYSTERY BOX TRADING CARDS\" href=\"https:\/\/memorabilia-germany.de\/fr\/produkt-kategorie\/trading-card-mystery-box-fr\/nfl-mystery-box-trading-cards-fr\/\"><div class=\"product-inner clr\"><div class=\"woo-entry-image clr\"><a href=\"https:\/\/memorabilia-germany.de\/fr\/produkt-kategorie\/trading-card-mystery-box-fr\/nfl-mystery-box-trading-cards-fr\/\"><img decoding=\"async\" src=\"https:\/\/memorabilia-germany.de\/wp-content\/uploads\/nfl-football-mystery-box-trading-cards-300x300.jpg\" alt=\"NFL MYSTERY BOX TRADING CARDS\" width=\"300\" height=\"\" srcset=\"https:\/\/memorabilia-germany.de\/wp-content\/uploads\/\/nfl-football-mystery-box-trading-cards-300x300.jpg 300w, https:\/\/memorabilia-germany.de\/wp-content\/uploads\/\/nfl-football-mystery-box-trading-cards-250x250.jpg 250w, https:\/\/memorabilia-germany.de\/wp-content\/uploads\/\/nfl-football-mystery-box-trading-cards-100x100.jpg 100w, https:\/\/memorabilia-germany.de\/wp-content\/uploads\/\/nfl-football-mystery-box-trading-cards.jpg 400w\" sizes=\"(max-width: 300px) 100vw, 300px\" \/><\/a><\/div><div class=\"woo-entry-inner clr\"><a href=\"https:\/\/memorabilia-germany.de\/fr\/produkt-kategorie\/trading-card-mystery-box-fr\/nfl-mystery-box-trading-cards-fr\/\"><\/a><\/div><\/div><\/a><\/li>\n<li class=\"product-category product first col span_1_of_2\">\n\t<a aria-label=\"Acc\u00e9der \u00e0 la cat\u00e9gorie de produits NHL MYSTERY BOX TRADING CARDS\" href=\"https:\/\/memorabilia-germany.de\/fr\/produkt-kategorie\/trading-card-mystery-box-fr\/nhl-mystery-box-trading-cards-fr\/\"><div class=\"product-inner clr\"><div class=\"woo-entry-image clr\"><a href=\"https:\/\/memorabilia-germany.de\/fr\/produkt-kategorie\/trading-card-mystery-box-fr\/nhl-mystery-box-trading-cards-fr\/\"><img decoding=\"async\" src=\"https:\/\/memorabilia-germany.de\/wp-content\/uploads\/nhl-hockey-mystery-box-trading-cards-300x300.jpg\" alt=\"NHL MYSTERY BOX TRADING CARDS\" width=\"300\" height=\"\" srcset=\"https:\/\/memorabilia-germany.de\/wp-content\/uploads\/\/nhl-hockey-mystery-box-trading-cards-300x300.jpg 300w, https:\/\/memorabilia-germany.de\/wp-content\/uploads\/\/nhl-hockey-mystery-box-trading-cards-250x250.jpg 250w, https:\/\/memorabilia-germany.de\/wp-content\/uploads\/\/nhl-hockey-mystery-box-trading-cards-100x100.jpg 100w, https:\/\/memorabilia-germany.de\/wp-content\/uploads\/\/nhl-hockey-mystery-box-trading-cards.jpg 400w\" sizes=\"(max-width: 300px) 100vw, 300px\" \/><\/a><\/div><div class=\"woo-entry-inner clr\"><a href=\"https:\/\/memorabilia-germany.de\/fr\/produkt-kategorie\/trading-card-mystery-box-fr\/nhl-mystery-box-trading-cards-fr\/\"><\/a><\/div><\/div><\/a><\/li>\n<li class=\"product-category product last col span_1_of_2\">\n\t<a aria-label=\"Acc\u00e9der \u00e0 la cat\u00e9gorie de produits UEFA SOCCER MYSTERY BOX TRADING CARDS\" href=\"https:\/\/memorabilia-germany.de\/fr\/produkt-kategorie\/trading-card-mystery-box-fr\/uefa-soccer-mystery-box-trading-cards-fr\/\"><div class=\"product-inner clr\"><div class=\"woo-entry-image clr\"><a href=\"https:\/\/memorabilia-germany.de\/fr\/produkt-kategorie\/trading-card-mystery-box-fr\/uefa-soccer-mystery-box-trading-cards-fr\/\"><img decoding=\"async\" src=\"https:\/\/memorabilia-germany.de\/wp-content\/uploads\/uefa-soccer-mystery-box-trading-cards-300x300.jpg\" alt=\"UEFA SOCCER MYSTERY BOX TRADING CARDS\" width=\"300\" height=\"\" srcset=\"https:\/\/memorabilia-germany.de\/wp-content\/uploads\/\/uefa-soccer-mystery-box-trading-cards-300x300.jpg 300w, https:\/\/memorabilia-germany.de\/wp-content\/uploads\/\/uefa-soccer-mystery-box-trading-cards-250x250.jpg 250w, https:\/\/memorabilia-germany.de\/wp-content\/uploads\/\/uefa-soccer-mystery-box-trading-cards-100x100.jpg 100w, https:\/\/memorabilia-germany.de\/wp-content\/uploads\/\/uefa-soccer-mystery-box-trading-cards.jpg 400w\" sizes=\"(max-width: 300px) 100vw, 300px\" \/><\/a><\/div><div class=\"woo-entry-inner clr\"><a href=\"https:\/\/memorabilia-germany.de\/fr\/produkt-kategorie\/trading-card-mystery-box-fr\/uefa-soccer-mystery-box-trading-cards-fr\/\"><\/a><\/div><\/div><\/a><\/li>\n<\/ul>\n<\/div>\t\t\t\t<\/div>\n\t\t\t\t<\/div>\n\t\t\t\t\t<\/div>\n\t\t<\/div>\n\t\t\t\t\t<\/div>\n\t\t<\/section>\n\t\t\t\t<section class=\"elementor-section elementor-top-section elementor-element elementor-element-6acffbb elementor-section-boxed elementor-section-height-default elementor-section-height-default\" data-id=\"6acffbb\" data-element_type=\"section\" data-e-type=\"section\">\n\t\t\t\t\t\t<div class=\"elementor-container elementor-column-gap-no\">\n\t\t\t\t\t<div class=\"elementor-column elementor-col-100 elementor-top-column elementor-element elementor-element-720c415\" data-id=\"720c415\" data-element_type=\"column\" data-e-type=\"column\">\n\t\t\t<div class=\"elementor-widget-wrap elementor-element-populated\">\n\t\t\t\t\t\t<div class=\"elementor-element elementor-element-13984a1 elementor-widget elementor-widget-heading\" data-id=\"13984a1\" data-element_type=\"widget\" data-e-type=\"widget\" data-widget_type=\"heading.default\">\n\t\t\t\t<div class=\"elementor-widget-container\">\n\t\t\t\t\t<h2 class=\"elementor-heading-title elementor-size-default\">Trading Cards Mystery Box : GAMING TRADING CARDS\n<\/h2>\t\t\t\t<\/div>\n\t\t\t\t<\/div>\n\t\t\t\t\t<\/div>\n\t\t<\/div>\n\t\t\t\t\t<\/div>\n\t\t<\/section>\n\t\t\t\t<section class=\"elementor-section elementor-top-section elementor-element elementor-element-7def7c7 elementor-section-boxed elementor-section-height-default elementor-section-height-default\" data-id=\"7def7c7\" data-element_type=\"section\" data-e-type=\"section\">\n\t\t\t\t\t\t<div class=\"elementor-container elementor-column-gap-no\">\n\t\t\t\t\t<div class=\"elementor-column elementor-col-100 elementor-top-column elementor-element elementor-element-865a3cc\" data-id=\"865a3cc\" data-element_type=\"column\" data-e-type=\"column\">\n\t\t\t<div class=\"elementor-widget-wrap elementor-element-populated\">\n\t\t\t\t\t\t<div class=\"elementor-element elementor-element-c022d07 elementor-grid-2 elementor-product-loop-item--align-center elementor-grid-mobile-1 elementor-grid-tablet-2 elementor-products-grid elementor-wc-products elementor-widget elementor-widget-wc-categories\" data-id=\"c022d07\" data-element_type=\"widget\" data-e-type=\"widget\" data-widget_type=\"wc-categories.default\">\n\t\t\t\t<div class=\"elementor-widget-container\">\n\t\t\t\t\t<div class=\"woocommerce columns-2\">\r\n<ul class=\"products elementor-grid oceanwp-row clr grid tablet-col tablet-2-col mobile-col mobile-1-col\">\r\n<li class=\"product-category product first col span_1_of_2\">\n\t<a aria-label=\"Acc\u00e9der \u00e0 la cat\u00e9gorie de produits Pok\u00e9mon MYSTERY BOX TRADING CARDS\" href=\"https:\/\/memorabilia-germany.de\/fr\/produkt-kategorie\/trading-card-mystery-box-fr\/pokemon-mystery-box-trading-cards-fr\/\"><div class=\"product-inner clr\"><div class=\"woo-entry-image clr\"><a href=\"https:\/\/memorabilia-germany.de\/fr\/produkt-kategorie\/trading-card-mystery-box-fr\/pokemon-mystery-box-trading-cards-fr\/\"><img decoding=\"async\" src=\"https:\/\/memorabilia-germany.de\/wp-content\/uploads\/pokemon-mystery-box-trading-cards-300x300.jpg\" alt=\"Pok\u00e9mon MYSTERY BOX TRADING CARDS\" width=\"300\" height=\"\" srcset=\"https:\/\/memorabilia-germany.de\/wp-content\/uploads\/\/pokemon-mystery-box-trading-cards-300x300.jpg 300w, https:\/\/memorabilia-germany.de\/wp-content\/uploads\/\/pokemon-mystery-box-trading-cards-250x250.jpg 250w, https:\/\/memorabilia-germany.de\/wp-content\/uploads\/\/pokemon-mystery-box-trading-cards-100x100.jpg 100w, https:\/\/memorabilia-germany.de\/wp-content\/uploads\/\/pokemon-mystery-box-trading-cards.jpg 400w\" sizes=\"(max-width: 300px) 100vw, 300px\" \/><\/a><\/div><div class=\"woo-entry-inner clr\"><a href=\"https:\/\/memorabilia-germany.de\/fr\/produkt-kategorie\/trading-card-mystery-box-fr\/pokemon-mystery-box-trading-cards-fr\/\"><\/a><\/div><\/div><\/a><\/li>\n<li class=\"product-category product last col span_1_of_2\">\n\t<a aria-label=\"Acc\u00e9der \u00e0 la cat\u00e9gorie de produits One Piece MYSTERY BOX TRADING CARDS\" href=\"https:\/\/memorabilia-germany.de\/fr\/produkt-kategorie\/trading-card-mystery-box-fr\/one-piece-mystery-box-trading-cards-fr\/\"><div class=\"product-inner clr\"><div class=\"woo-entry-image clr\"><a href=\"https:\/\/memorabilia-germany.de\/fr\/produkt-kategorie\/trading-card-mystery-box-fr\/one-piece-mystery-box-trading-cards-fr\/\"><img decoding=\"async\" src=\"https:\/\/memorabilia-germany.de\/wp-content\/uploads\/one-piece-card-game-mystery-box-trading-cards-300x300.jpg\" alt=\"One Piece MYSTERY BOX TRADING CARDS\" width=\"300\" height=\"\" srcset=\"https:\/\/memorabilia-germany.de\/wp-content\/uploads\/\/one-piece-card-game-mystery-box-trading-cards-300x300.jpg 300w, https:\/\/memorabilia-germany.de\/wp-content\/uploads\/\/one-piece-card-game-mystery-box-trading-cards-100x100.jpg 100w, https:\/\/memorabilia-germany.de\/wp-content\/uploads\/\/one-piece-card-game-mystery-box-trading-cards-250x250.jpg 250w, https:\/\/memorabilia-germany.de\/wp-content\/uploads\/\/one-piece-card-game-mystery-box-trading-cards.jpg 400w\" sizes=\"(max-width: 300px) 100vw, 300px\" \/><\/a><\/div><div class=\"woo-entry-inner clr\"><a href=\"https:\/\/memorabilia-germany.de\/fr\/produkt-kategorie\/trading-card-mystery-box-fr\/one-piece-mystery-box-trading-cards-fr\/\"><\/a><\/div><\/div><\/a><\/li>\n<\/ul>\n<\/div>\t\t\t\t<\/div>\n\t\t\t\t<\/div>\n\t\t\t\t\t<\/div>\n\t\t<\/div>\n\t\t\t\t\t<\/div>\n\t\t<\/section>\n\t\t\t\t<section class=\"elementor-section elementor-top-section elementor-element elementor-element-4210fa6 elementor-section-boxed elementor-section-height-default elementor-section-height-default\" data-id=\"4210fa6\" data-element_type=\"section\" data-e-type=\"section\">\n\t\t\t\t\t\t<div class=\"elementor-container elementor-column-gap-no\">\n\t\t\t\t\t<div class=\"elementor-column elementor-col-100 elementor-top-column elementor-element elementor-element-d4c8a7a\" data-id=\"d4c8a7a\" data-element_type=\"column\" data-e-type=\"column\">\n\t\t\t<div class=\"elementor-widget-wrap elementor-element-populated\">\n\t\t\t\t\t\t<div class=\"elementor-element elementor-element-ce8bb2b elementor-widget elementor-widget-text-editor\" data-id=\"ce8bb2b\" data-element_type=\"widget\" data-e-type=\"widget\" data-widget_type=\"text-editor.default\">\n\t\t\t\t<div class=\"elementor-widget-container\">\n\t\t\t\t\t\t\t\t\tTu trouveras plus d&rsquo;informations sur le th\u00e8me des Trading Cards Mystery Box dans nos <strong>\n  <a href=\"https:\/\/memorabilia-germany.de\/fr\/sports-memorabilia-faq\/#memorabilia-mystery-box\">\n    <u>FAQ<\/u>\n  <\/a>\n<\/strong>.<\/br>\nTu trouveras davantage de Trading Cards <strong>\n  <a href=\"https:\/\/memorabilia-germany.de\/fr\/trading-cards\/\">\n    <u>ici<\/u>\n  <\/a>\n<\/strong>.<\/br>\n\nTrading Card Mystery Box :<\/br>toutes les Trading Cards Mystery Box sont compos\u00e9es avec l&rsquo;amour du hobby.<\/br>  Nous avons d\u00e9velopp\u00e9 un concept pour toutes les s\u00e9ries Mystery Box et Pocket Pack,<\/br>  qui vous offre la possibilit\u00e9<\/br>de s&rsquo;approprier une grande valeur de cartes avec vraiment chaque bo\u00eete individuelle.<\/br>De nombreux packs des s\u00e9ries limit\u00e9es proviennent d&rsquo;\u00e9ditions \u00e9puis\u00e9es dans le monde entier depuis des d\u00e9cennies.<\/br>D&rsquo;autres packs proviennent de bo\u00eetes Hobby flambant neuves d&rsquo;aujourd&rsquo;hui.<\/br>C&rsquo;est ainsi que naissent les Mystery Box,<\/br>qui offrent une valeur incomparable !<\/br>Cartes autographes des h\u00e9ros du pass\u00e9,<\/br>Memorabilia Cards haut de gamme de la saison actuelle,<\/br>des cartes de recrues originales du Hall of Famern actuel.  <\/br>Tout combin\u00e9 dans une bo\u00eete ou un pack !<\/br>\n\nLa plupart des s\u00e9ries de Trading Cards Mystery Box ou Pocket Pack que vous trouverez chez Memorabilia Germany sont en \u00e9dition limit\u00e9e.<\/br>Cela signifie que chaque Mystery Box dispose d&rsquo;un num\u00e9ro de s\u00e9rie unique.<\/br>et qu&rsquo;il n&rsquo;y a qu&rsquo;un nombre tr\u00e8s limit\u00e9 de bo\u00eetes dans une s\u00e9rie.<\/br>La description de l&rsquo;article vous indique toujours de mani\u00e8re tr\u00e8s d\u00e9taill\u00e9e ce que l&rsquo;on trouve exactement dans telle ou telle s\u00e9rie.<\/br>De plus, chaque s\u00e9rie de Trading Cards Mystery Box est accompagn\u00e9e d&rsquo;images,<\/br>qui vous montrent exactement ce que vous pouvez trouver dans les bo\u00eetes sur lesquelles vous avez jet\u00e9 votre d\u00e9volu.<\/br>En outre, nous vous donnons g\u00e9n\u00e9ralement une liste de toutes les chances de succ\u00e8s,  <\/br>donc la possibilit\u00e9 des plus grands hits qui peuvent se cacher dans une bo\u00eete.  \n\t\t\t\t\t\t\t\t<\/div>\n\t\t\t\t<\/div>\n\t\t\t\t\t<\/div>\n\t\t<\/div>\n\t\t\t\t\t<\/div>\n\t\t<\/section>\n\t\t\t\t<section class=\"elementor-section elementor-top-section elementor-element elementor-element-424d184 elementor-section-height-min-height elementor-section-items-bottom elementor-section-boxed elementor-section-height-default\" data-id=\"424d184\" data-element_type=\"section\" data-e-type=\"section\">\n\t\t\t\t\t\t<div class=\"elementor-container elementor-column-gap-default\">\n\t\t\t\t\t<div class=\"elementor-column elementor-col-100 elementor-top-column elementor-element elementor-element-2d8c911\" data-id=\"2d8c911\" data-element_type=\"column\" data-e-type=\"column\">\n\t\t\t<div class=\"elementor-widget-wrap elementor-element-populated\">\n\t\t\t\t\t\t<div class=\"elementor-element elementor-element-d985bf6 elementor-widget elementor-widget-spacer\" data-id=\"d985bf6\" data-element_type=\"widget\" data-e-type=\"widget\" data-widget_type=\"spacer.default\">\n\t\t\t\t<div class=\"elementor-widget-container\">\n\t\t\t\t\t\t\t<div class=\"elementor-spacer\">\n\t\t\t<div class=\"elementor-spacer-inner\"><\/div>\n\t\t<\/div>\n\t\t\t\t\t\t<\/div>\n\t\t\t\t<\/div>\n\t\t\t\t<div class=\"elementor-element elementor-element-5165114 elementor-widget elementor-widget-text-editor\" data-id=\"5165114\" data-element_type=\"widget\" data-e-type=\"widget\" data-widget_type=\"text-editor.default\">\n\t\t\t\t<div class=\"elementor-widget-container\">\n\t\t\t\t\t\t\t\t\t<p><span style=\"color: #3c3b6e;\">*S&rsquo;applique aux livraisons en Allemagne. Les d\u00e9lais de livraison pour les autres pays et les informations sur le calcul de la date de livraison et des frais d&rsquo;exp\u00e9dition peuvent \u00eatre trouv\u00e9s <strong><a href=\"https:\/\/memorabilia-germany.de\/fr\/paiement-et-expedition\/\">ici<\/a>.<\/strong><\/span><\/p>\n\t\t\t\t\t\t\t\t<\/div>\n\t\t\t\t<\/div>\n\t\t\t\t\t<\/div>\n\t\t<\/div>\n\t\t\t\t\t<\/div>\n\t\t<\/section>\n\t\t\t\t<\/div>\n\t\t","protected":false},"excerpt":{"rendered":"<p>Trading Cards Mystery Box &amp; Pocket Pack Nos Trading Cards Mystery Boxes sont vraiment haut de gamme. Cartes autographes, Memorabilia Cards, inserts rares et parall\u00e8les num\u00e9rot\u00e9s. Chaque Mystery Box et chaque Pocket Pack contient des paquets de Trading Cards issus des s\u00e9ries les plus raffin\u00e9es des leaders du march\u00e9 comme Panini, topps ou Upper Deck. [&hellip;]<\/p>\n","protected":false},"author":1,"featured_media":0,"parent":0,"menu_order":0,"comment_status":"closed","ping_status":"closed","template":"","meta":{"_acf_changed":false,"ocean_post_layout":"","ocean_both_sidebars_style":"","ocean_both_sidebars_content_width":0,"ocean_both_sidebars_sidebars_width":0,"ocean_sidebar":"0","ocean_second_sidebar":"0","ocean_disable_margins":"enable","ocean_add_body_class":"","ocean_shortcode_before_top_bar":"","ocean_shortcode_after_top_bar":"","ocean_shortcode_before_header":"","ocean_shortcode_after_header":"","ocean_has_shortcode":"","ocean_shortcode_after_title":"","ocean_shortcode_before_footer_widgets":"","ocean_shortcode_after_footer_widgets":"","ocean_shortcode_before_footer_bottom":"","ocean_shortcode_after_footer_bottom":"","ocean_display_top_bar":"default","ocean_display_header":"default","ocean_header_style":"","ocean_center_header_left_menu":"0","ocean_custom_header_template":"0","ocean_custom_logo":0,"ocean_custom_retina_logo":0,"ocean_custom_logo_max_width":0,"ocean_custom_logo_tablet_max_width":0,"ocean_custom_logo_mobile_max_width":0,"ocean_custom_logo_max_height":0,"ocean_custom_logo_tablet_max_height":0,"ocean_custom_logo_mobile_max_height":0,"ocean_header_custom_menu":"0","ocean_menu_typo_font_family":"0","ocean_menu_typo_font_subset":"","ocean_menu_typo_font_size":0,"ocean_menu_typo_font_size_tablet":0,"ocean_menu_typo_font_size_mobile":0,"ocean_menu_typo_font_size_unit":"px","ocean_menu_typo_font_weight":"","ocean_menu_typo_font_weight_tablet":"","ocean_menu_typo_font_weight_mobile":"","ocean_menu_typo_transform":"","ocean_menu_typo_transform_tablet":"","ocean_menu_typo_transform_mobile":"","ocean_menu_typo_line_height":0,"ocean_menu_typo_line_height_tablet":0,"ocean_menu_typo_line_height_mobile":0,"ocean_menu_typo_line_height_unit":"","ocean_menu_typo_spacing":0,"ocean_menu_typo_spacing_tablet":0,"ocean_menu_typo_spacing_mobile":0,"ocean_menu_typo_spacing_unit":"","ocean_menu_link_color":"","ocean_menu_link_color_hover":"","ocean_menu_link_color_active":"","ocean_menu_link_background":"","ocean_menu_link_hover_background":"","ocean_menu_link_active_background":"","ocean_menu_social_links_bg":"","ocean_menu_social_hover_links_bg":"","ocean_menu_social_links_color":"","ocean_menu_social_hover_links_color":"","ocean_disable_title":"default","ocean_disable_heading":"default","ocean_post_title":"","ocean_post_subheading":"","ocean_post_title_style":"","ocean_post_title_background_color":"","ocean_post_title_background":0,"ocean_post_title_bg_image_position":"","ocean_post_title_bg_image_attachment":"","ocean_post_title_bg_image_repeat":"","ocean_post_title_bg_image_size":"","ocean_post_title_height":0,"ocean_post_title_bg_overlay":0.5,"ocean_post_title_bg_overlay_color":"","ocean_disable_breadcrumbs":"default","ocean_breadcrumbs_color":"","ocean_breadcrumbs_separator_color":"","ocean_breadcrumbs_links_color":"","ocean_breadcrumbs_links_hover_color":"","ocean_display_footer_widgets":"default","ocean_display_footer_bottom":"default","ocean_custom_footer_template":"0","ofc_enable_fullscreen":"disable","ofc_fullscreen_speed":0,"ofc_fullscreen_nav":"enable","ofc_fullscreen_nav_pos":"right","ofc_fullscreen_nav_color":"","ofc_fullscreen_nav_tooltip_color":"","ofc_fullscreen_responsive":0,"footnotes":""},"class_list":["post-36264","page","type-page","status-publish","hentry","entry","owp-thumbs-layout-horizontal","owp-btn-normal","owp-tabs-layout-horizontal","has-no-thumbnails"],"acf":[],"_links":{"self":[{"href":"https:\/\/memorabilia-germany.de\/fr\/wp-json\/wp\/v2\/pages\/36264","targetHints":{"allow":["GET"]}}],"collection":[{"href":"https:\/\/memorabilia-germany.de\/fr\/wp-json\/wp\/v2\/pages"}],"about":[{"href":"https:\/\/memorabilia-germany.de\/fr\/wp-json\/wp\/v2\/types\/page"}],"author":[{"embeddable":true,"href":"https:\/\/memorabilia-germany.de\/fr\/wp-json\/wp\/v2\/users\/1"}],"replies":[{"embeddable":true,"href":"https:\/\/memorabilia-germany.de\/fr\/wp-json\/wp\/v2\/comments?post=36264"}],"version-history":[{"count":0,"href":"https:\/\/memorabilia-germany.de\/fr\/wp-json\/wp\/v2\/pages\/36264\/revisions"}],"wp:attachment":[{"href":"https:\/\/memorabilia-germany.de\/fr\/wp-json\/wp\/v2\/media?parent=36264"}],"curies":[{"name":"wp","href":"https:\/\/api.w.org\/{rel}","templated":true}]}}