{"id":36258,"date":"2024-02-20T15:06:23","date_gmt":"2024-02-20T14:06:23","guid":{"rendered":"https:\/\/memorabilia-germany.de\/non-category\/"},"modified":"2026-03-02T15:11:06","modified_gmt":"2026-03-02T14:11:06","slug":"non-category","status":"publish","type":"page","link":"https:\/\/memorabilia-germany.de\/fr\/non-category\/","title":{"rendered":"NON CATEGORY"},"content":{"rendered":"\t\t<div data-elementor-type=\"wp-page\" data-elementor-id=\"36258\" class=\"elementor elementor-36258 elementor-13723\" data-elementor-post-type=\"page\">\n\t\t\t\t\t\t<section class=\"elementor-section elementor-top-section elementor-element elementor-element-2f79083 elementor-section-boxed elementor-section-height-default elementor-section-height-default\" data-id=\"2f79083\" data-element_type=\"section\" data-e-type=\"section\">\n\t\t\t\t\t\t<div class=\"elementor-container elementor-column-gap-no\">\n\t\t\t\t\t<div class=\"elementor-column elementor-col-100 elementor-top-column elementor-element elementor-element-14c49ef\" data-id=\"14c49ef\" data-element_type=\"column\" data-e-type=\"column\">\n\t\t\t<div class=\"elementor-widget-wrap elementor-element-populated\">\n\t\t\t\t\t\t<div class=\"elementor-element elementor-element-5260fad elementor-widget elementor-widget-heading\" data-id=\"5260fad\" data-element_type=\"widget\" data-e-type=\"widget\" data-widget_type=\"heading.default\">\n\t\t\t\t<div class=\"elementor-widget-container\">\n\t\t\t\t\t<h1 class=\"elementor-heading-title elementor-size-default\">NON CATEGORY<\/h1>\t\t\t\t<\/div>\n\t\t\t\t<\/div>\n\t\t\t\t\t<\/div>\n\t\t<\/div>\n\t\t\t\t\t<\/div>\n\t\t<\/section>\n\t\t\t\t<section class=\"elementor-section elementor-top-section elementor-element elementor-element-9896b45 elementor-section-boxed elementor-section-height-default elementor-section-height-default\" data-id=\"9896b45\" data-element_type=\"section\" data-e-type=\"section\">\n\t\t\t\t\t\t<div class=\"elementor-container elementor-column-gap-no\">\n\t\t\t\t\t<div class=\"elementor-column elementor-col-100 elementor-top-column elementor-element elementor-element-48c0c8b\" data-id=\"48c0c8b\" data-element_type=\"column\" data-e-type=\"column\">\n\t\t\t<div class=\"elementor-widget-wrap\">\n\t\t\t\t\t\t\t<\/div>\n\t\t<\/div>\n\t\t\t\t\t<\/div>\n\t\t<\/section>\n\t\t\t\t<section class=\"elementor-section elementor-top-section elementor-element elementor-element-d37a49d elementor-section-height-min-height elementor-section-items-bottom elementor-section-full_width elementor-section-height-default\" data-id=\"d37a49d\" data-element_type=\"section\" data-e-type=\"section\">\n\t\t\t\t\t\t<div class=\"elementor-container elementor-column-gap-default\">\n\t\t\t\t\t<div class=\"elementor-column elementor-col-100 elementor-top-column elementor-element elementor-element-7d6408c\" data-id=\"7d6408c\" data-element_type=\"column\" data-e-type=\"column\">\n\t\t\t<div class=\"elementor-widget-wrap elementor-element-populated\">\n\t\t\t\t\t\t<div class=\"elementor-element elementor-element-50bbbdf elementor-widget elementor-widget-spacer\" data-id=\"50bbbdf\" data-element_type=\"widget\" data-e-type=\"widget\" data-widget_type=\"spacer.default\">\n\t\t\t\t<div class=\"elementor-widget-container\">\n\t\t\t\t\t\t\t<div class=\"elementor-spacer\">\n\t\t\t<div class=\"elementor-spacer-inner\"><\/div>\n\t\t<\/div>\n\t\t\t\t\t\t<\/div>\n\t\t\t\t<\/div>\n\t\t\t\t<div class=\"elementor-element elementor-element-8e592ab elementor-grid-3 elementor-grid-tablet-2 elementor-grid-mobile-1 elementor-products-grid elementor-wc-products elementor-widget elementor-widget-woocommerce-products\" data-id=\"8e592ab\" data-element_type=\"widget\" data-e-type=\"widget\" data-widget_type=\"woocommerce-products.default\">\n\t\t\t\t<div class=\"elementor-widget-container\">\n\t\t\t\t\t<div class=\"woocommerce columns-3 \">\r\n<ul class=\"products elementor-grid oceanwp-row clr grid tablet-col tablet-2-col mobile-col mobile-1-col\">\r\n<li class=\"entry has-media col span_1_of_3 owp-content-center owp-thumbs-layout-horizontal owp-btn-normal owp-tabs-layout-horizontal product type-product post-39625 status-publish first instock product_cat-max-kepler-a-signe-une-photo-de-la-mlb-dans-le-cadre-dexposition has-post-thumbnail taxable shipping-taxable purchasable product-type-simple\">\n\t<div class=\"product-inner clr\">\n\t<div class=\"woo-entry-image clr\">\n\t\t<a href=\"https:\/\/memorabilia-germany.de\/fr\/produit\/max-kepler-signe-une-photo-mlb-dans-le-cadre-du-spectacle\/\" class=\"woocommerce-LoopProduct-link\"><img fetchpriority=\"high\" decoding=\"async\" width=\"300\" height=\"247\" src=\"https:\/\/memorabilia-germany.de\/wp-content\/uploads\/01_kepler_showframe-300x247.jpg\" class=\"woo-entry-image-main\" alt=\"Max Kepler signe une photo MLB dans le cadre du spectacle\" itemprop=\"image\" srcset=\"https:\/\/memorabilia-germany.de\/wp-content\/uploads\/01_kepler_showframe-300x247.jpg 300w, https:\/\/memorabilia-germany.de\/wp-content\/uploads\/01_kepler_showframe.jpg 400w\" sizes=\"(max-width: 300px) 100vw, 300px\" \/><\/a>\t<\/div><!-- .woo-entry-image -->\n\n\t\n\n\n\n\n\n\n<ul class=\"woo-entry-inner clr\"><li class=\"image-wrap\">\n\t<div class=\"woo-entry-image clr\">\n\t\t<a href=\"https:\/\/memorabilia-germany.de\/fr\/produit\/max-kepler-signe-une-photo-mlb-dans-le-cadre-du-spectacle\/\" class=\"woocommerce-LoopProduct-link\"><img fetchpriority=\"high\" decoding=\"async\" width=\"300\" height=\"247\" src=\"https:\/\/memorabilia-germany.de\/wp-content\/uploads\/01_kepler_showframe-300x247.jpg\" class=\"woo-entry-image-main\" alt=\"Max Kepler signe une photo MLB dans le cadre du spectacle\" itemprop=\"image\" srcset=\"https:\/\/memorabilia-germany.de\/wp-content\/uploads\/01_kepler_showframe-300x247.jpg 300w, https:\/\/memorabilia-germany.de\/wp-content\/uploads\/01_kepler_showframe.jpg 400w\" sizes=\"(max-width: 300px) 100vw, 300px\" \/><\/a>\t<\/div><!-- .woo-entry-image -->\n\n\t<\/li><li class=\"title\"><h2><a href=\"https:\/\/memorabilia-germany.de\/fr\/produit\/max-kepler-signe-une-photo-mlb-dans-le-cadre-du-spectacle\/\">Max Kepler signe une photo MLB dans le cadre du spectacle<\/a><\/h2><\/li><li class=\"price-wrap\">\n\t<span class=\"price\"><span class=\"woocommerce-Price-amount amount\"><bdi>84,03&nbsp;<span class=\"woocommerce-Price-currencySymbol\">&euro;<\/span><\/bdi><\/span> <small class=\"woocommerce-price-suffix\">TVA incl. \/ frais de port compris \u00e0 partir de 60 \u20ac<\/small><\/span>\n<\/li><\/ul><\/div><!-- .product-inner .clr --><\/li>\n<li class=\"entry has-media col span_1_of_3 owp-content-center owp-thumbs-layout-horizontal owp-btn-normal owp-tabs-layout-horizontal product type-product post-40231 status-publish outofstock product_cat-nick-bosa-san-francisco-49ersphotographie-signee product_cat-unkategorisiert-en has-post-thumbnail taxable shipping-taxable purchasable product-type-simple\">\n\t<div class=\"product-inner clr\">\n\t<div class=\"woo-entry-image clr\">\n\t\t<a href=\"https:\/\/memorabilia-germany.de\/fr\/produit\/nick-bosa-san-francisco-49ers-photographie-dedicacee\/\" class=\"woocommerce-LoopProduct-link\"><img decoding=\"async\" width=\"300\" height=\"225\" src=\"https:\/\/memorabilia-germany.de\/wp-content\/uploads\/signierte-fotografie-nick-bosa-300x225.jpg\" class=\"woo-entry-image-main\" alt=\"NICK BOSA (San Francisco 49ers) photographie d\u00e9dicac\u00e9e\" itemprop=\"image\" srcset=\"https:\/\/memorabilia-germany.de\/wp-content\/uploads\/signierte-fotografie-nick-bosa-300x225.jpg 300w, https:\/\/memorabilia-germany.de\/wp-content\/uploads\/signierte-fotografie-nick-bosa.jpg 400w\" sizes=\"(max-width: 300px) 100vw, 300px\" \/><\/a>\t<\/div><!-- .woo-entry-image -->\n\n\t\n\n\n\n\n\n\n<ul class=\"woo-entry-inner clr\"><li class=\"image-wrap\">\t\t\t\t<div class=\"outofstock-badge\">\n\t\t\t\t\t\u00c9puis\u00e9\t\t\t\t<\/div><!-- .product-entry-out-of-stock-badge -->\n\t\t\t\t\n\t<div class=\"woo-entry-image clr\">\n\t\t<a href=\"https:\/\/memorabilia-germany.de\/fr\/produit\/nick-bosa-san-francisco-49ers-photographie-dedicacee\/\" class=\"woocommerce-LoopProduct-link\"><img decoding=\"async\" width=\"300\" height=\"225\" src=\"https:\/\/memorabilia-germany.de\/wp-content\/uploads\/signierte-fotografie-nick-bosa-300x225.jpg\" class=\"woo-entry-image-main\" alt=\"NICK BOSA (San Francisco 49ers) photographie d\u00e9dicac\u00e9e\" itemprop=\"image\" srcset=\"https:\/\/memorabilia-germany.de\/wp-content\/uploads\/signierte-fotografie-nick-bosa-300x225.jpg 300w, https:\/\/memorabilia-germany.de\/wp-content\/uploads\/signierte-fotografie-nick-bosa.jpg 400w\" sizes=\"(max-width: 300px) 100vw, 300px\" \/><\/a>\t<\/div><!-- .woo-entry-image -->\n\n\t<\/li><li class=\"title\"><h2><a href=\"https:\/\/memorabilia-germany.de\/fr\/produit\/nick-bosa-san-francisco-49ers-photographie-dedicacee\/\">NICK BOSA (San Francisco 49ers) photographie d\u00e9dicac\u00e9e<\/a><\/h2><\/li><li class=\"price-wrap\">\n\t<span class=\"price\"><span class=\"woocommerce-Price-amount amount\"><bdi>75,62&nbsp;<span class=\"woocommerce-Price-currencySymbol\">&euro;<\/span><\/bdi><\/span> <small class=\"woocommerce-price-suffix\">TVA incl. \/ frais de port compris \u00e0 partir de 60 \u20ac<\/small><\/span>\n<\/li><\/ul><\/div><!-- .product-inner .clr --><\/li>\n<li class=\"entry has-media col span_1_of_3 owp-content-center owp-thumbs-layout-horizontal owp-btn-normal owp-tabs-layout-horizontal product type-product post-39633 status-publish last outofstock product_cat-abraham-lincoln-mot-manuscrit-decoupe-dans-du-verre-acrylique has-post-thumbnail taxable shipping-taxable purchasable product-type-simple\">\n\t<div class=\"product-inner clr\">\n\t<div class=\"woo-entry-image clr\">\n\t\t<a href=\"https:\/\/memorabilia-germany.de\/fr\/produit\/abraham-lincoln-word-cut-manuscrit-en-verre-acrylique\/\" class=\"woocommerce-LoopProduct-link\"><img decoding=\"async\" width=\"300\" height=\"400\" src=\"https:\/\/memorabilia-germany.de\/wp-content\/uploads\/abraham-lincoln-300x400.jpg\" class=\"woo-entry-image-main\" alt=\"ABRAHAM LINCOLN Word-Cut manuscrit en verre acrylique\" itemprop=\"image\" srcset=\"https:\/\/memorabilia-germany.de\/wp-content\/uploads\/abraham-lincoln-300x400.jpg 300w, https:\/\/memorabilia-germany.de\/wp-content\/uploads\/abraham-lincoln.jpg 400w\" sizes=\"(max-width: 300px) 100vw, 300px\" \/><\/a>\t<\/div><!-- .woo-entry-image -->\n\n\t\n\n\n\n\n\n\n<ul class=\"woo-entry-inner clr\"><li class=\"image-wrap\">\t\t\t\t<div class=\"outofstock-badge\">\n\t\t\t\t\t\u00c9puis\u00e9\t\t\t\t<\/div><!-- .product-entry-out-of-stock-badge -->\n\t\t\t\t\n\t<div class=\"woo-entry-image clr\">\n\t\t<a href=\"https:\/\/memorabilia-germany.de\/fr\/produit\/abraham-lincoln-word-cut-manuscrit-en-verre-acrylique\/\" class=\"woocommerce-LoopProduct-link\"><img decoding=\"async\" width=\"300\" height=\"400\" src=\"https:\/\/memorabilia-germany.de\/wp-content\/uploads\/abraham-lincoln-300x400.jpg\" class=\"woo-entry-image-main\" alt=\"ABRAHAM LINCOLN Word-Cut manuscrit en verre acrylique\" itemprop=\"image\" srcset=\"https:\/\/memorabilia-germany.de\/wp-content\/uploads\/abraham-lincoln-300x400.jpg 300w, https:\/\/memorabilia-germany.de\/wp-content\/uploads\/abraham-lincoln.jpg 400w\" sizes=\"(max-width: 300px) 100vw, 300px\" \/><\/a>\t<\/div><!-- .woo-entry-image -->\n\n\t<\/li><li class=\"title\"><h2><a href=\"https:\/\/memorabilia-germany.de\/fr\/produit\/abraham-lincoln-word-cut-manuscrit-en-verre-acrylique\/\">ABRAHAM LINCOLN Word-Cut manuscrit en verre acrylique<\/a><\/h2><\/li><li class=\"price-wrap\">\n\t<span class=\"price\"><span class=\"woocommerce-Price-amount amount\"><bdi>243,69&nbsp;<span class=\"woocommerce-Price-currencySymbol\">&euro;<\/span><\/bdi><\/span> <small class=\"woocommerce-price-suffix\">TVA incl. \/ frais de port compris \u00e0 partir de 60 \u20ac<\/small><\/span>\n<\/li><\/ul><\/div><!-- .product-inner .clr --><\/li>\n<li class=\"entry has-media col span_1_of_3 owp-content-center owp-thumbs-layout-horizontal owp-btn-normal owp-tabs-layout-horizontal product type-product post-39638 status-publish first outofstock product_cat-heidi-klum-livre-signe-heidi-klums-body-of-knowledge has-post-thumbnail taxable shipping-taxable purchasable product-type-simple\">\n\t<div class=\"product-inner clr\">\n\t<div class=\"woo-entry-image clr\">\n\t\t<a href=\"https:\/\/memorabilia-germany.de\/fr\/produit\/livre-signe-heidi-klum-heidi-klums-body-of-knowledge-le-corps-de-connaissance-de-heidi-klum\/\" class=\"woocommerce-LoopProduct-link\"><img loading=\"lazy\" decoding=\"async\" width=\"300\" height=\"400\" src=\"https:\/\/memorabilia-germany.de\/wp-content\/uploads\/signiertes-buch-heidi-klum-300x400.jpg\" class=\"woo-entry-image-main\" alt=\"Livre sign\u00e9 HEIDI KLUM \u00ab\u00a0Heidi Klum&rsquo;s body of knowledge\u00a0\u00bb (le corps de connaissance de Heidi Klum)\" itemprop=\"image\" srcset=\"https:\/\/memorabilia-germany.de\/wp-content\/uploads\/signiertes-buch-heidi-klum-300x400.jpg 300w, https:\/\/memorabilia-germany.de\/wp-content\/uploads\/signiertes-buch-heidi-klum.jpg 400w\" sizes=\"(max-width: 300px) 100vw, 300px\" \/><\/a>\t<\/div><!-- .woo-entry-image -->\n\n\t\n\n\n\n\n\n\n<ul class=\"woo-entry-inner clr\"><li class=\"image-wrap\">\t\t\t\t<div class=\"outofstock-badge\">\n\t\t\t\t\t\u00c9puis\u00e9\t\t\t\t<\/div><!-- .product-entry-out-of-stock-badge -->\n\t\t\t\t\n\t<div class=\"woo-entry-image clr\">\n\t\t<a href=\"https:\/\/memorabilia-germany.de\/fr\/produit\/livre-signe-heidi-klum-heidi-klums-body-of-knowledge-le-corps-de-connaissance-de-heidi-klum\/\" class=\"woocommerce-LoopProduct-link\"><img loading=\"lazy\" decoding=\"async\" width=\"300\" height=\"400\" src=\"https:\/\/memorabilia-germany.de\/wp-content\/uploads\/signiertes-buch-heidi-klum-300x400.jpg\" class=\"woo-entry-image-main\" alt=\"Livre sign\u00e9 HEIDI KLUM \u00ab\u00a0Heidi Klum&rsquo;s body of knowledge\u00a0\u00bb (le corps de connaissance de Heidi Klum)\" itemprop=\"image\" srcset=\"https:\/\/memorabilia-germany.de\/wp-content\/uploads\/signiertes-buch-heidi-klum-300x400.jpg 300w, https:\/\/memorabilia-germany.de\/wp-content\/uploads\/signiertes-buch-heidi-klum.jpg 400w\" sizes=\"(max-width: 300px) 100vw, 300px\" \/><\/a>\t<\/div><!-- .woo-entry-image -->\n\n\t<\/li><li class=\"title\"><h2><a href=\"https:\/\/memorabilia-germany.de\/fr\/produit\/livre-signe-heidi-klum-heidi-klums-body-of-knowledge-le-corps-de-connaissance-de-heidi-klum\/\">Livre sign\u00e9 HEIDI KLUM \u00ab\u00a0Heidi Klum&rsquo;s body of knowledge\u00a0\u00bb (le corps de connaissance de Heidi Klum)<\/a><\/h2><\/li><li class=\"price-wrap\">\n\t<span class=\"price\"><span class=\"woocommerce-Price-amount amount\"><bdi>67,22&nbsp;<span class=\"woocommerce-Price-currencySymbol\">&euro;<\/span><\/bdi><\/span> <small class=\"woocommerce-price-suffix\">TVA incl. \/ frais de port compris \u00e0 partir de 60 \u20ac<\/small><\/span>\n<\/li><\/ul><\/div><!-- .product-inner .clr --><\/li>\n<li class=\"entry has-media col span_1_of_3 owp-content-center owp-thumbs-layout-horizontal owp-btn-normal owp-tabs-layout-horizontal product type-product post-39646 status-publish outofstock product_cat-ken-page-movie-maske-oogie-boogie-nightmare-before-christmas-fr has-post-thumbnail taxable shipping-taxable purchasable product-type-simple\">\n\t<div class=\"product-inner clr\">\n\t<div class=\"woo-entry-image clr\">\n\t\t<a href=\"https:\/\/memorabilia-germany.de\/fr\/produit\/ken-page-movie-mask-oogie-boogie-nightmare-before-christmas\/\" class=\"woocommerce-LoopProduct-link\"><img loading=\"lazy\" decoding=\"async\" width=\"300\" height=\"400\" src=\"https:\/\/memorabilia-germany.de\/wp-content\/uploads\/ken-page-300x400.jpg\" class=\"woo-entry-image-main\" alt=\"KEN PAGE Movie Mask (\u00ab\u00a0Oogie Boogie\u00a0\u00bb) Nightmare before Christmas\" itemprop=\"image\" srcset=\"https:\/\/memorabilia-germany.de\/wp-content\/uploads\/ken-page-300x400.jpg 300w, https:\/\/memorabilia-germany.de\/wp-content\/uploads\/ken-page.jpg 400w\" sizes=\"(max-width: 300px) 100vw, 300px\" \/><\/a>\t<\/div><!-- .woo-entry-image -->\n\n\t\n\n\n\n\n\n\n<ul class=\"woo-entry-inner clr\"><li class=\"image-wrap\">\t\t\t\t<div class=\"outofstock-badge\">\n\t\t\t\t\t\u00c9puis\u00e9\t\t\t\t<\/div><!-- .product-entry-out-of-stock-badge -->\n\t\t\t\t\n\t<div class=\"woo-entry-image clr\">\n\t\t<a href=\"https:\/\/memorabilia-germany.de\/fr\/produit\/ken-page-movie-mask-oogie-boogie-nightmare-before-christmas\/\" class=\"woocommerce-LoopProduct-link\"><img loading=\"lazy\" decoding=\"async\" width=\"300\" height=\"400\" src=\"https:\/\/memorabilia-germany.de\/wp-content\/uploads\/ken-page-300x400.jpg\" class=\"woo-entry-image-main\" alt=\"KEN PAGE Movie Mask (\u00ab\u00a0Oogie Boogie\u00a0\u00bb) Nightmare before Christmas\" itemprop=\"image\" srcset=\"https:\/\/memorabilia-germany.de\/wp-content\/uploads\/ken-page-300x400.jpg 300w, https:\/\/memorabilia-germany.de\/wp-content\/uploads\/ken-page.jpg 400w\" sizes=\"(max-width: 300px) 100vw, 300px\" \/><\/a>\t<\/div><!-- .woo-entry-image -->\n\n\t<\/li><li class=\"title\"><h2><a href=\"https:\/\/memorabilia-germany.de\/fr\/produit\/ken-page-movie-mask-oogie-boogie-nightmare-before-christmas\/\">KEN PAGE Movie Mask (\u00ab\u00a0Oogie Boogie\u00a0\u00bb) Nightmare before Christmas<\/a><\/h2><\/li><li class=\"price-wrap\">\n\t<span class=\"price\"><span class=\"woocommerce-Price-amount amount\"><bdi>84,03&nbsp;<span class=\"woocommerce-Price-currencySymbol\">&euro;<\/span><\/bdi><\/span> <small class=\"woocommerce-price-suffix\">TVA incl. \/ frais de port compris \u00e0 partir de 60 \u20ac<\/small><\/span>\n<\/li><\/ul><\/div><!-- .product-inner .clr --><\/li>\n<\/ul>\n<\/div>\t\t\t\t<\/div>\n\t\t\t\t<\/div>\n\t\t\t\t<div class=\"elementor-element elementor-element-47ca0cd elementor-widget elementor-widget-text-editor\" data-id=\"47ca0cd\" data-element_type=\"widget\" data-e-type=\"widget\" data-widget_type=\"text-editor.default\">\n\t\t\t\t<div class=\"elementor-widget-container\">\n\t\t\t\t\t\t\t\t\t<p>*S&rsquo;applique aux livraisons en Allemagne. Les d\u00e9lais de livraison pour les autres pays et les informations sur le calcul de la date de livraison et des frais d&rsquo;exp\u00e9dition peuvent \u00eatre trouv\u00e9s <strong><a href=\"https:\/\/memorabilia-germany.de\/fr\/paiement-et-expedition\/\">ici<\/a>.<\/strong><\/p>\t\t\t\t\t\t\t\t<\/div>\n\t\t\t\t<\/div>\n\t\t\t\t\t<\/div>\n\t\t<\/div>\n\t\t\t\t\t<\/div>\n\t\t<\/section>\n\t\t\t\t<\/div>\n\t\t","protected":false},"excerpt":{"rendered":"<p>NON CATEGORY *S&rsquo;applique aux livraisons en Allemagne. Les d\u00e9lais de livraison pour les autres pays et les informations sur le calcul de la date de livraison et des frais d&rsquo;exp\u00e9dition peuvent \u00eatre trouv\u00e9s ici.<\/p>\n","protected":false},"author":1,"featured_media":0,"parent":0,"menu_order":0,"comment_status":"closed","ping_status":"closed","template":"elementor_header_footer","meta":{"_acf_changed":false,"ocean_post_layout":"","ocean_both_sidebars_style":"","ocean_both_sidebars_content_width":0,"ocean_both_sidebars_sidebars_width":0,"ocean_sidebar":"0","ocean_second_sidebar":"0","ocean_disable_margins":"enable","ocean_add_body_class":"","ocean_shortcode_before_top_bar":"","ocean_shortcode_after_top_bar":"","ocean_shortcode_before_header":"","ocean_shortcode_after_header":"","ocean_has_shortcode":"","ocean_shortcode_after_title":"","ocean_shortcode_before_footer_widgets":"","ocean_shortcode_after_footer_widgets":"","ocean_shortcode_before_footer_bottom":"","ocean_shortcode_after_footer_bottom":"","ocean_display_top_bar":"default","ocean_display_header":"default","ocean_header_style":"","ocean_center_header_left_menu":"0","ocean_custom_header_template":"0","ocean_custom_logo":0,"ocean_custom_retina_logo":0,"ocean_custom_logo_max_width":0,"ocean_custom_logo_tablet_max_width":0,"ocean_custom_logo_mobile_max_width":0,"ocean_custom_logo_max_height":0,"ocean_custom_logo_tablet_max_height":0,"ocean_custom_logo_mobile_max_height":0,"ocean_header_custom_menu":"0","ocean_menu_typo_font_family":"0","ocean_menu_typo_font_subset":"","ocean_menu_typo_font_size":0,"ocean_menu_typo_font_size_tablet":0,"ocean_menu_typo_font_size_mobile":0,"ocean_menu_typo_font_size_unit":"px","ocean_menu_typo_font_weight":"","ocean_menu_typo_font_weight_tablet":"","ocean_menu_typo_font_weight_mobile":"","ocean_menu_typo_transform":"","ocean_menu_typo_transform_tablet":"","ocean_menu_typo_transform_mobile":"","ocean_menu_typo_line_height":0,"ocean_menu_typo_line_height_tablet":0,"ocean_menu_typo_line_height_mobile":0,"ocean_menu_typo_line_height_unit":"","ocean_menu_typo_spacing":0,"ocean_menu_typo_spacing_tablet":0,"ocean_menu_typo_spacing_mobile":0,"ocean_menu_typo_spacing_unit":"","ocean_menu_link_color":"","ocean_menu_link_color_hover":"","ocean_menu_link_color_active":"","ocean_menu_link_background":"","ocean_menu_link_hover_background":"","ocean_menu_link_active_background":"","ocean_menu_social_links_bg":"","ocean_menu_social_hover_links_bg":"","ocean_menu_social_links_color":"","ocean_menu_social_hover_links_color":"","ocean_disable_title":"default","ocean_disable_heading":"default","ocean_post_title":"","ocean_post_subheading":"","ocean_post_title_style":"","ocean_post_title_background_color":"","ocean_post_title_background":0,"ocean_post_title_bg_image_position":"","ocean_post_title_bg_image_attachment":"","ocean_post_title_bg_image_repeat":"","ocean_post_title_bg_image_size":"","ocean_post_title_height":0,"ocean_post_title_bg_overlay":0.5,"ocean_post_title_bg_overlay_color":"","ocean_disable_breadcrumbs":"default","ocean_breadcrumbs_color":"","ocean_breadcrumbs_separator_color":"","ocean_breadcrumbs_links_color":"","ocean_breadcrumbs_links_hover_color":"","ocean_display_footer_widgets":"default","ocean_display_footer_bottom":"default","ocean_custom_footer_template":"0","ofc_enable_fullscreen":"disable","ofc_fullscreen_speed":0,"ofc_fullscreen_nav":"enable","ofc_fullscreen_nav_pos":"right","ofc_fullscreen_nav_color":"","ofc_fullscreen_nav_tooltip_color":"","ofc_fullscreen_responsive":0,"footnotes":""},"class_list":["post-36258","page","type-page","status-publish","hentry","entry","owp-thumbs-layout-horizontal","owp-btn-normal","owp-tabs-layout-horizontal","has-no-thumbnails"],"acf":[],"_links":{"self":[{"href":"https:\/\/memorabilia-germany.de\/fr\/wp-json\/wp\/v2\/pages\/36258","targetHints":{"allow":["GET"]}}],"collection":[{"href":"https:\/\/memorabilia-germany.de\/fr\/wp-json\/wp\/v2\/pages"}],"about":[{"href":"https:\/\/memorabilia-germany.de\/fr\/wp-json\/wp\/v2\/types\/page"}],"author":[{"embeddable":true,"href":"https:\/\/memorabilia-germany.de\/fr\/wp-json\/wp\/v2\/users\/1"}],"replies":[{"embeddable":true,"href":"https:\/\/memorabilia-germany.de\/fr\/wp-json\/wp\/v2\/comments?post=36258"}],"version-history":[{"count":0,"href":"https:\/\/memorabilia-germany.de\/fr\/wp-json\/wp\/v2\/pages\/36258\/revisions"}],"wp:attachment":[{"href":"https:\/\/memorabilia-germany.de\/fr\/wp-json\/wp\/v2\/media?parent=36258"}],"curies":[{"name":"wp","href":"https:\/\/api.w.org\/{rel}","templated":true}]}}