{"id":36243,"date":"2024-02-20T12:56:12","date_gmt":"2024-02-20T11:56:12","guid":{"rendered":"https:\/\/memorabilia-germany.de\/maillots-encadres-memorabilia\/"},"modified":"2024-04-03T13:20:06","modified_gmt":"2024-04-03T11:20:06","slug":"maillots-encadres-memorabilia","status":"publish","type":"page","link":"https:\/\/memorabilia-germany.de\/fr\/maillots-encadres-memorabilia\/","title":{"rendered":"MAILLOTS ENCADR\u00c9S MEMORABILIA"},"content":{"rendered":"\t\t<div data-elementor-type=\"wp-page\" data-elementor-id=\"36243\" class=\"elementor elementor-36243 elementor-23035\" data-elementor-post-type=\"page\">\n\t\t\t\t\t\t<section class=\"elementor-section elementor-top-section elementor-element elementor-element-b3a9951 elementor-section-boxed elementor-section-height-default elementor-section-height-default\" data-id=\"b3a9951\" data-element_type=\"section\" data-e-type=\"section\">\n\t\t\t\t\t\t<div class=\"elementor-container elementor-column-gap-no\">\n\t\t\t\t\t<div class=\"elementor-column elementor-col-100 elementor-top-column elementor-element elementor-element-75d11bb\" data-id=\"75d11bb\" data-element_type=\"column\" data-e-type=\"column\">\n\t\t\t<div class=\"elementor-widget-wrap elementor-element-populated\">\n\t\t\t\t\t\t<div class=\"elementor-element elementor-element-e641344 elementor-widget elementor-widget-heading\" data-id=\"e641344\" data-element_type=\"widget\" data-e-type=\"widget\" data-widget_type=\"heading.default\">\n\t\t\t\t<div class=\"elementor-widget-container\">\n\t\t\t\t\t<h1 class=\"elementor-heading-title elementor-size-default\">Maillots encadr\u00e9s | Show-Frames<\/h1>\t\t\t\t<\/div>\n\t\t\t\t<\/div>\n\t\t\t\t\t<\/div>\n\t\t<\/div>\n\t\t\t\t\t<\/div>\n\t\t<\/section>\n\t\t\t\t<section class=\"elementor-section elementor-top-section elementor-element elementor-element-2df3544 elementor-section-boxed elementor-section-height-default elementor-section-height-default\" data-id=\"2df3544\" data-element_type=\"section\" data-e-type=\"section\">\n\t\t\t\t\t\t<div class=\"elementor-container elementor-column-gap-no\">\n\t\t\t\t\t<div class=\"elementor-column elementor-col-100 elementor-top-column elementor-element elementor-element-7566430\" data-id=\"7566430\" data-element_type=\"column\" data-e-type=\"column\">\n\t\t\t<div class=\"elementor-widget-wrap elementor-element-populated\">\n\t\t\t\t\t\t<div class=\"elementor-element elementor-element-33a8c8d elementor-widget elementor-widget-text-editor\" data-id=\"33a8c8d\" data-element_type=\"widget\" data-e-type=\"widget\" data-widget_type=\"text-editor.default\">\n\t\t\t\t<div class=\"elementor-widget-container\">\n\t\t\t\t\t\t\t\t\t<p>Des cadres d\u2019exposition (Show-Frames) montrent des maillots encadr\u00e9s.<br \/>Il s&rsquo;agit de cadres-objets au format XXL, dans lesquels un maillot est pr\u00e9sent\u00e9 de la mani\u00e8re qu&rsquo;il m\u00e9rite.<\/p>\n\t\t\t\t\t\t\t\t<\/div>\n\t\t\t\t<\/div>\n\t\t\t\t\t<\/div>\n\t\t<\/div>\n\t\t\t\t\t<\/div>\n\t\t<\/section>\n\t\t\t\t<section class=\"elementor-section elementor-top-section elementor-element elementor-element-c6a300d elementor-section-boxed elementor-section-height-default elementor-section-height-default\" data-id=\"c6a300d\" data-element_type=\"section\" data-e-type=\"section\">\n\t\t\t\t\t\t<div class=\"elementor-container elementor-column-gap-no\">\n\t\t\t\t\t<div class=\"elementor-column elementor-col-100 elementor-top-column elementor-element elementor-element-686e815\" data-id=\"686e815\" data-element_type=\"column\" data-e-type=\"column\">\n\t\t\t<div class=\"elementor-widget-wrap elementor-element-populated\">\n\t\t\t\t\t\t<div class=\"elementor-element elementor-element-23b6031 elementor-grid-3 elementor-product-loop-item--align-center elementor-grid-mobile-1 elementor-grid-tablet-2 elementor-products-grid elementor-wc-products elementor-widget elementor-widget-wc-categories\" data-id=\"23b6031\" data-element_type=\"widget\" data-e-type=\"widget\" data-widget_type=\"wc-categories.default\">\n\t\t\t\t<div class=\"elementor-widget-container\">\n\t\t\t\t\t<div class=\"woocommerce columns-3\">\r\n<ul class=\"products elementor-grid oceanwp-row clr grid tablet-col tablet-2-col mobile-col mobile-1-col\">\r\n<li class=\"product-category product first col span_1_of_3\">\n\t<a aria-label=\"Acc\u00e9der \u00e0 la cat\u00e9gorie de produits MAILLOTS DE FOOTBALL ENCADRES\" href=\"https:\/\/memorabilia-germany.de\/fr\/produkt-kategorie\/memorabilia-football-fr\/maillots-de-football-encadres\/\"><div class=\"product-inner clr\"><div class=\"woo-entry-image clr\"><a href=\"https:\/\/memorabilia-germany.de\/fr\/produkt-kategorie\/memorabilia-football-fr\/maillots-de-football-encadres\/\"><img decoding=\"async\" src=\"https:\/\/memorabilia-germany.de\/wp-content\/uploads\/gerahmtes-trikot-fussball-300x300.jpg\" alt=\"MAILLOTS DE FOOTBALL ENCADRES\" width=\"300\" height=\"\" srcset=\"https:\/\/memorabilia-germany.de\/wp-content\/uploads\/gerahmtes-trikot-fussball-300x300.jpg 300w, https:\/\/memorabilia-germany.de\/wp-content\/uploads\/gerahmtes-trikot-fussball-250x250.jpg 250w, https:\/\/memorabilia-germany.de\/wp-content\/uploads\/gerahmtes-trikot-fussball-100x100.jpg 100w, https:\/\/memorabilia-germany.de\/wp-content\/uploads\/gerahmtes-trikot-fussball.jpg 400w\" sizes=\"(max-width: 300px) 100vw, 300px\" \/><\/a><\/div><div class=\"woo-entry-inner clr\"><a href=\"https:\/\/memorabilia-germany.de\/fr\/produkt-kategorie\/memorabilia-football-fr\/maillots-de-football-encadres\/\"><\/a><\/div><\/div><\/a><\/li>\n<li class=\"product-category product col span_1_of_3\">\n\t<a aria-label=\"Acc\u00e9der \u00e0 la cat\u00e9gorie de produits MAILLOTS ENCADRES FOOTBALL AMERICAIN\" href=\"https:\/\/memorabilia-germany.de\/fr\/produkt-kategorie\/football-americain-memorabilia\/maillots-encadres-football-americain-memorabilia-football-fr\/\"><div class=\"product-inner clr\"><div class=\"woo-entry-image clr\"><a href=\"https:\/\/memorabilia-germany.de\/fr\/produkt-kategorie\/football-americain-memorabilia\/maillots-encadres-football-americain-memorabilia-football-fr\/\"><img decoding=\"async\" src=\"https:\/\/memorabilia-germany.de\/wp-content\/uploads\/gerahmtes-trikot-football-300x300.jpg\" alt=\"MAILLOTS ENCADRES FOOTBALL AMERICAIN\" width=\"300\" height=\"\" srcset=\"https:\/\/memorabilia-germany.de\/wp-content\/uploads\/gerahmtes-trikot-football-300x300.jpg 300w, https:\/\/memorabilia-germany.de\/wp-content\/uploads\/gerahmtes-trikot-football-250x250.jpg 250w, https:\/\/memorabilia-germany.de\/wp-content\/uploads\/gerahmtes-trikot-football-100x100.jpg 100w, https:\/\/memorabilia-germany.de\/wp-content\/uploads\/gerahmtes-trikot-football.jpg 400w\" sizes=\"(max-width: 300px) 100vw, 300px\" \/><\/a><\/div><div class=\"woo-entry-inner clr\"><a href=\"https:\/\/memorabilia-germany.de\/fr\/produkt-kategorie\/football-americain-memorabilia\/maillots-encadres-football-americain-memorabilia-football-fr\/\"><\/a><\/div><\/div><\/a><\/li>\n<li class=\"product-category product last col span_1_of_3\">\n\t<a aria-label=\"Acc\u00e9der \u00e0 la cat\u00e9gorie de produits MAILLOTS DE BASKET-BALL ENCADRES\" href=\"https:\/\/memorabilia-germany.de\/fr\/produkt-kategorie\/basket-ball-memorabilia\/maillots-de-basket-ball-encadres\/\"><div class=\"product-inner clr\"><div class=\"woo-entry-image clr\"><a href=\"https:\/\/memorabilia-germany.de\/fr\/produkt-kategorie\/basket-ball-memorabilia\/maillots-de-basket-ball-encadres\/\"><img decoding=\"async\" src=\"https:\/\/memorabilia-germany.de\/wp-content\/uploads\/gerahmtes-trikot-basketball-300x300.jpg\" alt=\"MAILLOTS DE BASKET-BALL ENCADRES\" width=\"300\" height=\"\" srcset=\"https:\/\/memorabilia-germany.de\/wp-content\/uploads\/gerahmtes-trikot-basketball-300x300.jpg 300w, https:\/\/memorabilia-germany.de\/wp-content\/uploads\/gerahmtes-trikot-basketball-250x250.jpg 250w, https:\/\/memorabilia-germany.de\/wp-content\/uploads\/gerahmtes-trikot-basketball-100x100.jpg 100w, https:\/\/memorabilia-germany.de\/wp-content\/uploads\/gerahmtes-trikot-basketball.jpg 400w\" sizes=\"(max-width: 300px) 100vw, 300px\" \/><\/a><\/div><div class=\"woo-entry-inner clr\"><a href=\"https:\/\/memorabilia-germany.de\/fr\/produkt-kategorie\/basket-ball-memorabilia\/maillots-de-basket-ball-encadres\/\"><\/a><\/div><\/div><\/a><\/li>\n<\/ul>\n<\/div>\t\t\t\t<\/div>\n\t\t\t\t<\/div>\n\t\t\t\t\t<\/div>\n\t\t<\/div>\n\t\t\t\t\t<\/div>\n\t\t<\/section>\n\t\t\t\t<section class=\"elementor-section elementor-top-section elementor-element elementor-element-fb0014c elementor-section-boxed elementor-section-height-default elementor-section-height-default\" data-id=\"fb0014c\" data-element_type=\"section\" data-e-type=\"section\">\n\t\t\t\t\t\t<div class=\"elementor-container elementor-column-gap-no\">\n\t\t\t\t\t<div class=\"elementor-column elementor-col-100 elementor-top-column elementor-element elementor-element-35d444a\" data-id=\"35d444a\" data-element_type=\"column\" data-e-type=\"column\">\n\t\t\t<div class=\"elementor-widget-wrap elementor-element-populated\">\n\t\t\t\t\t\t<div class=\"elementor-element elementor-element-e9e80c4 elementor-widget elementor-widget-text-editor\" data-id=\"e9e80c4\" data-element_type=\"widget\" data-e-type=\"widget\" data-widget_type=\"text-editor.default\">\n\t\t\t\t<div class=\"elementor-widget-container\">\n\t\t\t\t\t\t\t\t\t<p>Tous les cadres de pr\u00e9sentation sont fabriqu\u00e9s \u00e0 la main dans la \u00ab\u00a0Memorabilia Germany Show-Frame Manufaktur\u00a0\u00bb \u00e0 Mayence.<\/p>\n<p>Les jerseys de sport import\u00e9s sont alors trait\u00e9s dans le cadre d&rsquo;un processus complexe utilisant diff\u00e9rents mat\u00e9riaux sp\u00e9ciaux de mani\u00e8re \u00e0 cr\u00e9er un aspect 3D noble dans le cadre, ce qui donne \u00e0 l&rsquo;ensemble de l&rsquo;\u0153uvre un aspect plastique et sophistiqu\u00e9.<\/p>\n<p>Les cadres sont en bois et le verre de la vitre frontale est en acrylique afin d&rsquo;offrir au maillot la meilleure protection possible contre les coupures.<\/p>\n<p>Les cadres sont dot\u00e9s de plaques nominatives en aluminium qui fournissent des informations sur le joueur dont le maillot se trouve dans le cadre du spectacle.<\/p>\n<p>Une suspension murale est pr\u00e9vue \u00e0 l&rsquo;arri\u00e8re du cadre afin de pouvoir accrocher facilement le maillot encadr\u00e9 au mur.<\/p>\n<p>Nous proposons des show-frames sur diff\u00e9rents sports, parmi lesquels, outre la NFL et la NBA, le football europ\u00e9en.<\/p>\n<p>Chaque Show-Frame est exp\u00e9di\u00e9 gratuitement en Allemagne et vous parvient le plus rapidement possible.<\/p>\n<p>Nous proposons \u00e9galement une exp\u00e9dition tr\u00e8s rapide en dehors de l\u2019Allemagne.<\/p>\n<p>Nous avons s\u00e9lectionn\u00e9 pour vous un magnifique assortiment qui comprend des maillots encadr\u00e9s des plus grandes stars de diff\u00e9rents sports.<\/p>\n<p>Bien entendu, tous les autographes sur les maillots encadr\u00e9s dans les cadres de spectacle sont sign\u00e9s par l&rsquo;un des principaux authentificateurs mondiaux comme <strong><br \/>\n  <a href=\"https:\/\/memorabilia-germany.de\/fr\/authentification-des-signatures\/#signature-authentication-beckett\">Beckett<\/a><br \/>\n<\/strong>, <strong><br \/>\n  <a href=\"https:\/\/memorabilia-germany.de\/fr\/authentification-des-signatures\/#signature-authentication-james-spence\">James Spence Authentication<\/a><br \/>\n<\/strong>, <strong><br \/>\n  <a href=\"https:\/\/memorabilia-germany.de\/fr\/authentification-des-signatures\/#signature-authentication-psa-dna\">PSA\/DNA<\/a><br \/>\n<\/strong> ou <strong><br \/>\n  <a href=\"https:\/\/memorabilia-germany.de\/fr\/authentification-des-signatures\/#signature-authentication-fanatics\">Fanatics<\/a><br \/>\n<\/strong> ont \u00e9t\u00e9 authentifi\u00e9s.<\/p>\n<p>Vous trouverez plus d&rsquo;informations sur le th\u00e8me important de l&rsquo;authentification <strong><a href=\"https:\/\/memorabilia-germany.de\/fr\/authentification-des-signatures\/\">ici<\/a><\/strong>.<\/p>\n<p>Vous pouvez trouver plus de Sports Memorabilia <a href=\"https:\/\/memorabilia-germany.de\/fr\/\"><strong>ici<\/strong><\/a>.<\/p>\n\t\t\t\t\t\t\t\t<\/div>\n\t\t\t\t<\/div>\n\t\t\t\t\t<\/div>\n\t\t<\/div>\n\t\t\t\t\t<\/div>\n\t\t<\/section>\n\t\t\t\t<\/div>\n\t\t","protected":false},"excerpt":{"rendered":"<p>Maillots encadr\u00e9s | Show-Frames Des cadres d\u2019exposition (Show-Frames) montrent des maillots encadr\u00e9s.Il s&rsquo;agit de cadres-objets au format XXL, dans lesquels un maillot est pr\u00e9sent\u00e9 de la mani\u00e8re qu&rsquo;il m\u00e9rite. Tous les cadres de pr\u00e9sentation sont fabriqu\u00e9s \u00e0 la main dans la \u00ab\u00a0Memorabilia Germany Show-Frame Manufaktur\u00a0\u00bb \u00e0 Mayence. Les jerseys de sport import\u00e9s sont alors trait\u00e9s [&hellip;]<\/p>\n","protected":false},"author":1,"featured_media":0,"parent":0,"menu_order":0,"comment_status":"closed","ping_status":"closed","template":"elementor_header_footer","meta":{"_acf_changed":false,"ocean_post_layout":"","ocean_both_sidebars_style":"","ocean_both_sidebars_content_width":0,"ocean_both_sidebars_sidebars_width":0,"ocean_sidebar":"0","ocean_second_sidebar":"0","ocean_disable_margins":"enable","ocean_add_body_class":"","ocean_shortcode_before_top_bar":"","ocean_shortcode_after_top_bar":"","ocean_shortcode_before_header":"","ocean_shortcode_after_header":"","ocean_has_shortcode":"","ocean_shortcode_after_title":"","ocean_shortcode_before_footer_widgets":"","ocean_shortcode_after_footer_widgets":"","ocean_shortcode_before_footer_bottom":"","ocean_shortcode_after_footer_bottom":"","ocean_display_top_bar":"default","ocean_display_header":"default","ocean_header_style":"","ocean_center_header_left_menu":"0","ocean_custom_header_template":"0","ocean_custom_logo":0,"ocean_custom_retina_logo":0,"ocean_custom_logo_max_width":0,"ocean_custom_logo_tablet_max_width":0,"ocean_custom_logo_mobile_max_width":0,"ocean_custom_logo_max_height":0,"ocean_custom_logo_tablet_max_height":0,"ocean_custom_logo_mobile_max_height":0,"ocean_header_custom_menu":"0","ocean_menu_typo_font_family":"0","ocean_menu_typo_font_subset":"","ocean_menu_typo_font_size":0,"ocean_menu_typo_font_size_tablet":0,"ocean_menu_typo_font_size_mobile":0,"ocean_menu_typo_font_size_unit":"px","ocean_menu_typo_font_weight":"","ocean_menu_typo_font_weight_tablet":"","ocean_menu_typo_font_weight_mobile":"","ocean_menu_typo_transform":"","ocean_menu_typo_transform_tablet":"","ocean_menu_typo_transform_mobile":"","ocean_menu_typo_line_height":0,"ocean_menu_typo_line_height_tablet":0,"ocean_menu_typo_line_height_mobile":0,"ocean_menu_typo_line_height_unit":"","ocean_menu_typo_spacing":0,"ocean_menu_typo_spacing_tablet":0,"ocean_menu_typo_spacing_mobile":0,"ocean_menu_typo_spacing_unit":"","ocean_menu_link_color":"","ocean_menu_link_color_hover":"","ocean_menu_link_color_active":"","ocean_menu_link_background":"","ocean_menu_link_hover_background":"","ocean_menu_link_active_background":"","ocean_menu_social_links_bg":"","ocean_menu_social_hover_links_bg":"","ocean_menu_social_links_color":"","ocean_menu_social_hover_links_color":"","ocean_disable_title":"default","ocean_disable_heading":"default","ocean_post_title":"","ocean_post_subheading":"","ocean_post_title_style":"","ocean_post_title_background_color":"","ocean_post_title_background":0,"ocean_post_title_bg_image_position":"","ocean_post_title_bg_image_attachment":"","ocean_post_title_bg_image_repeat":"","ocean_post_title_bg_image_size":"","ocean_post_title_height":0,"ocean_post_title_bg_overlay":0.5,"ocean_post_title_bg_overlay_color":"","ocean_disable_breadcrumbs":"default","ocean_breadcrumbs_color":"","ocean_breadcrumbs_separator_color":"","ocean_breadcrumbs_links_color":"","ocean_breadcrumbs_links_hover_color":"","ocean_display_footer_widgets":"default","ocean_display_footer_bottom":"default","ocean_custom_footer_template":"0","ofc_enable_fullscreen":"disable","ofc_fullscreen_speed":0,"ofc_fullscreen_nav":"enable","ofc_fullscreen_nav_pos":"right","ofc_fullscreen_nav_color":"","ofc_fullscreen_nav_tooltip_color":"","ofc_fullscreen_responsive":0,"footnotes":""},"class_list":["post-36243","page","type-page","status-publish","hentry","entry","owp-thumbs-layout-horizontal","owp-btn-normal","owp-tabs-layout-horizontal","has-no-thumbnails"],"acf":[],"_links":{"self":[{"href":"https:\/\/memorabilia-germany.de\/fr\/wp-json\/wp\/v2\/pages\/36243","targetHints":{"allow":["GET"]}}],"collection":[{"href":"https:\/\/memorabilia-germany.de\/fr\/wp-json\/wp\/v2\/pages"}],"about":[{"href":"https:\/\/memorabilia-germany.de\/fr\/wp-json\/wp\/v2\/types\/page"}],"author":[{"embeddable":true,"href":"https:\/\/memorabilia-germany.de\/fr\/wp-json\/wp\/v2\/users\/1"}],"replies":[{"embeddable":true,"href":"https:\/\/memorabilia-germany.de\/fr\/wp-json\/wp\/v2\/comments?post=36243"}],"version-history":[{"count":0,"href":"https:\/\/memorabilia-germany.de\/fr\/wp-json\/wp\/v2\/pages\/36243\/revisions"}],"wp:attachment":[{"href":"https:\/\/memorabilia-germany.de\/fr\/wp-json\/wp\/v2\/media?parent=36243"}],"curies":[{"name":"wp","href":"https:\/\/api.w.org\/{rel}","templated":true}]}}