{"id":36069,"date":"2024-02-11T12:59:21","date_gmt":"2024-02-11T11:59:21","guid":{"rendered":"https:\/\/memorabilia-germany.de\/boxe-memorabilia\/"},"modified":"2024-04-03T13:50:41","modified_gmt":"2024-04-03T11:50:41","slug":"boxe-memorabilia","status":"publish","type":"page","link":"https:\/\/memorabilia-germany.de\/fr\/boxe-memorabilia\/","title":{"rendered":"BOXING MEMORABILIA"},"content":{"rendered":"\t\t<div data-elementor-type=\"wp-page\" data-elementor-id=\"36069\" class=\"elementor elementor-36069 elementor-11153\" data-elementor-post-type=\"page\">\n\t\t\t\t\t\t<section class=\"elementor-section elementor-top-section elementor-element elementor-element-d1f22b0 elementor-section-boxed elementor-section-height-default elementor-section-height-default\" data-id=\"d1f22b0\" data-element_type=\"section\" data-e-type=\"section\">\n\t\t\t\t\t\t<div class=\"elementor-container elementor-column-gap-no\">\n\t\t\t\t\t<div class=\"elementor-column elementor-col-100 elementor-top-column elementor-element elementor-element-8e2a57f\" data-id=\"8e2a57f\" data-element_type=\"column\" data-e-type=\"column\">\n\t\t\t<div class=\"elementor-widget-wrap elementor-element-populated\">\n\t\t\t\t\t\t<div class=\"elementor-element elementor-element-9f7c178 elementor-widget elementor-widget-heading\" data-id=\"9f7c178\" data-element_type=\"widget\" data-e-type=\"widget\" data-widget_type=\"heading.default\">\n\t\t\t\t<div class=\"elementor-widget-container\">\n\t\t\t\t\t<h1 class=\"elementor-heading-title elementor-size-default\">Boxe Memorabilia<\/h1>\t\t\t\t<\/div>\n\t\t\t\t<\/div>\n\t\t\t\t\t<\/div>\n\t\t<\/div>\n\t\t\t\t\t<\/div>\n\t\t<\/section>\n\t\t\t\t<section class=\"elementor-section elementor-top-section elementor-element elementor-element-d4be1d4 elementor-section-boxed elementor-section-height-default elementor-section-height-default\" data-id=\"d4be1d4\" data-element_type=\"section\" data-e-type=\"section\">\n\t\t\t\t\t\t<div class=\"elementor-container elementor-column-gap-no\">\n\t\t\t\t\t<div class=\"elementor-column elementor-col-100 elementor-top-column elementor-element elementor-element-1528345\" data-id=\"1528345\" data-element_type=\"column\" data-e-type=\"column\">\n\t\t\t<div class=\"elementor-widget-wrap elementor-element-populated\">\n\t\t\t\t\t\t<div class=\"elementor-element elementor-element-8cbece9 elementor-widget elementor-widget-text-editor\" data-id=\"8cbece9\" data-element_type=\"widget\" data-e-type=\"widget\" data-widget_type=\"text-editor.default\">\n\t\t\t\t<div class=\"elementor-widget-container\">\n\t\t\t\t\t\t\t\t\t<p>Les Boxe Memorabilia sont des articles sign\u00e9s par des boxeurs c\u00e9l\u00e8bres, tels que les gants de boxe Mike Tyson d\u00e9dicac\u00e9s par \u00ab Iron \u00bb Mike lui-m\u00eame.<\/p>\n\t\t\t\t\t\t\t\t<\/div>\n\t\t\t\t<\/div>\n\t\t\t\t\t<\/div>\n\t\t<\/div>\n\t\t\t\t\t<\/div>\n\t\t<\/section>\n\t\t\t\t<section class=\"elementor-section elementor-top-section elementor-element elementor-element-2ad676b elementor-section-boxed elementor-section-height-default elementor-section-height-default\" data-id=\"2ad676b\" data-element_type=\"section\" data-e-type=\"section\">\n\t\t\t\t\t\t<div class=\"elementor-container elementor-column-gap-default\">\n\t\t\t\t\t<div class=\"elementor-column elementor-col-100 elementor-top-column elementor-element elementor-element-28b5af1\" data-id=\"28b5af1\" data-element_type=\"column\" data-e-type=\"column\">\n\t\t\t<div class=\"elementor-widget-wrap elementor-element-populated\">\n\t\t\t\t\t\t<div class=\"elementor-element elementor-element-cb52039 elementor-grid-3 elementor-product-loop-item--align-center elementor-grid-mobile-2 elementor-grid-tablet-3 elementor-products-grid elementor-wc-products elementor-widget elementor-widget-wc-categories\" data-id=\"cb52039\" data-element_type=\"widget\" data-e-type=\"widget\" data-widget_type=\"wc-categories.default\">\n\t\t\t\t<div class=\"elementor-widget-container\">\n\t\t\t\t\t<div class=\"woocommerce columns-3\">\r\n<ul class=\"products elementor-grid oceanwp-row clr grid tablet-col tablet-2-col mobile-col mobile-1-col\">\r\n<li class=\"product-category product first col span_1_of_3\">\n\t<a aria-label=\"Acc\u00e9der \u00e0 la cat\u00e9gorie de produits BOXE MYSTERY BOX\" href=\"https:\/\/memorabilia-germany.de\/fr\/produkt-kategorie\/boxe-memorabilia\/boxe-mystery-box\/\"><div class=\"product-inner clr\"><div class=\"woo-entry-image clr\"><a href=\"https:\/\/memorabilia-germany.de\/fr\/produkt-kategorie\/boxe-memorabilia\/boxe-mystery-box\/\"><img decoding=\"async\" src=\"https:\/\/memorabilia-germany.de\/wp-content\/uploads\/memorabilia-mystery-box-boxing-300x300.jpg\" alt=\"BOXE MYSTERY BOX\" width=\"300\" height=\"\" srcset=\"https:\/\/memorabilia-germany.de\/wp-content\/uploads\/memorabilia-mystery-box-boxing-300x300.jpg 300w, https:\/\/memorabilia-germany.de\/wp-content\/uploads\/memorabilia-mystery-box-boxing-100x100.jpg 100w, https:\/\/memorabilia-germany.de\/wp-content\/uploads\/memorabilia-mystery-box-boxing.jpg 400w\" sizes=\"(max-width: 300px) 100vw, 300px\" \/><\/a><\/div><div class=\"woo-entry-inner clr\"><a href=\"https:\/\/memorabilia-germany.de\/fr\/produkt-kategorie\/boxe-memorabilia\/boxe-mystery-box\/\"><\/a><\/div><\/div><\/a><\/li>\n<li class=\"product-category product col span_1_of_3\">\n\t<a aria-label=\"Acc\u00e9der \u00e0 la cat\u00e9gorie de produits GANTS DE BOXE SIGN\u00c9S\" href=\"https:\/\/memorabilia-germany.de\/fr\/produkt-kategorie\/boxe-memorabilia\/gants-de-boxe-signes\/\"><div class=\"product-inner clr\"><div class=\"woo-entry-image clr\"><a href=\"https:\/\/memorabilia-germany.de\/fr\/produkt-kategorie\/boxe-memorabilia\/gants-de-boxe-signes\/\"><img decoding=\"async\" src=\"https:\/\/memorabilia-germany.de\/wp-content\/uploads\/boxing-memorabilia-01-300x300.jpg\" alt=\"GANTS DE BOXE SIGN\u00c9S\" width=\"300\" height=\"\" srcset=\"https:\/\/memorabilia-germany.de\/wp-content\/uploads\/boxing-memorabilia-01-300x300.jpg 300w, https:\/\/memorabilia-germany.de\/wp-content\/uploads\/boxing-memorabilia-01-100x100.jpg 100w, https:\/\/memorabilia-germany.de\/wp-content\/uploads\/boxing-memorabilia-01.jpg 400w\" sizes=\"(max-width: 300px) 100vw, 300px\" \/><\/a><\/div><div class=\"woo-entry-inner clr\"><a href=\"https:\/\/memorabilia-germany.de\/fr\/produkt-kategorie\/boxe-memorabilia\/gants-de-boxe-signes\/\"><\/a><\/div><\/div><\/a><\/li>\n<li class=\"product-category product last col span_1_of_3\">\n\t<a aria-label=\"Acc\u00e9der \u00e0 la cat\u00e9gorie de produits SHOWCASE DE BOXE\" href=\"https:\/\/memorabilia-germany.de\/fr\/produkt-kategorie\/boxe-memorabilia\/showcase-de-boxe\/\"><div class=\"product-inner clr\"><div class=\"woo-entry-image clr\"><a href=\"https:\/\/memorabilia-germany.de\/fr\/produkt-kategorie\/boxe-memorabilia\/showcase-de-boxe\/\"><img decoding=\"async\" src=\"https:\/\/memorabilia-germany.de\/wp-content\/uploads\/boxing-memorabilia-300x300.jpg\" alt=\"SHOWCASE DE BOXE\" width=\"300\" height=\"\" srcset=\"https:\/\/memorabilia-germany.de\/wp-content\/uploads\/boxing-memorabilia-300x300.jpg 300w, https:\/\/memorabilia-germany.de\/wp-content\/uploads\/elementor\/thumbs\/boxing-memorabilia-prb9zwht1jnmt1hg75h3v3jwuz3bnhbyktejev597s.jpg 100w, https:\/\/memorabilia-germany.de\/wp-content\/uploads\/elementor\/thumbs\/boxing-memorabilia-r306qvm5ysx00lr6cvvr81n7tmht4fxt7ierk9r3as.jpg 50w, https:\/\/memorabilia-germany.de\/wp-content\/uploads\/elementor\/thumbs\/boxing-memorabilia-qvsgeftn730mm9tbo1ns0rzhs9b2ud52evthp9pei8.jpg 120w, https:\/\/memorabilia-germany.de\/wp-content\/uploads\/boxing-memorabilia.jpg 400w\" sizes=\"(max-width: 300px) 100vw, 300px\" \/><\/a><\/div><div class=\"woo-entry-inner clr\"><a href=\"https:\/\/memorabilia-germany.de\/fr\/produkt-kategorie\/boxe-memorabilia\/showcase-de-boxe\/\"><\/a><\/div><\/div><\/a><\/li>\n<\/ul>\n<\/div>\t\t\t\t<\/div>\n\t\t\t\t<\/div>\n\t\t\t\t\t<\/div>\n\t\t<\/div>\n\t\t\t\t\t<\/div>\n\t\t<\/section>\n\t\t\t\t<section class=\"elementor-section elementor-top-section elementor-element elementor-element-bd2b62f elementor-section-boxed elementor-section-height-default elementor-section-height-default\" data-id=\"bd2b62f\" data-element_type=\"section\" data-e-type=\"section\">\n\t\t\t\t\t\t<div class=\"elementor-container elementor-column-gap-no\">\n\t\t\t\t\t<div class=\"elementor-column elementor-col-100 elementor-top-column elementor-element elementor-element-6841978\" data-id=\"6841978\" data-element_type=\"column\" data-e-type=\"column\">\n\t\t\t<div class=\"elementor-widget-wrap elementor-element-populated\">\n\t\t\t\t\t\t<div class=\"elementor-element elementor-element-7d6c175 elementor-widget elementor-widget-text-editor\" data-id=\"7d6c175\" data-element_type=\"widget\" data-e-type=\"widget\" data-widget_type=\"text-editor.default\">\n\t\t\t\t<div class=\"elementor-widget-container\">\n\t\t\t\t\t\t\t\t\t<p style=\"text-align: left;\">Vous pouvez trouver plus d\u2019autographes de boxe <strong><a href=\"https:\/\/memorabilia-germany.de\/fr\/produkt-kategorie\/boxe-memorabilia\/showcase-de-box\">ici<\/a><\/strong>.<\/p>\nBoxe Memorabilia:\n<strong><a href=\"https:\/\/memorabilia-germany.de\/fr\/nous-memorabilia-germany\">Memorabilia Germany<\/a><\/strong> vend des articles sign\u00e9s par les fans des boxeurs les plus c\u00e9l\u00e8bres de l&rsquo;histoire des arts martiaux, tels que les gants de boxe <strong><a href=\"https:\/\/www.miketyson.com\" target=\"\u201d_blank\u201d\" rel=\"\u201dnoopener\u201d noopener\">Mike Tyson<\/a><\/strong> ou des articles d&rsquo;Evander Holyfield, George Foreman ou Anthony Joshua.\nVous pouvez trouver les autographes les plus chauds des stars de la sc\u00e8ne de boxe dans notre shop.\nTous les Boxe Memorabilia sont exp\u00e9di\u00e9s gratuitement en Allemagne et vous parviennent dans les plus brefs d\u00e9lais. Nous proposons \u00e9galement une exp\u00e9dition tr\u00e8s rapide en dehors de l\u2019Allemagne.\nNous avons s\u00e9lectionn\u00e9 pour vous une magnifique gamme comprenant des Boxe Memorabilia de diff\u00e9rents types.\nD\u00e9couvrez notre s\u00e9lection de <strong><a href=\"https:\/\/memorabilia-germany.de\/fr\/produkt-kategorie\/boxe-memorabilia\/gants-de-boxe-signes\">gants de boxe sign\u00e9s<\/a><\/strong> et nos <strong><a href=\"https:\/\/memorabilia-germany.de\/fr\/produkt-kategorie\/boxe-memorabilia\/showcase-de-box\">Boxe Showcases<\/a><\/strong>.\nTous les autographes vendus chez Memorabilia Germany ont \u00e9t\u00e9 authentifi\u00e9s par l&rsquo;un des principaux authentificateurs au monde tels que <strong><a href=\"https:\/\/memorabilia-germany.de\/fr\/authentification-des-signatures\/#signature-authentication-beckett\">Beckett<\/a><\/strong>, <strong><a href=\"https:\/\/memorabilia-germany.de\/fr\/authentification-des-signatures\/#signature-authentication-james-spence\">James Spence Authentication<\/a><\/strong> ou <strong><a href=\"https:\/\/memorabilia-germany.de\/fr\/authentification-des-signatures\/#signature-authentication-psa-dna\">PSA\/DNA<\/a><\/strong> .\nNous gardons \u00e9galement toujours un \u0153il sur les derni\u00e8res \u00e9ditions sp\u00e9ciales d&rsquo;Everlast et d&rsquo;autres fabricants de marques, afin que vous disposiez toujours des Boxe Memorabilia les plus en vogue.\n<strong><a href=\"https:\/\/memorabilia-germany.de\/fr\/nous-memorabilia-germany\">Memorabilia Germany<\/a><\/strong> est une boutique de Memorabilia de sport, de films et de s\u00e9ries bas\u00e9e en Allemagne.\nNos articles sont des articles de fans sign\u00e9s et d\u00e9dicac\u00e9s par des athl\u00e8tes c\u00e9l\u00e8bres ou des stars hollywoodiennes c\u00e9l\u00e8bres.\nNotre gamme s&rsquo;adresse principalement aux articles de fans des domaines du <a href=\"https:\/\/memorabilia-germany.de\/fr\/football-americain-memorabilia\"><strong>football NFL<\/strong><\/a>, du <a href=\"https:\/\/memorabilia-germany.de\/fr\/basket-ball-memorabilia\"><strong>basket-ball NBA<\/strong><\/a>, de la <a href=\"https:\/\/memorabilia-germany.de\/fr\/boxe-memorabilia\"><strong>boxe <\/strong><\/a> et d&rsquo;<a href=\"https:\/\/memorabilia-germany.de\/fr\/entertainment-memorabilia\"><strong>Hollywood<\/strong><\/a>.\nDe plus, nous essayons toujours de proposer quelques autres autographes curieux, comme ceux d&rsquo;hommes politiques ou d&rsquo;artistes c\u00e9l\u00e8bres.\nNous importons les \u00e9l\u00e9ments les plus marquants de l&rsquo;histoire du sport via un r\u00e9seau international.\nPeu importe ce que vous vous offrez dans notre boutique. Soyez s\u00fbr que vos objets susciteront un grand \u00e9tonnement. Votre collection ravira non seulement vous mais aussi tous vos amis. Il n&rsquo;a jamais \u00e9t\u00e9 aussi facile de mettre la main sur les Boxe Memorabilia les plus cool au monde. D\u00e9veloppez votre collection avec des items des plus grands boxeurs de tous les temps et transformez votre maison en une mancave passionnante.\t\t\t\t\t\t\t\t<\/div>\n\t\t\t\t<\/div>\n\t\t\t\t\t<\/div>\n\t\t<\/div>\n\t\t\t\t\t<\/div>\n\t\t<\/section>\n\t\t\t\t<\/div>\n\t\t","protected":false},"excerpt":{"rendered":"<p>Boxe Memorabilia Les Boxe Memorabilia sont des articles sign\u00e9s par des boxeurs c\u00e9l\u00e8bres, tels que les gants de boxe Mike Tyson d\u00e9dicac\u00e9s par \u00ab Iron \u00bb Mike lui-m\u00eame. Vous pouvez trouver plus d\u2019autographes de boxe ici. Boxe Memorabilia: Memorabilia Germany vend des articles sign\u00e9s par les fans des boxeurs les plus c\u00e9l\u00e8bres de l&rsquo;histoire des [&hellip;]<\/p>\n","protected":false},"author":1,"featured_media":0,"parent":0,"menu_order":0,"comment_status":"closed","ping_status":"closed","template":"elementor_header_footer","meta":{"_acf_changed":false,"ocean_post_layout":"","ocean_both_sidebars_style":"","ocean_both_sidebars_content_width":0,"ocean_both_sidebars_sidebars_width":0,"ocean_sidebar":"0","ocean_second_sidebar":"0","ocean_disable_margins":"enable","ocean_add_body_class":"","ocean_shortcode_before_top_bar":"","ocean_shortcode_after_top_bar":"","ocean_shortcode_before_header":"","ocean_shortcode_after_header":"","ocean_has_shortcode":"","ocean_shortcode_after_title":"","ocean_shortcode_before_footer_widgets":"","ocean_shortcode_after_footer_widgets":"","ocean_shortcode_before_footer_bottom":"","ocean_shortcode_after_footer_bottom":"","ocean_display_top_bar":"default","ocean_display_header":"default","ocean_header_style":"","ocean_center_header_left_menu":"0","ocean_custom_header_template":"0","ocean_custom_logo":0,"ocean_custom_retina_logo":0,"ocean_custom_logo_max_width":0,"ocean_custom_logo_tablet_max_width":0,"ocean_custom_logo_mobile_max_width":0,"ocean_custom_logo_max_height":0,"ocean_custom_logo_tablet_max_height":0,"ocean_custom_logo_mobile_max_height":0,"ocean_header_custom_menu":"0","ocean_menu_typo_font_family":"0","ocean_menu_typo_font_subset":"","ocean_menu_typo_font_size":0,"ocean_menu_typo_font_size_tablet":0,"ocean_menu_typo_font_size_mobile":0,"ocean_menu_typo_font_size_unit":"px","ocean_menu_typo_font_weight":"","ocean_menu_typo_font_weight_tablet":"","ocean_menu_typo_font_weight_mobile":"","ocean_menu_typo_transform":"","ocean_menu_typo_transform_tablet":"","ocean_menu_typo_transform_mobile":"","ocean_menu_typo_line_height":0,"ocean_menu_typo_line_height_tablet":0,"ocean_menu_typo_line_height_mobile":0,"ocean_menu_typo_line_height_unit":"","ocean_menu_typo_spacing":0,"ocean_menu_typo_spacing_tablet":0,"ocean_menu_typo_spacing_mobile":0,"ocean_menu_typo_spacing_unit":"","ocean_menu_link_color":"","ocean_menu_link_color_hover":"","ocean_menu_link_color_active":"","ocean_menu_link_background":"","ocean_menu_link_hover_background":"","ocean_menu_link_active_background":"","ocean_menu_social_links_bg":"","ocean_menu_social_hover_links_bg":"","ocean_menu_social_links_color":"","ocean_menu_social_hover_links_color":"","ocean_disable_title":"default","ocean_disable_heading":"default","ocean_post_title":"","ocean_post_subheading":"","ocean_post_title_style":"","ocean_post_title_background_color":"","ocean_post_title_background":0,"ocean_post_title_bg_image_position":"","ocean_post_title_bg_image_attachment":"","ocean_post_title_bg_image_repeat":"","ocean_post_title_bg_image_size":"","ocean_post_title_height":0,"ocean_post_title_bg_overlay":0.5,"ocean_post_title_bg_overlay_color":"","ocean_disable_breadcrumbs":"default","ocean_breadcrumbs_color":"","ocean_breadcrumbs_separator_color":"","ocean_breadcrumbs_links_color":"","ocean_breadcrumbs_links_hover_color":"","ocean_display_footer_widgets":"default","ocean_display_footer_bottom":"default","ocean_custom_footer_template":"0","ofc_enable_fullscreen":"disable","ofc_fullscreen_speed":0,"ofc_fullscreen_nav":"enable","ofc_fullscreen_nav_pos":"right","ofc_fullscreen_nav_color":"","ofc_fullscreen_nav_tooltip_color":"","ofc_fullscreen_responsive":0,"footnotes":""},"class_list":["post-36069","page","type-page","status-publish","hentry","entry","owp-thumbs-layout-horizontal","owp-btn-normal","owp-tabs-layout-horizontal","has-no-thumbnails"],"acf":[],"_links":{"self":[{"href":"https:\/\/memorabilia-germany.de\/fr\/wp-json\/wp\/v2\/pages\/36069","targetHints":{"allow":["GET"]}}],"collection":[{"href":"https:\/\/memorabilia-germany.de\/fr\/wp-json\/wp\/v2\/pages"}],"about":[{"href":"https:\/\/memorabilia-germany.de\/fr\/wp-json\/wp\/v2\/types\/page"}],"author":[{"embeddable":true,"href":"https:\/\/memorabilia-germany.de\/fr\/wp-json\/wp\/v2\/users\/1"}],"replies":[{"embeddable":true,"href":"https:\/\/memorabilia-germany.de\/fr\/wp-json\/wp\/v2\/comments?post=36069"}],"version-history":[{"count":0,"href":"https:\/\/memorabilia-germany.de\/fr\/wp-json\/wp\/v2\/pages\/36069\/revisions"}],"wp:attachment":[{"href":"https:\/\/memorabilia-germany.de\/fr\/wp-json\/wp\/v2\/media?parent=36069"}],"curies":[{"name":"wp","href":"https:\/\/api.w.org\/{rel}","templated":true}]}}