{"id":36067,"date":"2024-02-11T12:47:44","date_gmt":"2024-02-11T11:47:44","guid":{"rendered":"https:\/\/memorabilia-germany.de\/entertainment-memorabilia-2\/"},"modified":"2024-11-28T17:11:54","modified_gmt":"2024-11-28T16:11:54","slug":"entertainment-memorabilia-2","status":"publish","type":"page","link":"https:\/\/memorabilia-germany.de\/fr\/entertainment-memorabilia-2\/","title":{"rendered":"ENTERTAINMENT MEMORABILIA"},"content":{"rendered":"\t\t<div data-elementor-type=\"wp-page\" data-elementor-id=\"36067\" class=\"elementor elementor-36067 elementor-20071\" data-elementor-post-type=\"page\">\n\t\t\t\t\t\t<section class=\"elementor-section elementor-top-section elementor-element elementor-element-9574878 elementor-section-boxed elementor-section-height-default elementor-section-height-default\" data-id=\"9574878\" data-element_type=\"section\" data-e-type=\"section\">\n\t\t\t\t\t\t<div class=\"elementor-container elementor-column-gap-no\">\n\t\t\t\t\t<div class=\"elementor-column elementor-col-100 elementor-top-column elementor-element elementor-element-666d76f\" data-id=\"666d76f\" data-element_type=\"column\" data-e-type=\"column\">\n\t\t\t<div class=\"elementor-widget-wrap elementor-element-populated\">\n\t\t\t\t\t\t<div class=\"elementor-element elementor-element-ad8dc8b elementor-widget elementor-widget-heading\" data-id=\"ad8dc8b\" data-element_type=\"widget\" data-e-type=\"widget\" data-widget_type=\"heading.default\">\n\t\t\t\t<div class=\"elementor-widget-container\">\n\t\t\t\t\t<h1 class=\"elementor-heading-title elementor-size-default\">Entertainment Memorabilia | Autographes de stars de cin\u00e9ma<\/h1>\t\t\t\t<\/div>\n\t\t\t\t<\/div>\n\t\t\t\t\t<\/div>\n\t\t<\/div>\n\t\t\t\t\t<\/div>\n\t\t<\/section>\n\t\t\t\t<section class=\"elementor-section elementor-top-section elementor-element elementor-element-540cb33 elementor-section-boxed elementor-section-height-default elementor-section-height-default\" data-id=\"540cb33\" data-element_type=\"section\" data-e-type=\"section\">\n\t\t\t\t\t\t<div class=\"elementor-container elementor-column-gap-no\">\n\t\t\t\t\t<div class=\"elementor-column elementor-col-100 elementor-top-column elementor-element elementor-element-a2f81d2\" data-id=\"a2f81d2\" data-element_type=\"column\" data-e-type=\"column\">\n\t\t\t<div class=\"elementor-widget-wrap elementor-element-populated\">\n\t\t\t\t\t\t<div class=\"elementor-element elementor-element-addbacb elementor-widget elementor-widget-text-editor\" data-id=\"addbacb\" data-element_type=\"widget\" data-e-type=\"widget\" data-widget_type=\"text-editor.default\">\n\t\t\t\t<div class=\"elementor-widget-container\">\n\t\t\t\t\t\t\t\t\t<p>Les Entertainment Memorabilia affiche les autographes des stars de vos films et s\u00e9ries pr\u00e9f\u00e9r\u00e9s. Qu\u2019il s\u2019agisse d\u2019une affiche de film d\u00e9dicac\u00e9e ou d\u2019un Movie Star Showcase, vous trouverez ici les autographes de stars les plus en vogue !<\/p>\n\t\t\t\t\t\t\t\t<\/div>\n\t\t\t\t<\/div>\n\t\t\t\t\t<\/div>\n\t\t<\/div>\n\t\t\t\t\t<\/div>\n\t\t<\/section>\n\t\t\t\t<section class=\"elementor-section elementor-top-section elementor-element elementor-element-520eeab elementor-section-boxed elementor-section-height-default elementor-section-height-default\" data-id=\"520eeab\" data-element_type=\"section\" data-e-type=\"section\">\n\t\t\t\t\t\t<div class=\"elementor-container elementor-column-gap-no\">\n\t\t\t\t\t<div class=\"elementor-column elementor-col-100 elementor-top-column elementor-element elementor-element-8e93dcf\" data-id=\"8e93dcf\" data-element_type=\"column\" data-e-type=\"column\">\n\t\t\t<div class=\"elementor-widget-wrap elementor-element-populated\">\n\t\t\t\t\t\t<div class=\"elementor-element elementor-element-964849c elementor-grid-3 elementor-product-loop-item--align-center elementor-grid-tablet-3 elementor-grid-mobile-2 elementor-products-grid elementor-wc-products elementor-widget elementor-widget-wc-categories\" data-id=\"964849c\" data-element_type=\"widget\" data-e-type=\"widget\" data-widget_type=\"wc-categories.default\">\n\t\t\t\t<div class=\"elementor-widget-container\">\n\t\t\t\t\t<div class=\"woocommerce columns-3\">\r\n<ul class=\"products elementor-grid oceanwp-row clr grid tablet-col tablet-2-col mobile-col mobile-1-col\">\r\n<li class=\"product-category product first col span_1_of_3\">\n\t<a aria-label=\"Acc\u00e9der \u00e0 la cat\u00e9gorie de produits PHOTOGRAPHIES SIGN\u00c9ES\" href=\"https:\/\/memorabilia-germany.de\/fr\/produkt-kategorie\/entertainment-memorabilia-fr\/photographies-signees\/\"><div class=\"product-inner clr\"><div class=\"woo-entry-image clr\"><a href=\"https:\/\/memorabilia-germany.de\/fr\/produkt-kategorie\/entertainment-memorabilia-fr\/photographies-signees\/\"><img decoding=\"async\" src=\"https:\/\/memorabilia-germany.de\/wp-content\/uploads\/signierte-fotografien-star-autogramme-300x300.jpg\" alt=\"PHOTOGRAPHIES SIGN\u00c9ES\" width=\"300\" height=\"\" srcset=\"https:\/\/memorabilia-germany.de\/wp-content\/uploads\/signierte-fotografien-star-autogramme-300x300.jpg 300w, https:\/\/memorabilia-germany.de\/wp-content\/uploads\/signierte-fotografien-star-autogramme-250x250.jpg 250w, https:\/\/memorabilia-germany.de\/wp-content\/uploads\/signierte-fotografien-star-autogramme-100x100.jpg 100w, https:\/\/memorabilia-germany.de\/wp-content\/uploads\/signierte-fotografien-star-autogramme.jpg 400w\" sizes=\"(max-width: 300px) 100vw, 300px\" \/><\/a><\/div><div class=\"woo-entry-inner clr\"><a href=\"https:\/\/memorabilia-germany.de\/fr\/produkt-kategorie\/entertainment-memorabilia-fr\/photographies-signees\/\"><\/a><\/div><\/div><\/a><\/li>\n<li class=\"product-category product col span_1_of_3\">\n\t<a aria-label=\"Acc\u00e9der \u00e0 la cat\u00e9gorie de produits MOVIE STAR MYSTERY BOX\" href=\"https:\/\/memorabilia-germany.de\/fr\/produkt-kategorie\/entertainment-memorabilia-fr\/movie-star-mystery-box\/\"><div class=\"product-inner clr\"><div class=\"woo-entry-image clr\"><a href=\"https:\/\/memorabilia-germany.de\/fr\/produkt-kategorie\/entertainment-memorabilia-fr\/movie-star-mystery-box\/\"><img decoding=\"async\" src=\"https:\/\/memorabilia-germany.de\/wp-content\/uploads\/memorabilia-mystery-box-star-300x300.jpg\" alt=\"MOVIE STAR MYSTERY BOX\" width=\"300\" height=\"\" srcset=\"https:\/\/memorabilia-germany.de\/wp-content\/uploads\/memorabilia-mystery-box-star-300x300.jpg 300w, https:\/\/memorabilia-germany.de\/wp-content\/uploads\/memorabilia-mystery-box-star-100x100.jpg 100w, https:\/\/memorabilia-germany.de\/wp-content\/uploads\/memorabilia-mystery-box-star.jpg 400w\" sizes=\"(max-width: 300px) 100vw, 300px\" \/><\/a><\/div><div class=\"woo-entry-inner clr\"><a href=\"https:\/\/memorabilia-germany.de\/fr\/produkt-kategorie\/entertainment-memorabilia-fr\/movie-star-mystery-box\/\"><\/a><\/div><\/div><\/a><\/li>\n<li class=\"product-category product last col span_1_of_3\">\n\t<a aria-label=\"Acc\u00e9der \u00e0 la cat\u00e9gorie de produits MOVIE SHOWCASE\" href=\"https:\/\/memorabilia-germany.de\/fr\/produkt-kategorie\/entertainment-memorabilia-fr\/movie-showcase-fr\/\"><div class=\"product-inner clr\"><div class=\"woo-entry-image clr\"><a href=\"https:\/\/memorabilia-germany.de\/fr\/produkt-kategorie\/entertainment-memorabilia-fr\/movie-showcase-fr\/\"><img decoding=\"async\" src=\"https:\/\/memorabilia-germany.de\/wp-content\/uploads\/star-autogramme-300x300.jpg\" alt=\"MOVIE SHOWCASE\" width=\"300\" height=\"\" srcset=\"https:\/\/memorabilia-germany.de\/wp-content\/uploads\/star-autogramme-300x300.jpg 300w, https:\/\/memorabilia-germany.de\/wp-content\/uploads\/elementor\/thumbs\/star-autogramme-prb9zdp18uxwcu8r8xckh8aoz9nzdj9bu8cttbx4o8.jpg 100w, https:\/\/memorabilia-germany.de\/wp-content\/uploads\/elementor\/thumbs\/star-autogramme-prb9zdp1036m18m0d56c20j0rstnn6m6nvfsl1too0.jpg 80w, https:\/\/memorabilia-germany.de\/wp-content\/uploads\/elementor\/thumbs\/star-autogramme-r306r34vhh7alhg94z4rrzqwkpgqu0rnwjmnehfxx0.jpg 50w, https:\/\/memorabilia-germany.de\/wp-content\/uploads\/elementor\/thumbs\/star-autogramme-qvsgejkzyf5rwpnv23aaar1c5ssjp5jzreffmdjttc.jpg 120w, https:\/\/memorabilia-germany.de\/wp-content\/uploads\/star-autogramme.jpg 400w\" sizes=\"(max-width: 300px) 100vw, 300px\" \/><\/a><\/div><div class=\"woo-entry-inner clr\"><a href=\"https:\/\/memorabilia-germany.de\/fr\/produkt-kategorie\/entertainment-memorabilia-fr\/movie-showcase-fr\/\"><\/a><\/div><\/div><\/a><\/li>\n<li class=\"product-category product first col span_1_of_3\">\n\t<a aria-label=\"Acc\u00e9der \u00e0 la cat\u00e9gorie de produits ENTERTAINMENT TRADING CARDS\" href=\"https:\/\/memorabilia-germany.de\/fr\/produkt-kategorie\/entertainment-memorabilia-fr\/entertainment-trading-cards-fr\/\"><div class=\"product-inner clr\"><div class=\"woo-entry-image clr\"><a href=\"https:\/\/memorabilia-germany.de\/fr\/produkt-kategorie\/entertainment-memorabilia-fr\/entertainment-trading-cards-fr\/\"><img decoding=\"async\" src=\"https:\/\/memorabilia-germany.de\/wp-content\/uploads\/05_Trading_Cards_Entertainment_90-300x300.jpg\" alt=\"ENTERTAINMENT TRADING CARDS\" width=\"300\" height=\"\" srcset=\"https:\/\/memorabilia-germany.de\/wp-content\/uploads\/05_Trading_Cards_Entertainment_90-300x300.jpg 300w, https:\/\/memorabilia-germany.de\/wp-content\/uploads\/05_Trading_Cards_Entertainment_90-250x250.jpg 250w, https:\/\/memorabilia-germany.de\/wp-content\/uploads\/05_Trading_Cards_Entertainment_90-100x100.jpg 100w, https:\/\/memorabilia-germany.de\/wp-content\/uploads\/05_Trading_Cards_Entertainment_90.jpg 400w\" sizes=\"(max-width: 300px) 100vw, 300px\" \/><\/a><\/div><div class=\"woo-entry-inner clr\"><a href=\"https:\/\/memorabilia-germany.de\/fr\/produkt-kategorie\/entertainment-memorabilia-fr\/entertainment-trading-cards-fr\/\"><\/a><\/div><\/div><\/a><\/li>\n<li class=\"product-category product col span_1_of_3\">\n\t<a aria-label=\"Acc\u00e9der \u00e0 la cat\u00e9gorie de produits AFFICHES DE FILM SIGNEES\" href=\"https:\/\/memorabilia-germany.de\/fr\/produkt-kategorie\/entertainment-memorabilia-fr\/affiches-de-film-signees\/\"><div class=\"product-inner clr\"><div class=\"woo-entry-image clr\"><a href=\"https:\/\/memorabilia-germany.de\/fr\/produkt-kategorie\/entertainment-memorabilia-fr\/affiches-de-film-signees\/\"><img decoding=\"async\" src=\"https:\/\/memorabilia-germany.de\/wp-content\/uploads\/entertainment-memorabilia-300x300.jpg\" alt=\"AFFICHES DE FILM SIGNEES\" width=\"300\" height=\"\" srcset=\"https:\/\/memorabilia-germany.de\/wp-content\/uploads\/entertainment-memorabilia-300x300.jpg 300w, https:\/\/memorabilia-germany.de\/wp-content\/uploads\/entertainment-memorabilia-100x100.jpg 100w, https:\/\/memorabilia-germany.de\/wp-content\/uploads\/entertainment-memorabilia.jpg 400w\" sizes=\"(max-width: 300px) 100vw, 300px\" \/><\/a><\/div><div class=\"woo-entry-inner clr\"><a href=\"https:\/\/memorabilia-germany.de\/fr\/produkt-kategorie\/entertainment-memorabilia-fr\/affiches-de-film-signees\/\"><\/a><\/div><\/div><\/a><\/li>\n<\/ul>\n<\/div>\t\t\t\t<\/div>\n\t\t\t\t<\/div>\n\t\t\t\t\t<\/div>\n\t\t<\/div>\n\t\t\t\t\t<\/div>\n\t\t<\/section>\n\t\t\t\t<section class=\"elementor-section elementor-top-section elementor-element elementor-element-cb3ceb5 elementor-section-boxed elementor-section-height-default elementor-section-height-default\" data-id=\"cb3ceb5\" data-element_type=\"section\" data-e-type=\"section\">\n\t\t\t\t\t\t<div class=\"elementor-container elementor-column-gap-no\">\n\t\t\t\t\t<div class=\"elementor-column elementor-col-100 elementor-top-column elementor-element elementor-element-26d0aa6\" data-id=\"26d0aa6\" data-element_type=\"column\" data-e-type=\"column\">\n\t\t\t<div class=\"elementor-widget-wrap elementor-element-populated\">\n\t\t\t\t\t\t<div class=\"elementor-element elementor-element-7500a73 elementor-widget elementor-widget-text-editor\" data-id=\"7500a73\" data-element_type=\"widget\" data-e-type=\"widget\" data-widget_type=\"text-editor.default\">\n\t\t\t\t<div class=\"elementor-widget-container\">\n\t\t\t\t\t\t\t\t\tEntertainment Memorabilia: <a href=\"https:\/\/memorabilia-germany.de\/fr\/nous-memorabilia-germany\/\"><strong>Memorabilia Germany<\/strong><\/a> vend des articles de fans sign\u00e9s avec des autographes des stars les plus c\u00e9l\u00e8bres de l&rsquo;histoire du cin\u00e9ma.\nVous pouvez trouver les autographes de stars les plus en vogue dans notre <a href=\"https:\/\/memorabilia-germany.de\/fr\"><strong>shop<\/strong><\/a>.\nTous les Entertainment Memorabilia sont exp\u00e9di\u00e9s gratuitement en Allemagne et vous parviennent dans les plus brefs d\u00e9lais.\nNous proposons \u00e9galement une exp\u00e9dition tr\u00e8s rapide en dehors de l\u2019Allemagne.\nNous avons s\u00e9lectionn\u00e9 pour vous une merveilleuse gamme comprenant des Entertainment Memorabilia de diff\u00e9rents types.\nD\u00e9couvrez notre s\u00e9lection <a href=\"\/de?product_cat=affiches-de-film-signees\"><strong>d&rsquo;affiches<\/strong><\/a> et <a href=\"https:\/\/memorabilia-germany.de\/fr\/produkt-kategorie\/entertainment-memorabilia-fr\/movie-showcase-fr\/\"><strong>Showcases<\/strong><\/a> d\u00e9dicac\u00e9es.\nTous les autographes de stars vendus sur Memorabilia Germany vendus ont \u00e9t\u00e9 authentifi\u00e9s par l&rsquo;un des plus grands authentificateurs du monde comme <a href=\"https:\/\/memorabilia-germany.de\/fr\/authentification-des-signatures\/#signature-authentication-beckett\"><strong>Beckett<\/strong><\/a>, <a href=\"https:\/\/memorabilia-germany.de\/fr\/authentification-des-signatures\/#signature-authentication-james-spence\"><strong>James Spence Authentication<\/strong><\/a> ou <a href=\"https:\/\/memorabilia-germany.de\/fr\/authentification-des-signatures\/#signature-authentication-psa-dna\"><strong>PSA\/DNA<\/strong><\/a> authentifi\u00e9s.\nDe plus, nous gardons toujours un \u0153il sur les derni\u00e8res \u0153uvres de <a href=\"https:\/\/www.oscars.org\"><strong>Hollywood<\/strong><\/a>,\nafin que vous puissiez toujours vous procurer les divertissements les plus en vogue Memorabilia. \n\n<strong><a href=\"https:\/\/memorabilia-germany.de\/fr\/nous-memorabilia-germany\/\">Memorabilia Germany<\/a><\/strong> est une boutique pour Memorabilia du domaine du sport, du cin\u00e9ma et des s\u00e9ries t\u00e9l\u00e9vis\u00e9es, bas\u00e9e en Allemagne.\nNos articles sont des articles de fans sign\u00e9s par des sportifs c\u00e9l\u00e8bres ou des stars hollywoodiennes c\u00e9l\u00e8bres.\nNotre assortiment concerne principalement des articles de fans des domaines suivants <a href=\"https:\/\/memorabilia-germany.de\/fr\/football-americain-memorabilia\/\"><strong>NFL Football Am\u00e9ricain<\/strong><\/a>, <a href=\"https:\/\/memorabilia-germany.de\/fr\/basket-ball-memorabilia\/\"><strong>NBA Basketball<\/strong><\/a>, <a href=\"https:\/\/memorabilia-germany.de\/fr\/boxe-memorabilia\/\"><strong>Boxe<\/strong><\/a> et <a href=\"https:\/\/memorabilia-germany.de\/fr\/entertainment-memorabilia\"><strong>Hollywood<\/strong><\/a>.\nEn outre, nous essayons toujours de proposer quelques autres autographes curieux, comme ceux de politiciens ou d&rsquo;artistes c\u00e9l\u00e8bres.\nGr\u00e2ce \u00e0 un r\u00e9seau international, nous importons les objets les plus en vogue de l&rsquo;histoire du sport.\nQuel que soit le cadeau que vous vous offrez dans notre boutique. Soyez s\u00fbr que vos objets susciteront un grand \u00e9tonnement. Votre collection ravira non seulement vous mais aussi tous vos amis. Il n&rsquo;a jamais \u00e9t\u00e9 aussi simple d&rsquo;obtenir les Entertainment Memorabilia les plus cool au monde. D\u00e9veloppez votre collection avec des items des plus grandes stars de tous les temps et transformez votre maison en une fancave passionnante.\n\nTrouvez plus de Entertainment Memorabilia <strong><a href=\"https:\/\/memorabilia-germany.de\/fr\"><strong>ici<\/strong><\/a><\/strong>.\t\t\t\t\t\t\t\t<\/div>\n\t\t\t\t<\/div>\n\t\t\t\t\t<\/div>\n\t\t<\/div>\n\t\t\t\t\t<\/div>\n\t\t<\/section>\n\t\t\t\t<\/div>\n\t\t","protected":false},"excerpt":{"rendered":"<p>Entertainment Memorabilia | Autographes de stars de cin\u00e9ma Les Entertainment Memorabilia affiche les autographes des stars de vos films et s\u00e9ries pr\u00e9f\u00e9r\u00e9s. Qu\u2019il s\u2019agisse d\u2019une affiche de film d\u00e9dicac\u00e9e ou d\u2019un Movie Star Showcase, vous trouverez ici les autographes de stars les plus en vogue ! Entertainment Memorabilia: Memorabilia Germany vend des articles de fans [&hellip;]<\/p>\n","protected":false},"author":1,"featured_media":0,"parent":0,"menu_order":0,"comment_status":"closed","ping_status":"closed","template":"elementor_header_footer","meta":{"_acf_changed":false,"ocean_post_layout":"","ocean_both_sidebars_style":"","ocean_both_sidebars_content_width":0,"ocean_both_sidebars_sidebars_width":0,"ocean_sidebar":"0","ocean_second_sidebar":"0","ocean_disable_margins":"enable","ocean_add_body_class":"","ocean_shortcode_before_top_bar":"","ocean_shortcode_after_top_bar":"","ocean_shortcode_before_header":"","ocean_shortcode_after_header":"","ocean_has_shortcode":"","ocean_shortcode_after_title":"","ocean_shortcode_before_footer_widgets":"","ocean_shortcode_after_footer_widgets":"","ocean_shortcode_before_footer_bottom":"","ocean_shortcode_after_footer_bottom":"","ocean_display_top_bar":"default","ocean_display_header":"default","ocean_header_style":"","ocean_center_header_left_menu":"0","ocean_custom_header_template":"0","ocean_custom_logo":0,"ocean_custom_retina_logo":0,"ocean_custom_logo_max_width":0,"ocean_custom_logo_tablet_max_width":0,"ocean_custom_logo_mobile_max_width":0,"ocean_custom_logo_max_height":0,"ocean_custom_logo_tablet_max_height":0,"ocean_custom_logo_mobile_max_height":0,"ocean_header_custom_menu":"0","ocean_menu_typo_font_family":"0","ocean_menu_typo_font_subset":"","ocean_menu_typo_font_size":0,"ocean_menu_typo_font_size_tablet":0,"ocean_menu_typo_font_size_mobile":0,"ocean_menu_typo_font_size_unit":"px","ocean_menu_typo_font_weight":"","ocean_menu_typo_font_weight_tablet":"","ocean_menu_typo_font_weight_mobile":"","ocean_menu_typo_transform":"","ocean_menu_typo_transform_tablet":"","ocean_menu_typo_transform_mobile":"","ocean_menu_typo_line_height":0,"ocean_menu_typo_line_height_tablet":0,"ocean_menu_typo_line_height_mobile":0,"ocean_menu_typo_line_height_unit":"","ocean_menu_typo_spacing":0,"ocean_menu_typo_spacing_tablet":0,"ocean_menu_typo_spacing_mobile":0,"ocean_menu_typo_spacing_unit":"","ocean_menu_link_color":"","ocean_menu_link_color_hover":"","ocean_menu_link_color_active":"","ocean_menu_link_background":"","ocean_menu_link_hover_background":"","ocean_menu_link_active_background":"","ocean_menu_social_links_bg":"","ocean_menu_social_hover_links_bg":"","ocean_menu_social_links_color":"","ocean_menu_social_hover_links_color":"","ocean_disable_title":"default","ocean_disable_heading":"default","ocean_post_title":"","ocean_post_subheading":"","ocean_post_title_style":"","ocean_post_title_background_color":"","ocean_post_title_background":0,"ocean_post_title_bg_image_position":"","ocean_post_title_bg_image_attachment":"","ocean_post_title_bg_image_repeat":"","ocean_post_title_bg_image_size":"","ocean_post_title_height":0,"ocean_post_title_bg_overlay":0.5,"ocean_post_title_bg_overlay_color":"","ocean_disable_breadcrumbs":"default","ocean_breadcrumbs_color":"","ocean_breadcrumbs_separator_color":"","ocean_breadcrumbs_links_color":"","ocean_breadcrumbs_links_hover_color":"","ocean_display_footer_widgets":"default","ocean_display_footer_bottom":"default","ocean_custom_footer_template":"0","ofc_enable_fullscreen":"disable","ofc_fullscreen_speed":0,"ofc_fullscreen_nav":"enable","ofc_fullscreen_nav_pos":"right","ofc_fullscreen_nav_color":"","ofc_fullscreen_nav_tooltip_color":"","ofc_fullscreen_responsive":0,"footnotes":""},"class_list":["post-36067","page","type-page","status-publish","hentry","entry","owp-thumbs-layout-horizontal","owp-btn-normal","owp-tabs-layout-horizontal","has-no-thumbnails"],"acf":[],"_links":{"self":[{"href":"https:\/\/memorabilia-germany.de\/fr\/wp-json\/wp\/v2\/pages\/36067","targetHints":{"allow":["GET"]}}],"collection":[{"href":"https:\/\/memorabilia-germany.de\/fr\/wp-json\/wp\/v2\/pages"}],"about":[{"href":"https:\/\/memorabilia-germany.de\/fr\/wp-json\/wp\/v2\/types\/page"}],"author":[{"embeddable":true,"href":"https:\/\/memorabilia-germany.de\/fr\/wp-json\/wp\/v2\/users\/1"}],"replies":[{"embeddable":true,"href":"https:\/\/memorabilia-germany.de\/fr\/wp-json\/wp\/v2\/comments?post=36067"}],"version-history":[{"count":0,"href":"https:\/\/memorabilia-germany.de\/fr\/wp-json\/wp\/v2\/pages\/36067\/revisions"}],"wp:attachment":[{"href":"https:\/\/memorabilia-germany.de\/fr\/wp-json\/wp\/v2\/media?parent=36067"}],"curies":[{"name":"wp","href":"https:\/\/api.w.org\/{rel}","templated":true}]}}