{"id":36040,"date":"2024-02-09T13:34:55","date_gmt":"2024-02-09T12:34:55","guid":{"rendered":"https:\/\/memorabilia-germany.de\/trading-cards-2\/"},"modified":"2025-07-28T19:05:49","modified_gmt":"2025-07-28T17:05:49","slug":"trading-cards-2","status":"publish","type":"page","link":"https:\/\/memorabilia-germany.de\/fr\/trading-cards-2\/","title":{"rendered":"TRADING CARDS"},"content":{"rendered":"\t\t<div data-elementor-type=\"wp-page\" data-elementor-id=\"36040\" class=\"elementor elementor-36040 elementor-21838\" data-elementor-post-type=\"page\">\n\t\t\t\t\t\t<section class=\"elementor-section elementor-top-section elementor-element elementor-element-bc761b1 elementor-section-boxed elementor-section-height-default elementor-section-height-default\" data-id=\"bc761b1\" data-element_type=\"section\" data-e-type=\"section\">\n\t\t\t\t\t\t<div class=\"elementor-container elementor-column-gap-no\">\n\t\t\t\t\t<div class=\"elementor-column elementor-col-100 elementor-top-column elementor-element elementor-element-c44bb4b\" data-id=\"c44bb4b\" data-element_type=\"column\" data-e-type=\"column\">\n\t\t\t<div class=\"elementor-widget-wrap elementor-element-populated\">\n\t\t\t\t\t\t<div class=\"elementor-element elementor-element-5326445 elementor-widget elementor-widget-heading\" data-id=\"5326445\" data-element_type=\"widget\" data-e-type=\"widget\" data-widget_type=\"heading.default\">\n\t\t\t\t<div class=\"elementor-widget-container\">\n\t\t\t\t\t<h1 class=\"elementor-heading-title elementor-size-default\">Trading Cards | Cartes \u00e0 collectionner du pass\u00e9<\/h1>\t\t\t\t<\/div>\n\t\t\t\t<\/div>\n\t\t\t\t\t<\/div>\n\t\t<\/div>\n\t\t\t\t\t<\/div>\n\t\t<\/section>\n\t\t\t\t<section class=\"elementor-section elementor-top-section elementor-element elementor-element-6eb4ca1 elementor-section-boxed elementor-section-height-default elementor-section-height-default\" data-id=\"6eb4ca1\" data-element_type=\"section\" data-e-type=\"section\">\n\t\t\t\t\t\t<div class=\"elementor-container elementor-column-gap-default\">\n\t\t\t\t\t<div class=\"elementor-column elementor-col-100 elementor-top-column elementor-element elementor-element-4098ac3\" data-id=\"4098ac3\" data-element_type=\"column\" data-e-type=\"column\">\n\t\t\t<div class=\"elementor-widget-wrap elementor-element-populated\">\n\t\t\t\t\t\t<div class=\"elementor-element elementor-element-0d701a4 elementor-widget elementor-widget-text-editor\" data-id=\"0d701a4\" data-element_type=\"widget\" data-e-type=\"widget\" data-widget_type=\"text-editor.default\">\n\t\t\t\t<div class=\"elementor-widget-container\">\n\t\t\t\t\t\t\t\t\t<p>Notre shop de Trading Cards fera battre votre c\u0153ur plus vite, vieux nostalgique !<\/br>Avec nous, vous avez la possibilit\u00e9 de d\u00e9couvrir les cartes \u00e0 collectionner du pass\u00e9.<\/br> Cartes \u00e0 collectionner des d\u00e9cennies pr\u00e9c\u00e9dentes. Tous les packs sont originaux de l\u2019ann\u00e9e de leur sortie. <\/br>Tout est emball\u00e9 \u00e0 l&rsquo;origine et tout est de la meilleure qualit\u00e9.<\/p>\t\t\t\t\t\t\t\t<\/div>\n\t\t\t\t<\/div>\n\t\t\t\t\t<\/div>\n\t\t<\/div>\n\t\t\t\t\t<\/div>\n\t\t<\/section>\n\t\t\t\t<section class=\"elementor-section elementor-top-section elementor-element elementor-element-8685707 elementor-section-boxed elementor-section-height-default elementor-section-height-default\" data-id=\"8685707\" data-element_type=\"section\" data-e-type=\"section\">\n\t\t\t\t\t\t<div class=\"elementor-container elementor-column-gap-default\">\n\t\t\t\t\t<div class=\"elementor-column elementor-col-100 elementor-top-column elementor-element elementor-element-31d41c0\" data-id=\"31d41c0\" data-element_type=\"column\" data-e-type=\"column\">\n\t\t\t<div class=\"elementor-widget-wrap elementor-element-populated\">\n\t\t\t\t\t\t<div class=\"elementor-element elementor-element-f41b808 elementor-grid-3 elementor-grid-mobile-1 elementor-grid-tablet-3 elementor-products-grid elementor-wc-products elementor-widget elementor-widget-wc-categories\" data-id=\"f41b808\" data-element_type=\"widget\" data-e-type=\"widget\" data-widget_type=\"wc-categories.default\">\n\t\t\t\t<div class=\"elementor-widget-container\">\n\t\t\t\t\t<div class=\"woocommerce columns-3\">\r\n<ul class=\"products elementor-grid oceanwp-row clr grid tablet-col tablet-2-col mobile-col mobile-1-col\">\r\n<li class=\"product-category product first col span_1_of_3\">\n\t<a aria-label=\"Acc\u00e9der \u00e0 la cat\u00e9gorie de produits BASE-BALL TRADING CARDS\" href=\"https:\/\/memorabilia-germany.de\/fr\/produkt-kategorie\/base-ball-memorabilia\/base-ball-trading-cards\/\"><div class=\"product-inner clr\"><div class=\"woo-entry-image clr\"><a href=\"https:\/\/memorabilia-germany.de\/fr\/produkt-kategorie\/base-ball-memorabilia\/base-ball-trading-cards\/\"><img decoding=\"async\" src=\"https:\/\/memorabilia-germany.de\/wp-content\/uploads\/04_Trading_Cards_Baseball_90-300x300.jpg\" alt=\"BASE-BALL TRADING CARDS\" width=\"300\" height=\"\" srcset=\"https:\/\/memorabilia-germany.de\/wp-content\/uploads\/04_Trading_Cards_Baseball_90-300x300.jpg 300w, https:\/\/memorabilia-germany.de\/wp-content\/uploads\/04_Trading_Cards_Baseball_90-250x250.jpg 250w, https:\/\/memorabilia-germany.de\/wp-content\/uploads\/04_Trading_Cards_Baseball_90-100x100.jpg 100w, https:\/\/memorabilia-germany.de\/wp-content\/uploads\/04_Trading_Cards_Baseball_90.jpg 400w\" sizes=\"(max-width: 300px) 100vw, 300px\" \/><\/a><\/div><div class=\"woo-entry-inner clr\"><a href=\"https:\/\/memorabilia-germany.de\/fr\/produkt-kategorie\/base-ball-memorabilia\/base-ball-trading-cards\/\"><\/a><\/div><\/div><\/a><\/li>\n<li class=\"product-category product col span_1_of_3\">\n\t<a aria-label=\"Acc\u00e9der \u00e0 la cat\u00e9gorie de produits TRADING CARDS DE HOCKEY SUR GLACE\" href=\"https:\/\/memorabilia-germany.de\/fr\/produkt-kategorie\/memorabilia-de-hockey-sur-glace\/trading-cards-de-hockey-sur-glace\/\"><div class=\"product-inner clr\"><div class=\"woo-entry-image clr\"><a href=\"https:\/\/memorabilia-germany.de\/fr\/produkt-kategorie\/memorabilia-de-hockey-sur-glace\/trading-cards-de-hockey-sur-glace\/\"><img decoding=\"async\" src=\"https:\/\/memorabilia-germany.de\/wp-content\/uploads\/02_Trading_Cards_Eishockey_90-300x300.jpg\" alt=\"TRADING CARDS DE HOCKEY SUR GLACE\" width=\"300\" height=\"\" srcset=\"https:\/\/memorabilia-germany.de\/wp-content\/uploads\/02_Trading_Cards_Eishockey_90-300x300.jpg 300w, https:\/\/memorabilia-germany.de\/wp-content\/uploads\/02_Trading_Cards_Eishockey_90-100x100.jpg 100w, https:\/\/memorabilia-germany.de\/wp-content\/uploads\/02_Trading_Cards_Eishockey_90.jpg 400w\" sizes=\"(max-width: 300px) 100vw, 300px\" \/><\/a><\/div><div class=\"woo-entry-inner clr\"><a href=\"https:\/\/memorabilia-germany.de\/fr\/produkt-kategorie\/memorabilia-de-hockey-sur-glace\/trading-cards-de-hockey-sur-glace\/\"><\/a><\/div><\/div><\/a><\/li>\n<li class=\"product-category product last col span_1_of_3\">\n\t<a aria-label=\"Acc\u00e9der \u00e0 la cat\u00e9gorie de produits FOOTBALL AMERICAIN TRADING CARDS\" href=\"https:\/\/memorabilia-germany.de\/fr\/produkt-kategorie\/football-americain-memorabilia\/football-americain-trading-cards\/\"><div class=\"product-inner clr\"><div class=\"woo-entry-image clr\"><a href=\"https:\/\/memorabilia-germany.de\/fr\/produkt-kategorie\/football-americain-memorabilia\/football-americain-trading-cards\/\"><img decoding=\"async\" src=\"https:\/\/memorabilia-germany.de\/wp-content\/uploads\/02_Trading_Cards_Football_90-300x300.jpg\" alt=\"FOOTBALL AMERICAIN TRADING CARDS\" width=\"300\" height=\"\" srcset=\"https:\/\/memorabilia-germany.de\/wp-content\/uploads\/02_Trading_Cards_Football_90-300x300.jpg 300w, https:\/\/memorabilia-germany.de\/wp-content\/uploads\/02_Trading_Cards_Football_90-100x100.jpg 100w, https:\/\/memorabilia-germany.de\/wp-content\/uploads\/02_Trading_Cards_Football_90.jpg 400w\" sizes=\"(max-width: 300px) 100vw, 300px\" \/><\/a><\/div><div class=\"woo-entry-inner clr\"><a href=\"https:\/\/memorabilia-germany.de\/fr\/produkt-kategorie\/football-americain-memorabilia\/football-americain-trading-cards\/\"><\/a><\/div><\/div><\/a><\/li>\n<li class=\"product-category product first col span_1_of_3\">\n\t<a aria-label=\"Acc\u00e9der \u00e0 la cat\u00e9gorie de produits BASKET-BALL TRADING CARDS\" href=\"https:\/\/memorabilia-germany.de\/fr\/produkt-kategorie\/basket-ball-memorabilia\/basket-ball-trading-cards\/\"><div class=\"product-inner clr\"><div class=\"woo-entry-image clr\"><a href=\"https:\/\/memorabilia-germany.de\/fr\/produkt-kategorie\/basket-ball-memorabilia\/basket-ball-trading-cards\/\"><img decoding=\"async\" src=\"https:\/\/memorabilia-germany.de\/wp-content\/uploads\/02_Trading_Cards_Basketball_90-300x300.jpg\" alt=\"BASKET-BALL TRADING CARDS\" width=\"300\" height=\"\" srcset=\"https:\/\/memorabilia-germany.de\/wp-content\/uploads\/02_Trading_Cards_Basketball_90-300x300.jpg 300w, https:\/\/memorabilia-germany.de\/wp-content\/uploads\/02_Trading_Cards_Basketball_90-100x100.jpg 100w, https:\/\/memorabilia-germany.de\/wp-content\/uploads\/02_Trading_Cards_Basketball_90.jpg 400w\" sizes=\"(max-width: 300px) 100vw, 300px\" \/><\/a><\/div><div class=\"woo-entry-inner clr\"><a href=\"https:\/\/memorabilia-germany.de\/fr\/produkt-kategorie\/basket-ball-memorabilia\/basket-ball-trading-cards\/\"><\/a><\/div><\/div><\/a><\/li>\n<li class=\"product-category product col span_1_of_3\">\n\t<a aria-label=\"Acc\u00e9der \u00e0 la cat\u00e9gorie de produits ENTERTAINMENT TRADING CARDS\" href=\"https:\/\/memorabilia-germany.de\/fr\/produkt-kategorie\/entertainment-memorabilia-fr\/entertainment-trading-cards-fr\/\"><div class=\"product-inner clr\"><div class=\"woo-entry-image clr\"><a href=\"https:\/\/memorabilia-germany.de\/fr\/produkt-kategorie\/entertainment-memorabilia-fr\/entertainment-trading-cards-fr\/\"><img decoding=\"async\" src=\"https:\/\/memorabilia-germany.de\/wp-content\/uploads\/05_Trading_Cards_Entertainment_90-300x300.jpg\" alt=\"ENTERTAINMENT TRADING CARDS\" width=\"300\" height=\"\" srcset=\"https:\/\/memorabilia-germany.de\/wp-content\/uploads\/05_Trading_Cards_Entertainment_90-300x300.jpg 300w, https:\/\/memorabilia-germany.de\/wp-content\/uploads\/05_Trading_Cards_Entertainment_90-250x250.jpg 250w, https:\/\/memorabilia-germany.de\/wp-content\/uploads\/05_Trading_Cards_Entertainment_90-100x100.jpg 100w, https:\/\/memorabilia-germany.de\/wp-content\/uploads\/05_Trading_Cards_Entertainment_90.jpg 400w\" sizes=\"(max-width: 300px) 100vw, 300px\" \/><\/a><\/div><div class=\"woo-entry-inner clr\"><a href=\"https:\/\/memorabilia-germany.de\/fr\/produkt-kategorie\/entertainment-memorabilia-fr\/entertainment-trading-cards-fr\/\"><\/a><\/div><\/div><\/a><\/li>\n<li class=\"product-category product last col span_1_of_3\">\n\t<a aria-label=\"Acc\u00e9der \u00e0 la cat\u00e9gorie de produits HUMAN HISTORY TRADING CARDS\" href=\"https:\/\/memorabilia-germany.de\/fr\/produkt-kategorie\/human-history-trading-cards-fr\/\"><div class=\"product-inner clr\"><div class=\"woo-entry-image clr\"><a href=\"https:\/\/memorabilia-germany.de\/fr\/produkt-kategorie\/human-history-trading-cards-fr\/\"><img decoding=\"async\" src=\"https:\/\/memorabilia-germany.de\/wp-content\/uploads\/06_Trading_Cards_Human_History_90_b-300x300.jpg\" alt=\"HUMAN HISTORY TRADING CARDS\" width=\"300\" height=\"\" srcset=\"https:\/\/memorabilia-germany.de\/wp-content\/uploads\/06_Trading_Cards_Human_History_90_b-300x300.jpg 300w, https:\/\/memorabilia-germany.de\/wp-content\/uploads\/06_Trading_Cards_Human_History_90_b-250x250.jpg 250w, https:\/\/memorabilia-germany.de\/wp-content\/uploads\/06_Trading_Cards_Human_History_90_b-100x100.jpg 100w, https:\/\/memorabilia-germany.de\/wp-content\/uploads\/06_Trading_Cards_Human_History_90_b.jpg 400w\" sizes=\"(max-width: 300px) 100vw, 300px\" \/><\/a><\/div><div class=\"woo-entry-inner clr\"><a href=\"https:\/\/memorabilia-germany.de\/fr\/produkt-kategorie\/human-history-trading-cards-fr\/\"><\/a><\/div><\/div><\/a><\/li>\n<\/ul>\n<\/div>\t\t\t\t<\/div>\n\t\t\t\t<\/div>\n\t\t\t\t\t<\/div>\n\t\t<\/div>\n\t\t\t\t\t<\/div>\n\t\t<\/section>\n\t\t\t\t<section class=\"elementor-section elementor-top-section elementor-element elementor-element-a14c546 elementor-section-boxed elementor-section-height-default elementor-section-height-default\" data-id=\"a14c546\" data-element_type=\"section\" data-e-type=\"section\">\n\t\t\t\t\t\t<div class=\"elementor-container elementor-column-gap-no\">\n\t\t\t\t\t<div class=\"elementor-column elementor-col-100 elementor-top-column elementor-element elementor-element-995866b\" data-id=\"995866b\" data-element_type=\"column\" data-e-type=\"column\">\n\t\t\t<div class=\"elementor-widget-wrap elementor-element-populated\">\n\t\t\t\t\t\t<div class=\"elementor-element elementor-element-a675133 elementor-widget elementor-widget-text-editor\" data-id=\"a675133\" data-element_type=\"widget\" data-e-type=\"widget\" data-widget_type=\"text-editor.default\">\n\t\t\t\t<div class=\"elementor-widget-container\">\n\t\t\t\t\t\t\t\t\t<p>Vous pouvez trouver plus de Sports Memorabilia <strong><a href=\"https:\/\/memorabilia-germany.de\/fr\">ici<\/a><\/strong>.<\/p>\n<p>D\u00e9couvrez les Trading Cards du pass\u00e9: <\/br>Jetez un \u0153il \u00e0 notre shop de Trading Cardr et vous verrez qu\u2019il ne s\u2019agit pas d\u2019un shop de cartes \u00e0 collectionner ordinaire. <\/br>Il est plus probable que vous serez plac\u00e9 dans une machine \u00e0 voyager dans le temps et que vous aurez la possibilit\u00e9 d&rsquo;acheter d&rsquo;anciennes Trading Cards d&rsquo;avant.<\/p> <p>Des paquets originaux de cartes du pass\u00e9 attendent d&rsquo;\u00eatre d\u00e9couverts ici. <\/br>Vous pouvez vous d\u00e9tendre et penser \u00e0 des temps anciens. <\/br>\u00c0 une \u00e9poque o\u00f9 des h\u00e9ros comme Joe Montana, Michael Jordan ou Wayne Gretzky dominaient les ligues sportives et o\u00f9 le monde courait encore dans une direction diff\u00e9rente.<\/p>\n\n<p>Nous importons Trading Card Boxes non ouvertes d&rsquo;\u00e9poques ant\u00e9rieures via notre r\u00e9seau. <\/br>Nous v\u00e9rifions l&rsquo;int\u00e9grit\u00e9 des bo\u00eetes et de tous les emballages individuels.<\/p> <p>Malgr\u00e9 l&rsquo;\u00e2ge des cartes, vous pouvez acheter en toute s\u00e9curit\u00e9 des Trading Cards d\u00e8s votre plus jeune \u00e2ge et simplement vous d\u00e9tendre et penser au pass\u00e9.<\/p> <p>Certains collectionneurs ont d\u00e9j\u00e0 d\u00e9nich\u00e9 de v\u00e9ritables \u00ab tr\u00e9sors de cartes \u00bb dans des emballages aussi anciens !<\/p>\t\t\t\t\t\t\t\t<\/div>\n\t\t\t\t<\/div>\n\t\t\t\t\t<\/div>\n\t\t<\/div>\n\t\t\t\t\t<\/div>\n\t\t<\/section>\n\t\t\t\t<\/div>\n\t\t","protected":false},"excerpt":{"rendered":"<p>Trading Cards | Cartes \u00e0 collectionner du pass\u00e9 Notre shop de Trading Cards fera battre votre c\u0153ur plus vite, vieux nostalgique !Avec nous, vous avez la possibilit\u00e9 de d\u00e9couvrir les cartes \u00e0 collectionner du pass\u00e9. Cartes \u00e0 collectionner des d\u00e9cennies pr\u00e9c\u00e9dentes. Tous les packs sont originaux de l\u2019ann\u00e9e de leur sortie. Tout est emball\u00e9 \u00e0 [&hellip;]<\/p>\n","protected":false},"author":1,"featured_media":0,"parent":0,"menu_order":0,"comment_status":"closed","ping_status":"closed","template":"","meta":{"_acf_changed":false,"ocean_post_layout":"","ocean_both_sidebars_style":"","ocean_both_sidebars_content_width":0,"ocean_both_sidebars_sidebars_width":0,"ocean_sidebar":"0","ocean_second_sidebar":"0","ocean_disable_margins":"enable","ocean_add_body_class":"","ocean_shortcode_before_top_bar":"","ocean_shortcode_after_top_bar":"","ocean_shortcode_before_header":"","ocean_shortcode_after_header":"","ocean_has_shortcode":"","ocean_shortcode_after_title":"","ocean_shortcode_before_footer_widgets":"","ocean_shortcode_after_footer_widgets":"","ocean_shortcode_before_footer_bottom":"","ocean_shortcode_after_footer_bottom":"","ocean_display_top_bar":"default","ocean_display_header":"default","ocean_header_style":"","ocean_center_header_left_menu":"0","ocean_custom_header_template":"0","ocean_custom_logo":0,"ocean_custom_retina_logo":0,"ocean_custom_logo_max_width":0,"ocean_custom_logo_tablet_max_width":0,"ocean_custom_logo_mobile_max_width":0,"ocean_custom_logo_max_height":0,"ocean_custom_logo_tablet_max_height":0,"ocean_custom_logo_mobile_max_height":0,"ocean_header_custom_menu":"0","ocean_menu_typo_font_family":"0","ocean_menu_typo_font_subset":"","ocean_menu_typo_font_size":0,"ocean_menu_typo_font_size_tablet":0,"ocean_menu_typo_font_size_mobile":0,"ocean_menu_typo_font_size_unit":"px","ocean_menu_typo_font_weight":"","ocean_menu_typo_font_weight_tablet":"","ocean_menu_typo_font_weight_mobile":"","ocean_menu_typo_transform":"","ocean_menu_typo_transform_tablet":"","ocean_menu_typo_transform_mobile":"","ocean_menu_typo_line_height":0,"ocean_menu_typo_line_height_tablet":0,"ocean_menu_typo_line_height_mobile":0,"ocean_menu_typo_line_height_unit":"","ocean_menu_typo_spacing":0,"ocean_menu_typo_spacing_tablet":0,"ocean_menu_typo_spacing_mobile":0,"ocean_menu_typo_spacing_unit":"","ocean_menu_link_color":"","ocean_menu_link_color_hover":"","ocean_menu_link_color_active":"","ocean_menu_link_background":"","ocean_menu_link_hover_background":"","ocean_menu_link_active_background":"","ocean_menu_social_links_bg":"","ocean_menu_social_hover_links_bg":"","ocean_menu_social_links_color":"","ocean_menu_social_hover_links_color":"","ocean_disable_title":"default","ocean_disable_heading":"default","ocean_post_title":"","ocean_post_subheading":"","ocean_post_title_style":"","ocean_post_title_background_color":"","ocean_post_title_background":0,"ocean_post_title_bg_image_position":"","ocean_post_title_bg_image_attachment":"","ocean_post_title_bg_image_repeat":"","ocean_post_title_bg_image_size":"","ocean_post_title_height":0,"ocean_post_title_bg_overlay":0.5,"ocean_post_title_bg_overlay_color":"","ocean_disable_breadcrumbs":"default","ocean_breadcrumbs_color":"","ocean_breadcrumbs_separator_color":"","ocean_breadcrumbs_links_color":"","ocean_breadcrumbs_links_hover_color":"","ocean_display_footer_widgets":"default","ocean_display_footer_bottom":"default","ocean_custom_footer_template":"0","ofc_enable_fullscreen":"disable","ofc_fullscreen_speed":0,"ofc_fullscreen_nav":"enable","ofc_fullscreen_nav_pos":"right","ofc_fullscreen_nav_color":"","ofc_fullscreen_nav_tooltip_color":"","ofc_fullscreen_responsive":0,"footnotes":""},"class_list":["post-36040","page","type-page","status-publish","hentry","entry","owp-thumbs-layout-horizontal","owp-btn-normal","owp-tabs-layout-horizontal","has-no-thumbnails"],"acf":[],"_links":{"self":[{"href":"https:\/\/memorabilia-germany.de\/fr\/wp-json\/wp\/v2\/pages\/36040","targetHints":{"allow":["GET"]}}],"collection":[{"href":"https:\/\/memorabilia-germany.de\/fr\/wp-json\/wp\/v2\/pages"}],"about":[{"href":"https:\/\/memorabilia-germany.de\/fr\/wp-json\/wp\/v2\/types\/page"}],"author":[{"embeddable":true,"href":"https:\/\/memorabilia-germany.de\/fr\/wp-json\/wp\/v2\/users\/1"}],"replies":[{"embeddable":true,"href":"https:\/\/memorabilia-germany.de\/fr\/wp-json\/wp\/v2\/comments?post=36040"}],"version-history":[{"count":0,"href":"https:\/\/memorabilia-germany.de\/fr\/wp-json\/wp\/v2\/pages\/36040\/revisions"}],"wp:attachment":[{"href":"https:\/\/memorabilia-germany.de\/fr\/wp-json\/wp\/v2\/media?parent=36040"}],"curies":[{"name":"wp","href":"https:\/\/api.w.org\/{rel}","templated":true}]}}