{"id":36036,"date":"2024-02-08T19:22:41","date_gmt":"2024-02-08T18:22:41","guid":{"rendered":"https:\/\/memorabilia-germany.de\/football-americain-memorabilia\/"},"modified":"2025-07-08T18:44:46","modified_gmt":"2025-07-08T16:44:46","slug":"football-americain-memorabilia","status":"publish","type":"page","link":"https:\/\/memorabilia-germany.de\/fr\/football-americain-memorabilia\/","title":{"rendered":"AMERICAN FOOTBALL MEMORABILIA"},"content":{"rendered":"\t\t<div data-elementor-type=\"wp-page\" data-elementor-id=\"36036\" class=\"elementor elementor-36036 elementor-10852\" data-elementor-post-type=\"page\">\n\t\t\t\t\t\t<section class=\"elementor-section elementor-top-section elementor-element elementor-element-b235b73 elementor-section-boxed elementor-section-height-default elementor-section-height-default\" data-id=\"b235b73\" data-element_type=\"section\" data-e-type=\"section\">\n\t\t\t\t\t\t<div class=\"elementor-container elementor-column-gap-no\">\n\t\t\t\t\t<div class=\"elementor-column elementor-col-100 elementor-top-column elementor-element elementor-element-668bb4f\" data-id=\"668bb4f\" data-element_type=\"column\" data-e-type=\"column\">\n\t\t\t<div class=\"elementor-widget-wrap elementor-element-populated\">\n\t\t\t\t\t\t<div class=\"elementor-element elementor-element-8944e0d elementor-widget elementor-widget-heading\" data-id=\"8944e0d\" data-element_type=\"widget\" data-e-type=\"widget\" data-widget_type=\"heading.default\">\n\t\t\t\t<div class=\"elementor-widget-container\">\n\t\t\t\t\t<h1 class=\"elementor-heading-title elementor-size-default\">American Football Memorabilia | NFL Memorabilia<\/h1>\t\t\t\t<\/div>\n\t\t\t\t<\/div>\n\t\t\t\t\t<\/div>\n\t\t<\/div>\n\t\t\t\t\t<\/div>\n\t\t<\/section>\n\t\t\t\t<section class=\"elementor-section elementor-top-section elementor-element elementor-element-02b6c8e elementor-section-boxed elementor-section-height-default elementor-section-height-default\" data-id=\"02b6c8e\" data-element_type=\"section\" data-e-type=\"section\">\n\t\t\t\t\t\t<div class=\"elementor-container elementor-column-gap-no\">\n\t\t\t\t\t<div class=\"elementor-column elementor-col-100 elementor-top-column elementor-element elementor-element-1b41eb0\" data-id=\"1b41eb0\" data-element_type=\"column\" data-e-type=\"column\">\n\t\t\t<div class=\"elementor-widget-wrap elementor-element-populated\">\n\t\t\t\t\t\t<div class=\"elementor-element elementor-element-11b91f7 elementor-widget elementor-widget-text-editor\" data-id=\"11b91f7\" data-element_type=\"widget\" data-e-type=\"widget\" data-widget_type=\"text-editor.default\">\n\t\t\t\t<div class=\"elementor-widget-container\">\n\t\t\t\t\t\t\t\t\t<p>Les Football Am\u00e9ricain Memorabilia sont des articles sign\u00e9s par les fans des \u00e9quipes de la NFL, <br>qu\u2019il s\u2019agisse d\u2019un casque NFL, d\u2019un mini-casque NFL, d\u2019un ballon de football am\u00e9ricain sign\u00e9 ou d\u2019un maillot sign\u00e9. <br>Vous trouverez ici les autographes les plus populaires de la NFL.<\/p>\t\t\t\t\t\t\t\t<\/div>\n\t\t\t\t<\/div>\n\t\t\t\t\t<\/div>\n\t\t<\/div>\n\t\t\t\t\t<\/div>\n\t\t<\/section>\n\t\t\t\t<section class=\"elementor-section elementor-top-section elementor-element elementor-element-30deb7a elementor-section-boxed elementor-section-height-default elementor-section-height-default\" data-id=\"30deb7a\" data-element_type=\"section\" data-e-type=\"section\">\n\t\t\t\t\t\t<div class=\"elementor-container elementor-column-gap-no\">\n\t\t\t\t\t<div class=\"elementor-column elementor-col-100 elementor-top-column elementor-element elementor-element-f509f0c\" data-id=\"f509f0c\" data-element_type=\"column\" data-e-type=\"column\">\n\t\t\t<div class=\"elementor-widget-wrap elementor-element-populated\">\n\t\t\t\t\t\t<div class=\"elementor-element elementor-element-b20da0e elementor-grid-3 elementor-product-loop-item--align-center elementor-grid-mobile-2 elementor-grid-tablet-3 elementor-products-grid elementor-wc-products elementor-widget elementor-widget-wc-categories\" data-id=\"b20da0e\" data-element_type=\"widget\" data-e-type=\"widget\" data-widget_type=\"wc-categories.default\">\n\t\t\t\t<div class=\"elementor-widget-container\">\n\t\t\t\t\t<div class=\"woocommerce columns-3\">\r\n<ul class=\"products elementor-grid oceanwp-row clr grid tablet-col tablet-2-col mobile-col mobile-1-col\">\r\n<li class=\"product-category product first col span_1_of_3\">\n\t<a aria-label=\"Acc\u00e9der \u00e0 la cat\u00e9gorie de produits MAILLOTS ENCADRES FOOTBALL AMERICAIN\" href=\"https:\/\/memorabilia-germany.de\/fr\/produkt-kategorie\/football-americain-memorabilia\/maillots-encadres-football-americain-memorabilia-football-fr\/\"><div class=\"product-inner clr\"><div class=\"woo-entry-image clr\"><a href=\"https:\/\/memorabilia-germany.de\/fr\/produkt-kategorie\/football-americain-memorabilia\/maillots-encadres-football-americain-memorabilia-football-fr\/\"><img decoding=\"async\" src=\"https:\/\/memorabilia-germany.de\/wp-content\/uploads\/gerahmtes-trikot-football-300x300.jpg\" alt=\"MAILLOTS ENCADRES FOOTBALL AMERICAIN\" width=\"300\" height=\"\" srcset=\"https:\/\/memorabilia-germany.de\/wp-content\/uploads\/gerahmtes-trikot-football-300x300.jpg 300w, https:\/\/memorabilia-germany.de\/wp-content\/uploads\/gerahmtes-trikot-football-250x250.jpg 250w, https:\/\/memorabilia-germany.de\/wp-content\/uploads\/gerahmtes-trikot-football-100x100.jpg 100w, https:\/\/memorabilia-germany.de\/wp-content\/uploads\/gerahmtes-trikot-football.jpg 400w\" sizes=\"(max-width: 300px) 100vw, 300px\" \/><\/a><\/div><div class=\"woo-entry-inner clr\"><a href=\"https:\/\/memorabilia-germany.de\/fr\/produkt-kategorie\/football-americain-memorabilia\/maillots-encadres-football-americain-memorabilia-football-fr\/\"><\/a><\/div><\/div><\/a><\/li>\n<li class=\"product-category product col span_1_of_3\">\n\t<a aria-label=\"Acc\u00e9der \u00e0 la cat\u00e9gorie de produits FOOTBALL AMERICAIN TRADING CARDS\" href=\"https:\/\/memorabilia-germany.de\/fr\/produkt-kategorie\/football-americain-memorabilia\/football-americain-trading-cards\/\"><div class=\"product-inner clr\"><div class=\"woo-entry-image clr\"><a href=\"https:\/\/memorabilia-germany.de\/fr\/produkt-kategorie\/football-americain-memorabilia\/football-americain-trading-cards\/\"><img decoding=\"async\" src=\"https:\/\/memorabilia-germany.de\/wp-content\/uploads\/02_Trading_Cards_Football_90-300x300.jpg\" alt=\"FOOTBALL AMERICAIN TRADING CARDS\" width=\"300\" height=\"\" srcset=\"https:\/\/memorabilia-germany.de\/wp-content\/uploads\/02_Trading_Cards_Football_90-300x300.jpg 300w, https:\/\/memorabilia-germany.de\/wp-content\/uploads\/02_Trading_Cards_Football_90-100x100.jpg 100w, https:\/\/memorabilia-germany.de\/wp-content\/uploads\/02_Trading_Cards_Football_90.jpg 400w\" sizes=\"(max-width: 300px) 100vw, 300px\" \/><\/a><\/div><div class=\"woo-entry-inner clr\"><a href=\"https:\/\/memorabilia-germany.de\/fr\/produkt-kategorie\/football-americain-memorabilia\/football-americain-trading-cards\/\"><\/a><\/div><\/div><\/a><\/li>\n<li class=\"product-category product last col span_1_of_3\">\n\t<a aria-label=\"Acc\u00e9der \u00e0 la cat\u00e9gorie de produits CASQUES DE FOOTBALL AM\u00c9RICAIN SIGN\u00c9S\" href=\"https:\/\/memorabilia-germany.de\/fr\/produkt-kategorie\/football-americain-memorabilia\/casques-de-football-americain-signes\/\"><div class=\"product-inner clr\"><div class=\"woo-entry-image clr\"><a href=\"https:\/\/memorabilia-germany.de\/fr\/produkt-kategorie\/football-americain-memorabilia\/casques-de-football-americain-signes\/\"><img decoding=\"async\" src=\"https:\/\/memorabilia-germany.de\/wp-content\/uploads\/football-memorabilia-300x300.jpg\" alt=\"CASQUES DE FOOTBALL AM\u00c9RICAIN SIGN\u00c9S\" width=\"300\" height=\"\" srcset=\"https:\/\/memorabilia-germany.de\/wp-content\/uploads\/football-memorabilia-300x300.jpg 300w, https:\/\/memorabilia-germany.de\/wp-content\/uploads\/football-memorabilia-100x100.jpg 100w, https:\/\/memorabilia-germany.de\/wp-content\/uploads\/football-memorabilia.jpg 400w\" sizes=\"(max-width: 300px) 100vw, 300px\" \/><\/a><\/div><div class=\"woo-entry-inner clr\"><a href=\"https:\/\/memorabilia-germany.de\/fr\/produkt-kategorie\/football-americain-memorabilia\/casques-de-football-americain-signes\/\"><\/a><\/div><\/div><\/a><\/li>\n<li class=\"product-category product first col span_1_of_3\">\n\t<a aria-label=\"Acc\u00e9der \u00e0 la cat\u00e9gorie de produits MINI CASQUES DE FOOTBALL AM\u00c9RICAIN SIGN\u00c9S\" href=\"https:\/\/memorabilia-germany.de\/fr\/produkt-kategorie\/football-americain-memorabilia\/mini-casques-de-football-americain-signes\/\"><div class=\"product-inner clr\"><div class=\"woo-entry-image clr\"><a href=\"https:\/\/memorabilia-germany.de\/fr\/produkt-kategorie\/football-americain-memorabilia\/mini-casques-de-football-americain-signes\/\"><img decoding=\"async\" src=\"https:\/\/memorabilia-germany.de\/wp-content\/uploads\/football-memorabilia-01-300x300.jpg\" alt=\"MINI CASQUES DE FOOTBALL AM\u00c9RICAIN SIGN\u00c9S\" width=\"300\" height=\"\" srcset=\"https:\/\/memorabilia-germany.de\/wp-content\/uploads\/football-memorabilia-01-300x300.jpg 300w, https:\/\/memorabilia-germany.de\/wp-content\/uploads\/elementor\/thumbs\/football-memorabilia-01-prba0i43eqh882m1owtiyg3iiu4rkipsbsepg8978o.jpg 100w, https:\/\/memorabilia-germany.de\/wp-content\/uploads\/elementor\/thumbs\/football-memorabilia-01-prba0i435ypxwgzat4naj8bubdafu62n5fho7y5r8g.jpg 80w, https:\/\/memorabilia-germany.de\/wp-content\/uploads\/elementor\/thumbs\/football-memorabilia-01-prba0i42x6ynkvcjxch240k63wg43tfhz2kmzo2b88.jpg 60w, https:\/\/memorabilia-germany.de\/wp-content\/uploads\/elementor\/thumbs\/football-memorabilia-01-r306r0bcwz3fmnkclfww2igisjun6xggw5o6ynk4fo.jpg 50w, https:\/\/memorabilia-germany.de\/wp-content\/uploads\/elementor\/thumbs\/football-memorabilia-01-qvsgehpbkr379hqld2h15riez11t9rcj354gntmm5s.jpg 120w, https:\/\/memorabilia-germany.de\/wp-content\/uploads\/football-memorabilia-01.jpg 400w\" sizes=\"(max-width: 300px) 100vw, 300px\" \/><\/a><\/div><div class=\"woo-entry-inner clr\"><a href=\"https:\/\/memorabilia-germany.de\/fr\/produkt-kategorie\/football-americain-memorabilia\/mini-casques-de-football-americain-signes\/\"><\/a><\/div><\/div><\/a><\/li>\n<li class=\"product-category product col span_1_of_3\">\n\t<a aria-label=\"Acc\u00e9der \u00e0 la cat\u00e9gorie de produits SIGN\u00c9 FOOTBALL AM\u00c9RICAIN\" href=\"https:\/\/memorabilia-germany.de\/fr\/produkt-kategorie\/football-americain-memorabilia\/signe-football-americain\/\"><div class=\"product-inner clr\"><div class=\"woo-entry-image clr\"><a href=\"https:\/\/memorabilia-germany.de\/fr\/produkt-kategorie\/football-americain-memorabilia\/signe-football-americain\/\"><img decoding=\"async\" src=\"https:\/\/memorabilia-germany.de\/wp-content\/uploads\/nfl-memorabilia-300x300.jpg\" alt=\"SIGN\u00c9 FOOTBALL AM\u00c9RICAIN\" width=\"300\" height=\"\" srcset=\"https:\/\/memorabilia-germany.de\/wp-content\/uploads\/nfl-memorabilia-300x300.jpg 300w, https:\/\/memorabilia-germany.de\/wp-content\/uploads\/nfl-memorabilia-100x100.jpg 100w, https:\/\/memorabilia-germany.de\/wp-content\/uploads\/nfl-memorabilia.jpg 400w\" sizes=\"(max-width: 300px) 100vw, 300px\" \/><\/a><\/div><div class=\"woo-entry-inner clr\"><a href=\"https:\/\/memorabilia-germany.de\/fr\/produkt-kategorie\/football-americain-memorabilia\/signe-football-americain\/\"><\/a><\/div><\/div><\/a><\/li>\n<li class=\"product-category product last col span_1_of_3\">\n\t<a aria-label=\"Acc\u00e9der \u00e0 la cat\u00e9gorie de produits FOOTBALL AM\u00c9RICAIN SHOWCASE\" href=\"https:\/\/memorabilia-germany.de\/fr\/produkt-kategorie\/football-americain-memorabilia\/football-americain-showcase\/\"><div class=\"product-inner clr\"><div class=\"woo-entry-image clr\"><a href=\"https:\/\/memorabilia-germany.de\/fr\/produkt-kategorie\/football-americain-memorabilia\/football-americain-showcase\/\"><img decoding=\"async\" src=\"https:\/\/memorabilia-germany.de\/wp-content\/uploads\/nfl-autogramme-300x300.jpg\" alt=\"FOOTBALL AM\u00c9RICAIN SHOWCASE\" width=\"300\" height=\"\" srcset=\"https:\/\/memorabilia-germany.de\/wp-content\/uploads\/nfl-autogramme-300x300.jpg 300w, https:\/\/memorabilia-germany.de\/wp-content\/uploads\/elementor\/thumbs\/nfl-autogramme-prba0ch29q9iaeu8ludrjhiqyiwkac3eb0hskkhka0.jpg 100w, https:\/\/memorabilia-germany.de\/wp-content\/uploads\/elementor\/thumbs\/nfl-autogramme-r306r0bcwz3fmnkclfww2igisjun6xggw5o6ynk4fo.jpg 50w, https:\/\/memorabilia-germany.de\/wp-content\/uploads\/elementor\/thumbs\/nfl-autogramme-prba0ch20yi7yt7hq27j49r2r228jzg94nkrcae49s.jpg 80w, https:\/\/memorabilia-germany.de\/wp-content\/uploads\/elementor\/thumbs\/nfl-autogramme-prba0ch1s6qxn7kqua1ap1zejl7wtmt3yanq40ao9k.jpg 60w, https:\/\/memorabilia-germany.de\/wp-content\/uploads\/elementor\/thumbs\/nfl-autogramme-qvsgehpbkr379hqld2h15riez11t9rcj354gntmm5s.jpg 120w, https:\/\/memorabilia-germany.de\/wp-content\/uploads\/nfl-autogramme.jpg 400w\" sizes=\"(max-width: 300px) 100vw, 300px\" \/><\/a><\/div><div class=\"woo-entry-inner clr\"><a href=\"https:\/\/memorabilia-germany.de\/fr\/produkt-kategorie\/football-americain-memorabilia\/football-americain-showcase\/\"><\/a><\/div><\/div><\/a><\/li>\n<li class=\"product-category product first col span_1_of_3\">\n\t<a aria-label=\"Acc\u00e9der \u00e0 la cat\u00e9gorie de produits FOOTBALL AM\u00c9RICAIN MYSTERY BOX\" href=\"https:\/\/memorabilia-germany.de\/fr\/produkt-kategorie\/football-americain-memorabilia\/football-americain-mystery-box\/\"><div class=\"product-inner clr\"><div class=\"woo-entry-image clr\"><a href=\"https:\/\/memorabilia-germany.de\/fr\/produkt-kategorie\/football-americain-memorabilia\/football-americain-mystery-box\/\"><img decoding=\"async\" src=\"https:\/\/memorabilia-germany.de\/wp-content\/uploads\/memorabilia-mystery-box-nfl-300x300.jpg\" alt=\"FOOTBALL AM\u00c9RICAIN MYSTERY BOX\" width=\"300\" height=\"\" srcset=\"https:\/\/memorabilia-germany.de\/wp-content\/uploads\/memorabilia-mystery-box-nfl-300x300.jpg 300w, https:\/\/memorabilia-germany.de\/wp-content\/uploads\/memorabilia-mystery-box-nfl-100x100.jpg 100w, https:\/\/memorabilia-germany.de\/wp-content\/uploads\/memorabilia-mystery-box-nfl.jpg 400w\" sizes=\"(max-width: 300px) 100vw, 300px\" \/><\/a><\/div><div class=\"woo-entry-inner clr\"><a href=\"https:\/\/memorabilia-germany.de\/fr\/produkt-kategorie\/football-americain-memorabilia\/football-americain-mystery-box\/\"><\/a><\/div><\/div><\/a><\/li>\n<li class=\"product-category product col span_1_of_3\">\n\t<a aria-label=\"Acc\u00e9der \u00e0 la cat\u00e9gorie de produits MAILLOTS DE FOOTBALL AMERICAIN SIGN\u00c9S\" href=\"https:\/\/memorabilia-germany.de\/fr\/produkt-kategorie\/football-americain-memorabilia\/maillots-de-football-americain-signes\/\"><div class=\"product-inner clr\"><div class=\"woo-entry-image clr\"><a href=\"https:\/\/memorabilia-germany.de\/fr\/produkt-kategorie\/football-americain-memorabilia\/maillots-de-football-americain-signes\/\"><img decoding=\"async\" src=\"https:\/\/memorabilia-germany.de\/wp-content\/uploads\/autogramm-nfl-football-trikot-300x300.jpg\" alt=\"MAILLOTS DE FOOTBALL AMERICAIN SIGN\u00c9S\" width=\"300\" height=\"\" srcset=\"https:\/\/memorabilia-germany.de\/wp-content\/uploads\/autogramm-nfl-football-trikot-300x300.jpg 300w, https:\/\/memorabilia-germany.de\/wp-content\/uploads\/autogramm-nfl-football-trikot-250x250.jpg 250w, https:\/\/memorabilia-germany.de\/wp-content\/uploads\/autogramm-nfl-football-trikot-100x100.jpg 100w, https:\/\/memorabilia-germany.de\/wp-content\/uploads\/autogramm-nfl-football-trikot.jpg 400w\" sizes=\"(max-width: 300px) 100vw, 300px\" \/><\/a><\/div><div class=\"woo-entry-inner clr\"><a href=\"https:\/\/memorabilia-germany.de\/fr\/produkt-kategorie\/football-americain-memorabilia\/maillots-de-football-americain-signes\/\"><\/a><\/div><\/div><\/a><\/li>\n<\/ul>\n<\/div>\t\t\t\t<\/div>\n\t\t\t\t<\/div>\n\t\t\t\t\t<\/div>\n\t\t<\/div>\n\t\t\t\t\t<\/div>\n\t\t<\/section>\n\t\t\t\t<section class=\"elementor-section elementor-top-section elementor-element elementor-element-11d9fd8 elementor-section-boxed elementor-section-height-default elementor-section-height-default\" data-id=\"11d9fd8\" data-element_type=\"section\" data-e-type=\"section\">\n\t\t\t\t\t\t<div class=\"elementor-container elementor-column-gap-no\">\n\t\t\t\t\t<div class=\"elementor-column elementor-col-100 elementor-top-column elementor-element elementor-element-8c18470\" data-id=\"8c18470\" data-element_type=\"column\" data-e-type=\"column\">\n\t\t\t<div class=\"elementor-widget-wrap elementor-element-populated\">\n\t\t\t\t\t\t<div class=\"elementor-element elementor-element-996ee40 elementor-widget elementor-widget-text-editor\" data-id=\"996ee40\" data-element_type=\"widget\" data-e-type=\"widget\" data-widget_type=\"text-editor.default\">\n\t\t\t\t<div class=\"elementor-widget-container\">\n\t\t\t\t\t\t\t\t\t<p>Vous pouvez trouver plus de <a href=\"https:\/\/memorabilia-germany.de\/fr\/sports-memorabilia-faq\/\"><strong>Sports Memorabilia<\/strong><\/a> <a href=\"https:\/\/memorabilia-germany.de\/fr\"><strong>ici<\/strong><\/a>.<\/p><p>Football Am\u00e9ricain Memorabilia:<br><strong><a href=\"https:\/\/memorabilia-germany.de\/fr\/nous-memorabilia-germany\/\">Memorabilia Germany<\/a><\/strong> vend des articles sign\u00e9s par les fans des joueurs de la NFL les plus c\u00e9l\u00e8bres de l&rsquo;histoire du football am\u00e9ricain.<br>Vous pouvez trouver les autographes les plus populaires de la <strong><a href=\"https:\/\/www.nfl.com\" target=\"\u201d_blank\u201d\" rel=\"\u201dnoopener\u201d noopener\">NFL<\/a><\/strong> dans notre boutique.<br>Tous les Memorabilia de la NFL sont exp\u00e9di\u00e9s gratuitement en Allemagne et vous seront livr\u00e9s dans les plus brefs d\u00e9lais.<br>Nous proposons \u00e9galement une exp\u00e9dition tr\u00e8s rapide en dehors de l\u2019Allemagne.<br>Nous avons s\u00e9lectionn\u00e9 pour vous une magnifique gamme comprenant des Football Am\u00e9ricain Memorabilia de diff\u00e9rents types.<br>D\u00e9couvrez notre s\u00e9lection de <a href=\"https:\/\/memorabilia-germany.de\/fr\/produkt-kategorie\/football-americain-memorabilia\/casques-de-football-americain-signes\/\"><strong>casques NFL<\/strong><\/a>, de <a href=\"https:\/\/memorabilia-germany.de\/fr\/produkt-kategorie\/football-americain-memorabilia\/mini-casques-de-football-americain-signes\/\"><strong>mini-casques NFL<\/strong><\/a>, de <a href=\"https:\/\/memorabilia-germany.de\/fr\/produkt-kategorie\/football-americain-memorabilia\/signe-football-americain\/\"><strong>ballons de football am\u00e9ricains sign\u00e9s<\/strong><\/a> et de maillots sign\u00e9s.<br>Tous les autographes de la NFL vendus sur Memorabilia Germany vendus ont \u00e9t\u00e9 authentifi\u00e9s par l&rsquo;un des plus grands authentificateurs du monde comme <a href=\"https:\/\/memorabilia-germany.de\/fr\/authentification-des-signatures\/#signature-authentication-beckett\"><strong>Beckett<\/strong><\/a>, <br><a href=\"https:\/\/memorabilia-germany.de\/fr\/authentification-des-signatures\/#signature-authentication-james-spence\"><strong>James Spence<\/strong><\/a> Authentification ou <a href=\"https:\/\/memorabilia-germany.de\/fr\/authentification-des-signatures\/#signature-authentication-psa-dna\"><strong>PSA\/DNA<\/strong><\/a> authentifi\u00e9.<br>De plus, nous gardons toujours un \u0153il sur les derni\u00e8res \u00e9ditions sp\u00e9ciales des casques NFL et des mini-casques NFL,<br>afin que vous soyez toujours approvisionn\u00e9s avec les NFL Memorabilia les plus en vogue.<br><strong><a href=\"https:\/\/memorabilia-germany.de\/fr\/nous-memorabilia-germany\/\">Memorabilia Germany<\/a><\/strong> est une boutique pour Memorabilia du domaine du sport, du cin\u00e9ma et des s\u00e9ries t\u00e9l\u00e9vis\u00e9es, bas\u00e9e en Allemagne.<br>Nos articles sont des articles de fans sign\u00e9s par des sportifs c\u00e9l\u00e8bres ou des stars hollywoodiennes c\u00e9l\u00e8bres.<br>Notre assortiment concerne principalement des articles de fans des domaines suivants <a href=\"https:\/\/memorabilia-germany.de\/fr\/football-americain-memorabilia\/\"><strong>NFL Football Am\u00e9ricain<\/strong><\/a>, <a href=\"https:\/\/memorabilia-germany.de\/fr\/basket-ball-memorabilia\/\"><strong>NBA Basketball<\/strong><\/a>, <a href=\"https:\/\/memorabilia-germany.de\/fr\/boxe-memorabilia\/\"><strong>Boxe<\/strong><\/a> et <a href=\"https:\/\/memorabilia-germany.de\/fr\/entertainment-memorabilia\"><strong>Hollywood<\/strong><\/a>.<br>En outre, nous essayons toujours de proposer quelques autres autographes curieux, comme ceux de politiciens ou d&rsquo;artistes c\u00e9l\u00e8bres.<br>Gr\u00e2ce \u00e0 un r\u00e9seau international, nous importons les objets les plus en vogue de l&rsquo;histoire du sport.<br>Quel que soit le cadeau que vous vous offrez dans notre boutique. Soyez s\u00fbr que vos objets susciteront un grand \u00e9tonnement. Votre collection ravira non seulement vous mais aussi tous vos amis. Il n&rsquo;a jamais \u00e9t\u00e9 aussi facile de mettre la main sur les Memorabilia de la NFL les plus cool au monde. D\u00e9veloppez votre collection de football am\u00e9ricain et transformez votre maison en une mancave passionnante.<\/p>\t\t\t\t\t\t\t\t<\/div>\n\t\t\t\t<\/div>\n\t\t\t\t\t<\/div>\n\t\t<\/div>\n\t\t\t\t\t<\/div>\n\t\t<\/section>\n\t\t\t\t<\/div>\n\t\t","protected":false},"excerpt":{"rendered":"<p>American Football Memorabilia | NFL Memorabilia Les Football Am\u00e9ricain Memorabilia sont des articles sign\u00e9s par les fans des \u00e9quipes de la NFL, qu\u2019il s\u2019agisse d\u2019un casque NFL, d\u2019un mini-casque NFL, d\u2019un ballon de football am\u00e9ricain sign\u00e9 ou d\u2019un maillot sign\u00e9. Vous trouverez ici les autographes les plus populaires de la NFL. Vous pouvez trouver plus [&hellip;]<\/p>\n","protected":false},"author":1,"featured_media":0,"parent":0,"menu_order":0,"comment_status":"closed","ping_status":"closed","template":"elementor_header_footer","meta":{"_acf_changed":false,"ocean_post_layout":"","ocean_both_sidebars_style":"","ocean_both_sidebars_content_width":0,"ocean_both_sidebars_sidebars_width":0,"ocean_sidebar":"0","ocean_second_sidebar":"0","ocean_disable_margins":"enable","ocean_add_body_class":"","ocean_shortcode_before_top_bar":"","ocean_shortcode_after_top_bar":"","ocean_shortcode_before_header":"","ocean_shortcode_after_header":"","ocean_has_shortcode":"","ocean_shortcode_after_title":"","ocean_shortcode_before_footer_widgets":"","ocean_shortcode_after_footer_widgets":"","ocean_shortcode_before_footer_bottom":"","ocean_shortcode_after_footer_bottom":"","ocean_display_top_bar":"default","ocean_display_header":"default","ocean_header_style":"","ocean_center_header_left_menu":"0","ocean_custom_header_template":"0","ocean_custom_logo":0,"ocean_custom_retina_logo":0,"ocean_custom_logo_max_width":0,"ocean_custom_logo_tablet_max_width":0,"ocean_custom_logo_mobile_max_width":0,"ocean_custom_logo_max_height":0,"ocean_custom_logo_tablet_max_height":0,"ocean_custom_logo_mobile_max_height":0,"ocean_header_custom_menu":"0","ocean_menu_typo_font_family":"0","ocean_menu_typo_font_subset":"","ocean_menu_typo_font_size":0,"ocean_menu_typo_font_size_tablet":0,"ocean_menu_typo_font_size_mobile":0,"ocean_menu_typo_font_size_unit":"px","ocean_menu_typo_font_weight":"","ocean_menu_typo_font_weight_tablet":"","ocean_menu_typo_font_weight_mobile":"","ocean_menu_typo_transform":"","ocean_menu_typo_transform_tablet":"","ocean_menu_typo_transform_mobile":"","ocean_menu_typo_line_height":0,"ocean_menu_typo_line_height_tablet":0,"ocean_menu_typo_line_height_mobile":0,"ocean_menu_typo_line_height_unit":"","ocean_menu_typo_spacing":0,"ocean_menu_typo_spacing_tablet":0,"ocean_menu_typo_spacing_mobile":0,"ocean_menu_typo_spacing_unit":"","ocean_menu_link_color":"","ocean_menu_link_color_hover":"","ocean_menu_link_color_active":"","ocean_menu_link_background":"","ocean_menu_link_hover_background":"","ocean_menu_link_active_background":"","ocean_menu_social_links_bg":"","ocean_menu_social_hover_links_bg":"","ocean_menu_social_links_color":"","ocean_menu_social_hover_links_color":"","ocean_disable_title":"default","ocean_disable_heading":"default","ocean_post_title":"","ocean_post_subheading":"","ocean_post_title_style":"","ocean_post_title_background_color":"","ocean_post_title_background":0,"ocean_post_title_bg_image_position":"","ocean_post_title_bg_image_attachment":"","ocean_post_title_bg_image_repeat":"","ocean_post_title_bg_image_size":"","ocean_post_title_height":0,"ocean_post_title_bg_overlay":0.5,"ocean_post_title_bg_overlay_color":"","ocean_disable_breadcrumbs":"default","ocean_breadcrumbs_color":"","ocean_breadcrumbs_separator_color":"","ocean_breadcrumbs_links_color":"","ocean_breadcrumbs_links_hover_color":"","ocean_display_footer_widgets":"default","ocean_display_footer_bottom":"default","ocean_custom_footer_template":"0","ofc_enable_fullscreen":"disable","ofc_fullscreen_speed":0,"ofc_fullscreen_nav":"enable","ofc_fullscreen_nav_pos":"right","ofc_fullscreen_nav_color":"","ofc_fullscreen_nav_tooltip_color":"","ofc_fullscreen_responsive":0,"footnotes":""},"class_list":["post-36036","page","type-page","status-publish","hentry","entry","owp-thumbs-layout-horizontal","owp-btn-normal","owp-tabs-layout-horizontal","has-no-thumbnails"],"acf":[],"_links":{"self":[{"href":"https:\/\/memorabilia-germany.de\/fr\/wp-json\/wp\/v2\/pages\/36036","targetHints":{"allow":["GET"]}}],"collection":[{"href":"https:\/\/memorabilia-germany.de\/fr\/wp-json\/wp\/v2\/pages"}],"about":[{"href":"https:\/\/memorabilia-germany.de\/fr\/wp-json\/wp\/v2\/types\/page"}],"author":[{"embeddable":true,"href":"https:\/\/memorabilia-germany.de\/fr\/wp-json\/wp\/v2\/users\/1"}],"replies":[{"embeddable":true,"href":"https:\/\/memorabilia-germany.de\/fr\/wp-json\/wp\/v2\/comments?post=36036"}],"version-history":[{"count":0,"href":"https:\/\/memorabilia-germany.de\/fr\/wp-json\/wp\/v2\/pages\/36036\/revisions"}],"wp:attachment":[{"href":"https:\/\/memorabilia-germany.de\/fr\/wp-json\/wp\/v2\/media?parent=36036"}],"curies":[{"name":"wp","href":"https:\/\/api.w.org\/{rel}","templated":true}]}}